{"id":946,"date":"2016-12-06T12:55:46","date_gmt":"2016-12-06T17:55:46","guid":{"rendered":"https:\/\/incust.com\/sk\/?page_id=946"},"modified":"2020-09-25T18:47:01","modified_gmt":"2020-09-25T23:47:01","slug":"about-incust","status":"publish","type":"page","link":"https:\/\/incust.com\/sk\/about-incust\/","title":{"rendered":"V\u00fdhody pre z\u00e1kazn\u00edkov"},"content":{"rendered":"<div class=\"wpb-content-wrapper\">[mk_page_section padding_top=&#8220;0&#8243; sidebar=&#8220;sidebar-1&#8243;][vc_column][mk_fancy_title size=&#8220;32&#8243; font_weight=&#8220;bold&#8220; margin_top=&#8220;10&#8243; margin_bottom=&#8220;0&#8243; font_family=&#8220;none&#8220;]\n<p style=\"text-align: center\">Ak chcete pou\u017ei\u0165 kup\u00f3n, certifik\u00e1t alebo odpor\u00fa\u010dac\u00ed k\u00f3d, kliknite na tla\u010didlo ni\u017e\u0161ie<\/p>\n[\/mk_fancy_title][\/vc_column][\/mk_page_section][mk_page_section][vc_column width=&#8220;1\/3&#8243;][\/vc_column][vc_column width=&#8220;1\/3&#8243;][mk_button_gradient size=&#8220;x-large&#8220; corner_style=&#8220;rounded&#8220; grandient_color_from=&#8220;#2cb564&#8243; grandient_color_to=&#8220;#1a964f&#8220; grandient_color_angle=&#8220;diagonal_left_bottom&#8220; grandient_color_fallback=&#8220;#2cb564&#8243; url=&#8220;https:\/\/my.incust.com\/coupon\/add&#8220; target=&#8220;_blank&#8220; align=&#8220;center&#8220; fullwidth=&#8220;true&#8220; margin_top=&#8220;5&#8243; margin_bottom=&#8220;10&#8243; margin_right=&#8220;0&#8243;]Pou\u017ei\u0165 k\u00f3d[\/mk_button_gradient][\/vc_column][vc_column width=&#8220;1\/3&#8243;][\/vc_column][\/mk_page_section][mk_page_section padding_top=&#8220;0&#8243; padding_bottom=&#8220;0&#8243; top_shape_style=&#8220;speech-top&#8220; top_shape_color=&#8220;#ffffff&#8220; bottom_shape_style=&#8220;speech-bottom&#8220; bottom_shape_color=&#8220;#f5f3f1&#8243; bottom_shape_bg_color=&#8220;#ffffff&#8220; sidebar=&#8220;sidebar-1&#8243;][vc_column][mk_fancy_title tag_name=&#8220;h1&#8243; size=&#8220;30&#8243; font_weight=&#8220;400&#8243; margin_bottom=&#8220;0&#8243; font_family=&#8220;none&#8220; align=&#8220;center&#8220;]Z\u00cdSKAJTE SMARTF\u00d3N? IN\u0160TALUJTE Z\u00c1KAZN\u00cdCKU APPKU:[\/mk_fancy_title][vc_row_inner attached=&#8220;true&#8220; css=&#8220;.vc_custom_1456506204086{padding-top: 0px !important;padding-right: 0px !important;padding-bottom: 0px !important;padding-left: 0px !important;}&#8220;][vc_column_inner width=&#8220;1\/4&#8243;][\/vc_column_inner][vc_column_inner width=&#8220;1\/4&#8243;][vc_single_image image=&#8220;308&#8243; img_size=&#8220;full&#8220; alignment=&#8220;center&#8220; onclick=&#8220;custom_link&#8220; img_link_target=&#8220;_blank&#8220; css_animation=&#8220;appear&#8220; link=&#8220;https:\/\/play.google.com\/store\/apps\/details?id=com.incust.card&amp;hl=en&#8220; css=&#8220;.vc_custom_1542379548254{margin-bottom: 10px !important;}&#8220; el_class=&#8220;ar-download-playstore people-section&#8220;][\/vc_column_inner][vc_column_inner width=&#8220;1\/4&#8243;][vc_single_image image=&#8220;307&#8243; img_size=&#8220;full&#8220; alignment=&#8220;center&#8220; onclick=&#8220;custom_link&#8220; img_link_target=&#8220;_blank&#8220; css_animation=&#8220;appear&#8220; link=&#8220;https:\/\/itunes.apple.com\/ru\/app\/incust\/id1085628509?l=en&amp;ls=1&amp;mt=8&#8243; css=&#8220;.vc_custom_1542379645751{margin-bottom: 10px !important;}&#8220; el_class=&#8220;ar-download-itunes people-section&#8220;][\/vc_column_inner][vc_column_inner width=&#8220;1\/4&#8243;][\/vc_column_inner][\/vc_row_inner][vc_empty_space][vc_empty_space][mk_fancy_title tag_name=&#8220;h1&#8243; size=&#8220;30&#8243; font_weight=&#8220;400&#8243; margin_bottom=&#8220;0&#8243; font_family=&#8220;none&#8220; align=&#8220;center&#8220;]PRIPOJTE SA NA CHATBOT INCUST[\/mk_fancy_title][vc_row_inner attached=&#8220;true&#8220; css=&#8220;.vc_custom_1456506204086{padding-top: 0px !important;padding-right: 0px !important;padding-bottom: 0px !important;padding-left: 0px !important;}&#8220;][vc_column_inner width=&#8220;1\/3&#8243;][vc_single_image image=&#8220;6011&#8243; img_size=&#8220;75&#215;75&#8243; alignment=&#8220;center&#8220; onclick=&#8220;custom_link&#8220; img_link_target=&#8220;_blank&#8220; css_animation=&#8220;appear&#8220; link=&#8220;viber:\/\/pa?chatURI=myincust&#8220; css=&#8220;.vc_custom_1583158114920{margin-bottom: 10px !important;}&#8220; el_class=&#8220;ar-download-playstore people-section&#8220;][vc_column_text css=&#8220;.vc_custom_1583157964205{margin-bottom: 0px !important;}&#8220;]\n<p style=\"text-align: center\"><a href=\"\/\/pa?chatURI=myincust\">viber:\/\/pa?chatURI=myincust<\/a><\/p>\n[\/vc_column_text][vc_single_image image=&#8220;6013&#8243; img_size=&#8220;100&#215;100&#8243; alignment=&#8220;center&#8220;][\/vc_column_inner][vc_column_inner width=&#8220;1\/3&#8243;][vc_single_image image=&#8220;6012&#8243; img_size=&#8220;75&#215;75&#8243; alignment=&#8220;center&#8220; onclick=&#8220;custom_link&#8220; img_link_target=&#8220;_blank&#8220; css_animation=&#8220;appear&#8220; link=&#8220;https:\/\/itunes.apple.com\/ru\/app\/incust\/id1085628509?l=en&amp;ls=1&amp;mt=8&#8243; css=&#8220;.vc_custom_1583158109451{margin-bottom: 10px !important;}&#8220; el_class=&#8220;ar-download-itunes people-section&#8220;][vc_column_text css=&#8220;.vc_custom_1583158031365{margin-bottom: 0px !important;}&#8220;]\n<p style=\"text-align: center\"><a href=\"https:\/\/t.me\/inCustBot\">https:\/\/t.me\/inCustBot<\/a><\/p>\n[\/vc_column_text][vc_single_image image=&#8220;6014&#8243; img_size=&#8220;100&#215;100&#8243; alignment=&#8220;center&#8220;][\/vc_column_inner][vc_column_inner width=&#8220;1\/3&#8243;][vc_single_image image=&#8220;6543&#8243; img_size=&#8220;75&#215;75&#8243; alignment=&#8220;center&#8220; onclick=&#8220;custom_link&#8220; img_link_target=&#8220;_blank&#8220; css_animation=&#8220;appear&#8220; css=&#8220;.vc_custom_1592399701040{margin-bottom: 10px !important;}&#8220; el_class=&#8220;ar-download-itunes people-section&#8220; link=&#8220;http:\/\/m.me\/my.incust&#8220;][vc_column_text css=&#8220;.vc_custom_1592399741973{margin-bottom: 0px !important;}&#8220;]\n<p style=\"text-align: center\"><a href=\"http:\/\/m.me\/my.incust\"> http:\/\/m.me\/my.incust<\/a><\/p>\n[\/vc_column_text][vc_single_image image=&#8220;6545&#8243; img_size=&#8220;100&#215;100&#8243; alignment=&#8220;center&#8220;][\/vc_column_inner][\/vc_row_inner][\/vc_column][\/mk_page_section][mk_page_section padding_top=&#8220;40&#8243; sidebar=&#8220;sidebar-1&#8243;][vc_column][mk_fancy_title color=&#8220;#393939&#8243; size=&#8220;36&#8243; font_weight=&#8220;400&#8243; margin_top=&#8220;30&#8243; margin_bottom=&#8220;0&#8243; font_family=&#8220;none&#8220; align=&#8220;center&#8220;]Zistite, ako sa m\u00f4\u017eete pobavi\u0165 a u\u0161etri\u0165 peniaze, na str\u00e1nke <a href=\"https:\/\/www.facebook.com\/my.incust\/\" target=\"_blank\" rel=\"noopener noreferrer\">my.inCust<\/a> na Facebooku[\/mk_fancy_title][vc_empty_space][vc_row_inner][vc_column_inner width=&#8220;1\/3&#8243;][\/vc_column_inner][vc_column_inner width=&#8220;1\/3&#8243;][vc_raw_html]JTNDZGl2JTIwaWQlM0QlMjJmYi1yb290JTIyJTNFJTNDJTJGZGl2JTNFJTBBJTNDc2NyaXB0JTNFJTI4ZnVuY3Rpb24lMjhkJTJDJTIwcyUyQyUyMGlkJTI5JTIwJTdCJTBBJTIwJTIwdmFyJTIwanMlMkMlMjBmanMlMjAlM0QlMjBkLmdldEVsZW1lbnRzQnlUYWdOYW1lJTI4cyUyOSU1QjAlNUQlM0IlMEElMjAlMjBpZiUyMCUyOGQuZ2V0RWxlbWVudEJ5SWQlMjhpZCUyOSUyOSUyMHJldHVybiUzQiUwQSUyMCUyMGpzJTIwJTNEJTIwZC5jcmVhdGVFbGVtZW50JTI4cyUyOSUzQiUyMGpzLmlkJTIwJTNEJTIwaWQlM0IlMEElMjAlMjBqcy5zcmMlMjAlM0QlMjAlMjdodHRwcyUzQSUyRiUyRmNvbm5lY3QuZmFjZWJvb2submV0JTJGcnVfUlUlMkZzZGsuanMlMjN4ZmJtbCUzRDElMjZ2ZXJzaW9uJTNEdjIuMTIlMjZhcHBJZCUzRDYwOTc1NDQ1NjA4MDA2MCUyNmF1dG9Mb2dBcHBFdmVudHMlM0QxJTI3JTNCJTBBJTIwJTIwZmpzLnBhcmVudE5vZGUuaW5zZXJ0QmVmb3JlJTI4anMlMkMlMjBmanMlMjklM0IlMEElN0QlMjhkb2N1bWVudCUyQyUyMCUyN3NjcmlwdCUyNyUyQyUyMCUyN2ZhY2Vib29rLWpzc2RrJTI3JTI5JTI5JTNCJTNDJTJGc2NyaXB0JTNFJTBBJTNDZGl2JTIwY2xhc3MlM0QlMjJmYi1wYWdlJTIyJTIwZGF0YS1ocmVmJTNEJTIyaHR0cHMlM0ElMkYlMkZ3d3cuZmFjZWJvb2suY29tJTJGbXkuaW5jdXN0JTJGJTIyJTIwZGF0YS13aWR0aCUzRCUyMjQwMDAlMjIlMjBkYXRhLWhlaWdodCUzRCUyMjMwMCUyMiUyMGRhdGEtc21hbGwtaGVhZGVyJTNEJTIydHJ1ZSUyMiUyMGRhdGEtYWRhcHQtY29udGFpbmVyLXdpZHRoJTNEJTIydHJ1ZSUyMiUyMGRhdGEtaGlkZS1jb3ZlciUzRCUyMmZhbHNlJTIyJTIwZGF0YS1zaG93LWZhY2VwaWxlJTNEJTIydHJ1ZSUyMiUzRSUzQ2Jsb2NrcXVvdGUlMjBjaXRlJTNEJTIyaHR0cHMlM0ElMkYlMkZ3d3cuZmFjZWJvb2suY29tJTJGbXkuaW5jdXN0JTJGJTIyJTIwY2xhc3MlM0QlMjJmYi14ZmJtbC1wYXJzZS1pZ25vcmUlMjIlM0UlM0NhJTIwaHJlZiUzRCUyMmh0dHBzJTNBJTJGJTJGd3d3LmZhY2Vib29rLmNvbSUyRm15LmluY3VzdCUyRiUyMiUzRU15LmluJUQwJUExdXN0JTNDJTJGYSUzRSUzQyUyRmJsb2NrcXVvdGUlM0UlM0MlMkZkaXYlM0U=[\/vc_raw_html][\/vc_column_inner][vc_column_inner width=&#8220;1\/3&#8243;][\/vc_column_inner][\/vc_row_inner][vc_empty_space][vc_row_inner][vc_column_inner][mk_fancy_title tag_name=&#8220;h1&#8243; size=&#8220;44&#8243; force_font_size=&#8220;true&#8220; size_smallscreen=&#8220;40&#8243; size_tablet=&#8220;36&#8243; size_phone=&#8220;32&#8243; font_weight=&#8220;bold&#8220; txt_transform=&#8220;uppercase&#8220; margin_bottom=&#8220;0&#8243; font_family=&#8220;none&#8220; align=&#8220;center&#8220;]V\u00ddHODY VERNOSTN\u00ddCH PROGRAMOV INCUST PRE Z\u00c1KAZN\u00cdKOV[\/mk_fancy_title][mk_fancy_title size=&#8220;24&#8243; font_weight=&#8220;400&#8243; font_family=&#8220;none&#8220; align=&#8220;center&#8220;]Z\u00edskajte bonusy, z\u00edskajte z\u013eavy a dar\u010deky &#8211; bez plastov\u00fdch kariet![\/mk_fancy_title][\/vc_column_inner][\/vc_row_inner][vc_row_inner][vc_column_inner width=&#8220;1\/4&#8243;][\/vc_column_inner][vc_column_inner width=&#8220;1\/2&#8243;][vc_video link=&#8220;https:\/\/www.youtube.com\/watch?v=eA07oBAU3CA&#8220;][\/vc_column_inner][vc_column_inner width=&#8220;1\/4&#8243;][\/vc_column_inner][\/vc_row_inner][vc_empty_space][vc_row_inner][vc_column_inner width=&#8220;1\/6&#8243;][\/vc_column_inner][vc_column_inner width=&#8220;1\/3&#8243;][vc_btn title=&#8220;Prihl\u00e1ste sa do klubu inCust&#8220; style=&#8220;flat&#8220; color=&#8220;success&#8220; align=&#8220;center&#8220; button_block=&#8220;true&#8220; link=&#8220;url:http%3A%2F%2Fmy.incust.com||target:%20_blank&#8220;][\/vc_column_inner][vc_column_inner width=&#8220;1\/3&#8243;][vc_btn title=&#8220;Prihl\u00e1si\u0165 sa do ovl\u00e1dacieho panela&#8220; style=&#8220;flat&#8220; color=&#8220;primary&#8220; align=&#8220;center&#8220; button_block=&#8220;true&#8220; link=&#8220;url:http%3A%2F%2Fmy.incust.com||target:%20_blank&#8220;][\/vc_column_inner][vc_column_inner width=&#8220;1\/6&#8243;][\/vc_column_inner][\/vc_row_inner][\/vc_column][\/mk_page_section][vc_row][vc_column][mk_fancy_title color=&#8220;#393939&#8243; size=&#8220;36&#8243; font_weight=&#8220;400&#8243; margin_top=&#8220;30&#8243; margin_bottom=&#8220;0&#8243; font_family=&#8220;none&#8220; align=&#8220;center&#8220;]Je to u\u017eito\u010dn\u00e9 a pohodln\u00e9[\/mk_fancy_title][vc_row_inner][vc_column_inner width=&#8220;1\/3&#8243;][mk_icon_box2 icon_size=&#8220;32&#8243; icon=&#8220;mk-moon-checkmark-3&#8243; icon_color=&#8220;#f37021&#8243; title=&#8220;VA\u0160A VIRTU\u00c1LNA VERNOSTN\u00c1 KARTA JE V\u017dDY S V\u00c1MI&#8220; title_size=&#8220;18&#8243; title_top_padding=&#8220;0&#8243; title_bottom_padding=&#8220;0&#8243;]\n<p style=\"font-size: 13px\">V\u0161etko, \u010do potrebujete, je va\u0161e telef\u00f3nne \u010d\u00edslo a ste v hre!<br \/>\nToto jednoduch\u00e9 pripojenie k vernostn\u00e9mu programu rob\u00ed \u013eud\u00ed \u0161\u0165astn\u00fdmi a proces sa st\u00e1va \u010do najpohodlnej\u0161\u00edm. Ak chcete pou\u017ei\u0165 svoje bonusy, odovzdajte k\u00f3d prijat\u00fd prostredn\u00edctvom SMS predajcovi a z\u013eava je na v\u00e1s. A ak m\u00e1te smartphone, m\u00f4\u017eete vyu\u017ei\u0165 ove\u013ea viac v\u00fdhod, ktor\u00e9 pon\u00faka InCust.<\/p>\n[\/mk_icon_box2][\/vc_column_inner][vc_column_inner width=&#8220;1\/3&#8243;][mk_icon_box2 icon_size=&#8220;32&#8243; icon=&#8220;mk-moon-checkmark-3&#8243; icon_color=&#8220;#f37021&#8243; title=&#8220;VIRTU\u00c1LNA VERNOSTN\u00c1 KARTA SA NEDA STRATI\u0164&#8220; title_size=&#8220;18&#8243; title_top_padding=&#8220;0&#8243; title_bottom_padding=&#8220;0&#8243;]\n<p style=\"font-size: 13px\">Aj ke\u010f strat\u00edte telef\u00f3n, m\u00f4\u017eete \u013eahko obnovi\u0165 pr\u00edstup k svojmu osobn\u00e9mu \u00fa\u010dtu inCust &#8211; sta\u010d\u00ed sa obr\u00e1ti\u0165 na z\u00e1kazn\u00edcky servis inCust.<\/p>\n[\/mk_icon_box2][\/vc_column_inner][vc_column_inner width=&#8220;1\/3&#8243;][mk_icon_box2 icon_size=&#8220;32&#8243; icon=&#8220;mk-moon-checkmark-3&#8243; icon_color=&#8220;#f37021&#8243; title=&#8220;NOVINKY A \u0160PECI\u00c1LNE PONUKY \u2013 V\u0160ADE, KDE IDETE!&#8220; title_size=&#8220;18&#8243; title_top_padding=&#8220;0&#8243; title_bottom_padding=&#8220;0&#8243;]\n<p style=\"font-size: 13px\">So slu\u017ebou InCust m\u00f4\u017eete okam\u017eite n\u00e1js\u0165 inform\u00e1cie o najnov\u0161\u00edch predajoch, \u0161peci\u00e1lnych ponuk\u00e1ch a nov\u00fdch produktoch alebo slu\u017eb\u00e1ch vo va\u0161ich ob\u013e\u00faben\u00fdch obchodoch. Vyu\u017eite mobiln\u00fa aplik\u00e1ciu inCust a objavte nov\u00e9 miesta z\u00e1bavy a nakupovania &#8211; nech ste kdeko\u013evek!<\/p>\n[\/mk_icon_box2][\/vc_column_inner][\/vc_row_inner][vc_row_inner][vc_column_inner width=&#8220;1\/3&#8243;][mk_icon_box2 icon_size=&#8220;32&#8243; icon=&#8220;mk-moon-checkmark-3&#8243; icon_color=&#8220;#f37021&#8243; title=&#8220;VEDTE SI V\u00c1\u0160E BONUSOV\u00c9 BODY NA CESTE&#8220; title_size=&#8220;18&#8243; title_top_padding=&#8220;0&#8243; title_bottom_padding=&#8220;0&#8243;]\n<p style=\"font-size: 13px\">Mobiln\u00e1 aplik\u00e1cia inCust je najjednoduch\u0161\u00edm sp\u00f4sobom pr\u00edstupu ku v\u0161etk\u00fdm zhroma\u017eden\u00fdm bonusom a z\u013eav\u00e1m u ka\u017ed\u00e9ho obchodn\u00edka. Smartf\u00f3n sa v\u0161ak nevy\u017eaduje: presn\u00fd po\u010det ulo\u017een\u00fdch bonusov sa odosiela prostredn\u00edctvom SMS po ka\u017edom n\u00e1kupe.<\/p>\n[\/mk_icon_box2][\/vc_column_inner][vc_column_inner width=&#8220;1\/3&#8243;][mk_icon_box2 icon_size=&#8220;32&#8243; icon=&#8220;mk-moon-checkmark-3&#8243; icon_color=&#8220;#f37021&#8243; title=&#8220;DARUJTE DAR\u010cEKOV\u00c9 CERTIFIK\u00c1TY&#8220; title_size=&#8220;18&#8243; title_top_padding=&#8220;0&#8243; title_bottom_padding=&#8220;0&#8243;]\n<p style=\"font-size: 13px\">Bonusov\u00e9 body d\u00e1vaj\u00fa uspokojenie, ale pri n\u00e1kupe dar\u010dekov pre va\u0161ich bl\u00edzkych je v\u00e4\u010d\u0161ia rados\u0165. Dar\u010dekov\u00fd certifik\u00e1t je perfektn\u00fd dar\u010dek pre ka\u017ed\u00fa pr\u00edle\u017eitos\u0165. Pomocou mobilnej aplik\u00e1cie inCust budete m\u00f4c\u0165 vyda\u0165 osobn\u00fd digit\u00e1lny dar\u010dekov\u00fd certifik\u00e1t pre tovar a slu\u017eby akejko\u013evek firmy pripojenej k inCust.<\/p>\n[\/mk_icon_box2][\/vc_column_inner][vc_column_inner width=&#8220;1\/3&#8243;][mk_icon_box2 icon_size=&#8220;32&#8243; icon=&#8220;mk-moon-checkmark-3&#8243; icon_color=&#8220;#f37021&#8243; title=&#8220;NAKUPUJTE S POTE\u0160EN\u00cdM&#8220; title_size=&#8220;18&#8243; title_top_padding=&#8220;0&#8243; title_bottom_padding=&#8220;0&#8243;]\n<p style=\"font-size: 13px\">Odmenou za uskuto\u010dnenie n\u00e1kupu je pr\u00edle\u017eitos\u0165 pou\u017ei\u0165 ulo\u017een\u00e9 bonusy za veci, ktor\u00e9 v\u00e1s bavia.<\/p>\n[\/mk_icon_box2][\/vc_column_inner][\/vc_row_inner][vc_empty_space][\/vc_column][\/vc_row][mk_page_section bg_color=&#8220;#7ac673&#8243; min_height=&#8220;50&#8243; padding_top=&#8220;40&#8243; padding_bottom=&#8220;20&#8243; sidebar=&#8220;sidebar-1&#8243;][vc_column][mk_button dimension=&#8220;flat&#8220; size=&#8220;large&#8220; url=&#8220;https:\/\/client.incust.com&#8220; target=&#8220;_blank&#8220; align=&#8220;center&#8220; bg_color=&#8220;#4f4f4f&#8220; btn_hover_bg=&#8220;#3a3a3a&#8220;]Prihl\u00e1ste sa na odber inCust &#8211; je to ZADARMO![\/mk_button][\/vc_column][\/mk_page_section][vc_row][vc_column][mk_fancy_title color=&#8220;#393939&#8243; size=&#8220;36&#8243; font_weight=&#8220;400&#8243; margin_top=&#8220;30&#8243; margin_bottom=&#8220;0&#8243; font_family=&#8220;none&#8220; align=&#8220;center&#8220;]\u010co z\u00edskate s mobilnou aplik\u00e1ciou inCust?[\/mk_fancy_title][vc_row_inner][vc_column_inner width=&#8220;1\/3&#8243;][mk_icon_box2 icon_size=&#8220;32&#8243; icon=&#8220;mk-moon-checkmark-3&#8243; icon_color=&#8220;#7ac673&#8243; title=&#8220;NOVINKY A \u0160PECI\u00c1LNE PONUKY&#8220; title_size=&#8220;18&#8243; title_top_padding=&#8220;0&#8243; title_bottom_padding=&#8220;0&#8243;]\n<p style=\"font-size: 13px\">Prejdite dole informa\u010dn\u00fdm kan\u00e1lom a z\u00edskajte najnov\u0161ie spr\u00e1vy, \u0161peci\u00e1lne ponuky, z\u013eavy a kup\u00f3ny. Spoznajte tie najzauj\u00edmavej\u0161ie a vyh\u013eadajte najbli\u017e\u0161ie miesto predaja.<\/p>\n[\/mk_icon_box2][\/vc_column_inner][vc_column_inner width=&#8220;1\/3&#8243;][mk_icon_box2 icon_size=&#8220;32&#8243; icon=&#8220;mk-moon-checkmark-3&#8243; icon_color=&#8220;#7ac673&#8243; title=&#8220;PEN\u011a\u017dENKA NA BONUSY, z\u013eavy a dary&#8220; title_size=&#8220;18&#8243; title_top_padding=&#8220;0&#8243; title_bottom_padding=&#8220;0&#8243;]\n<p style=\"font-size: 13px\">Zistite, ko\u013eko ste u\u017e u\u0161etrili. Ko\u013eko bonusov, zliav, kup\u00f3nov a dar\u010dekov m\u00e1te. Je to jednoduch\u0161ie ako kedyko\u013evek predt\u00fdm! Ka\u017ed\u00fd n\u00e1kup s inCust sa prid\u00e1 do va\u0161ej pe\u0148a\u017eenky.<\/p>\n[\/mk_icon_box2][\/vc_column_inner][vc_column_inner width=&#8220;1\/3&#8243;][mk_icon_box2 icon_size=&#8220;32&#8243; icon=&#8220;mk-moon-checkmark-3&#8243; icon_color=&#8220;#7ac673&#8243; title=&#8220;UK\u00c1\u017dTE svoju virtu\u00e1lnu kartu predajcovi&#8220; title_size=&#8220;18&#8243; title_top_padding=&#8220;0&#8243; title_bottom_padding=&#8220;0&#8243;]\n<p style=\"font-size: 13px\">Nechcete da\u0165 svoje telef\u00f3nne \u010d\u00edslo? \u017diaden probl\u00e9m! Jednoducho zobrazte virtu\u00e1lnu kartu na obrazovke svojho smartf\u00f3nu alebo smart hodiniek a pla\u0165te bonusmi bez potvrdzovacej spr\u00e1vy.<\/p>\n[\/mk_icon_box2][\/vc_column_inner][\/vc_row_inner][vc_row_inner][vc_column_inner width=&#8220;1\/3&#8243;][mk_icon_box2 icon_size=&#8220;32&#8243; icon=&#8220;mk-moon-checkmark-3&#8243; icon_color=&#8220;#7ac673&#8243; title=&#8220;V\u0161etky dostupn\u00e9 predajn\u00e9 miesta &#8211; tovary, slu\u017eby, z\u00e1bava&#8220; title_size=&#8220;18&#8243; title_top_padding=&#8220;0&#8243; title_bottom_padding=&#8220;0&#8243;]\n<p style=\"font-size: 13px\">Sta\u0148te sa \u010dlenom vernostn\u00e9ho klubu inCust, z\u00edskajte pr\u00edstup k rozsiahlemu katal\u00f3gu a preh\u013eadajte zauj\u00edmav\u00e9 miesta, obchody, servisn\u00e9 stredisk\u00e1 v okol\u00ed.<\/p>\n[\/mk_icon_box2][\/vc_column_inner][vc_column_inner width=&#8220;1\/3&#8243;][mk_icon_box2 icon_size=&#8220;32&#8243; icon=&#8220;mk-moon-checkmark-3&#8243; icon_color=&#8220;#7ac673&#8243; title=&#8220;ODOSLAJTE spr\u00e1vy \u013eu\u010fom a spolo\u010dnostiam&#8220; title_size=&#8220;18&#8243; title_top_padding=&#8220;0&#8243; title_bottom_padding=&#8220;0&#8243;]\n<p style=\"font-size: 13px\">Chcete sa podeli\u0165 o nie\u010do cenn\u00e9 so svojimi pr\u00edbuzn\u00fdmi alebo priate\u013emi? Na\u0161li ste \u0161peci\u00e1lne ponuky alebo kup\u00f3ny, ktor\u00e9 v\u00e1s bud\u00fa zauj\u00edma\u0165? Potrebujete kontaktova\u0165 administrat\u00edvny person\u00e1l? Teraz m\u00f4\u017eete \u013eahko posiela\u0165 priame spr\u00e1vy prostredn\u00edctvom aplik\u00e1cie inCust.<\/p>\n[\/mk_icon_box2][\/vc_column_inner][vc_column_inner width=&#8220;1\/3&#8243;][mk_icon_box2 icon_size=&#8220;32&#8243; icon=&#8220;mk-moon-checkmark-3&#8243; icon_color=&#8220;#7ac673&#8243; title=&#8220;PUSH spr\u00e1vy namiesto nepr\u00edjemn\u00fdch textov (SMS)&#8220; title_size=&#8220;18&#8243; title_top_padding=&#8220;0&#8243; title_bottom_padding=&#8220;0&#8243;]\n<p style=\"font-size: 13px\">U\u017e v\u00e1s nebav\u00ed nekontrolovan\u00e9 mno\u017estvo SMS? Mobiln\u00e1 aplik\u00e1cia inCust v\u00e1m namiesto toho pon\u00faka univerz\u00e1lne push-spr\u00e1vy a schopnos\u0165 regulova\u0165, ktor\u00e9 spr\u00e1vy sa maj\u00fa z\u00edskava\u0165. Vychutnajte si aplik\u00e1ciu InCust na svojom zariaden\u00ed so syst\u00e9mom Android alebo iOS.<\/p>\n[\/mk_icon_box2][\/vc_column_inner][\/vc_row_inner][\/vc_column][\/vc_row][mk_page_section padding_top=&#8220;40&#8243; margin_bottom=&#8220;40&#8243; sidebar=&#8220;sidebar-1&#8243;][vc_column][mk_fancy_title color=&#8220;#393939&#8243; size=&#8220;36&#8243; font_weight=&#8220;400&#8243; margin_top=&#8220;30&#8243; margin_bottom=&#8220;0&#8243; font_family=&#8220;none&#8220; align=&#8220;center&#8220;]O inCust &#8211; u\u017e\u00edvajte si \u017eivot![\/mk_fancy_title][vc_column_text css=&#8220;.vc_custom_1601043120819{margin-bottom: 0px !important;}&#8220;]Medzin\u00e1rodn\u00fd klub odmien a zliav inCust sp\u00e1ja spolo\u010dnosti z cel\u00e9ho sveta, ktor\u00e9 v\u00e1s chc\u00fa pote\u0161i\u0165 a urobi\u0165 v\u00e1m \u0161peci\u00e1lne ponuky prostredn\u00edctvom inCust. Pri n\u00e1kupe tovaru alebo slu\u017eieb sa sta\u0148te \u010dlenom vernostn\u00e9ho programu a z\u00edskajte bonusov\u00e9 body, z\u00edskajte z\u013eavy a dary od partnerov inCust.[\/vc_column_text][vc_empty_space][vc_row_inner][vc_column_inner width=&#8220;1\/6&#8243;][\/vc_column_inner][vc_column_inner width=&#8220;1\/3&#8243;][vc_btn title=&#8220;Prihl\u00e1ste sa do klubu inCust&#8220; style=&#8220;flat&#8220; color=&#8220;success&#8220; align=&#8220;center&#8220; button_block=&#8220;true&#8220; link=&#8220;url:http%3A%2F%2Fmy.incust.com||target:%20_blank&#8220;][\/vc_column_inner][vc_column_inner width=&#8220;1\/3&#8243;][vc_btn title=&#8220;Prihl\u00e1si\u0165 sa do ovl\u00e1dacieho panela&#8220; style=&#8220;flat&#8220; color=&#8220;primary&#8220; align=&#8220;center&#8220; button_block=&#8220;true&#8220; link=&#8220;url:http%3A%2F%2Fmy.incust.com||target:%20_blank&#8220;][\/vc_column_inner][vc_column_inner width=&#8220;1\/6&#8243;][\/vc_column_inner][\/vc_row_inner][vc_empty_space][vc_row_inner attached=&#8220;true&#8220; css=&#8220;.vc_custom_1456506204086{padding-top: 0px !important;padding-right: 0px !important;padding-bottom: 0px !important;padding-left: 0px !important;}&#8220;][vc_column_inner width=&#8220;1\/4&#8243;][\/vc_column_inner][vc_column_inner width=&#8220;1\/4&#8243;][vc_single_image image=&#8220;308&#8243; img_size=&#8220;full&#8220; alignment=&#8220;center&#8220; onclick=&#8220;custom_link&#8220; img_link_target=&#8220;_blank&#8220; css_animation=&#8220;appear&#8220; link=&#8220;https:\/\/play.google.com\/store\/apps\/details?id=com.incust.card&amp;hl=ru&#8220; css=&#8220;.vc_custom_1473840269708{margin-bottom: 10px !important;}&#8220; el_class=&#8220;ar-download-playstore people-section&#8220;][\/vc_column_inner][vc_column_inner width=&#8220;1\/4&#8243;][vc_single_image image=&#8220;307&#8243; img_size=&#8220;full&#8220; alignment=&#8220;center&#8220; onclick=&#8220;custom_link&#8220; img_link_target=&#8220;_blank&#8220; css_animation=&#8220;appear&#8220; link=&#8220;https:\/\/itunes.apple.com\/ru\/app\/incust\/id1085628509?l=ru&amp;ls=1&amp;mt=8&#8243; css=&#8220;.vc_custom_1473840281184{margin-bottom: 10px !important;}&#8220; el_class=&#8220;ar-download-itunes people-section&#8220;][\/vc_column_inner][vc_column_inner width=&#8220;1\/4&#8243;][\/vc_column_inner][\/vc_row_inner][\/vc_column][\/mk_page_section]\n<\/div>","protected":false},"excerpt":{"rendered":"<p>[mk_page_section padding_top=&#8220;0&#8243; sidebar=&#8220;sidebar-1&#8243;][vc_column][mk_fancy_title size=&#8220;32&#8243; font_weight=&#8220;bold&#8220; margin_top=&#8220;10&#8243; margin_bottom=&#8220;0&#8243; font_family=&#8220;none&#8220;] Ak chcete pou\u017ei\u0165 kup\u00f3n, certifik\u00e1t alebo odpor\u00fa\u010dac\u00ed k\u00f3d, kliknite na tla\u010didlo ni\u017e\u0161ie [\/mk_fancy_title][\/vc_column][\/mk_page_section][mk_page_section][vc_column width=&#8220;1\/3&#8243;][\/vc_column][vc_column width=&#8220;1\/3&#8243;][mk_button_gradient size=&#8220;x-large&#8220; corner_style=&#8220;rounded&#8220; grandient_color_from=&#8220;#2cb564&#8243; grandient_color_to=&#8220;#1a964f&#8220; grandient_color_angle=&#8220;diagonal_left_bottom&#8220; grandient_color_fallback=&#8220;#2cb564&#8243; url=&#8220;https:\/\/my.incust.com\/coupon\/add&#8220; target=&#8220;_blank&#8220; align=&#8220;center&#8220; fullwidth=&#8220;true&#8220; margin_top=&#8220;5&#8243; margin_bottom=&#8220;10&#8243; margin_right=&#8220;0&#8243;]Pou\u017ei\u0165 k\u00f3d[\/mk_button_gradient][\/vc_column][vc_column width=&#8220;1\/3&#8243;][\/vc_column][\/mk_page_section][mk_page_section padding_top=&#8220;0&#8243; padding_bottom=&#8220;0&#8243; top_shape_style=&#8220;speech-top&#8220; top_shape_color=&#8220;#ffffff&#8220; bottom_shape_style=&#8220;speech-bottom&#8220; bottom_shape_color=&#8220;#f5f3f1&#8243; bottom_shape_bg_color=&#8220;#ffffff&#8220; sidebar=&#8220;sidebar-1&#8243;][vc_column][mk_fancy_title tag_name=&#8220;h1&#8243; size=&#8220;30&#8243; font_weight=&#8220;400&#8243; margin_bottom=&#8220;0&#8243; font_family=&#8220;none&#8220; align=&#8220;center&#8220;]Z\u00cdSKAJTE SMARTF\u00d3N? IN\u0160TALUJTE Z\u00c1KAZN\u00cdCKU [&hellip;]<\/p>\n","protected":false},"author":9,"featured_media":0,"parent":0,"menu_order":0,"comment_status":"closed","ping_status":"closed","template":"","meta":{"footnotes":""},"_links":{"self":[{"href":"https:\/\/incust.com\/sk\/wp-json\/wp\/v2\/pages\/946"}],"collection":[{"href":"https:\/\/incust.com\/sk\/wp-json\/wp\/v2\/pages"}],"about":[{"href":"https:\/\/incust.com\/sk\/wp-json\/wp\/v2\/types\/page"}],"author":[{"embeddable":true,"href":"https:\/\/incust.com\/sk\/wp-json\/wp\/v2\/users\/9"}],"replies":[{"embeddable":true,"href":"https:\/\/incust.com\/sk\/wp-json\/wp\/v2\/comments?post=946"}],"version-history":[{"count":31,"href":"https:\/\/incust.com\/sk\/wp-json\/wp\/v2\/pages\/946\/revisions"}],"predecessor-version":[{"id":7608,"href":"https:\/\/incust.com\/sk\/wp-json\/wp\/v2\/pages\/946\/revisions\/7608"}],"wp:attachment":[{"href":"https:\/\/incust.com\/sk\/wp-json\/wp\/v2\/media?parent=946"}],"curies":[{"name":"wp","href":"https:\/\/api.w.org\/{rel}","templated":true}]}}