{"id":810,"date":"2016-11-28T09:59:55","date_gmt":"2016-11-28T09:59:55","guid":{"rendered":"https:\/\/incust.com\/sk\/?page_id=810"},"modified":"2020-11-27T04:28:03","modified_gmt":"2020-11-27T09:28:03","slug":"white-label","status":"publish","type":"page","link":"https:\/\/incust.com\/sk\/white-label\/","title":{"rendered":"Vlastn\u00e9 zna\u010dky a z\u00e1kazkov\u00e9 rie\u0161enia"},"content":{"rendered":"[mk_page_section bg_color=&#8220;#ffffff&#8220; min_height=&#8220;10&#8243; padding_top=&#8220;40&#8243; padding_bottom=&#8220;80&#8243; top_shape_style=&#8220;speech-top&#8220; top_shape_color=&#8220;#ffffff&#8220; bottom_shape_style=&#8220;speech-bottom&#8220; bottom_shape_color=&#8220;#f5f3f1&#8243; bottom_shape_bg_color=&#8220;#ffffff&#8220; sidebar=&#8220;sidebar-1&#8243;][vc_column][vc_column_text css=&#8220;.vc_custom_1606469265679{margin-bottom: 0px !important;}&#8220;]\n<h1 style=\"text-align: center;\">Vlastn\u00e9 Zna\u010dky<br \/>\n<small>zna\u010dkov\u00e9 vernostn\u00e9 programy a interakcie so z\u00e1kazn\u00edkmi<\/small><\/h1>\n<p>\u00da\u010dinnos\u0165 slu\u017eby inCust je do ur\u010ditej miery zalo\u017een\u00e1 na synergii jednotliv\u00fdch z\u00fa\u010dastnen\u00fdch biznisov. Jednotn\u00e1 mobiln\u00e1 aplik\u00e1cia a n\u00e1zov slu\u017eby (inCust) umo\u017e\u0148uj\u00fa z\u00e1kazn\u00edkom akt\u00edvnej\u0161ie vyu\u017e\u00edva\u0165 pon\u00fakan\u00e9 slu\u017eby vr\u00e1tane vernostn\u00fdch programov a marketingov\u00fdch n\u00e1strojov, ako s\u00fa kup\u00f3ny a dar\u010dekov\u00e9 karty. Zvy\u0161uj\u00fa tie\u017e d\u00f4veru v marketingov\u00e9 spr\u00e1vy, ktor\u00e9 sa odosielaj\u00fa prostredn\u00edctvom SMS alebo Push ozn\u00e1menia.<\/p>\n<p>Ch\u00e1peme, \u017ee pre va\u0161u firmu m\u00f4\u017ee by\u0165 propag\u00e1cia zna\u010dky a ochrannej zn\u00e1mky a ich odde\u013eovanie od zvy\u0161ku trhu hlavn\u00fdmi faktormi pri riaden\u00ed \u017eivotn\u00e9ho cyklu z\u00e1kazn\u00edka.<\/p>\n<p>Preto v\u00e1m pon\u00fakame slu\u017ebu individualiz\u00e1cie a vytvorenia exkluz\u00edvneho riadenia z\u00e1kazn\u00edkov (tzv. Vlastnej Zna\u010dky, zmena zna\u010dky inCust na va\u0161u). V\u010faka tejto slu\u017ebe z\u00edskate svoju vlastn\u00fa mobiln\u00fa aplik\u00e1ciu, chatbot a individu\u00e1lny syst\u00e9m riadenia z\u00e1kazn\u00edkov s vyhraden\u00fdmi ovl\u00e1dac\u00edmi panelmi pre z\u00e1kazn\u00edkov aj predajcov.<\/p>\n<p>Z\u00edskajte v\u0161etky v\u00fdhody inCust technol\u00f3gi\u00ed pre svoju zna\u010dku pomocou na\u0161ej ponuky Vlastn\u00e1 Zna\u010dka!<\/p>\n<p>Ak m\u00e1te ot\u00e1zky t\u00fdkaj\u00face sa prisp\u00f4sobenia, kontaktujte n\u00e1s na adrese <a href=\"mailto:management@incust.com\">management@incust.com<\/a>, alebo pou\u017eite <a href=\"\/sk\/contacts\/\">kontaktn\u00fd formul\u00e1r<\/a>.<\/p>\n<h2 style=\"text-align: center;\">Z\u00e1kazkov\u00e9 rie\u0161enia<\/h2>\n<p>InCust sme vyvinuli ako platformu pre \u0161irok\u00fa \u0161k\u00e1lu rie\u0161en\u00ed, kde sa tovar a slu\u017eby dod\u00e1vaj\u00fa na predplatenej b\u00e1ze. Patria sem palivov\u00e9 karty, programy soci\u00e1lneho zabezpe\u010denia a podobn\u00e9 biznisov\u00e9 potreby.<\/p>\n<p>Ak potrebujete vyvin\u00fa\u0165 tak\u00e9to rie\u0161enie pre v\u00e1s, kontaktujte n\u00e1s na adrese <a href=\"mailto:management@incust.com\">management@incust.com<\/a>, alebo pou\u017eite <a href=\"\/sk\/contacts\/\">kontaktn\u00fd formul\u00e1r<\/a>.[\/vc_column_text][mk_table]\n<h2 style=\"text-align: center;\">Pravideln\u00fd servis alebo vlastn\u00e1 zna\u010dka?<\/h2>\n<table width=\"100%\">\n<thead>\n<tr>\n<th width=\"30%\"><\/th>\n<th style=\"text-align: left;\" width=\"35%\">Pravideln\u00fd servis<\/th>\n<th style=\"text-align: left;\" width=\"35%\">Vlastn\u00e1 zna\u010dka<\/th>\n<\/tr>\n<\/thead>\n<tbody>\n<tr>\n<td style=\"text-align: right;\"><strong>N\u00e1zov va\u0161ej firmy a va\u0161a zna\u010dka (zna\u010dky)<\/strong><\/td>\n<td style=\"text-align: left;\">Vidite\u013en\u00e9 pre z\u00e1kazn\u00edkov spolu s ochrannou zn\u00e1mkou inCust<\/td>\n<td style=\"text-align: left;\">M\u00f4\u017ee by\u0165 pou\u017eit\u00fd ako n\u00e1zov mobilnej aplik\u00e1cie a slu\u017eby (ochrann\u00e1 zn\u00e1mka inCust sa nezobrazuje)<\/td>\n<\/tr>\n<tr>\n<td style=\"text-align: right;\"><strong>Logo va\u0161ej zna\u010dky a \u010fal\u0161ie grafick\u00e9 prvky<\/strong><\/td>\n<td style=\"text-align: left;\">Logo sa zobrazuje ako atrib\u00fat popisu firmy alebo zna\u010dky<\/td>\n<td style=\"text-align: left;\">M\u00f4\u017ee by\u0165 pou\u017eit\u00fd pri n\u00e1vrhu ovl\u00e1dacieho panela z\u00e1kaznikov a mobiln\u00fdch aplik\u00e1ci\u00ed<\/td>\n<\/tr>\n<tr>\n<td style=\"text-align: right;\"><strong>Spr\u00e1vy sa odsielaj\u00fa bez toho, aby bola v texte uveden\u00e1 zna\u010dka inCust<\/strong><\/td>\n<td style=\"text-align: center;\">&#8211;<\/td>\n<td style=\"text-align: left;\">Mo\u017en\u00e9, s v\u00fdhradou rokovan\u00ed<\/td>\n<\/tr>\n<tr>\n<td style=\"text-align: right;\"><strong>Mobiln\u00e1 aplik\u00e1cia pre z\u00e1kazn\u00edkov<\/strong><\/td>\n<td style=\"text-align: left;\">Spolo\u010dn\u00fd pre v\u0161etky biznisy<\/td>\n<td style=\"text-align: left;\">Je mo\u017en\u00e1 individu\u00e1lna mobiln\u00e1 aplik\u00e1cia<\/td>\n<\/tr>\n<tr>\n<td style=\"text-align: right;\"><strong>Modul Kiosku<\/strong><\/td>\n<td style=\"text-align: left;\">Spolo\u010dn\u00fd pre v\u0161etky biznisy<br \/>\n<small>(aplik\u00e1cia zobraz\u00ed logo InCust a n\u00e1zov va\u0161ej zna\u010dky)<\/small><\/td>\n<td style=\"text-align: left;\">Je mo\u017en\u00e1 individu\u00e1lna mobiln\u00e1 aplik\u00e1cia<\/td>\n<\/tr>\n<tr>\n<td style=\"text-align: right;\"><strong>\u010cetbot<\/strong><\/td>\n<td style=\"text-align: left;\">Spolo\u010dn\u00fd pre v\u0161etky podniky<br \/>\n<small><\/small><\/td>\n<td style=\"text-align: left;\">Je mo\u017en\u00fd individu\u00e1lny \u010detbot<\/td>\n<\/tr>\n<tr>\n<td style=\"text-align: right;\"><strong>Ovl\u00e1dac\u00ed Panel z\u00e1kaznikov<\/strong><\/td>\n<td style=\"text-align: left;\">Spolo\u010dn\u00fd pre v\u0161etky biznisy<br \/>\n<small>(z\u00e1kazn\u00edci preh\u013ead\u00e1vaj\u00fa v\u0161etky firmy, v ktor\u00fdch sa zaregistrovali)<\/small><\/td>\n<td style=\"text-align: left;\">Je mo\u017en\u00fd samostatn\u00fd ovl\u00e1dac\u00ed panel<\/td>\n<\/tr>\n<tr>\n<td style=\"text-align: right;\"><strong>Prisp\u00f4sobenie biznisovej logiky platformy<\/strong><\/td>\n<td style=\"text-align: left;\">Pod\u013ea platformy<\/td>\n<td style=\"text-align: left;\">Zmeny v platforme s\u00fa mo\u017en\u00e9 tak, aby vyhovovali va\u0161im obchodn\u00fdm potreb\u00e1m<\/td>\n<\/tr>\n<tr>\n<td style=\"text-align: right;\"><strong>Potreba hardv\u00e9ru<\/strong><\/td>\n<td style=\"text-align: left;\">V pr\u00edpade potreby sa na predajn\u00fdch miestach pou\u017e\u00edvaj\u00fa tablety alebo smartf\u00f3ny<\/td>\n<td style=\"text-align: left;\">Ak potrebujete prisp\u00f4soben\u00e9 rie\u0161enie s vlastn\u00fdm (pr\u00edpadne prisp\u00f4soben\u00fdm) softv\u00e9rom na strane servera, je potrebn\u00fd vyhraden\u00fd serverov\u00fd syst\u00e9m<\/td>\n<\/tr>\n<tr>\n<td style=\"text-align: right;\"><strong>Cena<\/strong><\/td>\n<td style=\"text-align: left;\">Ako je uveden\u00e9 v <a href=\"\/sk\/pricing\/\">pl\u00e1noch a cen\u00e1ch<\/a><\/td>\n<td style=\"text-align: left;\">Z\u00e1vis\u00ed od sady zvolen\u00fdch funkci\u00ed a prisp\u00f4sobenia<\/td>\n<\/tr>\n<\/tbody>\n<\/table>\n[\/mk_table][vc_empty_space height=&#8220;30px&#8220;][\/vc_column][\/mk_page_section]\n","protected":false},"excerpt":{"rendered":"<p>[mk_page_section bg_color=&#8220;#ffffff&#8220; min_height=&#8220;10&#8243; padding_top=&#8220;40&#8243; padding_bottom=&#8220;80&#8243; top_shape_style=&#8220;speech-top&#8220; top_shape_color=&#8220;#ffffff&#8220; bottom_shape_style=&#8220;speech-bottom&#8220; bottom_shape_color=&#8220;#f5f3f1&#8243; bottom_shape_bg_color=&#8220;#ffffff&#8220; sidebar=&#8220;sidebar-1&#8243;][vc_column][vc_column_text css=&#8220;.vc_custom_1606469265679{margin-bottom: 0px !important;}&#8220;] Vlastn\u00e9 Zna\u010dky zna\u010dkov\u00e9 vernostn\u00e9 programy a interakcie so z\u00e1kazn\u00edkmi \u00da\u010dinnos\u0165 slu\u017eby inCust je do ur\u010ditej miery zalo\u017een\u00e1 na synergii jednotliv\u00fdch z\u00fa\u010dastnen\u00fdch biznisov. Jednotn\u00e1 mobiln\u00e1 aplik\u00e1cia a n\u00e1zov slu\u017eby (inCust) umo\u017e\u0148uj\u00fa z\u00e1kazn\u00edkom akt\u00edvnej\u0161ie vyu\u017e\u00edva\u0165 pon\u00fakan\u00e9 slu\u017eby vr\u00e1tane vernostn\u00fdch programov a marketingov\u00fdch n\u00e1strojov, [&hellip;]<\/p>\n","protected":false},"author":9,"featured_media":0,"parent":0,"menu_order":0,"comment_status":"closed","ping_status":"closed","template":"","meta":{"footnotes":""},"_links":{"self":[{"href":"https:\/\/incust.com\/sk\/wp-json\/wp\/v2\/pages\/810"}],"collection":[{"href":"https:\/\/incust.com\/sk\/wp-json\/wp\/v2\/pages"}],"about":[{"href":"https:\/\/incust.com\/sk\/wp-json\/wp\/v2\/types\/page"}],"author":[{"embeddable":true,"href":"https:\/\/incust.com\/sk\/wp-json\/wp\/v2\/users\/9"}],"replies":[{"embeddable":true,"href":"https:\/\/incust.com\/sk\/wp-json\/wp\/v2\/comments?post=810"}],"version-history":[{"count":30,"href":"https:\/\/incust.com\/sk\/wp-json\/wp\/v2\/pages\/810\/revisions"}],"predecessor-version":[{"id":7819,"href":"https:\/\/incust.com\/sk\/wp-json\/wp\/v2\/pages\/810\/revisions\/7819"}],"wp:attachment":[{"href":"https:\/\/incust.com\/sk\/wp-json\/wp\/v2\/media?parent=810"}],"curies":[{"name":"wp","href":"https:\/\/api.w.org\/{rel}","templated":true}]}}