{"id":787,"date":"2016-11-25T10:06:05","date_gmt":"2016-11-25T10:06:05","guid":{"rendered":"https:\/\/incust.com\/sk\/?page_id=787"},"modified":"2020-10-08T09:09:52","modified_gmt":"2020-10-08T14:09:52","slug":"plans-and-pricing","status":"publish","type":"page","link":"https:\/\/incust.com\/sk\/plans-and-pricing\/","title":{"rendered":"Pl\u00e1ny a Ceny"},"content":{"rendered":"<div class=\"wpb-content-wrapper\">[mk_page_section bg_color=&#8220;#ffffff&#8220; min_height=&#8220;10&#8243; padding_top=&#8220;40&#8243; padding_bottom=&#8220;20&#8243; top_shape_style=&#8220;speech-top&#8220; top_shape_color=&#8220;#ffffff&#8220; bottom_shape_style=&#8220;speech-bottom&#8220; bottom_shape_color=&#8220;#f5f3f1&#8243; bottom_shape_bg_color=&#8220;#ffffff&#8220; sidebar=&#8220;sidebar-1&#8243;][vc_column][mk_fancy_title tag_name=&#8220;h1&#8243; color=&#8220;#000000&#8243; size=&#8220;48&#8243; force_font_size=&#8220;true&#8220; size_smallscreen=&#8220;36&#8243; size_tablet=&#8220;32&#8243; size_phone=&#8220;28&#8243; font_weight=&#8220;400&#8243; txt_transform=&#8220;uppercase&#8220; margin_bottom=&#8220;0&#8243; font_family=&#8220;Roboto+Condensed&#8220; font_type=&#8220;google&#8220; align=&#8220;center&#8220; font_engine=&#8220;google&#8220;]Pl\u00e1n \u201cR\u00fdchly \u0161tart\u201d[\/mk_fancy_title][vc_column_text css=&#8220;.vc_custom_1602166026539{margin-bottom: 0px !important;}&#8220;]Ke\u010f <a href=\"https:\/\/business.incust.com\/signup\" target=\"_blank\" rel=\"noopener noreferrer\">spust\u00edte vernostn\u00fd program<\/a>, v\u00e1\u0161 \u00fa\u010det pou\u017e\u00edva servisn\u00fd plan \u201cR\u00fdchly \u0160tart\u201d na p\u00e4tn\u00e1s\u0165 (15) dn\u00ed. Tento pl\u00e1n zah\u0155\u0148a:<br \/>\nPopl\u00e1tok za slu\u017ebu &#8211; <strong>ziadn\u00fd<\/strong><br \/>\nPush spr\u00e1vy \u2013 <strong>zadarmo<\/strong><br \/>\nSMS spr\u00e1vy \u2013 vr\u00e1tane <strong>50 bezplatn\u00fdch SMS<\/strong> spr\u00e1v, potom pod\u013ea <a href=\"https:\/\/business.incust.com\/tariff\/sms-details\" target=\"_blank\" rel=\"noopener noreferrer\">sadzby za doru\u010denie SMS<\/a>.[\/vc_column_text][mk_button dimension=&#8220;flat&#8220; corner_style=&#8220;rounded&#8220; size=&#8220;large&#8220; url=&#8220;https:\/\/business.incust.com\/signup&#8220; target=&#8220;_blank&#8220; align=&#8220;center&#8220; margin_right=&#8220;0&#8243; el_class=&#8220;btn-orange&#8220; bg_color=&#8220;#14a082&#8243;]Spusti\u0165 vernostn\u00fd program[\/mk_button][mk_fancy_title tag_name=&#8220;h1&#8243; color=&#8220;#000000&#8243; size=&#8220;48&#8243; force_font_size=&#8220;true&#8220; size_smallscreen=&#8220;36&#8243; size_tablet=&#8220;32&#8243; size_phone=&#8220;28&#8243; font_weight=&#8220;400&#8243; txt_transform=&#8220;uppercase&#8220; margin_top=&#8220;20&#8243; margin_bottom=&#8220;0&#8243; font_family=&#8220;Roboto+Condensed&#8220; font_type=&#8220;google&#8220; align=&#8220;center&#8220; font_engine=&#8220;google&#8220;]Ko\u013eko to bude st\u00e1\u0165 pre m\u0148a?[\/mk_fancy_title][vc_column_text css=&#8220;.vc_custom_1602166180647{margin-bottom: 0px !important;}&#8220;]Po dokon\u010den\u00ed pl\u00e1nu \u201cR\u00fdchly \u0160tart\u201d sa v\u00e1\u0161 vernostn\u00fd program prepne na servisn\u00fd plan \u0160TANDARD[\/vc_column_text][\/vc_column][\/mk_page_section][vc_row][vc_column][vc_raw_html]JTNDZGl2JTIwaWQlM0QlMjJ0YXJpZmYtcGxhbi13cmFwcGVyJTIyJTNFJTNDJTJGZGl2JTNFJTBBJTBBJTNDc2NyaXB0JTIwdHlwZSUzRCUyMnRleHQlMkZqYXZhc2NyaXB0JTIyJTIwc3JjJTNEJTIyJTJGdG9vbHMlMkZjdXN0b20lMkZwcmljZXMlMkZwcmljZXMuanMlM0Z2JTNENiUyMiUzRSUzQyUyRnNjcmlwdCUzRSUwQSUzQ2xpbmslMjByZWwlM0QlMjJzdHlsZXNoZWV0JTIyJTIwaHJlZiUzRCUyMiUyRnRvb2xzJTJGY3VzdG9tJTJGcHJpY2VzJTJGcHJpY2VzLmNzcyUzRnYlM0Q1JTIyJTIwJTJGJTNF[\/vc_raw_html][\/vc_column][\/vc_row]\n<\/div>","protected":false},"excerpt":{"rendered":"<p>[mk_page_section bg_color=&#8220;#ffffff&#8220; min_height=&#8220;10&#8243; padding_top=&#8220;40&#8243; padding_bottom=&#8220;20&#8243; top_shape_style=&#8220;speech-top&#8220; top_shape_color=&#8220;#ffffff&#8220; bottom_shape_style=&#8220;speech-bottom&#8220; bottom_shape_color=&#8220;#f5f3f1&#8243; bottom_shape_bg_color=&#8220;#ffffff&#8220; sidebar=&#8220;sidebar-1&#8243;][vc_column][mk_fancy_title tag_name=&#8220;h1&#8243; color=&#8220;#000000&#8243; size=&#8220;48&#8243; force_font_size=&#8220;true&#8220; size_smallscreen=&#8220;36&#8243; size_tablet=&#8220;32&#8243; size_phone=&#8220;28&#8243; font_weight=&#8220;400&#8243; txt_transform=&#8220;uppercase&#8220; margin_bottom=&#8220;0&#8243; font_family=&#8220;Roboto+Condensed&#8220; font_type=&#8220;google&#8220; align=&#8220;center&#8220; font_engine=&#8220;google&#8220;]Pl\u00e1n \u201cR\u00fdchly \u0161tart\u201d[\/mk_fancy_title][vc_column_text css=&#8220;.vc_custom_1602166026539{margin-bottom: 0px !important;}&#8220;]Ke\u010f spust\u00edte vernostn\u00fd program, v\u00e1\u0161 \u00fa\u010det pou\u017e\u00edva servisn\u00fd plan \u201cR\u00fdchly \u0160tart\u201d na p\u00e4tn\u00e1s\u0165 (15) dn\u00ed. Tento pl\u00e1n zah\u0155\u0148a: Popl\u00e1tok za slu\u017ebu &#8211; ziadn\u00fd Push spr\u00e1vy \u2013 [&hellip;]<\/p>\n","protected":false},"author":9,"featured_media":0,"parent":0,"menu_order":0,"comment_status":"closed","ping_status":"closed","template":"","meta":{"footnotes":""},"_links":{"self":[{"href":"https:\/\/incust.com\/sk\/wp-json\/wp\/v2\/pages\/787"}],"collection":[{"href":"https:\/\/incust.com\/sk\/wp-json\/wp\/v2\/pages"}],"about":[{"href":"https:\/\/incust.com\/sk\/wp-json\/wp\/v2\/types\/page"}],"author":[{"embeddable":true,"href":"https:\/\/incust.com\/sk\/wp-json\/wp\/v2\/users\/9"}],"replies":[{"embeddable":true,"href":"https:\/\/incust.com\/sk\/wp-json\/wp\/v2\/comments?post=787"}],"version-history":[{"count":42,"href":"https:\/\/incust.com\/sk\/wp-json\/wp\/v2\/pages\/787\/revisions"}],"predecessor-version":[{"id":7700,"href":"https:\/\/incust.com\/sk\/wp-json\/wp\/v2\/pages\/787\/revisions\/7700"}],"wp:attachment":[{"href":"https:\/\/incust.com\/sk\/wp-json\/wp\/v2\/media?parent=787"}],"curies":[{"name":"wp","href":"https:\/\/api.w.org\/{rel}","templated":true}]}}