{"id":6364,"date":"2020-05-16T07:35:31","date_gmt":"2020-05-16T12:35:31","guid":{"rendered":"https:\/\/incust.com\/sk\/?page_id=6364"},"modified":"2020-11-25T14:08:25","modified_gmt":"2020-11-25T19:08:25","slug":"contacts","status":"publish","type":"page","link":"https:\/\/incust.com\/sk\/contacts\/","title":{"rendered":"Kontaktujte nas"},"content":{"rendered":"<div class=\"wpb-content-wrapper\">[vc_row][vc_column width=&#8220;1\/6&#8243;][\/vc_column][vc_column width=&#8220;2\/3&#8243;][vc_empty_space height=&#8220;10px&#8220;][mk_fancy_title color=&#8220;#2e2e2e&#8220; size=&#8220;36&#8243; font_weight=&#8220;400&#8243; margin_bottom=&#8220;0&#8243; font_family=&#8220;none&#8220; align=&#8220;center&#8220;]Kontaktujte nas[\/mk_fancy_title][vc_empty_space height=&#8220;50px&#8220;][\/vc_column][vc_column width=&#8220;1\/6&#8243;][\/vc_column][\/vc_row][vc_row][vc_column width=&#8220;1\/3&#8243;][vc_raw_html]JTNDaDQlM0VPYmNob2RuJUMzJUE5JTIwb2RkZWxlbmllJTNDJTJGaDQlM0UlMEElM0NkaXYlMjBpZCUzRCUyMmxpdmV6aWxsYS1jaGF0JTIyJTNFJTBBJTNDcCUzRVBvJUM1JUExbGl0ZSUyMG4lQzMlQTFtJTIwZS1tYWlsJTNBJTIwJTNDc3Ryb25nJTNFJTNDYSUyMGhyZWYlM0QlMjJtYWlsdG8lM0FzYWxlcyU0MGluY3VzdC5jb20lMjIlM0VzYWxlcyU0MGluY3VzdC5jb20lM0MlMkZhJTNFJTNDJTJGc3Ryb25nJTNFJTIwJTBBJTNDcCUzRVBvcm96cHIlQzMlQTF2YWp0ZSUyMHNhJTIwcyUyMG5hbWklM0ElMjAlM0NzdHJvbmclM0UlMEElM0NzcGFuJTIwaWQlM0QlMjJsaXZlemlsbGFfdHJhY2tpbmclMjIlMjBzdHlsZSUzRCUyMmRpc3BsYXklM0Fub25lJTIyJTNFJTNDJTJGc3BhbiUzRSUzQ3NjcmlwdCUyMHR5cGUlM0QlMjJ0ZXh0JTJGamF2YXNjcmlwdCUyMiUzRSUwQXZhciUyMHNjcmlwdCUyMCUzRCUyMGRvY3VtZW50LmNyZWF0ZUVsZW1lbnQlMjglMjJzY3JpcHQlMjIlMjklM0JzY3JpcHQuYXN5bmMlM0R0cnVlJTNCc2NyaXB0LnR5cGUlM0QlMjJ0ZXh0JTJGamF2YXNjcmlwdCUyMiUzQnZhciUyMHNyYyUyMCUzRCUyMCUyMmh0dHBzJTNBJTJGJTJGaW5jdXN0LmNvbSUyRmxpdmV6aWxsYSUyRnNlcnZlci5waHAlM0ZhJTNEODk0ZTclMjZycXN0JTNEdHJhY2slMjZvdXRwdXQlM0RqY3JwdCUyNm5zZSUzRCUyMiUyQk1hdGgucmFuZG9tJTI4JTI5JTNCc2V0VGltZW91dCUyOCUyMnNjcmlwdC5zcmMlM0RzcmMlM0Jkb2N1bWVudC5nZXRFbGVtZW50QnlJZCUyOCUyN2xpdmV6aWxsYV90cmFja2luZyUyNyUyOS5hcHBlbmRDaGlsZCUyOHNjcmlwdCUyOSUyMiUyQzElMjklM0IlM0MlMkZzY3JpcHQlM0UlM0Nub3NjcmlwdCUzRSUzQ2ltZyUyMHNyYyUzRCUyMmh0dHBzJTNBJTJGJTJGaW5jdXN0LmNvbSUyRmxpdmV6aWxsYSUyRnNlcnZlci5waHAlM0ZhJTNEODk0ZTclMjZhbXAlM0JycXN0JTNEdHJhY2slMjZhbXAlM0JvdXRwdXQlM0Rub2pjcnB0JTIyJTIwd2lkdGglM0QlMjIwJTIyJTIwaGVpZ2h0JTNEJTIyMCUyMiUyMHN0eWxlJTNEJTIydmlzaWJpbGl0eSUzQWhpZGRlbiUzQiUyMiUyMGFsdCUzRCUyMiUyMiUzRSUzQyUyRm5vc2NyaXB0JTNFJTNDc2NyaXB0JTIwdHlwZSUzRCUyMnRleHQlMkZqYXZhc2NyaXB0JTIyJTIwaWQlM0QlMjJsel90ZXh0bGluayUyMiUyMHNyYyUzRCUyMmh0dHBzJTNBJTJGJTJGaW5jdXN0LmNvbSUyRmxpdmV6aWxsYSUyRmltYWdlLnBocCUzRmElM0Q4YTg4ZCUyNmFtcCUzQnRsJTNEMSUyNmFtcCUzQnNydiUzRGFIUjBjSE02THk5cGJtTjFjM1F1WTI5dEwyeHBkbVY2YVd4c1lTOWphR0YwTG5Cb2NEOWhQV1l4TURVMSUyNmFtcCUzQnRsb250JTNEVEdsMlpTQkRhR0YwJTI2YW1wJTNCdGxvZnQlM0RUR2wyWlNCRGFHRjBJQ2hqZFhKeVpXNTBiSGtnYjJabWJHbHVaU3dnYzI5eWNua3AlMjIlM0UlM0MlMkZzY3JpcHQlM0UlMEElM0MlMkZzdHJvbmclM0UlM0MlMkZwJTNFJTBBJTNDcCUzRXphdm9sJUMzJUExanRlJTIwJTNDc3Ryb25nJTNFJTI4JTJCMSUyOSUyMDgwNC40MDQuOTUzOSUyMCUyOFVTJTI5JTNDYnIlM0UlMEElMjZuYnNwJTNCJTI2bmJzcCUzQiUyNm5ic3AlM0IlMjZuYnNwJTNCJTI2bmJzcCUzQiUyNm5ic3AlM0JhbGVibyUyMCUyQjQ0JTIwJTI4ODAwJTI5JTIwMDYwLTg0MjQlMjAlMjhVSyUyOSUzQyUyRnN0cm9uZyUzRSUwQSUwQSUzQyUyRmRpdiUzRQ==[\/vc_raw_html][\/vc_column][vc_column width=&#8220;1\/3&#8243;][vc_column_text css=&#8220;.vc_custom_1606323306718{margin-bottom: 0px !important;}&#8220;]\n<h4>Technick\u00e1 podpora biznisu<\/h4>\n<p>Pre Va\u0161e pohodlie pon\u00fakame rozsiahlu <a href=\"https:\/\/incust.com\/sk\/knowledgebase\/\">Datab\u00e1zu poznatkov <\/a> a vyhraden\u00fd kan\u00e1l podpory prostredn\u00edctvom <a href=\"https:\/\/business.incust.com\/#\/signin\">Ovl\u00e1dacieho panelu biznisu<\/a>, kde m\u00f4\u017eete svoje ot\u00e1zky zad\u00e1va\u0165 pomocou poskytnut\u00e9ho formul\u00e1ra.[\/vc_column_text][vc_empty_space height=&#8220;50px&#8220;][\/vc_column][vc_column width=&#8220;1\/3&#8243;][vc_column_text css=&#8220;.vc_custom_1606323329154{margin-bottom: 0px !important;}&#8220;]\n<h4>Technick\u00e1 podpora z\u00e1kazn\u00edkov<\/h4>\n<p>Pomoc sa poskytuje prostredn\u00edctvom <a href=\"https:\/\/my.incust.com\/\">Ovl\u00e1dacieho panela z\u00e1kazn\u00edkov<\/a>. Upozor\u0148ujeme, \u017ee spolo\u010dnosti inCust Ltd. a inCust Slovakia s.r.o. sa nez\u00fa\u010dast\u0148uj\u00fa na Va\u0161ich transakci\u00e1ch s podnikmi a nem\u00f4\u017eu V\u00e1m pom\u00f4c\u0165 pri sporoch a vy\u0161etrovaniach t\u00fdkaj\u00facich sa tovaru a slu\u017eieb pon\u00fakan\u00fdch podnikmi.[\/vc_column_text][\/vc_column][\/vc_row][vc_row][vc_column width=&#8220;1\/6&#8243;][\/vc_column][vc_column width=&#8220;2\/3&#8243;][vc_empty_space height=&#8220;10px&#8220;][mk_fancy_title tag_name=&#8220;h3&#8243; color=&#8220;#2e2e2e&#8220; size=&#8220;28&#8243; font_weight=&#8220;400&#8243; margin_bottom=&#8220;0&#8243; font_family=&#8220;none&#8220; align=&#8220;center&#8220;]PO\u0160LITE OT\u00c1ZKY TERAZ[\/mk_fancy_title]\n<div class=\"wpcf7 no-js\" id=\"wpcf7-f3909-o1\" lang=\"en-US\" dir=\"ltr\">\n<div class=\"screen-reader-response\"><p role=\"status\" aria-live=\"polite\" aria-atomic=\"true\"><\/p> <ul><\/ul><\/div>\n<form action=\"\/sk\/wp-json\/wp\/v2\/pages\/6364#wpcf7-f3909-o1\" method=\"post\" class=\"wpcf7-form init\" aria-label=\"Contact form\" novalidate=\"novalidate\" data-status=\"init\">\n<div style=\"display: none;\">\n<input type=\"hidden\" name=\"_wpcf7\" value=\"3909\" \/>\n<input type=\"hidden\" name=\"_wpcf7_version\" value=\"5.9.8\" \/>\n<input type=\"hidden\" name=\"_wpcf7_locale\" value=\"en_US\" \/>\n<input type=\"hidden\" name=\"_wpcf7_unit_tag\" value=\"wpcf7-f3909-o1\" \/>\n<input type=\"hidden\" name=\"_wpcf7_container_post\" value=\"0\" \/>\n<input type=\"hidden\" name=\"_wpcf7_posted_data_hash\" value=\"\" \/>\n<input type=\"hidden\" name=\"_wpcf7_recaptcha_response\" value=\"\" \/>\n<\/div>\n<div class=\"price-contact\">\n\t<div class=\"vc_col-sm-12 vc_col-lg-12\">\n\t<div class=\"wpcf7-response-output\" aria-hidden=\"true\"><\/div>\n\t<\/div>\n\t<div class=\"vc_col-sm-6 vc_col-lg-6 vc_col-xs-6\">\n\t\t<p><span class=\"wpcf7-form-control-wrap\" data-name=\"your-name\"><input size=\"40\" maxlength=\"400\" class=\"wpcf7-form-control wpcf7-text wpcf7-validates-as-required\" aria-required=\"true\" aria-invalid=\"false\" placeholder=\"Meno*\" value=\"\" type=\"text\" name=\"your-name\" \/><\/span>\n\t\t<\/p>\n\t<\/div>\n\t<div class=\"vc_col-sm-6 vc_col-lg-6 vc_col-xs-6\">\n\t\t<p><span class=\"wpcf7-form-control-wrap\" data-name=\"your-email\"><input size=\"40\" maxlength=\"400\" class=\"wpcf7-form-control wpcf7-email wpcf7-validates-as-required wpcf7-text wpcf7-validates-as-email\" aria-required=\"true\" aria-invalid=\"false\" placeholder=\"Emailova adresa*\" value=\"\" type=\"email\" name=\"your-email\" \/><\/span>\n\t\t<\/p>\n\t<\/div>\n\t<div class=\"vc_col-sm-6 vc_col-lg-6 vc_col-xs-6\">\n\t\t<p><span class=\"wpcf7-form-control-wrap\" data-name=\"your-company\"><input size=\"40\" maxlength=\"400\" class=\"wpcf7-form-control wpcf7-text\" aria-invalid=\"false\" placeholder=\"Firma\" value=\"\" type=\"text\" name=\"your-company\" \/><\/span>\n\t\t<\/p>\n\t<\/div>\n\t<div class=\"vc_col-sm-6 vc_col-lg-6 vc_col-xs-6\">\n\t\t<p><span class=\"wpcf7-form-control-wrap\" data-name=\"your-country\"><input size=\"40\" maxlength=\"400\" class=\"wpcf7-form-control wpcf7-text\" aria-invalid=\"false\" placeholder=\"\u0160t\u00e1t\" value=\"\" type=\"text\" name=\"your-country\" \/><\/span>\n\t\t<\/p>\n\t<\/div>\n\t<div class=\"vc_col-sm-12 vc_col-lg-12\">\n\t\t<p><span class=\"wpcf7-form-control-wrap\" data-name=\"your-message\"><textarea cols=\"40\" rows=\"10\" maxlength=\"2000\" class=\"wpcf7-form-control wpcf7-textarea\" aria-invalid=\"false\" placeholder=\"Va\u0161a spr\u00e1va*\" name=\"your-message\"><\/textarea><\/span>\n\t\t<\/p>\n\t<\/div>\n\t<div class=\"vc_col-sm-12 vc_col-lg-12\">\n\t\t<p><span class=\"wpcf7-form-control-wrap\" data-name=\"acceptance-396\"><span class=\"wpcf7-form-control wpcf7-acceptance\"><span class=\"wpcf7-list-item\"><label><input type=\"checkbox\" name=\"acceptance-396\" value=\"1\" aria-invalid=\"false\" \/><span class=\"wpcf7-list-item-label\">Odoslan\u00edm tohto formul\u00e1ra potvrdzujete, \u017ee s\u00fahlas\u00edte s ulo\u017een\u00edm a spracovan\u00edm va\u0161ich osobn\u00fdch \u00fadajov inCust, ako je uveden\u00e9 v <a href=\"http:\/\/incust.com\/sk\/privacy-policy\/\" target=\"_blank\">Z\u00e1sad\u00e1ch ochrany osobn\u00fdch \u00fadajov<\/a>.<\/span><\/label><\/span><\/span><\/span>\n\t\t<\/p>\n\t<\/div>\n<\/div>\n<div style=\"text-align:center;\" class=\"vc_col-sm-12 vc_col-lg-12 btn-green\">\n\t<p><input class=\"wpcf7-form-control wpcf7-submit has-spinner\" type=\"submit\" value=\"Posla\u0165\" \/>\n\t<\/p>\n<\/div><input type='hidden' class='wpcf7-pum' value='{\"closepopup\":false,\"closedelay\":0,\"openpopup\":false,\"openpopup_id\":0}' \/>\n<\/form>\n<\/div>\n[vc_empty_space height=&#8220;50px&#8220;][\/vc_column][vc_column width=&#8220;1\/6&#8243;][\/vc_column][\/vc_row]\n<\/div>","protected":false},"excerpt":{"rendered":"<p>[vc_row][vc_column width=&#8220;1\/6&#8243;][\/vc_column][vc_column width=&#8220;2\/3&#8243;][vc_empty_space height=&#8220;10px&#8220;][mk_fancy_title color=&#8220;#2e2e2e&#8220; size=&#8220;36&#8243; font_weight=&#8220;400&#8243; margin_bottom=&#8220;0&#8243; font_family=&#8220;none&#8220; align=&#8220;center&#8220;]Kontaktujte nas[\/mk_fancy_title][vc_empty_space height=&#8220;50px&#8220;][\/vc_column][vc_column width=&#8220;1\/6&#8243;][\/vc_column][\/vc_row][vc_row][vc_column width=&#8220;1\/3&#8243;][vc_raw_html]JTNDaDQlM0VPYmNob2RuJUMzJUE5JTIwb2RkZWxlbmllJTNDJTJGaDQlM0UlMEElM0NkaXYlMjBpZCUzRCUyMmxpdmV6aWxsYS1jaGF0JTIyJTNFJTBBJTNDcCUzRVBvJUM1JUExbGl0ZSUyMG4lQzMlQTFtJTIwZS1tYWlsJTNBJTIwJTNDc3Ryb25nJTNFJTNDYSUyMGhyZWYlM0QlMjJtYWlsdG8lM0FzYWxlcyU0MGluY3VzdC5jb20lMjIlM0VzYWxlcyU0MGluY3VzdC5jb20lM0MlMkZhJTNFJTNDJTJGc3Ryb25nJTNFJTIwJTBBJTNDcCUzRVBvcm96cHIlQzMlQTF2YWp0ZSUyMHNhJTIwcyUyMG5hbWklM0ElMjAlM0NzdHJvbmclM0UlMEElM0NzcGFuJTIwaWQlM0QlMjJsaXZlemlsbGFfdHJhY2tpbmclMjIlMjBzdHlsZSUzRCUyMmRpc3BsYXklM0Fub25lJTIyJTNFJTNDJTJGc3BhbiUzRSUzQ3NjcmlwdCUyMHR5cGUlM0QlMjJ0ZXh0JTJGamF2YXNjcmlwdCUyMiUzRSUwQXZhciUyMHNjcmlwdCUyMCUzRCUyMGRvY3VtZW50LmNyZWF0ZUVsZW1lbnQlMjglMjJzY3JpcHQlMjIlMjklM0JzY3JpcHQuYXN5bmMlM0R0cnVlJTNCc2NyaXB0LnR5cGUlM0QlMjJ0ZXh0JTJGamF2YXNjcmlwdCUyMiUzQnZhciUyMHNyYyUyMCUzRCUyMCUyMmh0dHBzJTNBJTJGJTJGaW5jdXN0LmNvbSUyRmxpdmV6aWxsYSUyRnNlcnZlci5waHAlM0ZhJTNEODk0ZTclMjZycXN0JTNEdHJhY2slMjZvdXRwdXQlM0RqY3JwdCUyNm5zZSUzRCUyMiUyQk1hdGgucmFuZG9tJTI4JTI5JTNCc2V0VGltZW91dCUyOCUyMnNjcmlwdC5zcmMlM0RzcmMlM0Jkb2N1bWVudC5nZXRFbGVtZW50QnlJZCUyOCUyN2xpdmV6aWxsYV90cmFja2luZyUyNyUyOS5hcHBlbmRDaGlsZCUyOHNjcmlwdCUyOSUyMiUyQzElMjklM0IlM0MlMkZzY3JpcHQlM0UlM0Nub3NjcmlwdCUzRSUzQ2ltZyUyMHNyYyUzRCUyMmh0dHBzJTNBJTJGJTJGaW5jdXN0LmNvbSUyRmxpdmV6aWxsYSUyRnNlcnZlci5waHAlM0ZhJTNEODk0ZTclMjZhbXAlM0JycXN0JTNEdHJhY2slMjZhbXAlM0JvdXRwdXQlM0Rub2pjcnB0JTIyJTIwd2lkdGglM0QlMjIwJTIyJTIwaGVpZ2h0JTNEJTIyMCUyMiUyMHN0eWxlJTNEJTIydmlzaWJpbGl0eSUzQWhpZGRlbiUzQiUyMiUyMGFsdCUzRCUyMiUyMiUzRSUzQyUyRm5vc2NyaXB0JTNFJTNDc2NyaXB0JTIwdHlwZSUzRCUyMnRleHQlMkZqYXZhc2NyaXB0JTIyJTIwaWQlM0QlMjJsel90ZXh0bGluayUyMiUyMHNyYyUzRCUyMmh0dHBzJTNBJTJGJTJGaW5jdXN0LmNvbSUyRmxpdmV6aWxsYSUyRmltYWdlLnBocCUzRmElM0Q4YTg4ZCUyNmFtcCUzQnRsJTNEMSUyNmFtcCUzQnNydiUzRGFIUjBjSE02THk5cGJtTjFjM1F1WTI5dEwyeHBkbVY2YVd4c1lTOWphR0YwTG5Cb2NEOWhQV1l4TURVMSUyNmFtcCUzQnRsb250JTNEVEdsMlpTQkRhR0YwJTI2YW1wJTNCdGxvZnQlM0RUR2wyWlNCRGFHRjBJQ2hqZFhKeVpXNTBiSGtnYjJabWJHbHVaU3dnYzI5eWNua3AlMjIlM0UlM0MlMkZzY3JpcHQlM0UlMEElM0MlMkZzdHJvbmclM0UlM0MlMkZwJTNFJTBBJTNDcCUzRXphdm9sJUMzJUExanRlJTIwJTNDc3Ryb25nJTNFJTI4JTJCMSUyOSUyMDgwNC40MDQuOTUzOSUyMCUyOFVTJTI5JTNDYnIlM0UlMEElMjZuYnNwJTNCJTI2bmJzcCUzQiUyNm5ic3AlM0IlMjZuYnNwJTNCJTI2bmJzcCUzQiUyNm5ic3AlM0JhbGVibyUyMCUyQjQ0JTIwJTI4ODAwJTI5JTIwMDYwLTg0MjQlMjAlMjhVSyUyOSUzQyUyRnN0cm9uZyUzRSUwQSUwQSUzQyUyRmRpdiUzRQ==[\/vc_raw_html][\/vc_column][vc_column width=&#8220;1\/3&#8243;][vc_column_text css=&#8220;.vc_custom_1606323306718{margin-bottom: 0px !important;}&#8220;] Technick\u00e1 podpora biznisu Pre Va\u0161e pohodlie pon\u00fakame rozsiahlu Datab\u00e1zu poznatkov a vyhraden\u00fd kan\u00e1l podpory prostredn\u00edctvom Ovl\u00e1dacieho panelu biznisu, kde m\u00f4\u017eete svoje ot\u00e1zky zad\u00e1va\u0165 pomocou poskytnut\u00e9ho formul\u00e1ra.[\/vc_column_text][vc_empty_space height=&#8220;50px&#8220;][\/vc_column][vc_column width=&#8220;1\/3&#8243;][vc_column_text css=&#8220;.vc_custom_1606323329154{margin-bottom: 0px !important;}&#8220;] Technick\u00e1 podpora z\u00e1kazn\u00edkov Pomoc sa poskytuje [&hellip;]<\/p>\n","protected":false},"author":2,"featured_media":0,"parent":0,"menu_order":0,"comment_status":"closed","ping_status":"closed","template":"","meta":{"footnotes":""},"_links":{"self":[{"href":"https:\/\/incust.com\/sk\/wp-json\/wp\/v2\/pages\/6364"}],"collection":[{"href":"https:\/\/incust.com\/sk\/wp-json\/wp\/v2\/pages"}],"about":[{"href":"https:\/\/incust.com\/sk\/wp-json\/wp\/v2\/types\/page"}],"author":[{"embeddable":true,"href":"https:\/\/incust.com\/sk\/wp-json\/wp\/v2\/users\/2"}],"replies":[{"embeddable":true,"href":"https:\/\/incust.com\/sk\/wp-json\/wp\/v2\/comments?post=6364"}],"version-history":[{"count":12,"href":"https:\/\/incust.com\/sk\/wp-json\/wp\/v2\/pages\/6364\/revisions"}],"predecessor-version":[{"id":7817,"href":"https:\/\/incust.com\/sk\/wp-json\/wp\/v2\/pages\/6364\/revisions\/7817"}],"wp:attachment":[{"href":"https:\/\/incust.com\/sk\/wp-json\/wp\/v2\/media?parent=6364"}],"curies":[{"name":"wp","href":"https:\/\/api.w.org\/{rel}","templated":true}]}}