{"id":6180,"date":"2020-03-25T07:01:31","date_gmt":"2020-03-25T12:01:31","guid":{"rendered":"https:\/\/incust.com\/sk\/?page_id=6180"},"modified":"2020-11-22T15:25:08","modified_gmt":"2020-11-22T20:25:08","slug":"fuel-and-energy","status":"publish","type":"page","link":"https:\/\/incust.com\/sk\/modules\/fuel-and-energy\/","title":{"rendered":"Palivo a Energia"},"content":{"rendered":"<div class=\"wpb-content-wrapper\">[vc_section full_width=&#8220;stretch_row&#8220; content_placement=&#8220;middle&#8220; el_class=&#8220;header-page-sm&#8220; css=&#8220;.vc_custom_1590075744148{background-image: url(https:\/\/incust.com\/sk\/wp-content\/uploads\/sites\/7\/2020\/05\/header-1920241.png?id=6446) !important;background-position: center !important;background-repeat: no-repeat !important;background-size: cover !important;}&#8220;][vc_row][vc_column][vc_column_text align=&#8220;center&#8220; css=&#8220;.vc_custom_1606074436356{margin-bottom: 0px !important;}&#8220;]\n<h1 style=\"text-align: center;\">Palivo a Energia<\/h1>\n[\/vc_column_text][\/vc_column][\/vc_row][\/vc_section][vc_section full_width=&#8220;stretch_row&#8220; css=&#8220;.vc_custom_1559199603804{background-color: #f4f8f9 !important;}&#8220;][vc_row][vc_column][vc_column_text css=&#8220;.vc_custom_1606074553001{margin-bottom: 0px !important;}&#8220;]\n<p style=\"text-align: center;\"><span style=\"font-weight: 400;\">inCust Palivo a Energia je modul platformy inCust, ktor\u00fd umo\u017e\u0148uje automatizova\u0165 procesy obsluhovania vozidiel a vodi\u010dov na \u010derpac\u00edch staniciach a nab\u00edjac\u00edch staniciach pre elektromobily, uv\u00e1dzanie digit\u00e1lnych palivov\u00fdch kariet na trh a obsluhovanie firemn\u00fdch z\u00e1kazn\u00edkov na predplatenom alebo sp\u00e4tnom z\u00e1klade.<\/span><\/p>\n[\/vc_column_text][\/vc_column][\/vc_row][\/vc_section][vc_row][vc_column][vc_column_text css=&#8220;.vc_custom_1606074599451{margin-bottom: 0px !important;}&#8220;]\n<h2><\/h2>\n<h2 style=\"text-align: center;\">N\u00e1stroje modulu Palivo a Energia<\/h2>\n[\/vc_column_text][\/vc_column][\/vc_row][vc_section full_width=&#8220;stretch_row&#8220; css=&#8220;.vc_custom_1563524261211{background-position: center !important;background-repeat: no-repeat !important;background-size: contain !important;}&#8220;][vc_row][vc_column][vc_row_inner][vc_column_inner width=&#8220;2\/3&#8243; offset=&#8220;vc_col-lg-8 vc_col-md-8 vc_col-xs-12&#8243;][mk_icon_box icon=&#8220;&#8220; title=&#8220;Mobiln\u00e1 aplik\u00e1cia a chatbot na tankovanie a nab\u00edjanie&#8220; style=&#8220;boxed&#8220; icon_color=&#8220;#01969d&#8220; icon_circle_color=&#8220;&#8220; el_class=&#8220;box-pos&#8220;]<span style=\"font-weight: 400;\">V\u010faka mobilnej aplik\u00e1cii a chatbotu od inCust m\u00f4\u017ee vodi\u010d objedn\u00e1va\u0165 a plati\u0165 za palivo alebo energiu a tankova\u0165 alebo nab\u00edja\u0165 auto bez toho, aby opustil svoje vozidlo. Integr\u00e1cia s pumpou a registra\u010dnou pokladnicou prostredn\u00edctvom cloudu<\/span>[\/mk_icon_box][\/vc_column_inner][vc_column_inner el_class=&#8220;sm-icon&#8220; width=&#8220;1\/3&#8243; offset=&#8220;vc_col-lg-4 vc_col-md-4 vc_col-xs-4&#8243;][vc_single_image image=&#8220;6228&#8243; img_size=&#8220;120&#215;120&#8243;][\/vc_column_inner][\/vc_row_inner][vc_row_inner][vc_column_inner el_class=&#8220;sm-icon&#8220; width=&#8220;1\/3&#8243; offset=&#8220;vc_col-lg-4 vc_col-md-4 vc_col-xs-4&#8243;][vc_single_image image=&#8220;6220&#8243; img_size=&#8220;120&#215;120&#8243; alignment=&#8220;right&#8220;][\/vc_column_inner][vc_column_inner width=&#8220;2\/3&#8243; offset=&#8220;vc_col-lg-8 vc_col-md-8 vc_col-xs-12&#8243;][mk_icon_box icon=&#8220;&#8220; title=&#8220;N\u00e1kup paliva a energie cez Kiosk&#8220; style=&#8220;boxed&#8220; icon_color=&#8220;#01969d&#8220; icon_circle_color=&#8220;&#8220; el_class=&#8220;box-pos&#8220;]Vodi\u010di m\u00f4\u017eu r\u00fdchlej\u0161ie nakupova\u0165 palivo a energiu pomocou aplik\u00e1cie Kiosk na tablete, ktor\u00fd je nain\u0161talovan\u00fd na stanici alebo v bl\u00edzkosti pumpy. To umo\u017e\u0148uje zn\u00ed\u017ei\u0165 tok z\u00e1kazn\u00edkov v pokladni a pom\u00f4c\u0165 pokladn\u00edkom[\/mk_icon_box][\/vc_column_inner][\/vc_row_inner][vc_row_inner][vc_column_inner width=&#8220;2\/3&#8243; offset=&#8220;vc_col-lg-8 vc_col-md-8 vc_col-xs-12&#8243;][mk_icon_box icon=&#8220;&#8220; title=&#8220;Digit\u00e1lne palivov\u00e9 karty&#8220; style=&#8220;boxed&#8220; icon_color=&#8220;#01969d&#8220; icon_circle_color=&#8220;&#8220; el_class=&#8220;box-pos&#8220;]N\u00e1kup a predaj pohonn\u00fdch hm\u00f4t alebo energi\u00ed na predplatenom z\u00e1klade, \u00fa\u010dtovn\u00edctvo a poskytovanie pohonn\u00fdch hm\u00f4t a energie s okam\u017eitou centralizovanou kontrolou. Autoriz\u00e1cia vodi\u010da pomocou telef\u00f3nneho \u010d\u00edsla, QR k\u00f3du, plastovej karty alebo prostredn\u00edctvom mobilnej aplik\u00e1cie[\/mk_icon_box][\/vc_column_inner][vc_column_inner el_class=&#8220;sm-icon&#8220; width=&#8220;1\/3&#8243; offset=&#8220;vc_col-lg-4 vc_col-md-4 vc_col-xs-4&#8243;][vc_single_image image=&#8220;6221&#8243; img_size=&#8220;120&#215;120&#8243;][\/vc_column_inner][\/vc_row_inner][vc_row_inner][vc_column_inner el_class=&#8220;sm-icon&#8220; width=&#8220;1\/3&#8243; offset=&#8220;vc_col-lg-4 vc_col-md-4 vc_col-xs-4&#8243;][vc_single_image image=&#8220;6222&#8243; img_size=&#8220;120&#215;120&#8243; alignment=&#8220;right&#8220;][\/vc_column_inner][vc_column_inner width=&#8220;2\/3&#8243; offset=&#8220;vc_col-lg-8 vc_col-md-8 vc_col-xs-12&#8243;][mk_icon_box icon=&#8220;&#8220; title=&#8220;Korporat\u00edvne palivove karty&#8220; style=&#8220;boxed&#8220; icon_color=&#8220;#01969d&#8220; icon_circle_color=&#8220;&#8220; el_class=&#8220;box-pos&#8220;]Poskytovanie vodi\u010dom pr\u00edstup k palivov\u00e9mu \u00fa\u010dtu s individu\u00e1lnymi limitmi a bez potreby plastov\u00fdch kariet alebo papierov\u00fdch kup\u00f3nov[\/mk_icon_box][\/vc_column_inner][\/vc_row_inner][vc_row_inner][vc_column_inner width=&#8220;2\/3&#8243; offset=&#8220;vc_col-lg-8 vc_col-md-8 vc_col-xs-12&#8243;][mk_icon_box icon=&#8220;&#8220; title=&#8220;Pou\u017eitie bez integr\u00e1cie&#8220; style=&#8220;boxed&#8220; icon_color=&#8220;#01969d&#8220; icon_circle_color=&#8220;&#8220; el_class=&#8220;box-pos&#8220;]Platforma inCust m\u00f4\u017ee fungova\u0165, aj ke\u010f v\u00e1\u0161 dod\u00e1vate\u013e vybavenia alebo softv\u00e9ru pre pokladne neumo\u017e\u0148uje \u017eiadnu integr\u00e1ciu s jeho produktmi[\/mk_icon_box][\/vc_column_inner][vc_column_inner el_class=&#8220;sm-icon&#8220; width=&#8220;1\/3&#8243; offset=&#8220;vc_col-lg-4 vc_col-md-4 vc_col-xs-4&#8243;][vc_single_image image=&#8220;6223&#8243; img_size=&#8220;120&#215;120&#8243;][\/vc_column_inner][\/vc_row_inner][vc_row_inner][vc_column_inner el_class=&#8220;sm-icon&#8220; width=&#8220;1\/3&#8243; offset=&#8220;vc_col-lg-4 vc_col-md-4 vc_col-xs-4&#8243;][vc_single_image image=&#8220;6224&#8243; img_size=&#8220;120&#215;120&#8243; alignment=&#8220;right&#8220;][\/vc_column_inner][vc_column_inner width=&#8220;2\/3&#8243; offset=&#8220;vc_col-lg-8 vc_col-md-8 vc_col-xs-12&#8243;][mk_icon_box icon=&#8220;&#8220; title=&#8220;Softv\u00e9rov\u00e1 s\u00faprava pripraven\u00e1 na pou\u017eitie&#8220; style=&#8220;boxed&#8220; icon_color=&#8220;#01969d&#8220; icon_circle_color=&#8220;&#8220; el_class=&#8220;box-pos&#8220;]Aplik\u00e1cie a moduly pre pokladn\u00edkov, pre mobiln\u00e9 telef\u00f3ny vodi\u010dov, pre samoobslu\u017en\u00fd kiosk, ako aj pre \u00fa\u010dtovn\u00edctvo a anal\u00fdzu oper\u00e1ci\u00ed. Kompletn\u00e9 rie\u0161enie pre siete benz\u00ednov\u00fdch alebo nab\u00edjac\u00edch stan\u00edc[\/mk_icon_box][\/vc_column_inner][\/vc_row_inner][\/vc_column][\/vc_row][vc_row][vc_column][vc_empty_space][\/vc_column][\/vc_row][vc_row][vc_column width=&#8220;1\/4&#8243;][\/vc_column][vc_column width=&#8220;1\/4&#8243;][vc_btn title=&#8220;M\u00e1te z\u00e1ujem? Vysk\u00fa\u0161ajte to zadarmo&#8220; el_class=&#8220;btn-orange&#8220; link=&#8220;url:https%3A%2F%2Fbusiness.incust.com||target:%20_blank|&#8220;][\/vc_column][vc_column width=&#8220;1\/4&#8243;][vc_btn title=&#8220;M\u00e1te ot\u00e1zku? Porozpr\u00e1vajte sa s odbornikom&#8220; el_class=&#8220;btn-green&#8220; link=&#8220;url:https%3A%2F%2Fincust.com%2Fsk%2Fcontacts%2F|target:_blank&#8220;][\/vc_column][vc_column width=&#8220;1\/4&#8243;][\/vc_column][\/vc_row][vc_row][vc_column][vc_empty_space][\/vc_column][\/vc_row][\/vc_section][vc_section full_width=&#8220;stretch_row&#8220; css=&#8220;.vc_custom_1585149355856{background-image: url(https:\/\/incust.com\/sk\/wp-content\/uploads\/sites\/7\/2019\/11\/7.jpg?id=5872) !important;background-position: center !important;background-repeat: no-repeat !important;background-size: cover !important;}&#8220; el_class=&#8220;modul-section&#8220;][vc_row][vc_column][vc_column_text css=&#8220;.vc_custom_1606076579976{margin-bottom: 0px !important;}&#8220;]\n<h2 style=\"text-align: center; color: #ffffff;\">Integruje sa s modulmi<\/h2>\n[\/vc_column_text][\/vc_column][\/vc_row][vc_row equal_columns=&#8220;true&#8220; el_class=&#8220;modul-row-sng&#8220;][vc_column offset=&#8220;vc_col-lg-offset-2 vc_col-lg-8 vc_col-md-offset-2 vc_col-md-8 vc_col-sm-offset-0 vc_col-xs-12&#8243;][vc_row_inner][vc_column_inner el_class=&#8220;modul-sng modul-sng-long&#8220; width=&#8220;1\/4&#8243;][vc_single_image image=&#8220;4933&#8243; img_size=&#8220;full&#8220; alignment=&#8220;center&#8220; onclick=&#8220;custom_link&#8220; el_class=&#8220;animated grow duration2 eds-on-hover&#8220; link=&#8220;http:\/\/https:\/\/incust.com\/sk\/modules\/coupons-and-certificates\/&#8220;][vc_column_text css=&#8220;.vc_custom_1606075296465{margin-bottom: 0px !important;}&#8220;]\n<p style=\"text-align: center; color: #ffffff;\"><b>Kup\u00f3ny a Certifik\u00e1ty <\/b><\/p>\n<p style=\"text-align: center; color: #ffffff;\"><span style=\"font-weight: 400;\">(umo\u017e\u0148uje oper\u00e1cie s kup\u00f3nmi a certifik\u00e1tmi)<\/span><\/p>\n[\/vc_column_text][\/vc_column_inner][vc_column_inner el_class=&#8220;modul-sng modul-sng-long&#8220; width=&#8220;1\/4&#8243;][vc_single_image image=&#8220;5248&#8243; img_size=&#8220;full&#8220; alignment=&#8220;center&#8220; onclick=&#8220;custom_link&#8220; el_class=&#8220;animated grow duration2 eds-on-hover&#8220; link=&#8220;https:\/\/incust.com\/sk\/modules\/loyalty-and-rewards\/&#8220;][vc_column_text css=&#8220;.vc_custom_1606075522452{margin-bottom: 0px !important;}&#8220;]\n<p style=\"text-align: center; color: #ffffff;\"><b>Vernos\u0165 a Odmeny<\/b><\/p>\n<p style=\"text-align: center; color: #ffffff;\"><span style=\"font-weight: 400;\">(umo\u017e\u0148uje oper\u00e1cie s odmenami z\u00e1kazn\u00edkov, bonusmi at\u010f.)<\/span><\/p>\n[\/vc_column_text][\/vc_column_inner][vc_column_inner el_class=&#8220;modul-sng modul-sng-long&#8220; width=&#8220;1\/4&#8243;][vc_single_image image=&#8220;3855&#8243; img_size=&#8220;full&#8220; alignment=&#8220;center&#8220; onclick=&#8220;custom_link&#8220; el_class=&#8220;animated grow duration2 eds-on-hover&#8220; link=&#8220;http:\/\/https:\/\/incust.com\/sk\/modules\/coupons-and-certificates\/&#8220;][vc_column_text css=&#8220;.vc_custom_1606075604401{margin-bottom: 0px !important;}&#8220;]\n<p style=\"text-align: center; color: #ffffff;\"><span style=\"font-weight: 400;\"><b>Poklad\u0148a (POS)<\/b><\/span><\/p>\n<p style=\"text-align: center; color: #ffffff;\"><span style=\"font-weight: 400;\">(pre predajn\u00e9 transakcie)<\/span><\/p>\n[\/vc_column_text][\/vc_column_inner][vc_column_inner el_class=&#8220;modul-sng modul-sng-long&#8220; width=&#8220;1\/4&#8243;][vc_single_image image=&#8220;4934&#8243; img_size=&#8220;full&#8220; alignment=&#8220;center&#8220; onclick=&#8220;custom_link&#8220; el_class=&#8220;animated grow duration2 eds-on-hover&#8220; link=&#8220;https:\/\/incust.com\/sk\/modules\/loyalty-and-rewards\/&#8220;][vc_column_text css=&#8220;.vc_custom_1585238778568{margin-bottom: 0px !important;}&#8220;]\n<p style=\"text-align: center; color: #ffffff;\"><span style=\"font-weight: 400;\"><b>Informational panel Kiosk<\/b><\/span><\/p>\n<p style=\"text-align: center; color: #ffffff;\"><span style=\"font-weight: 400;\">(for customer self-service)<\/span><\/p>\n[\/vc_column_text][\/vc_column_inner][\/vc_row_inner][vc_btn title=&#8220;Zobrazi\u0165 v\u0161etky moduly&#8220; color=&#8220;white&#8220; align=&#8220;center&#8220; link=&#8220;url:%2Fsk%2Fmodules%2F&#8220;][vc_empty_space][\/vc_column][\/vc_row][\/vc_section][vc_row][vc_column][vc_empty_space height=&#8220;100px&#8220;][vc_column_text css=&#8220;.vc_custom_1606075681333{margin-bottom: 0px !important;}&#8220;]\n<h2 style=\"text-align: center;\">Cie\u013eov\u00e9 priemysly<\/h2>\n[\/vc_column_text][\/vc_column][\/vc_row][vc_row equal_columns=&#8220;true&#8220; el_class=&#8220;ben-three-row&#8220;][vc_column width=&#8220;1\/3&#8243; el_class=&#8220;benefit&#8220;][vc_single_image image=&#8220;4666&#8243; img_size=&#8220;95&#215;90&#8243; alignment=&#8220;center&#8220;][vc_column_text css=&#8220;.vc_custom_1606075711949{margin-bottom: 0px !important;}&#8220;]\n<p style=\"text-align: center; color: #01969d;\">\u010cerpacia stanica<\/p>\n[\/vc_column_text][\/vc_column][vc_column width=&#8220;1\/3&#8243; el_class=&#8220;benefit&#8220;][vc_single_image image=&#8220;4660&#8243; img_size=&#8220;95&#215;90&#8243; alignment=&#8220;center&#8220;][vc_column_text css=&#8220;.vc_custom_1585152409626{margin-bottom: 0px !important;}&#8220;]\n<p style=\"text-align: center; color: #01969d;\"><span style=\"font-weight: 400;\">FMCG<\/span><\/p>\n[\/vc_column_text][\/vc_column][vc_column width=&#8220;1\/3&#8243; el_class=&#8220;benefit&#8220;][vc_single_image image=&#8220;5140&#8243; img_size=&#8220;95&#215;90&#8243; alignment=&#8220;center&#8220;][vc_column_text css=&#8220;.vc_custom_1606075728908{margin-bottom: 0px !important;}&#8220;]\n<p style=\"text-align: center; color: #01969d;\"><span style=\"font-weight: 400;\">Doprava<\/span><\/p>\n[\/vc_column_text][\/vc_column][\/vc_row][vc_row][vc_column][vc_empty_space height=&#8220;50px&#8220;][\/vc_column][\/vc_row][vc_row][vc_column width=&#8220;1\/4&#8243;][\/vc_column][vc_column width=&#8220;1\/4&#8243;][vc_btn title=&#8220;M\u00e1te z\u00e1ujem? Vysk\u00fa\u0161ajte to zadarmo&#8220; el_class=&#8220;btn-orange&#8220; link=&#8220;url:https%3A%2F%2Fbusiness.incust.com||target:%20_blank|&#8220;][\/vc_column][vc_column width=&#8220;1\/4&#8243;][vc_btn title=&#8220;M\u00e1te ot\u00e1zku? Porozpr\u00e1vajte sa s odbornikom&#8220; el_class=&#8220;btn-green&#8220; link=&#8220;url:https%3A%2F%2Fincust.com%2Fsk%2Fcontacts%2F|target:_blank&#8220;][\/vc_column][vc_column width=&#8220;1\/4&#8243;][\/vc_column][\/vc_row][vc_row][vc_column][vc_empty_space height=&#8220;40px&#8220;][\/vc_column][\/vc_row][vc_section full_width=&#8220;stretch_row&#8220; css=&#8220;.vc_custom_1563789138883{background-image: url(https:\/\/incust.com\/ua\/wp-content\/uploads\/sites\/2\/2019\/07\/belyu-1.png?id=5162) !important;background-position: center !important;background-repeat: no-repeat !important;background-size: cover !important;}&#8220;][vc_row][vc_column][vc_empty_space][vc_column_text css=&#8220;.vc_custom_1606075754939{margin-bottom: 0px !important;}&#8220;]\n<h2 style=\"text-align: center;\">Viac mo\u017enost\u00ed pre v\u00e1\u0161 biznis<\/h2>\n[\/vc_column_text][vc_empty_space][\/vc_column][\/vc_row][vc_row][vc_column width=&#8220;1\/2&#8243;][mk_custom_list icon_color=&#8220;#01969d&#8220;]\n<ul>\n<li><span style=\"font-weight: 400;\">Palivov\u00e9 kup\u00f3ny a certifik\u00e1ty je mo\u017en\u00e9 pon\u00faka\u0165 digit\u00e1lne (SMS, internetov\u00e9 odkazy, e-mail) alebo viaza\u0165 na z\u00e1kazn\u00edka v cloude pomocou telef\u00f3nneho \u010d\u00edsla. Je tie\u017e mo\u017en\u00e1 tla\u010d<\/span><\/li>\n<\/ul>\n[\/mk_custom_list][mk_custom_list icon_color=&#8220;#01969d&#8220;]\n<ul>\n<li><span style=\"font-weight: 400;\">Predplaten\u00fd predaj, predaj na mieste a sp\u00e4tn\u00e1 platba<\/span><\/li>\n<\/ul>\n[\/mk_custom_list][mk_custom_list icon_color=&#8220;#01969d&#8220;]\n<ul>\n<li><span style=\"font-weight: 400;\">Palivov\u00e9 a pe\u0148a\u017en\u00e9 \u00fa\u010dty<\/span><\/li>\n<\/ul>\n[\/mk_custom_list][mk_custom_list icon_color=&#8220;#01969d&#8220;]\n<ul>\n<li><span style=\"font-weight: 400;\">Platba z predplaten\u00e9ho palivov\u00e9ho alebo pe\u0148a\u017en\u00e9ho \u00fa\u010dtu prostredn\u00edctvom mobilnej aplik\u00e1cie<\/span><\/li>\n<\/ul>\n[\/mk_custom_list][mk_custom_list icon_color=&#8220;#01969d&#8220;]\n<ul>\n<li><span style=\"font-weight: 400;\">Platba elektronick\u00fdmi peniazmi<\/span><\/li>\n<\/ul>\n[\/mk_custom_list][mk_custom_list icon_color=&#8220;#01969d&#8220;]\n<ul>\n<li><span style=\"font-weight: 400;\">Internetov\u00fd obchod v mobilnej aplik\u00e1cii pre z\u00e1kazn\u00edkov na predaj s\u00favisiacich produktov a slu\u017eieb<\/span><\/li>\n<\/ul>\n[\/mk_custom_list][mk_custom_list icon_color=&#8220;#01969d&#8220;]\n<ul>\n<li><span style=\"font-weight: 400;\">V\u00fdkonn\u00e9 vernostn\u00e9 programy pre individu\u00e1lnych a firemn\u00fdch z\u00e1kazn\u00edkov<\/span><\/li>\n<\/ul>\n[\/mk_custom_list][\/vc_column][vc_column width=&#8220;1\/2&#8243;][mk_custom_list icon_color=&#8220;#01969d&#8220;]\n<ul>\n<li><span style=\"font-weight: 400;\">Mo\u017enos\u0165 poskytova\u0165 vodi\u010dom osobn\u00e9 odmeny za pou\u017e\u00edvanie ur\u010dit\u00fdch \u010derpac\u00edch a nab\u00edjac\u00edch stan\u00edc a pril\u00e1ka\u0165 ich k pou\u017e\u00edvaniu t\u00fdchto stan\u00edc na ich osobn\u00e9 potreby<\/span><\/li>\n<\/ul>\n[\/mk_custom_list][mk_custom_list icon_color=&#8220;#01969d&#8220;]\n<ul>\n<li><span style=\"font-weight: 400;\">Kontrola po\u010d\u00edtadla kilometrov, ke\u010f vodi\u010di dost\u00e1vaj\u00fa palivo alebo energiu na kontrolu pou\u017e\u00edvania podnikov\u00fdch vozidiel<\/span><\/li>\n<\/ul>\n[\/mk_custom_list][mk_custom_list icon_color=&#8220;#01969d&#8220;]\n<ul>\n<li><span style=\"font-weight: 400;\">Podpora finan\u010dn\u00e9ho z\u00fa\u010dtovania medzi r\u00f4znymi \u010derpac\u00edmi stanicami alebo nab\u00edjac\u00edmi stanicami, \u010do umo\u017e\u0148uje vodi\u010dom z\u00edskava\u0165 palivo a energiu na \u201ecudz\u00edch\u201c staniciach<\/span><\/li>\n<\/ul>\n[\/mk_custom_list][mk_custom_list icon_color=&#8220;#01969d&#8220;]\n<ul>\n<li><span style=\"font-weight: 400;\">Mo\u017enos\u0165 predaja palivov\u00fdch kup\u00f3nov prostredn\u00edctvom mobiln\u00fdch aplik\u00e1ci\u00ed r\u00f4znych palivov\u00fdch a nab\u00edjac\u00edch siet\u00ed<\/span><\/li>\n<\/ul>\n[\/mk_custom_list][mk_custom_list icon_color=&#8220;#01969d&#8220;]\n<ul>\n<li><span style=\"font-weight: 400;\">Mo\u017enos\u0165 doda\u0165 palivo alebo energiu pomocou asistenta pomocou jeho mobiln\u00e9ho telef\u00f3nu<\/span><\/li>\n<\/ul>\n[\/mk_custom_list][mk_custom_list icon_color=&#8220;#01969d&#8220;]\n<ul>\n<li><span style=\"font-weight: 400;\">Okam\u017eit\u00e9 odmeny za n\u00e1kup ur\u010dit\u00e9ho mno\u017estva paliva alebo energie<\/span><\/li>\n<\/ul>\n[\/mk_custom_list][\/vc_column][\/vc_row][vc_row][vc_column][vc_empty_space][\/vc_column][\/vc_row][\/vc_section][vc_section full_width=&#8220;stretch_row&#8220; content_placement=&#8220;middle&#8220; css=&#8220;.vc_custom_1558764790982{background-image: url(\/en\/wp-content\/uploads\/sites\/7\/2019\/05\/logo-ft-32&#215;32.pnglogo-ft-32&#215;32.pngbg-ind-cta.png?id=3676) !important;}&#8220;][vc_row][vc_column width=&#8220;1\/2&#8243; el_class=&#8220;.sng-img&#8220;][vc_single_image image=&#8220;4750&#8243; img_size=&#8220;full&#8220; alignment=&#8220;center&#8220;][\/vc_column][vc_column width=&#8220;1\/2&#8243; el_class=&#8220;.mid-cont&#8220;][vc_column_text css=&#8220;.vc_custom_1606076444799{margin-bottom: 0px !important;}&#8220;]\n<h2>Chcete sa dozvedie\u0165, ako z\u00edska\u0165 maximum z modulu Palivo a Energia<\/h2>\n[\/vc_column_text][vc_row_inner][vc_column_inner el_class=&#8220;.col-nopad&#8220; width=&#8220;1\/3&#8243; offset=&#8220;vc_col-lg-4 vc_col-md-4 vc_col-xs-8&#8243;][vc_btn title=&#8220;Porozpr\u00e1va\u0165 sa z odborn\u00edkom&#8220; el_class=&#8220;btn-wide btn-green&#8220; link=&#8220;url:%2Fsk%2Fcontacts%2F|target:_blank&#8220;][\/vc_column_inner][vc_column_inner width=&#8220;1\/3&#8243;][vc_btn title=&#8220;Vysk\u00fa\u0161a\u0165 to zadarmo&#8220; el_class=&#8220;btn-wide btn-orange&#8220; link=&#8220;url:https%3A%2F%2Fbusiness.incust.com||target:%20_blank|&#8220;][\/vc_column_inner][vc_column_inner width=&#8220;1\/3&#8243; offset=&#8220;vc_col-lg-4 vc_col-md-4 vc_col-xs-4&#8243;][vc_single_image image=&#8220;4719&#8243; img_size=&#8220;40&#215;40&#8243;][\/vc_column_inner][\/vc_row_inner][\/vc_column][\/vc_row][\/vc_section]\n<\/div>","protected":false},"excerpt":{"rendered":"<p>[vc_section full_width=&#8220;stretch_row&#8220; content_placement=&#8220;middle&#8220; el_class=&#8220;header-page-sm&#8220; css=&#8220;.vc_custom_1590075744148{background-image: url(https:\/\/incust.com\/sk\/wp-content\/uploads\/sites\/7\/2020\/05\/header-1920241.png?id=6446) !important;background-position: center !important;background-repeat: no-repeat !important;background-size: cover !important;}&#8220;][vc_row][vc_column][vc_column_text align=&#8220;center&#8220; css=&#8220;.vc_custom_1606074436356{margin-bottom: 0px !important;}&#8220;] Palivo a Energia [\/vc_column_text][\/vc_column][\/vc_row][\/vc_section][vc_section full_width=&#8220;stretch_row&#8220; css=&#8220;.vc_custom_1559199603804{background-color: #f4f8f9 !important;}&#8220;][vc_row][vc_column][vc_column_text css=&#8220;.vc_custom_1606074553001{margin-bottom: 0px !important;}&#8220;] inCust Palivo a Energia je modul platformy inCust, ktor\u00fd umo\u017e\u0148uje automatizova\u0165 procesy obsluhovania vozidiel a vodi\u010dov na \u010derpac\u00edch staniciach a nab\u00edjac\u00edch staniciach pre elektromobily, uv\u00e1dzanie digit\u00e1lnych palivov\u00fdch [&hellip;]<\/p>\n","protected":false},"author":22,"featured_media":0,"parent":3639,"menu_order":0,"comment_status":"closed","ping_status":"closed","template":"","meta":{"footnotes":""},"_links":{"self":[{"href":"https:\/\/incust.com\/sk\/wp-json\/wp\/v2\/pages\/6180"}],"collection":[{"href":"https:\/\/incust.com\/sk\/wp-json\/wp\/v2\/pages"}],"about":[{"href":"https:\/\/incust.com\/sk\/wp-json\/wp\/v2\/types\/page"}],"author":[{"embeddable":true,"href":"https:\/\/incust.com\/sk\/wp-json\/wp\/v2\/users\/22"}],"replies":[{"embeddable":true,"href":"https:\/\/incust.com\/sk\/wp-json\/wp\/v2\/comments?post=6180"}],"version-history":[{"count":26,"href":"https:\/\/incust.com\/sk\/wp-json\/wp\/v2\/pages\/6180\/revisions"}],"predecessor-version":[{"id":7770,"href":"https:\/\/incust.com\/sk\/wp-json\/wp\/v2\/pages\/6180\/revisions\/7770"}],"up":[{"embeddable":true,"href":"https:\/\/incust.com\/sk\/wp-json\/wp\/v2\/pages\/3639"}],"wp:attachment":[{"href":"https:\/\/incust.com\/sk\/wp-json\/wp\/v2\/media?parent=6180"}],"curies":[{"name":"wp","href":"https:\/\/api.w.org\/{rel}","templated":true}]}}