{"id":5472,"date":"2019-08-02T03:11:12","date_gmt":"2019-08-02T08:11:12","guid":{"rendered":"https:\/\/incust.com\/sk\/?page_id=5472"},"modified":"2021-01-03T08:48:14","modified_gmt":"2021-01-03T13:48:14","slug":"start","status":"publish","type":"page","link":"https:\/\/incust.com\/sk\/start\/","title":{"rendered":"\u0160tart"},"content":{"rendered":"<div class=\"wpb-content-wrapper\">[vc_row][vc_column][mk_fancy_title color=&#8220;#000000&#8243; size=&#8220;44&#8243; font_weight=&#8220;400&#8243; margin_bottom=&#8220;0&#8243; font_family=&#8220;none&#8220; align=&#8220;center&#8220;]Pre V\u00e1\u0161 obchod[\/mk_fancy_title][vc_empty_space height=&#8220;80px&#8220;][\/vc_column][\/vc_row][vc_row column_padding=&#8220;3&#8243;][vc_column width=&#8220;1\/3&#8243;][mk_icon_box icon=&#8220;mk-li-rocket&#8220; title=&#8220;Ovl\u00e1dac\u00ed Panel&#8220; text_size=&#8220;24&#8243; read_more_url=&#8220;https:\/\/b.incust.com\/&#8220; style=&#8220;simple_ultimate&#8220; icon_size=&#8220;large&#8220; icon_location=&#8220;top&#8220; icon_color=&#8220;&#8220;][\/mk_icon_box][\/vc_column][vc_column width=&#8220;1\/3&#8243;][mk_icon_box icon=&#8220;mk-icon-folder-open-o&#8220; title=&#8220;Softv\u00e9r&#8220; text_size=&#8220;24&#8243; read_more_url=&#8220;https:\/\/incust.com\/en\/knowledgebase\/documentation\/software-for-business\/&#8220; style=&#8220;simple_ultimate&#8220; icon_size=&#8220;large&#8220; icon_location=&#8220;top&#8220; icon_color=&#8220;&#8220;][\/mk_icon_box][\/vc_column][vc_column width=&#8220;1\/3&#8243;][mk_icon_box icon=&#8220;mk-moon-book&#8220; title=&#8220;Vedomostn\u00e1 Z\u00e1klad\u0148a&#8220; text_size=&#8220;24&#8243; read_more_url=&#8220;\/en\/knowledgebase\/&#8220; style=&#8220;simple_ultimate&#8220; icon_size=&#8220;large&#8220; icon_location=&#8220;top&#8220; icon_color=&#8220;&#8220;][\/mk_icon_box][\/vc_column][\/vc_row][vc_row][vc_column][vc_empty_space height=&#8220;62px&#8220;][\/vc_column][\/vc_row]\n<\/div>","protected":false},"excerpt":{"rendered":"<p>[vc_row][vc_column][mk_fancy_title color=&#8220;#000000&#8243; size=&#8220;44&#8243; font_weight=&#8220;400&#8243; margin_bottom=&#8220;0&#8243; font_family=&#8220;none&#8220; align=&#8220;center&#8220;]Pre V\u00e1\u0161 obchod[\/mk_fancy_title][vc_empty_space height=&#8220;80px&#8220;][\/vc_column][\/vc_row][vc_row column_padding=&#8220;3&#8243;][vc_column width=&#8220;1\/3&#8243;][mk_icon_box icon=&#8220;mk-li-rocket&#8220; title=&#8220;Ovl\u00e1dac\u00ed Panel&#8220; text_size=&#8220;24&#8243; read_more_url=&#8220;https:\/\/b.incust.com\/&#8220; style=&#8220;simple_ultimate&#8220; icon_size=&#8220;large&#8220; icon_location=&#8220;top&#8220; icon_color=&#8220;&#8220;][\/mk_icon_box][\/vc_column][vc_column width=&#8220;1\/3&#8243;][mk_icon_box icon=&#8220;mk-icon-folder-open-o&#8220; title=&#8220;Softv\u00e9r&#8220; text_size=&#8220;24&#8243; read_more_url=&#8220;https:\/\/incust.com\/en\/knowledgebase\/documentation\/software-for-business\/&#8220; style=&#8220;simple_ultimate&#8220; icon_size=&#8220;large&#8220; icon_location=&#8220;top&#8220; icon_color=&#8220;&#8220;][\/mk_icon_box][\/vc_column][vc_column width=&#8220;1\/3&#8243;][mk_icon_box icon=&#8220;mk-moon-book&#8220; title=&#8220;Vedomostn\u00e1 Z\u00e1klad\u0148a&#8220; text_size=&#8220;24&#8243; read_more_url=&#8220;\/en\/knowledgebase\/&#8220; style=&#8220;simple_ultimate&#8220; icon_size=&#8220;large&#8220; icon_location=&#8220;top&#8220; icon_color=&#8220;&#8220;][\/mk_icon_box][\/vc_column][\/vc_row][vc_row][vc_column][vc_empty_space height=&#8220;62px&#8220;][\/vc_column][\/vc_row]<\/p>\n","protected":false},"author":14,"featured_media":0,"parent":0,"menu_order":0,"comment_status":"closed","ping_status":"closed","template":"","meta":{"footnotes":""},"_links":{"self":[{"href":"https:\/\/incust.com\/sk\/wp-json\/wp\/v2\/pages\/5472"}],"collection":[{"href":"https:\/\/incust.com\/sk\/wp-json\/wp\/v2\/pages"}],"about":[{"href":"https:\/\/incust.com\/sk\/wp-json\/wp\/v2\/types\/page"}],"author":[{"embeddable":true,"href":"https:\/\/incust.com\/sk\/wp-json\/wp\/v2\/users\/14"}],"replies":[{"embeddable":true,"href":"https:\/\/incust.com\/sk\/wp-json\/wp\/v2\/comments?post=5472"}],"version-history":[{"count":5,"href":"https:\/\/incust.com\/sk\/wp-json\/wp\/v2\/pages\/5472\/revisions"}],"predecessor-version":[{"id":7841,"href":"https:\/\/incust.com\/sk\/wp-json\/wp\/v2\/pages\/5472\/revisions\/7841"}],"wp:attachment":[{"href":"https:\/\/incust.com\/sk\/wp-json\/wp\/v2\/media?parent=5472"}],"curies":[{"name":"wp","href":"https:\/\/api.w.org\/{rel}","templated":true}]}}