{"id":5272,"date":"2019-07-26T08:27:37","date_gmt":"2019-07-26T13:27:37","guid":{"rendered":"https:\/\/incust.com\/sk\/?page_id=5272"},"modified":"2020-11-22T14:39:47","modified_gmt":"2020-11-22T19:39:47","slug":"platform-base-features","status":"publish","type":"page","link":"https:\/\/incust.com\/sk\/modules\/platform-base-features\/","title":{"rendered":"Z\u00e1kladn\u00e9 vlastnosti platformy"},"content":{"rendered":"<div class=\"wpb-content-wrapper\">[vc_section full_width=&#8220;stretch_row&#8220; content_placement=&#8220;middle&#8220; el_class=&#8220;header-page-sm&#8220; css=&#8220;.vc_custom_1564495395304{background-image: url(https:\/\/incust.com\/sk\/wp-content\/uploads\/sites\/7\/2019\/07\/headers8.png?id=5366) !important;background-position: center !important;background-repeat: no-repeat !important;background-size: cover !important;}&#8220;][vc_row][vc_column][vc_column_text align=&#8220;center&#8220; css=&#8220;.vc_custom_1602153715357{margin-bottom: 0px !important;}&#8220;]\n<h1 style=\"text-align: center;\">Z\u00e1kladn\u00e9 vlastnosti platformy<\/h1>\n[\/vc_column_text][\/vc_column][\/vc_row][\/vc_section][vc_section full_width=&#8220;stretch_row&#8220; css=&#8220;.vc_custom_1559199603804{background-color: #f4f8f9 !important;}&#8220;][vc_row][vc_column][vc_column_text css=&#8220;.vc_custom_1606073389564{margin-bottom: 0px !important;}&#8220;]\n<p style=\"text-align: center;\"><span style=\"font-weight: 400;\">Spolo\u010dn\u00e9 vlastnosti a mo\u017enosti platformy inCust S\u017dCZ<\/span><\/p>\n[\/vc_column_text][\/vc_column][\/vc_row][\/vc_section][vc_row][vc_column][vc_empty_space][vc_column_text css=&#8220;.vc_custom_1602153740354{margin-bottom: 0px !important;}&#8220;]\n<h2 style=\"text-align: center;\">Spolo\u010dn\u00e9 n\u00e1stroje platformy<\/h2>\n[\/vc_column_text][\/vc_column][\/vc_row][vc_section full_width=&#8220;stretch_row&#8220; css=&#8220;.vc_custom_1563524261211{background-position: center !important;background-repeat: no-repeat !important;background-size: contain !important;}&#8220;][vc_row][vc_column][vc_row_inner][vc_column_inner width=&#8220;2\/3&#8243; offset=&#8220;vc_col-lg-8 vc_col-md-8 vc_col-xs-12&#8243;][mk_icon_box icon=&#8220;&#8220; title=&#8220;MOBILN\u00c1 APPLIK\u00c1CIA PRE Z\u00c1KAZN\u00cdKOV&#8220; style=&#8220;boxed&#8220; icon_color=&#8220;#01969d&#8220; icon_circle_color=&#8220;&#8220; el_class=&#8220;box-pos&#8220;]<span style=\"font-weight: 400;\">Spustite\u013en\u00e1 na akomko\u013evek tablete alebo smartf\u00f3ne s \u010derstvou verziou syst\u00e9mu Android alebo iOS<\/span>[\/mk_icon_box][\/vc_column_inner][vc_column_inner el_class=&#8220;sm-icon&#8220; width=&#8220;1\/3&#8243; offset=&#8220;vc_col-lg-4 vc_col-md-4 vc_col-xs-4&#8243;][vc_single_image image=&#8220;5370&#8243; img_size=&#8220;120&#215;120&#8243;][\/vc_column_inner][\/vc_row_inner][vc_row_inner][vc_column_inner el_class=&#8220;sm-icon&#8220; width=&#8220;1\/3&#8243; offset=&#8220;vc_col-lg-4 vc_col-md-4 vc_col-xs-4&#8243;][vc_single_image image=&#8220;5371&#8243; img_size=&#8220;120&#215;120&#8243; alignment=&#8220;right&#8220;][\/vc_column_inner][vc_column_inner width=&#8220;2\/3&#8243; offset=&#8220;vc_col-lg-8 vc_col-md-8 vc_col-xs-12&#8243;][mk_icon_box icon=&#8220;&#8220; title=&#8220;Ovl\u00e1dac\u00ed panel na webe&#8220; style=&#8220;boxed&#8220; icon_color=&#8220;#01969d&#8220; icon_circle_color=&#8220;&#8220; el_class=&#8220;box-pos&#8220;]<span style=\"font-weight: 400;\">Pre z\u00e1kazn\u00edkov s rovnak\u00fdmi funkciami, ak\u00e9 pon\u00faka mobiln\u00e1 aplik\u00e1cia pre z\u00e1kazn\u00edkov<\/span>[\/mk_icon_box][\/vc_column_inner][\/vc_row_inner][vc_row_inner][vc_column_inner width=&#8220;2\/3&#8243; offset=&#8220;vc_col-lg-8 vc_col-md-8 vc_col-xs-12&#8243;][mk_icon_box icon=&#8220;&#8220; title=&#8220;V\u00ddKONN\u00c1 APPLIK\u00c1CIA TERMINAL S R\u00d4ZNYMI PREV\u00c1DZKOV\u00ddMI RE\u017dIMMI&#8220; style=&#8220;boxed&#8220; icon_color=&#8220;#01969d&#8220; icon_circle_color=&#8220;&#8220; el_class=&#8220;box-pos&#8220;]<span style=\"font-weight: 400;\">Umo\u017e\u0148uje pou\u017e\u00edva\u0165 prakticky v\u0161etky funkcie platformy v tablete, smartf\u00f3ne alebo vo webovom preh\u013ead\u00e1va\u010di<\/span>[\/mk_icon_box][\/vc_column_inner][vc_column_inner el_class=&#8220;sm-icon&#8220; width=&#8220;1\/3&#8243; offset=&#8220;vc_col-lg-4 vc_col-md-4 vc_col-xs-4&#8243;][vc_single_image image=&#8220;5375&#8243; img_size=&#8220;120&#215;120&#8243;][\/vc_column_inner][\/vc_row_inner][vc_row_inner][vc_column_inner el_class=&#8220;sm-icon&#8220; width=&#8220;1\/3&#8243; offset=&#8220;vc_col-lg-4 vc_col-md-4 vc_col-xs-4&#8243;][vc_single_image image=&#8220;5374&#8243; img_size=&#8220;120&#215;120&#8243; alignment=&#8220;right&#8220;][\/vc_column_inner][vc_column_inner width=&#8220;2\/3&#8243; offset=&#8220;vc_col-lg-8 vc_col-md-8 vc_col-xs-12&#8243;][mk_icon_box icon=&#8220;&#8220; title=&#8220;WEBOV\u00dd OVL\u00c1DAC\u00cd PANEL PRE BIZNIS&#8220; style=&#8220;boxed&#8220; icon_color=&#8220;#01969d&#8220; icon_circle_color=&#8220;&#8220; el_class=&#8220;box-pos&#8220;]<span style=\"font-weight: 400;\">Umo\u017e\u0148uje spravova\u0165 v\u0161etky aspekty v\u00e1\u0161ho pou\u017e\u00edvania platformy<\/span>[\/mk_icon_box][\/vc_column_inner][\/vc_row_inner][vc_row_inner][vc_column_inner width=&#8220;2\/3&#8243; offset=&#8220;vc_col-lg-8 vc_col-md-8 vc_col-xs-12&#8243;][mk_icon_box icon=&#8220;&#8220; title=&#8220;API DOSTUPN\u00c9 PRE V\u0160ETKOU FUNK\u010cNOS\u0164 PLATFORMY INCUST&#8220; style=&#8220;boxed&#8220; icon_color=&#8220;#01969d&#8220; icon_circle_color=&#8220;&#8220; el_class=&#8220;box-pos&#8220;][\/mk_icon_box][\/vc_column_inner][vc_column_inner el_class=&#8220;sm-icon&#8220; width=&#8220;1\/3&#8243; offset=&#8220;vc_col-lg-4 vc_col-md-4 vc_col-xs-4&#8243;][vc_single_image image=&#8220;5373&#8243; img_size=&#8220;120&#215;120&#8243;][\/vc_column_inner][\/vc_row_inner][vc_row_inner][vc_column_inner el_class=&#8220;sm-icon&#8220; width=&#8220;1\/3&#8243; offset=&#8220;vc_col-lg-4 vc_col-md-4 vc_col-xs-4&#8243;][vc_single_image image=&#8220;5372&#8243; img_size=&#8220;120&#215;120&#8243; alignment=&#8220;right&#8220;][\/vc_column_inner][vc_column_inner width=&#8220;2\/3&#8243; offset=&#8220;vc_col-lg-8 vc_col-md-8 vc_col-xs-12&#8243;][mk_icon_box icon=&#8220;&#8220; title=&#8220;EXPORT NESPRACOVAN\u00ddCH \u00daDAJOV PRE SPRACOVANIE V SOFTV\u00c9RI DOLOVANIA D\u00c1T A BUSINESS INTELLIGENCE (BI)&#8220; style=&#8220;boxed&#8220; icon_color=&#8220;#01969d&#8220; icon_circle_color=&#8220;&#8220; el_class=&#8220;box-pos&#8220;][\/mk_icon_box][\/vc_column_inner][\/vc_row_inner][\/vc_column][\/vc_row][vc_row][vc_column][vc_empty_space height=&#8220;30px&#8220;][\/vc_column][\/vc_row][vc_row][vc_column width=&#8220;1\/4&#8243;][\/vc_column][vc_column width=&#8220;1\/4&#8243;][vc_btn title=&#8220;M\u00e1te z\u00e1ujem? Vysk\u00fa\u0161ajte to zadarmo&#8220; el_class=&#8220;btn-orange&#8220; link=&#8220;url:https%3A%2F%2Fbusiness.incust.com||target:%20_blank|&#8220;][\/vc_column][vc_column width=&#8220;1\/4&#8243;][vc_btn title=&#8220;M\u00e1te ot\u00e1zku? Porozpr\u00e1vajte sa s odborn\u00edkom&#8220; el_class=&#8220;btn-green&#8220; link=&#8220;url:https%3A%2F%2Fincust.com%2Fsk%2Fcontacts%2F|||&#8220;][\/vc_column][vc_column width=&#8220;1\/4&#8243;][\/vc_column][\/vc_row][\/vc_section][vc_row][vc_column][vc_empty_space height=&#8220;30px&#8220;][\/vc_column][\/vc_row][vc_section full_width=&#8220;stretch_row&#8220; css=&#8220;.vc_custom_1563789138883{background-image: url(https:\/\/incust.com\/ua\/wp-content\/uploads\/sites\/2\/2019\/07\/belyu-1.png?id=5162) !important;background-position: center !important;background-repeat: no-repeat !important;background-size: cover !important;}&#8220;][vc_row][vc_column][vc_empty_space][vc_column_text css=&#8220;.vc_custom_1606073569008{margin-bottom: 0px !important;}&#8220;]\n<h2 style=\"text-align: center;\">Viac mo\u017enost\u00ed pre v\u00e1\u0161 biznis<\/h2>\n[\/vc_column_text][vc_empty_space][\/vc_column][\/vc_row][vc_row][vc_column width=&#8220;1\/2&#8243;][mk_custom_list icon_color=&#8220;#01969d&#8220;]\n<ul>\n<li>Autentifik\u00e1cia vracaj\u00facich sa z\u00e1kazn\u00edkov pomocou niektorej z uveden\u00fdch met\u00f3d:<\/li>\n<\/ul>\n<ul>\n<li style=\"list-style-type: none;\">\n<ul>\n<li style=\"font-weight: 400;\">&#8211; pod\u013ea telef\u00f3nneho \u010d\u00edsla<\/li>\n<li style=\"font-weight: 400;\">&#8211; pod\u013ea e-mailu<\/li>\n<li style=\"font-weight: 400;\">&#8211; pomocou zabezpe\u010den\u00e9ho dynamick\u00e9ho QR k\u00f3du<\/li>\n<li style=\"font-weight: 400;\">&#8211; pomocou plastov\u00fdch kariet<\/li>\n<li style=\"font-weight: 400;\">&#8211; pomocou vlastn\u00fdch (extern\u00fdch) identifik\u00e1torov<\/li>\n<li style=\"font-weight: 400;\">&#8211; pomocou NFC (na po\u017eiadanie)<\/li>\n<li style=\"font-weight: 400;\">&#8211; pomocou Bluetooth (na po\u017eiadanie)<\/li>\n<\/ul>\n<\/li>\n<\/ul>\n[\/mk_custom_list][mk_custom_list icon_color=&#8220;#01969d&#8220;]\n<ul>\n<li>V\u0161estrann\u00e9 API (Rozhrania programovania aplik\u00e1ci\u00ed)<\/li>\n<\/ul>\n<ul>\n<li style=\"list-style-type: none;\">\n<ul>\n<li style=\"font-weight: 400;\">&#8211; Z\u00e1kladn\u00e9 API, ktor\u00e9 pokr\u00fdva v\u0161etky aspekty funk\u010dnosti platformy. M\u00f4\u017ee by\u0165 pou\u017eit\u00fd na integr\u00e1ciu platformy inCust s r\u00f4znymi softv\u00e9rom tret\u00edch str\u00e1n, ako s\u00fa POS moduly tret\u00edch str\u00e1n, kiosky, softv\u00e9r elektronick\u00e9ho obchodu a \u010fal\u0161ie.<\/li>\n<li style=\"font-weight: 400;\">&#8211; API pre mobiln\u00e9 aplik\u00e1cie a webov\u00e9 str\u00e1nky. Umo\u017e\u0148uje implementova\u0165 z\u00e1kazn\u00edcky softv\u00e9r pre va\u0161ich z\u00e1kazn\u00edkov alebo integrova\u0165 niektor\u00e9 z jeho funkci\u00ed do va\u0161ich webov\u00fdch str\u00e1nok.<\/li>\n<li style=\"font-weight: 400;\">&#8211; API na riadenie biznisu (k dispoz\u00edcii na po\u017eiadanie). Umo\u017e\u0148uje v\u00e1m implementova\u0165 vlastn\u00fd softv\u00e9r alebo webov\u00e9 str\u00e1nky na spr\u00e1vu v\u00e1\u0161ho biznisu tak, ako sa to rob\u00ed v webovom Ovl\u00e1dacom paneli biznisu<\/li>\n<\/ul>\n<\/li>\n<\/ul>\n[\/mk_custom_list][mk_custom_list icon_color=&#8220;#01969d&#8220;]\n<ul>\n<li>Analytika a\u00a0\u0161tatistika<\/li>\n<\/ul>\n<ul>\n<li style=\"list-style-type: none;\">\n<ul>\n<li style=\"font-weight: 400;\"><em>&#8211; <\/em>Vstavan\u00fd preh\u013ead a denn\u00e9 \u0161tatistiky pre r\u00fdchly poh\u013ead<\/li>\n<li style=\"font-weight: 400;\"><em>&#8211; <\/em>Export nespracovan\u00fdch \u00fadajov<\/li>\n<\/ul>\n<\/li>\n<\/ul>\n[\/mk_custom_list][\/vc_column][vc_column width=&#8220;1\/2&#8243;][mk_custom_list icon_color=&#8220;#01969d&#8220;]\n<ul>\n<li style=\"font-weight: 400;\"><span style=\"font-weight: 400;\">Spustite\u013en\u00e1 na akomko\u013evek tablete alebo smartf\u00f3ne s \u010derstvou verziou syst\u00e9mu Android alebo iOS. Zah\u0155\u0148a nasleduj\u00face funkcie: <\/span><\/li>\n<\/ul>\n<ul>\n<li style=\"list-style-type: none;\">\n<ul>\n<li style=\"font-weight: 400;\"><span style=\"font-weight: 400;\">&#8211; autentifik\u00e1cia v predajn\u00fdch miestach <\/span><\/li>\n<li style=\"font-weight: 400;\"><span style=\"font-weight: 400;\">&#8211; spr\u00e1vy od biznisov<\/span><\/li>\n<li style=\"font-weight: 400;\"><span style=\"font-weight: 400;\">&#8211; inform\u00e1cie o ka\u017edej firme vr\u00e1tane zoznamu obchodov<\/span><\/li>\n<li style=\"font-weight: 400;\"><span style=\"font-weight: 400;\">&#8211; prostriedky na komunik\u00e1ciu s\u00a0biznismi<\/span><\/li>\n<li style=\"font-weight: 400;\"><span style=\"font-weight: 400;\">&#8211; digit\u00e1lna pe\u0148a\u017eenka na prezeranie a spr\u00e1vu v\u0161etk\u00fdch akt\u00edv z\u00e1kazn\u00edka<\/span><\/li>\n<li style=\"font-weight: 400;\"><span style=\"font-weight: 400;\">&#8211; e-obchod<\/span><\/li>\n<li style=\"font-weight: 400;\"><span style=\"font-weight: 400;\">&#8211; hist\u00f3ria transakci\u00ed<\/span><\/li>\n<li style=\"font-weight: 400;\"><span style=\"font-weight: 400;\">&#8211; odpor\u00fa\u010dania<\/span><\/li>\n<li style=\"font-weight: 400;\"><span style=\"font-weight: 400;\">&#8211; Skener QR k\u00f3du na pou\u017eitie kup\u00f3nov a certifik\u00e1tov<\/span><\/li>\n<\/ul>\n<\/li>\n<\/ul>\n[\/mk_custom_list][mk_custom_list icon_color=&#8220;#01969d&#8220;]\n<ul>\n<li>Jednoduch\u00e9 pou\u017eitie pre biznis<\/li>\n<\/ul>\n<ul>\n<li style=\"list-style-type: none;\">\n<ul>\n<li style=\"font-weight: 400;\"><span style=\"font-weight: 400;\">&#8211; Viac zna\u010diek (predajn\u00e9 siete, samostatn\u00e9 sub-podniky) pod jedn\u00fdm biznisov\u00fdm \u00fa\u010dtom<\/span><\/li>\n<li style=\"font-weight: 400;\"><span style=\"font-weight: 400;\">&#8211; Viacer\u00e9 predajn\u00e9 miesta na zna\u010dku. Pop\u00ed\u0161te v\u0161etky svoje predajn\u00e9 miesta vr\u00e1tane ich adries a \u010fal\u0161\u00edch inform\u00e1ci\u00ed<\/span><\/li>\n<li style=\"font-weight: 400;\"><span style=\"font-weight: 400;\">&#8211; Prihlasovanie viacer\u00fdch predajcov (pokladn\u00edk, \u010da\u0161n\u00edk at\u010f.) Na zna\u010dku<\/span><\/li>\n<\/ul>\n<\/li>\n<\/ul>\n[\/mk_custom_list][mk_custom_list icon_color=&#8220;#01969d&#8220;]\n<ul>\n<li>Viackan\u00e1lov\u00e1 komunik\u00e1cia so z\u00e1kazn\u00edkmi<\/li>\n<\/ul>\n[\/mk_custom_list][mk_custom_list icon_color=&#8220;#01969d&#8220;]\n<ul>\n<li>Mo\u017enos\u0165 zvoli\u0165 si vlastn\u00e9ho poskytovate\u013ea slu\u017eieb SMS (k dispoz\u00edcii na po\u017eiadanie)<\/li>\n<\/ul>\n[\/mk_custom_list][\/vc_column][\/vc_row][\/vc_section][vc_row][vc_column][vc_empty_space][\/vc_column][\/vc_row][vc_section full_width=&#8220;stretch_row&#8220; content_placement=&#8220;middle&#8220; css=&#8220;.vc_custom_1558764790982{background-image: url(\/en\/wp-content\/uploads\/sites\/7\/2019\/05\/logo-ft-32&#215;32.pnglogo-ft-32&#215;32.pngbg-ind-cta.png?id=3676) !important;}&#8220;][vc_row][vc_column width=&#8220;1\/2&#8243; el_class=&#8220;.sng-img&#8220;][vc_single_image image=&#8220;4750&#8243; img_size=&#8220;full&#8220; alignment=&#8220;center&#8220;][\/vc_column][vc_column width=&#8220;1\/2&#8243; el_class=&#8220;.mid-cont&#8220;][vc_column_text css=&#8220;.vc_custom_1602154259997{margin-bottom: 0px !important;}&#8220;]\n<h2>Chcete sa nau\u010di\u0165, ako \u010do najlep\u0161ie vyu\u017ei\u0165 platformu inCust?<\/h2>\n[\/vc_column_text][vc_row_inner][vc_column_inner el_class=&#8220;.col-nopad&#8220; width=&#8220;1\/3&#8243; offset=&#8220;vc_col-lg-4 vc_col-md-4 vc_col-xs-8&#8243;][vc_btn title=&#8220;Porozpr\u00e1va\u0165 sa s odborn\u00edkom&#8220; el_class=&#8220;btn-wide btn-green&#8220; link=&#8220;url:%2Fsk%2Fcontacts%2F||target:%20_blank|&#8220;][\/vc_column_inner][vc_column_inner width=&#8220;1\/3&#8243;][vc_btn title=&#8220;Vysk\u00fa\u0161a\u0165 to zadarmo&#8220; el_class=&#8220;btn-wide btn-orange&#8220; link=&#8220;url:https%3A%2F%2Fbusiness.incust.com||target:%20_blank|&#8220;][\/vc_column_inner][vc_column_inner width=&#8220;1\/3&#8243; offset=&#8220;vc_col-lg-4 vc_col-md-4 vc_col-xs-4&#8243;][vc_single_image image=&#8220;4719&#8243; img_size=&#8220;40&#215;40&#8243;][\/vc_column_inner][\/vc_row_inner][\/vc_column][\/vc_row][\/vc_section][vc_section][vc_row][vc_column][vc_empty_space][vc_column_text css=&#8220;.vc_custom_1593689438663{margin-bottom: 0px !important;}&#8220;]\n<div style=\"margin: auto; height: 3px; width: 70%; background: linear-gradient(to right, #f5f6f6 0%,#dbdce2 21%,#b8bac6 50%,#dddfe3 80%,#f5f6f6 100%);\"><\/div>\n[\/vc_column_text][vc_empty_space][\/vc_column][\/vc_row][\/vc_section][vc_section][vc_row][vc_column][vc_column_text css=&#8220;.vc_custom_1606073972340{margin-bottom: 0px !important;}&#8220;]\n<h2 style=\"text-align: center;\">\u010eal\u0161ie Inform\u00e1cie<\/h2>\n[\/vc_column_text][\/vc_column][\/vc_row][vc_row][vc_column width=&#8220;1\/3&#8243;][vc_single_image image=&#8220;6749&#8243; img_size=&#8220;376\u0445211&#8243; onclick=&#8220;custom_link&#8220; link=&#8220;https:\/\/incust.com\/files\/presentations\/clients\/benefits\/inCust_-_Benefits_and_advantages_for_your_business.pdf&#8220; el_class=&#8220;benefit2-img on-before-download-show-popup&#8220;][vc_empty_space height=&#8220;12px&#8220;][vc_column_text el_class=&#8220;on-before-download-show-popup&#8220; css=&#8220;.vc_custom_1593688598135{margin-bottom: 0px !important;}&#8220;]\n<p style=\"text-align: center;\"><a href=\"https:\/\/incust.com\/files\/presentations\/clients\/benefits\/inCust_-_Benefits_and_advantages_for_your_business.pdf\"><span style=\"font-weight: 400;\">Benefits and advantages for your business<\/span><\/a><\/p>\n[\/vc_column_text][\/vc_column][vc_column width=&#8220;1\/3&#8243;][vc_single_image image=&#8220;6830&#8243; img_size=&#8220;376\u0445211&#8243; onclick=&#8220;custom_link&#8220; link=&#8220;https:\/\/incust.com\/files\/presentations\/clients\/clm\/inCust_-_the_unique_CLM_solution.pdf&#8220; el_class=&#8220;benefit2-img on-before-download-show-popup&#8220;][vc_empty_space height=&#8220;12px&#8220;][vc_column_text el_class=&#8220;on-before-download-show-popup&#8220; css=&#8220;.vc_custom_1593688618000{margin-bottom: 0px !important;}&#8220;]\n<p style=\"text-align: center;\"><a href=\"https:\/\/incust.com\/files\/presentations\/clients\/clm\/inCust_-_the_unique_CLM_solution.pdf\"><span style=\"font-weight: 400;\">The unique CLM solution<\/span><\/a><\/p>\n[\/vc_column_text][\/vc_column][vc_column width=&#8220;1\/3&#8243;][vc_single_image image=&#8220;6742&#8243; img_size=&#8220;376\u0445211&#8243; onclick=&#8220;custom_link&#8220; link=&#8220;https:\/\/incust.com\/files\/presentations\/clients\/technical\/inCust_-_Features_and_instruments.pdf&#8220; el_class=&#8220;benefit2-img on-before-download-show-popup&#8220;][vc_empty_space height=&#8220;12px&#8220;][vc_column_text el_class=&#8220;on-before-download-show-popup&#8220; css=&#8220;.vc_custom_1593688684248{margin-bottom: 0px !important;}&#8220;]\n<p style=\"text-align: center;\"><a href=\"https:\/\/incust.com\/files\/presentations\/clients\/technical\/inCust_-_Features_and_instruments.pdf\"><span style=\"font-weight: 400;\">Features and instruments<\/span><\/a><\/p>\n[\/vc_column_text][\/vc_column][\/vc_row][\/vc_section]\n<\/div>","protected":false},"excerpt":{"rendered":"<p>[vc_section full_width=&#8220;stretch_row&#8220; content_placement=&#8220;middle&#8220; el_class=&#8220;header-page-sm&#8220; css=&#8220;.vc_custom_1564495395304{background-image: url(https:\/\/incust.com\/sk\/wp-content\/uploads\/sites\/7\/2019\/07\/headers8.png?id=5366) !important;background-position: center !important;background-repeat: no-repeat !important;background-size: cover !important;}&#8220;][vc_row][vc_column][vc_column_text align=&#8220;center&#8220; css=&#8220;.vc_custom_1602153715357{margin-bottom: 0px !important;}&#8220;] Z\u00e1kladn\u00e9 vlastnosti platformy [\/vc_column_text][\/vc_column][\/vc_row][\/vc_section][vc_section full_width=&#8220;stretch_row&#8220; css=&#8220;.vc_custom_1559199603804{background-color: #f4f8f9 !important;}&#8220;][vc_row][vc_column][vc_column_text css=&#8220;.vc_custom_1606073389564{margin-bottom: 0px !important;}&#8220;] Spolo\u010dn\u00e9 vlastnosti a mo\u017enosti platformy inCust S\u017dCZ [\/vc_column_text][\/vc_column][\/vc_row][\/vc_section][vc_row][vc_column][vc_empty_space][vc_column_text css=&#8220;.vc_custom_1602153740354{margin-bottom: 0px !important;}&#8220;] Spolo\u010dn\u00e9 n\u00e1stroje platformy [\/vc_column_text][\/vc_column][\/vc_row][vc_section full_width=&#8220;stretch_row&#8220; css=&#8220;.vc_custom_1563524261211{background-position: center !important;background-repeat: no-repeat !important;background-size: contain !important;}&#8220;][vc_row][vc_column][vc_row_inner][vc_column_inner width=&#8220;2\/3&#8243; offset=&#8220;vc_col-lg-8 vc_col-md-8 vc_col-xs-12&#8243;][mk_icon_box [&hellip;]<\/p>\n","protected":false},"author":14,"featured_media":0,"parent":3639,"menu_order":0,"comment_status":"closed","ping_status":"closed","template":"","meta":{"footnotes":""},"_links":{"self":[{"href":"https:\/\/incust.com\/sk\/wp-json\/wp\/v2\/pages\/5272"}],"collection":[{"href":"https:\/\/incust.com\/sk\/wp-json\/wp\/v2\/pages"}],"about":[{"href":"https:\/\/incust.com\/sk\/wp-json\/wp\/v2\/types\/page"}],"author":[{"embeddable":true,"href":"https:\/\/incust.com\/sk\/wp-json\/wp\/v2\/users\/14"}],"replies":[{"embeddable":true,"href":"https:\/\/incust.com\/sk\/wp-json\/wp\/v2\/comments?post=5272"}],"version-history":[{"count":23,"href":"https:\/\/incust.com\/sk\/wp-json\/wp\/v2\/pages\/5272\/revisions"}],"predecessor-version":[{"id":7764,"href":"https:\/\/incust.com\/sk\/wp-json\/wp\/v2\/pages\/5272\/revisions\/7764"}],"up":[{"embeddable":true,"href":"https:\/\/incust.com\/sk\/wp-json\/wp\/v2\/pages\/3639"}],"wp:attachment":[{"href":"https:\/\/incust.com\/sk\/wp-json\/wp\/v2\/media?parent=5272"}],"curies":[{"name":"wp","href":"https:\/\/api.w.org\/{rel}","templated":true}]}}