{"id":5270,"date":"2019-07-26T08:26:54","date_gmt":"2019-07-26T13:26:54","guid":{"rendered":"https:\/\/incust.com\/sk\/?page_id=5270"},"modified":"2020-11-22T14:33:19","modified_gmt":"2020-11-22T19:33:19","slug":"customer-database","status":"publish","type":"page","link":"https:\/\/incust.com\/sk\/modules\/customer-database\/","title":{"rendered":"Datab\u00e1za Z\u00e1kazn\u00edkov"},"content":{"rendered":"<div class=\"wpb-content-wrapper\">[vc_section full_width=&#8220;stretch_row&#8220; content_placement=&#8220;middle&#8220; el_class=&#8220;header-page-sm&#8220; css=&#8220;.vc_custom_1564475000677{background-image: url(https:\/\/incust.com\/sk\/wp-content\/uploads\/sites\/7\/2019\/07\/head6.png?id=5343) !important;background-position: center !important;background-repeat: no-repeat !important;background-size: cover !important;}&#8220;][vc_row][vc_column][vc_column_text align=&#8220;center&#8220; css=&#8220;.vc_custom_1602093053586{margin-bottom: 0px !important;}&#8220;]\n<h1 style=\"text-align: center;\">Datab\u00e1za Z\u00e1kazn\u00edkov<\/h1>\n[\/vc_column_text][\/vc_column][\/vc_row][\/vc_section][vc_section full_width=&#8220;stretch_row&#8220; css=&#8220;.vc_custom_1559199603804{background-color: #f4f8f9 !important;}&#8220;][vc_row][vc_column][vc_column_text css=&#8220;.vc_custom_1606073418510{margin-bottom: 0px !important;}&#8220;]\n<p style=\"text-align: center;\"><span style=\"font-weight: 400;\">Jadro platformy S\u017dCZ, datab\u00e1za z\u00e1kazn\u00edkov uchov\u00e1va inform\u00e1cie o va\u0161ich z\u00e1kazn\u00edkoch a ich \u010dinnostiach<\/span><\/p>\n[\/vc_column_text][\/vc_column][\/vc_row][\/vc_section][vc_row][vc_column][vc_column_text css=&#8220;.vc_custom_1602093082300{margin-bottom: 0px !important;}&#8220;]\n<h2><\/h2>\n<h2 style=\"text-align: center;\">N\u00e1stroje modulu Datab\u00e1za Z\u00e1kazn\u00edkov<\/h2>\n[\/vc_column_text][\/vc_column][\/vc_row][vc_section full_width=&#8220;stretch_row&#8220; css=&#8220;.vc_custom_1563524261211{background-position: center !important;background-repeat: no-repeat !important;background-size: contain !important;}&#8220;][vc_row][vc_column][vc_row_inner][vc_column_inner width=&#8220;2\/3&#8243; offset=&#8220;vc_col-lg-8 vc_col-md-8 vc_col-xs-12&#8243;][mk_icon_box icon=&#8220;&#8220; title=&#8220;Ak\u00fdkolvek po\u010det vonkaj\u0161\u00edch identifik\u00e1torov z\u00e1kazn\u00edkov&#8220; style=&#8220;boxed&#8220; icon_color=&#8220;#01969d&#8220; icon_circle_color=&#8220;&#8220; el_class=&#8220;box-pos&#8220;]<span style=\"font-weight: 400;\">Medzi tieto identifik\u00e1tory m\u00f4\u017eu patri\u0165 identifik\u00e1tory soci\u00e1lnych siet\u00ed, \u010d\u00edsla plastov\u00fdch kariet (ak pou\u017e\u00edvate plastov\u00e9 karty), \u010fal\u0161ie telef\u00f3nne \u010d\u00edsla a e-maily a \u010fal\u0161ie<\/span>[\/mk_icon_box][\/vc_column_inner][vc_column_inner el_class=&#8220;sm-icon&#8220; width=&#8220;1\/3&#8243; offset=&#8220;vc_col-lg-4 vc_col-md-4 vc_col-xs-4&#8243;][vc_single_image image=&#8220;4817&#8243; img_size=&#8220;120&#215;120&#8243;][\/vc_column_inner][\/vc_row_inner][vc_row_inner][vc_column_inner el_class=&#8220;sm-icon&#8220; width=&#8220;1\/3&#8243; offset=&#8220;vc_col-lg-4 vc_col-md-4 vc_col-xs-4&#8243;][vc_single_image image=&#8220;4857&#8243; img_size=&#8220;120&#215;120&#8243; alignment=&#8220;right&#8220;][\/vc_column_inner][vc_column_inner width=&#8220;2\/3&#8243; offset=&#8220;vc_col-lg-8 vc_col-md-8 vc_col-xs-12&#8243;][mk_icon_box icon=&#8220;&#8220; title=&#8220;Z\u00e1kladn\u00e9 inform\u00e1cie o z\u00e1kazn\u00edkoch (meno, telef\u00f3nne \u010d\u00edslo, e-mail)&#8220; style=&#8220;boxed&#8220; icon_color=&#8220;#01969d&#8220; icon_circle_color=&#8220;&#8220; el_class=&#8220;box-pos&#8220;]<span style=\"font-weight: 400;\">Pou\u017e\u00edva sa ako na identifik\u00e1ciu z\u00e1kazn\u00edka, tak aj na komunik\u00e1ciu so z\u00e1kazn\u00edkom pri marketingov\u00fdch aktivit\u00e1ch<\/span>[\/mk_icon_box][\/vc_column_inner][\/vc_row_inner][vc_row_inner][vc_column_inner width=&#8220;2\/3&#8243; offset=&#8220;vc_col-lg-8 vc_col-md-8 vc_col-xs-12&#8243;][mk_icon_box icon=&#8220;&#8220; title=&#8220;Pou\u017e\u00edvate\u013esk\u00e9 polia definovan\u00e9 ka\u017ed\u00fdm podnikom&#8220; style=&#8220;boxed&#8220; icon_color=&#8220;#01969d&#8220; icon_circle_color=&#8220;&#8220; el_class=&#8220;box-pos&#8220;]<span style=\"font-weight: 400;\">Tieto polia s\u00fa pre podnikanie s\u00fakromn\u00e9. M\u00f4\u017eu by\u0165 pou\u017eit\u00e9 na lep\u0161ie spoznanie z\u00e1kazn\u00edkov a na marketingov\u00e9 aktivity<\/span>[\/mk_icon_box][\/vc_column_inner][vc_column_inner el_class=&#8220;sm-icon&#8220; width=&#8220;1\/3&#8243; offset=&#8220;vc_col-lg-4 vc_col-md-4 vc_col-xs-4&#8243;][vc_single_image image=&#8220;5399&#8243; img_size=&#8220;120&#215;120&#8243;][\/vc_column_inner][\/vc_row_inner][vc_row_inner][vc_column_inner el_class=&#8220;sm-icon&#8220; width=&#8220;1\/3&#8243; offset=&#8220;vc_col-lg-4 vc_col-md-4 vc_col-xs-4&#8243;][vc_single_image image=&#8220;5407&#8243; img_size=&#8220;120&#215;120&#8243; alignment=&#8220;right&#8220;][\/vc_column_inner][vc_column_inner width=&#8220;2\/3&#8243; offset=&#8220;vc_col-lg-8 vc_col-md-8 vc_col-xs-12&#8243;][mk_icon_box icon=&#8220;&#8220; title=&#8220;Mo\u017enos\u0165 prida\u0165 z\u00e1kazn\u00edkov cez webov\u00e9 rozhranie, pos softv\u00e9r alebo cez API&#8220; style=&#8220;boxed&#8220; icon_color=&#8220;#01969d&#8220; icon_circle_color=&#8220;&#8220; el_class=&#8220;box-pos&#8220;]<span style=\"font-weight: 400;\">Pridajte z\u00e1kazn\u00edkov do svojej z\u00e1kazn\u00edckej datab\u00e1zy bez probl\u00e9mov<\/span>[\/mk_icon_box][\/vc_column_inner][\/vc_row_inner][vc_row_inner][vc_column_inner width=&#8220;2\/3&#8243; offset=&#8220;vc_col-lg-8 vc_col-md-8 vc_col-xs-12&#8243;][mk_icon_box icon=&#8220;&#8220; title=&#8220;BULKOV\u00c9 DOVOZ \u00daDAJOV O Z\u00c1KAZN\u00cdKOCH Z AK\u00c9HOKO\u013dVEK ZDROJE&#8220; style=&#8220;boxed&#8220; icon_color=&#8220;#01969d&#8220; icon_circle_color=&#8220;&#8220; el_class=&#8220;box-pos&#8220;]<span style=\"font-weight: 400;\">Ak u\u017e m\u00e1te z\u00e1kazn\u00edcku datab\u00e1zu zhroma\u017eden\u00fa in\u00fdm sp\u00f4sobom, m\u00f4\u017eete ju jednoducho migrova\u0165 na platformu inCust. V pr\u00edpade potreby je mo\u017en\u00e9 uchova\u0165 star\u00e9 identifik\u00e1tory z\u00e1kazn\u00edkov<\/span>[\/mk_icon_box][\/vc_column_inner][vc_column_inner el_class=&#8220;sm-icon&#8220; width=&#8220;1\/3&#8243; offset=&#8220;vc_col-lg-4 vc_col-md-4 vc_col-xs-4&#8243;][vc_single_image image=&#8220;5030&#8243; img_size=&#8220;120&#215;120&#8243;][\/vc_column_inner][\/vc_row_inner][vc_row_inner][vc_column_inner el_class=&#8220;sm-icon&#8220; width=&#8220;1\/3&#8243; offset=&#8220;vc_col-lg-4 vc_col-md-4 vc_col-xs-4&#8243;][vc_single_image image=&#8220;5432&#8243; img_size=&#8220;120&#215;120&#8243; alignment=&#8220;right&#8220;][\/vc_column_inner][vc_column_inner width=&#8220;2\/3&#8243; offset=&#8220;vc_col-lg-8 vc_col-md-8 vc_col-xs-12&#8243;][mk_icon_box icon=&#8220;&#8220; title=&#8220;GDPR s\u00falad&#8220; style=&#8220;boxed&#8220; icon_color=&#8220;#01969d&#8220; icon_circle_color=&#8220;&#8220; el_class=&#8220;box-pos&#8220;]<span style=\"font-weight: 400;\">Mo\u017enosti opravy, zmrazenia alebo odstr\u00e1nenia u\u017e\u00edvate\u013eskeho z\u00e1znamu, sledovania inform\u00e1ci\u00ed o s\u00fahlase so z\u00e1kazn\u00edkmi umo\u017e\u0148uj\u00fa, aby v\u00e1\u0161 biznis zostal v s\u00falade s pr\u00e1vnymi predpismi t\u00fdkaj\u00facimi sa ochrany \u00fadajov o z\u00e1kazn\u00edkoch v ktorejko\u013evek krajine<\/span>[\/mk_icon_box][\/vc_column_inner][\/vc_row_inner][\/vc_column][\/vc_row][vc_row][vc_column][vc_empty_space][\/vc_column][\/vc_row][vc_row][vc_column width=&#8220;1\/4&#8243;][\/vc_column][vc_column width=&#8220;1\/4&#8243;][vc_btn title=&#8220;M\u00e1te z\u00e1ujem? Vysk\u00fa\u0161ajte to zadarmo&#8220; el_class=&#8220;btn-orange&#8220; link=&#8220;url:https%3A%2F%2Fbusiness.incust.com||target:%20_blank|&#8220;][\/vc_column][vc_column width=&#8220;1\/4&#8243;][vc_btn title=&#8220;M\u00e1te ot\u00e1zku? Porozpr\u00e1vajte sa s odborn\u00edkom&#8220; el_class=&#8220;btn-green&#8220; link=&#8220;url:https%3A%2F%2Fincust.com%2Fsk%2Fcontacts%2F|||&#8220;][\/vc_column][vc_column width=&#8220;1\/4&#8243;][\/vc_column][\/vc_row][vc_row][vc_column][vc_empty_space][\/vc_column][\/vc_row][\/vc_section][vc_section full_width=&#8220;stretch_row&#8220; css=&#8220;.vc_custom_1563789138883{background-image: url(https:\/\/incust.com\/ua\/wp-content\/uploads\/sites\/2\/2019\/07\/belyu-1.png?id=5162) !important;background-position: center !important;background-repeat: no-repeat !important;background-size: cover !important;}&#8220;][vc_row][vc_column][vc_empty_space][vc_column_text css=&#8220;.vc_custom_1606072581150{margin-bottom: 0px !important;}&#8220;]\n<h2 style=\"text-align: center;\">Viac mo\u017enost\u00ed pre v\u00e1\u0161 biznis<\/h2>\n[\/vc_column_text][vc_empty_space][\/vc_column][\/vc_row][vc_row][vc_column width=&#8220;1\/2&#8243;][mk_custom_list icon_color=&#8220;#01969d&#8220;]\n<ul>\n<li>Spr\u00e1va z\u00e1kazn\u00edckych \u00fa\u010dtov. Z\u00e1kazn\u00edcke \u00fa\u010dty sa pou\u017e\u00edvaj\u00fa na sledovanie predplaten\u00e9ho tovaru a slu\u017eieb, v\u00fdhod, bonusov a bodov odmeny alebo dokonca pe\u0148a\u017en\u00fdch prostriedkov<\/li>\n<\/ul>\n[\/mk_custom_list][mk_custom_list icon_color=&#8220;#01969d&#8220;]\n<ul>\n<li>Prisp\u00f4sobite\u013en\u00e9 ozn\u00e1menia z\u00e1kazn\u00edkov o transakci\u00e1ch prostredn\u00edctvom r\u00f4znych komunika\u010dn\u00fdch kan\u00e1lov<\/li>\n<\/ul>\n[\/mk_custom_list][\/vc_column][vc_column width=&#8220;1\/2&#8243;][mk_custom_list icon_color=&#8220;#01969d&#8220;]\n<ul>\n<li>Sledovanie v\u0161etk\u00fdch transakci\u00ed uskuto\u010d\u0148ovan\u00fdch ka\u017ed\u00fdm z\u00e1kazn\u00edkom<\/li>\n<\/ul>\n[\/mk_custom_list][mk_custom_list icon_color=&#8220;#01969d&#8220;]\n<ul>\n<li>Mo\u017enos\u0165 odfiltrova\u0165 z\u00e1kazn\u00edkov a vytvori\u0165 vlastn\u00e9 skupiny z\u00e1kazn\u00edkov. Filtrovanie je u\u017eito\u010dn\u00e9 pri anal\u00fdze a marketingov\u00fdch \u010dinnostiach<\/li>\n<\/ul>\n[\/mk_custom_list][\/vc_column][\/vc_row][vc_row][vc_column][vc_empty_space height=&#8220;50px&#8220;][\/vc_column][\/vc_row][\/vc_section][vc_section full_width=&#8220;stretch_row&#8220; content_placement=&#8220;middle&#8220; css=&#8220;.vc_custom_1558764790982{background-image: url(\/en\/wp-content\/uploads\/sites\/7\/2019\/05\/logo-ft-32&#215;32.pnglogo-ft-32&#215;32.pngbg-ind-cta.png?id=3676) !important;}&#8220;][vc_row][vc_column width=&#8220;1\/2&#8243; el_class=&#8220;.sng-img&#8220;][vc_single_image image=&#8220;4750&#8243; img_size=&#8220;full&#8220; alignment=&#8220;center&#8220;][\/vc_column][vc_column width=&#8220;1\/2&#8243; el_class=&#8220;.mid-cont&#8220;][vc_column_text css=&#8220;.vc_custom_1602093634202{margin-bottom: 0px !important;}&#8220;]\n<h2>Chcete sa dozvedie\u0165, ako \u010do najlep\u0161ie vyu\u017ei\u0165 modul Datab\u00e1za Z\u00e1kazn\u00edkov?<\/h2>\n[\/vc_column_text][vc_row_inner][vc_column_inner el_class=&#8220;.col-nopad&#8220; width=&#8220;1\/3&#8243; offset=&#8220;vc_col-lg-4 vc_col-md-4 vc_col-xs-8&#8243;][vc_btn title=&#8220;Porozpr\u00e1va\u0165 sa s odborn\u00edkom&#8220; el_class=&#8220;btn-wide btn-green&#8220; link=&#8220;url:%2Fsk%2Fcontacts%2F||target:%20_blank|&#8220;][\/vc_column_inner][vc_column_inner width=&#8220;1\/3&#8243;][vc_btn title=&#8220;Vysk\u00fa\u0161a\u0165 to zadarmo&#8220; el_class=&#8220;btn-wide btn-orange&#8220; link=&#8220;url:%2Fsk%2Fcontacts%2F|title:https%3A%2F%2Fbusiness.incust.com|target:%20_blank|&#8220;][\/vc_column_inner][vc_column_inner width=&#8220;1\/3&#8243; offset=&#8220;vc_col-lg-4 vc_col-md-4 vc_col-xs-4&#8243;][vc_single_image image=&#8220;4719&#8243; img_size=&#8220;40&#215;40&#8243;][\/vc_column_inner][\/vc_row_inner][\/vc_column][\/vc_row][\/vc_section][vc_section][vc_row][vc_column][vc_empty_space][vc_column_text css=&#8220;.vc_custom_1593689438663{margin-bottom: 0px !important;}&#8220;]\n<div style=\"margin: auto; height: 3px; width: 70%; background: linear-gradient(to right, #f5f6f6 0%,#dbdce2 21%,#b8bac6 50%,#dddfe3 80%,#f5f6f6 100%);\"><\/div>\n[\/vc_column_text][vc_empty_space][\/vc_column][\/vc_row][\/vc_section][vc_section][vc_row][vc_column][vc_column_text css=&#8220;.vc_custom_1606072701187{margin-bottom: 0px !important;}&#8220;]\n<h2 style=\"text-align: center;\">\u010eal\u0161ie Inform\u00e1cie<\/h2>\n[\/vc_column_text][\/vc_column][\/vc_row][vc_row][vc_column width=&#8220;1\/3&#8243;][vc_single_image image=&#8220;6749&#8243; img_size=&#8220;376\u0445211&#8243; onclick=&#8220;custom_link&#8220; link=&#8220;https:\/\/incust.com\/files\/presentations\/clients\/benefits\/inCust_-_Benefits_and_advantages_for_your_business.pdf&#8220; el_class=&#8220;benefit2-img on-before-download-show-popup&#8220;][vc_empty_space height=&#8220;12px&#8220;][vc_column_text el_class=&#8220;on-before-download-show-popup&#8220; css=&#8220;.vc_custom_1593688598135{margin-bottom: 0px !important;}&#8220;]\n<p style=\"text-align: center;\"><a href=\"https:\/\/incust.com\/files\/presentations\/clients\/benefits\/inCust_-_Benefits_and_advantages_for_your_business.pdf\"><span style=\"font-weight: 400;\">Benefits and advantages for your business<\/span><\/a><\/p>\n[\/vc_column_text][\/vc_column][vc_column width=&#8220;1\/3&#8243;][vc_single_image image=&#8220;6830&#8243; img_size=&#8220;376\u0445211&#8243; onclick=&#8220;custom_link&#8220; link=&#8220;https:\/\/incust.com\/files\/presentations\/clients\/clm\/inCust_-_the_unique_CLM_solution.pdf&#8220; el_class=&#8220;benefit2-img on-before-download-show-popup&#8220;][vc_empty_space height=&#8220;12px&#8220;][vc_column_text el_class=&#8220;on-before-download-show-popup&#8220; css=&#8220;.vc_custom_1593688618000{margin-bottom: 0px !important;}&#8220;]\n<p style=\"text-align: center;\"><a href=\"https:\/\/incust.com\/files\/presentations\/clients\/clm\/inCust_-_the_unique_CLM_solution.pdf\"><span style=\"font-weight: 400;\">The unique CLM solution<\/span><\/a><\/p>\n[\/vc_column_text][\/vc_column][vc_column width=&#8220;1\/3&#8243;][vc_single_image image=&#8220;6742&#8243; img_size=&#8220;376\u0445211&#8243; onclick=&#8220;custom_link&#8220; link=&#8220;https:\/\/incust.com\/files\/presentations\/clients\/technical\/inCust_-_Features_and_instruments.pdf&#8220; el_class=&#8220;benefit2-img on-before-download-show-popup&#8220;][vc_empty_space height=&#8220;12px&#8220;][vc_column_text el_class=&#8220;on-before-download-show-popup&#8220; css=&#8220;.vc_custom_1593688684248{margin-bottom: 0px !important;}&#8220;]\n<p style=\"text-align: center;\"><a href=\"https:\/\/incust.com\/files\/presentations\/clients\/technical\/inCust_-_Features_and_instruments.pdf\"><span style=\"font-weight: 400;\">Features and instruments<\/span><\/a><\/p>\n[\/vc_column_text][\/vc_column][\/vc_row][\/vc_section]\n<\/div>","protected":false},"excerpt":{"rendered":"<p>[vc_section full_width=&#8220;stretch_row&#8220; content_placement=&#8220;middle&#8220; el_class=&#8220;header-page-sm&#8220; css=&#8220;.vc_custom_1564475000677{background-image: url(https:\/\/incust.com\/sk\/wp-content\/uploads\/sites\/7\/2019\/07\/head6.png?id=5343) !important;background-position: center !important;background-repeat: no-repeat !important;background-size: cover !important;}&#8220;][vc_row][vc_column][vc_column_text align=&#8220;center&#8220; css=&#8220;.vc_custom_1602093053586{margin-bottom: 0px !important;}&#8220;] Datab\u00e1za Z\u00e1kazn\u00edkov [\/vc_column_text][\/vc_column][\/vc_row][\/vc_section][vc_section full_width=&#8220;stretch_row&#8220; css=&#8220;.vc_custom_1559199603804{background-color: #f4f8f9 !important;}&#8220;][vc_row][vc_column][vc_column_text css=&#8220;.vc_custom_1606073418510{margin-bottom: 0px !important;}&#8220;] Jadro platformy S\u017dCZ, datab\u00e1za z\u00e1kazn\u00edkov uchov\u00e1va inform\u00e1cie o va\u0161ich z\u00e1kazn\u00edkoch a ich \u010dinnostiach [\/vc_column_text][\/vc_column][\/vc_row][\/vc_section][vc_row][vc_column][vc_column_text css=&#8220;.vc_custom_1602093082300{margin-bottom: 0px !important;}&#8220;] N\u00e1stroje modulu Datab\u00e1za Z\u00e1kazn\u00edkov [\/vc_column_text][\/vc_column][\/vc_row][vc_section full_width=&#8220;stretch_row&#8220; css=&#8220;.vc_custom_1563524261211{background-position: center !important;background-repeat: no-repeat !important;background-size: [&hellip;]<\/p>\n","protected":false},"author":14,"featured_media":0,"parent":3639,"menu_order":0,"comment_status":"closed","ping_status":"closed","template":"","meta":{"footnotes":""},"_links":{"self":[{"href":"https:\/\/incust.com\/sk\/wp-json\/wp\/v2\/pages\/5270"}],"collection":[{"href":"https:\/\/incust.com\/sk\/wp-json\/wp\/v2\/pages"}],"about":[{"href":"https:\/\/incust.com\/sk\/wp-json\/wp\/v2\/types\/page"}],"author":[{"embeddable":true,"href":"https:\/\/incust.com\/sk\/wp-json\/wp\/v2\/users\/14"}],"replies":[{"embeddable":true,"href":"https:\/\/incust.com\/sk\/wp-json\/wp\/v2\/comments?post=5270"}],"version-history":[{"count":29,"href":"https:\/\/incust.com\/sk\/wp-json\/wp\/v2\/pages\/5270\/revisions"}],"predecessor-version":[{"id":7763,"href":"https:\/\/incust.com\/sk\/wp-json\/wp\/v2\/pages\/5270\/revisions\/7763"}],"up":[{"embeddable":true,"href":"https:\/\/incust.com\/sk\/wp-json\/wp\/v2\/pages\/3639"}],"wp:attachment":[{"href":"https:\/\/incust.com\/sk\/wp-json\/wp\/v2\/media?parent=5270"}],"curies":[{"name":"wp","href":"https:\/\/api.w.org\/{rel}","templated":true}]}}