{"id":5268,"date":"2019-07-26T08:26:08","date_gmt":"2019-07-26T13:26:08","guid":{"rendered":"https:\/\/incust.com\/sk\/?page_id=5268"},"modified":"2020-11-22T14:14:15","modified_gmt":"2020-11-22T19:14:15","slug":"information-and-communications","status":"publish","type":"page","link":"https:\/\/incust.com\/sk\/modules\/information-and-communications\/","title":{"rendered":"Inform\u00e1cie a Komunik\u00e1cia"},"content":{"rendered":"<div class=\"wpb-content-wrapper\">[vc_section full_width=&#8220;stretch_row&#8220; content_placement=&#8220;middle&#8220; el_class=&#8220;header-page-sm&#8220; css=&#8220;.vc_custom_1564473422882{background-image: url(https:\/\/incust.com\/sk\/wp-content\/uploads\/sites\/7\/2019\/07\/head5-1.png?id=5341) !important;background-position: center !important;background-repeat: no-repeat !important;background-size: cover !important;}&#8220;][vc_row][vc_column][vc_column_text align=&#8220;center&#8220; css=&#8220;.vc_custom_1602148675838{margin-bottom: 0px !important;}&#8220;]\n<h1 style=\"text-align: center;\">Inform\u00e1cie a Komunik\u00e1cia<\/h1>\n[\/vc_column_text][\/vc_column][\/vc_row][\/vc_section][vc_section full_width=&#8220;stretch_row&#8220; css=&#8220;.vc_custom_1559199603804{background-color: #f4f8f9 !important;}&#8220;][vc_row][vc_column][vc_column_text css=&#8220;.vc_custom_1602148688953{margin-bottom: 0px !important;}&#8220;]\n<p style=\"text-align: center;\"><span style=\"font-weight: 400;\">Zosta\u0148te v kontakte so svojimi z\u00e1kazn\u00edkmi. Informujte \u013eud\u00ed o novink\u00e1ch a udalostiach, posielajte individu\u00e1lne alebo skupinov\u00e9 ponuky a z\u00edskajte sp\u00e4tn\u00fa v\u00e4zbu od z\u00e1kazn\u00edkov<\/span><\/p>\n[\/vc_column_text][\/vc_column][\/vc_row][\/vc_section][vc_row][vc_column][vc_column_text css=&#8220;.vc_custom_1602148708815{margin-bottom: 0px !important;}&#8220;]\n<h2><\/h2>\n<h2 style=\"text-align: center;\">N\u00e1stroje modulu Inform\u00e1cia a Komunik\u00e1cia<\/h2>\n[\/vc_column_text][\/vc_column][\/vc_row][vc_section full_width=&#8220;stretch_row&#8220; css=&#8220;.vc_custom_1563524261211{background-position: center !important;background-repeat: no-repeat !important;background-size: contain !important;}&#8220;][vc_row][vc_column][vc_row_inner][vc_column_inner width=&#8220;2\/3&#8243; offset=&#8220;vc_col-lg-8 vc_col-md-8 vc_col-xs-12&#8243;][mk_icon_box icon=&#8220;&#8220; title=&#8220;ZDROJ SPR\u00c1V&#8220; style=&#8220;boxed&#8220; icon_color=&#8220;#01969d&#8220; icon_circle_color=&#8220;&#8220; el_class=&#8220;box-pos&#8220;]K dispoz\u00edcii v mobilnej aplik\u00e1cii pre z\u00e1kazn\u00edkov a v Ovl\u00e1dacom paneli z\u00e1kazn\u00edkov[\/mk_icon_box][\/vc_column_inner][vc_column_inner el_class=&#8220;sm-icon&#8220; width=&#8220;1\/3&#8243; offset=&#8220;vc_col-lg-4 vc_col-md-4 vc_col-xs-4&#8243;][vc_single_image image=&#8220;5424&#8243; img_size=&#8220;120&#215;120&#8243;][\/vc_column_inner][\/vc_row_inner][vc_row_inner][vc_column_inner el_class=&#8220;sm-icon&#8220; width=&#8220;1\/3&#8243; offset=&#8220;vc_col-lg-4 vc_col-md-4 vc_col-xs-4&#8243;][vc_single_image image=&#8220;5425&#8243; img_size=&#8220;120&#215;120&#8243; alignment=&#8220;right&#8220;][\/vc_column_inner][vc_column_inner width=&#8220;2\/3&#8243; offset=&#8220;vc_col-lg-8 vc_col-md-8 vc_col-xs-12&#8243;][mk_icon_box icon=&#8220;&#8220; title=&#8220;ROZDELENIE NOVINIEK, VYHL\u00c1SEN\u00cd ALEBO OSOBITN\u00ddCH PON\u00daK&#8220; style=&#8220;boxed&#8220; icon_color=&#8220;#01969d&#8220; icon_circle_color=&#8220;&#8220; el_class=&#8220;box-pos&#8220;]\n<ul>\n<li>jednotlivo<\/li>\n<li><span style=\"font-weight: 400;\">akejko\u013evek skupine z\u00e1kazn\u00edkov<\/span><\/li>\n<\/ul>\n[\/mk_icon_box][\/vc_column_inner][\/vc_row_inner][vc_row_inner][vc_column_inner width=&#8220;2\/3&#8243; offset=&#8220;vc_col-lg-8 vc_col-md-8 vc_col-xs-12&#8243;][mk_icon_box icon=&#8220;&#8220; title=&#8220;SMART VYU\u017dITIE R\u00d4ZNYCH KAN\u00c1LOV PRE KONT\u00c1KT SO Z\u00c1KAZN\u00cdKMI:&#8220; style=&#8220;boxed&#8220; icon_color=&#8220;#01969d&#8220; icon_circle_color=&#8220;&#8220; el_class=&#8220;box-pos&#8220;]\n<ul>\n<li style=\"list-style-type: none;\">\n<ul>\n<li style=\"font-weight: 400;\"><span style=\"font-weight: 400;\">SMS<\/span><\/li>\n<li>Chatbot<\/li>\n<li style=\"font-weight: 400;\"><span style=\"font-weight: 400;\">E-mail<\/span><\/li>\n<li style=\"font-weight: 400;\"><span style=\"font-weight: 400;\">Push spr\u00e1vy do mobilnej aplik\u00e1cie pre z\u00e1kazn\u00edkov<\/span><\/li>\n<\/ul>\n<\/li>\n<\/ul>\n[\/mk_icon_box][\/vc_column_inner][vc_column_inner el_class=&#8220;sm-icon&#8220; width=&#8220;1\/3&#8243; offset=&#8220;vc_col-lg-4 vc_col-md-4 vc_col-xs-4&#8243;][vc_single_image image=&#8220;4812&#8243; img_size=&#8220;120&#215;120&#8243;][\/vc_column_inner][\/vc_row_inner][vc_row_inner][vc_column_inner el_class=&#8220;sm-icon&#8220; width=&#8220;1\/3&#8243; offset=&#8220;vc_col-lg-4 vc_col-md-4 vc_col-xs-4&#8243;][vc_single_image image=&#8220;5426&#8243; img_size=&#8220;120&#215;120&#8243; alignment=&#8220;right&#8220;][\/vc_column_inner][vc_column_inner width=&#8220;2\/3&#8243; offset=&#8220;vc_col-lg-8 vc_col-md-8 vc_col-xs-12&#8243;][mk_icon_box icon=&#8220;&#8220; title=&#8220;VIACJAZYKOV\u00c9 SPR\u00c1VY&#8220; style=&#8220;boxed&#8220; icon_color=&#8220;#01969d&#8220; icon_circle_color=&#8220;&#8220; el_class=&#8220;box-pos&#8220;]S automatickou identifik\u00e1ciou jazyka z\u00e1kazn\u00edka[\/mk_icon_box][\/vc_column_inner][\/vc_row_inner][vc_row_inner][vc_column_inner width=&#8220;2\/3&#8243; offset=&#8220;vc_col-lg-8 vc_col-md-8 vc_col-xs-12&#8243;][mk_icon_box icon=&#8220;&#8220; title=&#8220;SLEDOVANIE&#8220; style=&#8220;boxed&#8220; icon_color=&#8220;#01969d&#8220; icon_circle_color=&#8220;&#8220; el_class=&#8220;box-pos&#8220;]\n<ul>\n<li style=\"list-style-type: none;\">\n<ul>\n<li style=\"font-weight: 400;\">stavu odoslan\u00fdch spr\u00e1v<\/li>\n<li style=\"font-weight: 400;\">n\u00e1kladov na odoslan\u00e9 spr\u00e1vy<\/li>\n<\/ul>\n<\/li>\n<\/ul>\n[\/mk_icon_box][\/vc_column_inner][vc_column_inner el_class=&#8220;sm-icon&#8220; width=&#8220;1\/3&#8243; offset=&#8220;vc_col-lg-4 vc_col-md-4 vc_col-xs-4&#8243;][vc_single_image image=&#8220;5372&#8243; img_size=&#8220;120&#215;120&#8243;][\/vc_column_inner][\/vc_row_inner][vc_row_inner][vc_column_inner el_class=&#8220;sm-icon&#8220; width=&#8220;1\/3&#8243; offset=&#8220;vc_col-lg-4 vc_col-md-4 vc_col-xs-4&#8243;][vc_single_image image=&#8220;5245&#8243; img_size=&#8220;120&#215;120&#8243; alignment=&#8220;right&#8220;][\/vc_column_inner][vc_column_inner width=&#8220;2\/3&#8243; offset=&#8220;vc_col-lg-8 vc_col-md-8 vc_col-xs-12&#8243;][mk_icon_box icon=&#8220;&#8220; title=&#8220;PL\u00c1NOVAN\u00c1 DISTRIB\u00daCIA INFORM\u00c1CI\u00cd&#8220; style=&#8220;boxed&#8220; icon_color=&#8220;#01969d&#8220; icon_circle_color=&#8220;&#8220; el_class=&#8220;box-pos&#8220;]<span style=\"font-weight: 400;\">Vyberte d\u00e1tum a \u010das, kedy sa m\u00e1 distrib\u00facia uskuto\u010dni\u0165<\/span>[\/mk_icon_box][\/vc_column_inner][\/vc_row_inner][\/vc_column][\/vc_row][vc_row][vc_column][vc_empty_space height=&#8220;30px&#8220;][\/vc_column][\/vc_row][vc_row][vc_column width=&#8220;1\/4&#8243;][\/vc_column][vc_column width=&#8220;1\/4&#8243;][vc_btn title=&#8220;M\u00e1te z\u00e1ujem? Vysk\u00fa\u0161ajte to zadarmo&#8220; el_class=&#8220;btn-orange&#8220; link=&#8220;url:https%3A%2F%2Fbusiness.incust.com||target:%20_blank|&#8220;][\/vc_column][vc_column width=&#8220;1\/4&#8243;][vc_btn title=&#8220;M\u00e1te ot\u00e1zku? Porozpr\u00e1vajte sa s odborn\u00edkom&#8220; el_class=&#8220;btn-green&#8220; link=&#8220;url:https%3A%2F%2Fincust.com%2Fsk%2Fcontacts%2F|||&#8220;][\/vc_column][vc_column width=&#8220;1\/4&#8243;][\/vc_column][\/vc_row][vc_row][vc_column][vc_empty_space height=&#8220;30px&#8220;][\/vc_column][\/vc_row][\/vc_section][vc_section full_width=&#8220;stretch_row&#8220; css=&#8220;.vc_custom_1563787458711{background-image: url(https:\/\/incust.com\/ua\/wp-content\/uploads\/sites\/2\/2019\/07\/7.png?id=4937) !important;background-position: center !important;background-repeat: no-repeat !important;background-size: cover !important;}&#8220; el_class=&#8220;modul-section&#8220;][vc_row][vc_column][vc_column_text css=&#8220;.vc_custom_1602149007593{margin-bottom: 0px !important;}&#8220;]\n<h2 style=\"text-align: center; color: #ffffff;\">Integruje sa s modulmi<\/h2>\n[\/vc_column_text][\/vc_column][\/vc_row][vc_row equal_columns=&#8220;true&#8220; el_class=&#8220;modul-row-sng&#8220;][vc_column width=&#8220;2\/3&#8243; offset=&#8220;vc_col-lg-offset-2 vc_col-lg-8 vc_col-md-offset-2 vc_col-md-8 vc_col-sm-offset-0 vc_col-xs-12&#8243;][vc_row_inner column_padding=&#8220;2&#8243;][vc_column_inner el_class=&#8220;modul-sng modul-sng-long&#8220; width=&#8220;1\/4&#8243; offset=&#8220;vc_col-lg-3 vc_col-md-3 vc_col-xs-6&#8243;][vc_single_image image=&#8220;4873&#8243; img_size=&#8220;full&#8220; alignment=&#8220;center&#8220; onclick=&#8220;custom_link&#8220; link=&#8220;https:\/\/incust.com\/sk\/modules\/e-shop\/&#8220; el_class=&#8220;animated grow duration2 eds-on-hover&#8220;][vc_column_text css=&#8220;.vc_custom_1602149030673{margin-bottom: 0px !important;}&#8220;]\n<p style=\"text-align: center; color: #ffffff;\"><b>E-obchod<\/b><\/p>\n<p style=\"text-align: center; color: #ffffff;\"><span style=\"font-weight: 400;\">(aby zahrn\u00fa\u0165 odkazy na tovar v informa\u010dn\u00fdch spr\u00e1vach)<\/span><\/p>\n[\/vc_column_text][\/vc_column_inner][vc_column_inner el_class=&#8220;modul-sng modul-sng-long&#8220; width=&#8220;1\/4&#8243; offset=&#8220;vc_col-lg-3 vc_col-md-3 vc_col-xs-6&#8243;][vc_single_image image=&#8220;4933&#8243; img_size=&#8220;full&#8220; alignment=&#8220;center&#8220; onclick=&#8220;custom_link&#8220; link=&#8220;http:\/\/https:\/\/incust.com\/sk\/modules\/coupons-and-certificates\/&#8220; el_class=&#8220;animated grow duration2 eds-on-hover&#8220;][vc_column_text css=&#8220;.vc_custom_1602149053790{margin-bottom: 0px !important;}&#8220;]\n<p style=\"text-align: center; color: #ffffff;\"><b>Kup\u00f3ny a Certifik\u00e1ty <\/b><\/p>\n<p style=\"text-align: center; color: #ffffff;\"><span style=\"font-weight: 400;\">(aby zahrn\u00fa\u0165 kup\u00f3ny do informa\u010dn\u00fdch spr\u00e1v)<\/span><\/p>\n[\/vc_column_text][\/vc_column_inner][vc_column_inner el_class=&#8220;modul-sng modul-sng-long&#8220; width=&#8220;1\/4&#8243; offset=&#8220;vc_col-lg-3 vc_col-md-3 vc_col-xs-6&#8243;][vc_single_image image=&#8220;5248&#8243; img_size=&#8220;full&#8220; alignment=&#8220;center&#8220; onclick=&#8220;custom_link&#8220; link=&#8220;https:\/\/incust.com\/sk\/modules\/loyalty-and-rewards\/&#8220; el_class=&#8220;animated grow duration2 eds-on-hover&#8220;][vc_column_text css=&#8220;.vc_custom_1602149075360{margin-bottom: 0px !important;}&#8220;]\n<p style=\"text-align: center; color: #ffffff;\"><b>Informa\u010dn\u00fd panel Kiosk<\/b><\/p>\n<p style=\"text-align: center; color: #ffffff;\"><span style=\"font-weight: 400;\">(aby uk\u00e1za\u0165 z\u00e1kazn\u00edkom novinky, \u0161peci\u00e1lne ponuky a \u010fal\u0161ie inform\u00e1cie a obdr\u017ea\u0165 sp\u00e4tn\u00fa v\u00e4zbu od z\u00e1kazn\u00edkov)<\/span><\/p>\n[\/vc_column_text][\/vc_column_inner][vc_column_inner el_class=&#8220;modul-sng modul-sng-long&#8220; width=&#8220;1\/4&#8243; offset=&#8220;vc_col-lg-offset-0 vc_col-lg-3 vc_col-md-offset-0 vc_col-md-3 vc_col-xs-6&#8243;][vc_single_image image=&#8220;4310&#8243; img_size=&#8220;full&#8220; alignment=&#8220;center&#8220; onclick=&#8220;custom_link&#8220; link=&#8220;https:\/\/incust.com\/sk\/modules\/customer-database\/&#8220; el_class=&#8220;animated grow duration2 eds-on-hover&#8220;][vc_column_text css=&#8220;.vc_custom_1602149097811{margin-bottom: 0px !important;}&#8220;]\n<p style=\"text-align: center; color: #ffffff!important;\"><b>Datab\u00e1za z\u00e1kazn\u00edkov<\/b><\/p>\n<p style=\"text-align: center; color: #ffffff;\"><span style=\"font-weight: 400;\">(aby implementova\u0165 cielen\u00fa komunik\u00e1ciu)<\/span><\/p>\n[\/vc_column_text][\/vc_column_inner][\/vc_row_inner][vc_empty_space][\/vc_column][\/vc_row][\/vc_section][vc_row][vc_column][vc_empty_space height=&#8220;60px&#8220;][vc_column_text css=&#8220;.vc_custom_1602149143640{margin-bottom: 0px !important;}&#8220;]\n<h2 style=\"text-align: center;\">Cie\u013eov\u00e9 priemysly<\/h2>\n[\/vc_column_text][\/vc_column][\/vc_row][vc_row equal_columns=&#8220;true&#8220;][vc_column width=&#8220;1\/4&#8243; el_class=&#8220;benefit&#8220;][vc_single_image image=&#8220;4660&#8243; img_size=&#8220;95&#215;90&#8243; alignment=&#8220;center&#8220;][vc_column_text css=&#8220;.vc_custom_1602149181717{margin-bottom: 0px !important;}&#8220;]\n<p style=\"text-align: center; color: #01969d;\">FMCG<\/p>\n[\/vc_column_text][\/vc_column][vc_column width=&#8220;1\/4&#8243; el_class=&#8220;benefit&#8220;][vc_single_image image=&#8220;4668&#8243; img_size=&#8220;95&#215;90&#8243; alignment=&#8220;center&#8220;][vc_column_text css=&#8220;.vc_custom_1602149172657{margin-bottom: 0px !important;}&#8220;]\n<p style=\"text-align: center; color: #01969d;\"><span style=\"font-weight: 400;\">Telekomunika\u010dn\u00e9 biznisy<\/span><\/p>\n[\/vc_column_text][\/vc_column][vc_column width=&#8220;1\/4&#8243; el_class=&#8220;benefit&#8220;][vc_single_image image=&#8220;4658&#8243; img_size=&#8220;95&#215;90&#8243; alignment=&#8220;center&#8220;][vc_column_text css=&#8220;.vc_custom_1602149192971{margin-bottom: 0px !important;}&#8220;]\n<p style=\"text-align: center; color: #01969d;\"><span style=\"font-weight: 400;\">Biznisy na masovom trhu<\/span><\/p>\n[\/vc_column_text][\/vc_column][vc_column width=&#8220;1\/4&#8243; el_class=&#8220;benefit&#8220;][vc_single_image image=&#8220;4661&#8243; img_size=&#8220;95&#215;90&#8243; alignment=&#8220;center&#8220;][vc_column_text css=&#8220;.vc_custom_1602149205433{margin-bottom: 0px !important;}&#8220;]\n<p style=\"text-align: center; color: #01969d;\"><span style=\"font-weight: 400;\">Banky<\/span><\/p>\n[\/vc_column_text][\/vc_column][\/vc_row][vc_row][vc_column][vc_empty_space height=&#8220;40px&#8220;][\/vc_column][\/vc_row][vc_row][vc_column width=&#8220;1\/4&#8243;][\/vc_column][vc_column width=&#8220;1\/4&#8243;][vc_btn title=&#8220;M\u00e1te z\u00e1ujem? Vysk\u00fa\u0161ajte to zadarmo&#8220; el_class=&#8220;btn-orange&#8220; link=&#8220;url:https%3A%2F%2Fbusiness.incust.com||target:%20_blank|&#8220;][\/vc_column][vc_column width=&#8220;1\/4&#8243;][vc_btn title=&#8220;M\u00e1te ot\u00e1zku? Porozpr\u00e1vajte sa s odborn\u00edkom&#8220; el_class=&#8220;btn-green&#8220; link=&#8220;url:https%3A%2F%2Fincust.com%2Fsk%2Fcontacts%2F|||&#8220;][\/vc_column][vc_column width=&#8220;1\/4&#8243;][\/vc_column][\/vc_row][vc_row][vc_column][vc_empty_space height=&#8220;40px&#8220;][\/vc_column][\/vc_row][vc_section full_width=&#8220;stretch_row&#8220; css=&#8220;.vc_custom_1563789138883{background-image: url(https:\/\/incust.com\/ua\/wp-content\/uploads\/sites\/2\/2019\/07\/belyu-1.png?id=5162) !important;background-position: center !important;background-repeat: no-repeat !important;background-size: cover !important;}&#8220;][vc_row][vc_column][vc_empty_space][vc_column_text css=&#8220;.vc_custom_1606072420787{margin-bottom: 0px !important;}&#8220;]\n<h2 style=\"text-align: center;\">Viac mo\u017enost\u00ed pre v\u00e1\u0161 biznis<\/h2>\n[\/vc_column_text][vc_empty_space][\/vc_column][\/vc_row][vc_row][vc_column width=&#8220;1\/2&#8243;][mk_custom_list icon_color=&#8220;#01969d&#8220;]\n<ul>\n<li><span style=\"font-weight: 400;\">Automatick\u00e9 doru\u010denie spr\u00e1vy, ke\u010f z\u00e1kazn\u00edk dostane nejak\u00fa odmenu<\/span><\/li>\n<\/ul>\n[\/mk_custom_list][mk_custom_list icon_color=&#8220;#01969d&#8220;]\n<ul>\n<li><span style=\"font-weight: 400;\">Distribuovan\u00e9 inform\u00e1cie m\u00f4\u017eu obsahova\u0165 kup\u00f3ny, na ktor\u00e9 je mo\u017en\u00e9 klikn\u00fa\u0165 (ak sa pou\u017e\u00edva modul Kup\u00f3ny a Certifik\u00e1ty)<\/span><\/li>\n<\/ul>\n[\/mk_custom_list][mk_custom_list icon_color=&#8220;#01969d&#8220;]\n<ul>\n<li><span style=\"font-weight: 400;\">Distribuovan\u00e9 inform\u00e1cie m\u00f4\u017eu obsahova\u0165 odkazy na tovar v e-obchode (pri pou\u017eit\u00ed modulu E-obchod)<\/span><\/li>\n<\/ul>\n[\/mk_custom_list][mk_custom_list icon_color=&#8220;#01969d&#8220;]\n<ul>\n<li><span style=\"font-weight: 400;\">Podpora zariaden\u00ed iBeacon na zasielanie cielen\u00fdch inform\u00e1ci\u00ed z\u00e1kazn\u00edkom, ktor\u00ed prech\u00e1dzaj\u00fa va\u0161imi miestami predaja<\/span><\/li>\n<\/ul>\n[\/mk_custom_list][\/vc_column][vc_column width=&#8220;1\/2&#8243;][mk_custom_list icon_color=&#8220;#01969d&#8220;]\n<ul>\n<li><span style=\"font-weight: 400;\">Geograficky zameran\u00e9 \u0161\u00edrenie inform\u00e1ci\u00ed<\/span><\/li>\n<\/ul>\n[\/mk_custom_list][mk_custom_list icon_color=&#8220;#01969d&#8220;]\n<ul>\n<li><span style=\"font-weight: 400;\">Mo\u017enos\u0165 zahrn\u00fa\u0165 prisp\u00f4soben\u00e9 inform\u00e1cie do spr\u00e1v<\/span><\/li>\n<\/ul>\n[\/mk_custom_list][mk_custom_list icon_color=&#8220;#01969d&#8220;]\n<ul>\n<li><span style=\"font-weight: 400;\">Hodnotenie z\u00e1kazn\u00edkov &#8211; op\u00fdtajte sa z\u00e1kazn\u00edkov na va\u0161e slu\u017eby po dokon\u010den\u00ed transakcie s va\u0161im biznisom<\/span><\/li>\n<\/ul>\n[\/mk_custom_list][mk_custom_list icon_color=&#8220;#01969d&#8220;]\n<ul>\n<li><span style=\"font-weight: 400;\">Sp\u00e4tn\u00e1 v\u00e4zba od z\u00e1kazn\u00edkov &#8211; z\u00e1kazn\u00edci v\u00e1m m\u00f4\u017eu posiela\u0165 s\u00fakromn\u00e9 spr\u00e1vy z mobilnej aplik\u00e1cie pre z\u00e1kazn\u00edkov alebo z Ovl\u00e1dacieho panela z\u00e1kazn\u00edkov<\/span><\/li>\n<\/ul>\n[\/mk_custom_list][\/vc_column][\/vc_row][vc_row][vc_column][vc_empty_space][\/vc_column][\/vc_row][\/vc_section][vc_section full_width=&#8220;stretch_row&#8220; content_placement=&#8220;middle&#8220; css=&#8220;.vc_custom_1558764790982{background-image: url(\/en\/wp-content\/uploads\/sites\/7\/2019\/05\/logo-ft-32&#215;32.pnglogo-ft-32&#215;32.pngbg-ind-cta.png?id=3676) !important;}&#8220;][vc_row][vc_column width=&#8220;1\/2&#8243; el_class=&#8220;.sng-img&#8220;][vc_single_image image=&#8220;4750&#8243; img_size=&#8220;full&#8220; alignment=&#8220;center&#8220;][\/vc_column][vc_column width=&#8220;1\/2&#8243; el_class=&#8220;.mid-cont&#8220;][vc_column_text css=&#8220;.vc_custom_1602149382887{margin-bottom: 0px !important;}&#8220;]\n<h2>Chcete sa dozvedie\u0165, ako \u010do najlep\u0161ie vyu\u017ei\u0165 modul Inform\u00e1cia a Komunik\u00e1cia?<\/h2>\n[\/vc_column_text][vc_row_inner][vc_column_inner el_class=&#8220;.col-nopad&#8220; width=&#8220;1\/3&#8243; offset=&#8220;vc_col-lg-4 vc_col-md-4 vc_col-xs-8&#8243;][vc_btn title=&#8220;Porozpr\u00e1va\u0165 sa s odborn\u00edkom&#8220; el_class=&#8220;btn-wide btn-green&#8220; link=&#8220;url:%2Fsk%2Fcontacts%2F||target:%20_blank|&#8220;][\/vc_column_inner][vc_column_inner width=&#8220;1\/3&#8243;][vc_btn title=&#8220;Vysk\u00fa\u0161a\u0165 to zadarmo&#8220; el_class=&#8220;btn-wide btn-orange&#8220; link=&#8220;url:https%3A%2F%2Fbusiness.incust.com||target:%20_blank|&#8220;][\/vc_column_inner][vc_column_inner width=&#8220;1\/3&#8243; offset=&#8220;vc_col-lg-4 vc_col-md-4 vc_col-xs-4&#8243;][vc_single_image image=&#8220;4719&#8243; img_size=&#8220;40&#215;40&#8243;][\/vc_column_inner][\/vc_row_inner][\/vc_column][\/vc_row][\/vc_section][vc_section][vc_row][vc_column][vc_empty_space][vc_column_text css=&#8220;.vc_custom_1593689438663{margin-bottom: 0px !important;}&#8220;]\n<div style=\"margin: auto; height: 3px; width: 70%; background: linear-gradient(to right, #f5f6f6 0%,#dbdce2 21%,#b8bac6 50%,#dddfe3 80%,#f5f6f6 100%);\"><\/div>\n[\/vc_column_text][vc_empty_space][\/vc_column][\/vc_row][\/vc_section][vc_section][vc_row][vc_column][vc_column_text css=&#8220;.vc_custom_1606072440756{margin-bottom: 0px !important;}&#8220;]\n<h2 style=\"text-align: center;\">\u010eal\u0161ie Inform\u00e1cie<\/h2>\n[\/vc_column_text][\/vc_column][\/vc_row][vc_row][vc_column width=&#8220;1\/3&#8243;][vc_single_image image=&#8220;6749&#8243; img_size=&#8220;376\u0445211&#8243; onclick=&#8220;custom_link&#8220; link=&#8220;https:\/\/incust.com\/files\/presentations\/clients\/benefits\/inCust_-_Benefits_and_advantages_for_your_business.pdf&#8220; el_class=&#8220;benefit2-img on-before-download-show-popup&#8220;][vc_empty_space height=&#8220;12px&#8220;][vc_column_text el_class=&#8220;on-before-download-show-popup&#8220; css=&#8220;.vc_custom_1593688598135{margin-bottom: 0px !important;}&#8220;]\n<p style=\"text-align: center;\"><a href=\"https:\/\/incust.com\/files\/presentations\/clients\/benefits\/inCust_-_Benefits_and_advantages_for_your_business.pdf\"><span style=\"font-weight: 400;\">Benefits and advantages for your business<\/span><\/a><\/p>\n[\/vc_column_text][\/vc_column][vc_column width=&#8220;1\/3&#8243;][vc_single_image image=&#8220;6830&#8243; img_size=&#8220;376\u0445211&#8243; onclick=&#8220;custom_link&#8220; link=&#8220;https:\/\/incust.com\/files\/presentations\/clients\/clm\/inCust_-_the_unique_CLM_solution.pdf&#8220; el_class=&#8220;benefit2-img on-before-download-show-popup&#8220;][vc_empty_space height=&#8220;12px&#8220;][vc_column_text el_class=&#8220;on-before-download-show-popup&#8220; css=&#8220;.vc_custom_1593688618000{margin-bottom: 0px !important;}&#8220;]\n<p style=\"text-align: center;\"><a href=\"https:\/\/incust.com\/files\/presentations\/clients\/clm\/inCust_-_the_unique_CLM_solution.pdf\"><span style=\"font-weight: 400;\">The unique CLM solution<\/span><\/a><\/p>\n[\/vc_column_text][\/vc_column][vc_column width=&#8220;1\/3&#8243;][vc_single_image image=&#8220;6742&#8243; img_size=&#8220;376\u0445211&#8243; onclick=&#8220;custom_link&#8220; link=&#8220;https:\/\/incust.com\/files\/presentations\/clients\/technical\/inCust_-_Features_and_instruments.pdf&#8220; el_class=&#8220;benefit2-img on-before-download-show-popup&#8220;][vc_empty_space height=&#8220;12px&#8220;][vc_column_text el_class=&#8220;on-before-download-show-popup&#8220; css=&#8220;.vc_custom_1593688684248{margin-bottom: 0px !important;}&#8220;]\n<p style=\"text-align: center;\"><a href=\"https:\/\/incust.com\/files\/presentations\/clients\/technical\/inCust_-_Features_and_instruments.pdf\"><span style=\"font-weight: 400;\">Features and instruments<\/span><\/a><\/p>\n[\/vc_column_text][\/vc_column][\/vc_row][\/vc_section]\n<\/div>","protected":false},"excerpt":{"rendered":"<p>[vc_section full_width=&#8220;stretch_row&#8220; content_placement=&#8220;middle&#8220; el_class=&#8220;header-page-sm&#8220; css=&#8220;.vc_custom_1564473422882{background-image: url(https:\/\/incust.com\/sk\/wp-content\/uploads\/sites\/7\/2019\/07\/head5-1.png?id=5341) !important;background-position: center !important;background-repeat: no-repeat !important;background-size: cover !important;}&#8220;][vc_row][vc_column][vc_column_text align=&#8220;center&#8220; css=&#8220;.vc_custom_1602148675838{margin-bottom: 0px !important;}&#8220;] Inform\u00e1cie a Komunik\u00e1cia [\/vc_column_text][\/vc_column][\/vc_row][\/vc_section][vc_section full_width=&#8220;stretch_row&#8220; css=&#8220;.vc_custom_1559199603804{background-color: #f4f8f9 !important;}&#8220;][vc_row][vc_column][vc_column_text css=&#8220;.vc_custom_1602148688953{margin-bottom: 0px !important;}&#8220;] Zosta\u0148te v kontakte so svojimi z\u00e1kazn\u00edkmi. Informujte \u013eud\u00ed o novink\u00e1ch a udalostiach, posielajte individu\u00e1lne alebo skupinov\u00e9 ponuky a z\u00edskajte sp\u00e4tn\u00fa v\u00e4zbu od z\u00e1kazn\u00edkov [\/vc_column_text][\/vc_column][\/vc_row][\/vc_section][vc_row][vc_column][vc_column_text css=&#8220;.vc_custom_1602148708815{margin-bottom: 0px !important;}&#8220;] [&hellip;]<\/p>\n","protected":false},"author":14,"featured_media":0,"parent":3639,"menu_order":0,"comment_status":"closed","ping_status":"closed","template":"","meta":{"footnotes":""},"_links":{"self":[{"href":"https:\/\/incust.com\/sk\/wp-json\/wp\/v2\/pages\/5268"}],"collection":[{"href":"https:\/\/incust.com\/sk\/wp-json\/wp\/v2\/pages"}],"about":[{"href":"https:\/\/incust.com\/sk\/wp-json\/wp\/v2\/types\/page"}],"author":[{"embeddable":true,"href":"https:\/\/incust.com\/sk\/wp-json\/wp\/v2\/users\/14"}],"replies":[{"embeddable":true,"href":"https:\/\/incust.com\/sk\/wp-json\/wp\/v2\/comments?post=5268"}],"version-history":[{"count":23,"href":"https:\/\/incust.com\/sk\/wp-json\/wp\/v2\/pages\/5268\/revisions"}],"predecessor-version":[{"id":7758,"href":"https:\/\/incust.com\/sk\/wp-json\/wp\/v2\/pages\/5268\/revisions\/7758"}],"up":[{"embeddable":true,"href":"https:\/\/incust.com\/sk\/wp-json\/wp\/v2\/pages\/3639"}],"wp:attachment":[{"href":"https:\/\/incust.com\/sk\/wp-json\/wp\/v2\/media?parent=5268"}],"curies":[{"name":"wp","href":"https:\/\/api.w.org\/{rel}","templated":true}]}}