{"id":5266,"date":"2019-07-26T08:25:29","date_gmt":"2019-07-26T13:25:29","guid":{"rendered":"https:\/\/incust.com\/sk\/?page_id=5266"},"modified":"2020-11-22T14:10:55","modified_gmt":"2020-11-22T19:10:55","slug":"ticket-manager","status":"publish","type":"page","link":"https:\/\/incust.com\/sk\/modules\/ticket-manager\/","title":{"rendered":"Spr\u00e1vca l\u00edstkov"},"content":{"rendered":"<div class=\"wpb-content-wrapper\">[vc_section full_width=&#8220;stretch_row&#8220; content_placement=&#8220;middle&#8220; el_class=&#8220;header-page-sm&#8220; css=&#8220;.vc_custom_1564558482892{background-image: url(https:\/\/incust.com\/sk\/wp-content\/uploads\/sites\/7\/2019\/07\/headers9.png?id=5381) !important;background-position: center !important;background-repeat: no-repeat !important;background-size: cover !important;}&#8220;][vc_row][vc_column][vc_column_text align=&#8220;center&#8220; css=&#8220;.vc_custom_1602159749137{margin-bottom: 0px !important;}&#8220;]\n<h1 style=\"text-align: center;\">Spr\u00e1vca l\u00edstkov<\/h1>\n[\/vc_column_text][\/vc_column][\/vc_row][\/vc_section][vc_section full_width=&#8220;stretch_row&#8220; css=&#8220;.vc_custom_1559199603804{background-color: #f4f8f9 !important;}&#8220;][vc_row][vc_column][vc_column_text css=&#8220;.vc_custom_1602159767139{margin-bottom: 0px !important;}&#8220;]\n<p style=\"text-align: center;\"><span style=\"font-weight: 400;\">Zjednodu\u0161te predaj a valid\u00e1ciu vstupeniek do m\u00faze\u00ed a v\u00fdstav, z\u00e1bavn\u00fdch podujat\u00ed a slu\u017eieb, dopravy \/ doch\u00e1dzania<\/span><\/p>\n[\/vc_column_text][\/vc_column][\/vc_row][\/vc_section][vc_row][vc_column][vc_column_text css=&#8220;.vc_custom_1602159778555{margin-bottom: 0px !important;}&#8220;]\n<h2><\/h2>\n<h2 style=\"text-align: center;\">N\u00e1stroje modulu Spr\u00e1vca l\u00edstkov<\/h2>\n[\/vc_column_text][\/vc_column][\/vc_row][vc_section full_width=&#8220;stretch_row&#8220; css=&#8220;.vc_custom_1563524261211{background-position: center !important;background-repeat: no-repeat !important;background-size: contain !important;}&#8220;][vc_row][vc_column][vc_row_inner][vc_column_inner width=&#8220;2\/3&#8243; offset=&#8220;vc_col-lg-8 vc_col-md-8 vc_col-xs-12&#8243;][mk_icon_box icon=&#8220;&#8220; title=&#8220;L\u00edstky m\u00f4\u017eu by\u0165&#8220; style=&#8220;boxed&#8220; icon_color=&#8220;#01969d&#8220; icon_circle_color=&#8220;&#8220; el_class=&#8220;box-pos&#8220;]\n<ul>\n<li>M\u00f4\u017eu by\u0165 menovan\u00ed (prepojen\u00ed na konkr\u00e9tneho registrovan\u00e9ho z\u00e1kazn\u00edka)<\/li>\n<li>Anonymn\u00e9<\/li>\n<\/ul>\n[\/mk_icon_box][\/vc_column_inner][vc_column_inner el_class=&#8220;sm-icon&#8220; width=&#8220;1\/3&#8243; offset=&#8220;vc_col-lg-4 vc_col-md-4 vc_col-xs-4&#8243;][vc_single_image image=&#8220;4810&#8243; img_size=&#8220;120&#215;120&#8243;][\/vc_column_inner][\/vc_row_inner][vc_row_inner][vc_column_inner el_class=&#8220;sm-icon&#8220; width=&#8220;1\/3&#8243; offset=&#8220;vc_col-lg-4 vc_col-md-4 vc_col-xs-4&#8243;][vc_single_image image=&#8220;5020&#8243; img_size=&#8220;120&#215;120&#8243; alignment=&#8220;right&#8220;][\/vc_column_inner][vc_column_inner width=&#8220;2\/3&#8243; offset=&#8220;vc_col-lg-8 vc_col-md-8 vc_col-xs-12&#8243;][mk_icon_box icon=&#8220;&#8220; title=&#8220;DISTRIB\u00daCIA A SPRACOVANIE L\u00cdSTKOV&#8220; style=&#8220;boxed&#8220; icon_color=&#8220;#01969d&#8220; icon_circle_color=&#8220;&#8220; el_class=&#8220;box-pos&#8220;]\n<ul>\n<li><span style=\"font-weight: 400;\">Elektronick\u00e1 distrib\u00facia<\/span><\/li>\n<li><span style=\"font-weight: 400;\">Distrib\u00facia v tla\u010di<\/span><\/li>\n<li><span style=\"font-weight: 400;\">Spracovanie l\u00edstkov ako textov\u00fdch k\u00f3dov<\/span><\/li>\n<li><span style=\"font-weight: 400;\">Spracovanie l\u00edstkov ako QR k\u00f3dov<\/span><\/li>\n<\/ul>\n[\/mk_icon_box][\/vc_column_inner][\/vc_row_inner][vc_row_inner][vc_column_inner width=&#8220;2\/3&#8243; offset=&#8220;vc_col-lg-8 vc_col-md-8 vc_col-xs-12&#8243;][mk_icon_box icon=&#8220;&#8220; title=&#8220;L\u00cdSTKY M\u00d3\u017dU BY\u0164 POU\u017dIVAN\u00c9&#8220; style=&#8220;boxed&#8220; icon_color=&#8220;#01969d&#8220; icon_circle_color=&#8220;&#8220; el_class=&#8220;box-pos&#8220;]\n<ul>\n<li>V marketingov\u00fdch aktivit\u00e1ch<\/li>\n<li>Ako pou\u017e\u00edvate\u013esk\u00e9 v\u00fdhody pri riaden\u00ed lojality a odmien<\/li>\n<\/ul>\n[\/mk_icon_box][\/vc_column_inner][vc_column_inner el_class=&#8220;sm-icon&#8220; width=&#8220;1\/3&#8243; offset=&#8220;vc_col-lg-4 vc_col-md-4 vc_col-xs-4&#8243;][vc_single_image image=&#8220;4855&#8243; img_size=&#8220;120&#215;120&#8243;][\/vc_column_inner][\/vc_row_inner][vc_row_inner][vc_column_inner el_class=&#8220;sm-icon&#8220; width=&#8220;1\/3&#8243; offset=&#8220;vc_col-lg-4 vc_col-md-4 vc_col-xs-4&#8243;][vc_single_image image=&#8220;5246&#8243; img_size=&#8220;120&#215;120&#8243; alignment=&#8220;right&#8220;][\/vc_column_inner][vc_column_inner width=&#8220;2\/3&#8243; offset=&#8220;vc_col-lg-8 vc_col-md-8 vc_col-xs-12&#8243;][mk_icon_box icon=&#8220;&#8220; title=&#8220;SPRACOVANIE PLATIEB S MNOH\u00ddMI MO\u017dNOS\u0164AMI PLATBY&#8220; style=&#8220;boxed&#8220; icon_color=&#8220;#01969d&#8220; icon_circle_color=&#8220;&#8220; el_class=&#8220;box-pos&#8220;]Zjednodu\u0161uje predaj vstupeniek[\/mk_icon_box][\/vc_column_inner][\/vc_row_inner][\/vc_column][\/vc_row][vc_row][vc_column][vc_empty_space height=&#8220;30px&#8220;][\/vc_column][\/vc_row][vc_row][vc_column width=&#8220;1\/4&#8243;][\/vc_column][vc_column width=&#8220;1\/4&#8243;][vc_btn title=&#8220;M\u00e1te z\u00e1ujem? Vysk\u00fa\u0161ajte to zadarmo&#8220; el_class=&#8220;btn-orange&#8220; link=&#8220;url:https%3A%2F%2Fbusiness.incust.com||target:%20_blank|&#8220;][\/vc_column][vc_column width=&#8220;1\/4&#8243;][vc_btn title=&#8220;M\u00e1te ot\u00e1zku? Porozpr\u00e1vajte sa s odborn\u00edkom&#8220; el_class=&#8220;btn-green&#8220; link=&#8220;url:https%3A%2F%2Fincust.com%2Fsk%2Fcontacts%2F|||&#8220;][\/vc_column][vc_column width=&#8220;1\/4&#8243;][\/vc_column][\/vc_row][vc_row][vc_column][vc_empty_space height=&#8220;30px&#8220;][\/vc_column][\/vc_row][\/vc_section][vc_section full_width=&#8220;stretch_row&#8220; css=&#8220;.vc_custom_1563787458711{background-image: url(https:\/\/incust.com\/ua\/wp-content\/uploads\/sites\/2\/2019\/07\/7.png?id=4937) !important;background-position: center !important;background-repeat: no-repeat !important;background-size: cover !important;}&#8220; el_class=&#8220;modul-section&#8220;][vc_row][vc_column][vc_column_text css=&#8220;.vc_custom_1602159969950{margin-bottom: 0px !important;}&#8220;]\n<h2 style=\"text-align: center; color: #ffffff;\">Integruje sa s modulmi<\/h2>\n[\/vc_column_text][\/vc_column][\/vc_row][vc_row equal_columns=&#8220;true&#8220; el_class=&#8220;modul-row-sng&#8220;][vc_column width=&#8220;2\/3&#8243; offset=&#8220;vc_col-lg-offset-2 vc_col-lg-8 vc_col-md-offset-2 vc_col-md-8 vc_col-sm-offset-0 vc_col-xs-12&#8243;][vc_row_inner column_padding=&#8220;2&#8243;][vc_column_inner el_class=&#8220;modul-sng modul-sng-long&#8220; width=&#8220;1\/12&#8243; offset=&#8220;vc_col-lg-offset-1\/5 vc_col-lg-1\/5 vc_col-md-offset-1\/5 vc_col-md-1\/5 vc_col-xs-6&#8243;][vc_single_image image=&#8220;4934&#8243; img_size=&#8220;full&#8220; alignment=&#8220;center&#8220; onclick=&#8220;custom_link&#8220; el_class=&#8220;animated grow duration2 eds-on-hover&#8220; link=&#8220;https:\/\/incust.com\/sk\/modules\/information-panel-kiosk\/&#8220;][vc_column_text css=&#8220;.vc_custom_1602159995400{margin-bottom: 0px !important;}&#8220;]\n<p style=\"text-align: center; color: #ffffff;\"><b>Informa\u010dn\u00fd panel Kiosk<\/b><\/p>\n<p style=\"text-align: center; color: #ffffff;\"><span style=\"font-weight: 400;\">(na overenie toto\u017enosti z\u00e1kazn\u00edkov a umo\u017enenie im k\u00fapi\u0165 si l\u00edstky a vykona\u0165 samostatn\u00fa registr\u00e1ciu)<\/span><\/p>\n[\/vc_column_text][\/vc_column_inner][vc_column_inner el_class=&#8220;modul-sng modul-sng-long&#8220; width=&#8220;1\/12&#8243; offset=&#8220;vc_col-lg-1\/5 vc_col-md-1\/5 vc_col-xs-6&#8243;][vc_single_image image=&#8220;5248&#8243; img_size=&#8220;full&#8220; alignment=&#8220;center&#8220; onclick=&#8220;custom_link&#8220; el_class=&#8220;animated grow duration2 eds-on-hover&#8220; link=&#8220;https:\/\/incust.com\/sk\/modules\/loyalty-and-rewards\/&#8220;][vc_column_text css=&#8220;.vc_custom_1602160018264{margin-bottom: 0px !important;}&#8220;]\n<p style=\"text-align: center; color: #ffffff;\"><b>Vernos\u0165 a Odmeny<\/b><\/p>\n<p style=\"text-align: center; color: #ffffff;\"><span style=\"font-weight: 400;\">(umo\u017e\u0148uje oper\u00e1cie s odmenami z\u00e1kazn\u00edkov, bonusmi at\u010f.)<\/span><\/p>\n[\/vc_column_text][\/vc_column_inner][vc_column_inner el_class=&#8220;modul-sng&#8220; width=&#8220;1\/12&#8243; offset=&#8220;vc_col-lg-offset-0 vc_col-lg-1\/5 vc_col-md-offset-0 vc_col-md-1\/5 vc_col-xs-offset-3 vc_col-xs-6&#8243;][vc_single_image image=&#8220;4310&#8243; img_size=&#8220;full&#8220; alignment=&#8220;center&#8220; onclick=&#8220;custom_link&#8220; el_class=&#8220;animated grow duration2 eds-on-hover&#8220; link=&#8220;https:\/\/incust.com\/sk\/modules\/customer-database\/&#8220;][vc_column_text css=&#8220;.vc_custom_1602160037952{margin-bottom: 0px !important;}&#8220;]\n<p style=\"text-align: center; color: #ffffff!important;\"><b>Datab\u00e1za z\u00e1kazn\u00edkov<\/b><\/p>\n<p style=\"text-align: center; color: #ffffff;\"><span style=\"font-weight: 400;\">(umo\u017e\u0148uje pomenovan\u00e9 l\u00edstky)<\/span><\/p>\n[\/vc_column_text][\/vc_column_inner][\/vc_row_inner][vc_btn title=&#8220;Zobrazi\u0165 v\u0161etky moduly&#8220; color=&#8220;white&#8220; align=&#8220;center&#8220; link=&#8220;url:%2Fsk%2Fmodules%2F|||&#8220;][vc_empty_space][\/vc_column][\/vc_row][\/vc_section][vc_row][vc_column][vc_empty_space height=&#8220;60px&#8220;][vc_column_text css=&#8220;.vc_custom_1602160070761{margin-bottom: 0px !important;}&#8220;]\n<h2 style=\"text-align: center;\">Cie\u013eov\u00e9 priemysly<\/h2>\n[\/vc_column_text][\/vc_column][\/vc_row][vc_row equal_columns=&#8220;true&#8220; el_class=&#8220;ben-three-row&#8220;][vc_column width=&#8220;1\/3&#8243; el_class=&#8220;benefit&#8220;][vc_single_image image=&#8220;5138&#8243; img_size=&#8220;95&#215;90&#8243; alignment=&#8220;center&#8220;][vc_column_text css=&#8220;.vc_custom_1602160082739{margin-bottom: 0px !important;}&#8220;]\n<p style=\"text-align: center; color: #01969d;\"><span style=\"font-weight: 400;\">Z\u00e1bava<\/span><\/p>\n[\/vc_column_text][\/vc_column][vc_column width=&#8220;1\/3&#8243; el_class=&#8220;benefit&#8220;][vc_single_image image=&#8220;4667&#8243; img_size=&#8220;95&#215;90&#8243; alignment=&#8220;center&#8220;][vc_column_text css=&#8220;.vc_custom_1602160092265{margin-bottom: 0px !important;}&#8220;]\n<p style=\"text-align: center; color: #01969d;\"><span style=\"font-weight: 400;\">Spr\u00e1va udalost\u00ed<\/span><\/p>\n[\/vc_column_text][\/vc_column][vc_column width=&#8220;1\/3&#8243; el_class=&#8220;benefit&#8220;][vc_single_image image=&#8220;5140&#8243; img_size=&#8220;95&#215;90&#8243; alignment=&#8220;center&#8220;][vc_column_text css=&#8220;.vc_custom_1602160104004{margin-bottom: 0px !important;}&#8220;]\n<p style=\"text-align: center; color: #01969d;\"><span style=\"font-weight: 400;\">Transport<\/span><\/p>\n[\/vc_column_text][\/vc_column][\/vc_row][vc_row][vc_column][vc_empty_space height=&#8220;40px&#8220;][\/vc_column][\/vc_row][vc_row][vc_column width=&#8220;1\/4&#8243;][\/vc_column][vc_column width=&#8220;1\/4&#8243;][vc_btn title=&#8220;M\u00e1te z\u00e1ujem? Vysk\u00fa\u0161ajte to zadarmo&#8220; el_class=&#8220;btn-orange&#8220; link=&#8220;url:https%3A%2F%2Fbusiness.incust.com||target:%20_blank|&#8220;][\/vc_column][vc_column width=&#8220;1\/4&#8243;][vc_btn title=&#8220;M\u00e1te ot\u00e1zku? Porozpr\u00e1vajte sa s odborn\u00edkom&#8220; el_class=&#8220;btn-green&#8220; link=&#8220;url:https%3A%2F%2Fincust.com%2Fsk%2Fcontacts%2F|||&#8220;][\/vc_column][vc_column width=&#8220;1\/4&#8243;][\/vc_column][\/vc_row][vc_row][vc_column][vc_empty_space height=&#8220;40px&#8220;][\/vc_column][\/vc_row][vc_section full_width=&#8220;stretch_row&#8220; css=&#8220;.vc_custom_1563789138883{background-image: url(https:\/\/incust.com\/ua\/wp-content\/uploads\/sites\/2\/2019\/07\/belyu-1.png?id=5162) !important;background-position: center !important;background-repeat: no-repeat !important;background-size: cover !important;}&#8220;][vc_row][vc_column][vc_empty_space][vc_column_text css=&#8220;.vc_custom_1606072071725{margin-bottom: 0px !important;}&#8220;]\n<h2 style=\"text-align: center;\">Viac mo\u017enost\u00ed pre v\u00e1\u0161 biznis<\/h2>\n[\/vc_column_text][vc_empty_space][\/vc_column][\/vc_row][vc_row][vc_column width=&#8220;1\/2&#8243;][mk_custom_list icon_color=&#8220;#01969d&#8220;]\n<ul>\n<li><span style=\"font-weight: 400;\">Vytvorenie l\u00edstkov v Ovl\u00e1dacom paneli biznisu<\/span><\/li>\n<\/ul>\n[\/mk_custom_list][mk_custom_list icon_color=&#8220;#01969d&#8220;]\n<ul>\n<li><span style=\"font-weight: 400;\">Anal\u00fdza a \u0161tatistika v\u00e1m umo\u017e\u0148uj\u00fa v dynamike zisti\u0165, ako sa l\u00edstky pou\u017e\u00edvaj\u00fa<\/span><\/li>\n<\/ul>\n[\/mk_custom_list][\/vc_column][vc_column width=&#8220;1\/2&#8243;][mk_custom_list icon_color=&#8220;#01969d&#8220;]\n<ul>\n<li><span style=\"font-weight: 400;\">Overenie platnosti l\u00edstkov pomocou aplik\u00e1cie Kontrol\u00f3r L\u00edstkov, spustite\u013enej na akomko\u013evek tablete alebo smartf\u00f3ne s najnov\u0161ou verziou syst\u00e9mu Android alebo iOS alebo v prehliada\u010di ako webov\u00e1 aplik\u00e1cia<\/span><\/li>\n<\/ul>\n[\/mk_custom_list][\/vc_column][\/vc_row][vc_row][vc_column][vc_empty_space][\/vc_column][\/vc_row][\/vc_section][vc_section full_width=&#8220;stretch_row&#8220; content_placement=&#8220;middle&#8220; css=&#8220;.vc_custom_1558764790982{background-image: url(\/en\/wp-content\/uploads\/sites\/7\/2019\/05\/logo-ft-32&#215;32.pnglogo-ft-32&#215;32.pngbg-ind-cta.png?id=3676) !important;}&#8220;][vc_row][vc_column width=&#8220;1\/2&#8243; el_class=&#8220;.sng-img&#8220;][vc_single_image image=&#8220;4750&#8243; img_size=&#8220;full&#8220; alignment=&#8220;center&#8220;][\/vc_column][vc_column width=&#8220;1\/2&#8243; el_class=&#8220;.mid-cont&#8220;][vc_column_text css=&#8220;.vc_custom_1602160202154{margin-bottom: 0px !important;}&#8220;]\n<h2>Chcete sa dozvedie\u0165, ako z\u00edska\u0165 maximum z modulu Spr\u00e1vca L\u00edstkov?<\/h2>\n[\/vc_column_text][vc_row_inner][vc_column_inner el_class=&#8220;.col-nopad&#8220; width=&#8220;1\/3&#8243; offset=&#8220;vc_col-lg-4 vc_col-md-4 vc_col-xs-8&#8243;][vc_btn title=&#8220;Porozpr\u00e1va\u0165 sa s odborn\u00edkom&#8220; el_class=&#8220;btn-wide btn-green&#8220; link=&#8220;url:%2Fsk%2Fcontacts%2F||target:%20_blank|&#8220;][\/vc_column_inner][vc_column_inner width=&#8220;1\/3&#8243;][vc_btn title=&#8220;Vysk\u00fa\u0161a\u0165 to zadarmo&#8220; el_class=&#8220;btn-wide btn-orange&#8220; link=&#8220;url:https%3A%2F%2Fbusiness.incust.com||target:%20_blank|&#8220;][\/vc_column_inner][vc_column_inner width=&#8220;1\/3&#8243; offset=&#8220;vc_col-lg-4 vc_col-md-4 vc_col-xs-4&#8243;][vc_single_image image=&#8220;4719&#8243; img_size=&#8220;40&#215;40&#8243;][\/vc_column_inner][\/vc_row_inner][\/vc_column][\/vc_row][\/vc_section][vc_row][vc_column][vc_column_text]\n[\/vc_column_text][\/vc_column][\/vc_row][vc_section][vc_row][vc_column][vc_empty_space][vc_column_text css=&#8220;.vc_custom_1593689438663{margin-bottom: 0px !important;}&#8220;]\n<div style=\"margin: auto; height: 3px; width: 70%; background: linear-gradient(to right, #f5f6f6 0%,#dbdce2 21%,#b8bac6 50%,#dddfe3 80%,#f5f6f6 100%);\"><\/div>\n[\/vc_column_text][vc_empty_space][\/vc_column][\/vc_row][\/vc_section][vc_section][vc_row][vc_column][vc_column_text css=&#8220;.vc_custom_1606072236439{margin-bottom: 0px !important;}&#8220;]\n<h2 style=\"text-align: center;\">\u010eal\u0161ie Inform\u00e1cie<\/h2>\n[\/vc_column_text][\/vc_column][\/vc_row][vc_row][vc_column width=&#8220;1\/3&#8243;][vc_single_image image=&#8220;6749&#8243; img_size=&#8220;376\u0445211&#8243; onclick=&#8220;custom_link&#8220; link=&#8220;https:\/\/incust.com\/files\/presentations\/clients\/benefits\/inCust_-_Benefits_and_advantages_for_your_business.pdf&#8220; el_class=&#8220;benefit2-img on-before-download-show-popup&#8220;][vc_empty_space height=&#8220;12px&#8220;][vc_column_text el_class=&#8220;on-before-download-show-popup&#8220; css=&#8220;.vc_custom_1593688598135{margin-bottom: 0px !important;}&#8220;]\n<p style=\"text-align: center;\"><a href=\"https:\/\/incust.com\/files\/presentations\/clients\/benefits\/inCust_-_Benefits_and_advantages_for_your_business.pdf\"><span style=\"font-weight: 400;\">Benefits and advantages for your business<\/span><\/a><\/p>\n[\/vc_column_text][\/vc_column][vc_column width=&#8220;1\/3&#8243;][vc_single_image image=&#8220;6830&#8243; img_size=&#8220;376\u0445211&#8243; onclick=&#8220;custom_link&#8220; link=&#8220;https:\/\/incust.com\/files\/presentations\/clients\/clm\/inCust_-_the_unique_CLM_solution.pdf&#8220; el_class=&#8220;benefit2-img on-before-download-show-popup&#8220;][vc_empty_space height=&#8220;12px&#8220;][vc_column_text el_class=&#8220;on-before-download-show-popup&#8220; css=&#8220;.vc_custom_1593688618000{margin-bottom: 0px !important;}&#8220;]\n<p style=\"text-align: center;\"><a href=\"https:\/\/incust.com\/files\/presentations\/clients\/clm\/inCust_-_the_unique_CLM_solution.pdf\"><span style=\"font-weight: 400;\">The unique CLM solution<\/span><\/a><\/p>\n[\/vc_column_text][\/vc_column][vc_column width=&#8220;1\/3&#8243;][vc_single_image image=&#8220;6742&#8243; img_size=&#8220;376\u0445211&#8243; onclick=&#8220;custom_link&#8220; link=&#8220;https:\/\/incust.com\/files\/presentations\/clients\/technical\/inCust_-_Features_and_instruments.pdf&#8220; el_class=&#8220;benefit2-img on-before-download-show-popup&#8220;][vc_empty_space height=&#8220;12px&#8220;][vc_column_text el_class=&#8220;on-before-download-show-popup&#8220; css=&#8220;.vc_custom_1593688684248{margin-bottom: 0px !important;}&#8220;]\n<p style=\"text-align: center;\"><a href=\"https:\/\/incust.com\/files\/presentations\/clients\/technical\/inCust_-_Features_and_instruments.pdf\"><span style=\"font-weight: 400;\">Features and instruments<\/span><\/a><\/p>\n[\/vc_column_text][\/vc_column][\/vc_row][\/vc_section]\n<\/div>","protected":false},"excerpt":{"rendered":"<p>[vc_section full_width=&#8220;stretch_row&#8220; content_placement=&#8220;middle&#8220; el_class=&#8220;header-page-sm&#8220; css=&#8220;.vc_custom_1564558482892{background-image: url(https:\/\/incust.com\/sk\/wp-content\/uploads\/sites\/7\/2019\/07\/headers9.png?id=5381) !important;background-position: center !important;background-repeat: no-repeat !important;background-size: cover !important;}&#8220;][vc_row][vc_column][vc_column_text align=&#8220;center&#8220; css=&#8220;.vc_custom_1602159749137{margin-bottom: 0px !important;}&#8220;] Spr\u00e1vca l\u00edstkov [\/vc_column_text][\/vc_column][\/vc_row][\/vc_section][vc_section full_width=&#8220;stretch_row&#8220; css=&#8220;.vc_custom_1559199603804{background-color: #f4f8f9 !important;}&#8220;][vc_row][vc_column][vc_column_text css=&#8220;.vc_custom_1602159767139{margin-bottom: 0px !important;}&#8220;] Zjednodu\u0161te predaj a valid\u00e1ciu vstupeniek do m\u00faze\u00ed a v\u00fdstav, z\u00e1bavn\u00fdch podujat\u00ed a slu\u017eieb, dopravy \/ doch\u00e1dzania [\/vc_column_text][\/vc_column][\/vc_row][\/vc_section][vc_row][vc_column][vc_column_text css=&#8220;.vc_custom_1602159778555{margin-bottom: 0px !important;}&#8220;] N\u00e1stroje modulu Spr\u00e1vca l\u00edstkov [\/vc_column_text][\/vc_column][\/vc_row][vc_section full_width=&#8220;stretch_row&#8220; css=&#8220;.vc_custom_1563524261211{background-position: center [&hellip;]<\/p>\n","protected":false},"author":14,"featured_media":0,"parent":3639,"menu_order":0,"comment_status":"closed","ping_status":"closed","template":"","meta":{"footnotes":""},"_links":{"self":[{"href":"https:\/\/incust.com\/sk\/wp-json\/wp\/v2\/pages\/5266"}],"collection":[{"href":"https:\/\/incust.com\/sk\/wp-json\/wp\/v2\/pages"}],"about":[{"href":"https:\/\/incust.com\/sk\/wp-json\/wp\/v2\/types\/page"}],"author":[{"embeddable":true,"href":"https:\/\/incust.com\/sk\/wp-json\/wp\/v2\/users\/14"}],"replies":[{"embeddable":true,"href":"https:\/\/incust.com\/sk\/wp-json\/wp\/v2\/comments?post=5266"}],"version-history":[{"count":26,"href":"https:\/\/incust.com\/sk\/wp-json\/wp\/v2\/pages\/5266\/revisions"}],"predecessor-version":[{"id":7757,"href":"https:\/\/incust.com\/sk\/wp-json\/wp\/v2\/pages\/5266\/revisions\/7757"}],"up":[{"embeddable":true,"href":"https:\/\/incust.com\/sk\/wp-json\/wp\/v2\/pages\/3639"}],"wp:attachment":[{"href":"https:\/\/incust.com\/sk\/wp-json\/wp\/v2\/media?parent=5266"}],"curies":[{"name":"wp","href":"https:\/\/api.w.org\/{rel}","templated":true}]}}