{"id":5262,"date":"2019-07-26T08:24:02","date_gmt":"2019-07-26T13:24:02","guid":{"rendered":"https:\/\/incust.com\/sk\/?page_id=5262"},"modified":"2020-11-22T13:59:23","modified_gmt":"2020-11-22T18:59:23","slug":"coupons-and-certificates","status":"publish","type":"page","link":"https:\/\/incust.com\/sk\/modules\/coupons-and-certificates\/","title":{"rendered":"Kup\u00f3ny a Certifik\u00e1ty"},"content":{"rendered":"<div class=\"wpb-content-wrapper\">[vc_section full_width=&#8220;stretch_row&#8220; content_placement=&#8220;middle&#8220; el_class=&#8220;header-page-sm&#8220; css=&#8220;.vc_custom_1564494233729{background-image: url(https:\/\/incust.com\/sk\/wp-content\/uploads\/sites\/7\/2019\/07\/unnamed-file-2.png?id=5364) !important;background-position: center !important;background-repeat: no-repeat !important;background-size: cover !important;}&#8220;][vc_row][vc_column][vc_column_text align=&#8220;center&#8220; css=&#8220;.vc_custom_1602091514085{margin-bottom: 0px !important;}&#8220;]\n<h1 style=\"text-align: center;\">Kup\u00f3ny a Certifik\u00e1ty<\/h1>\n[\/vc_column_text][\/vc_column][\/vc_row][\/vc_section][vc_section full_width=&#8220;stretch_row&#8220; css=&#8220;.vc_custom_1559199603804{background-color: #f4f8f9 !important;}&#8220;][vc_row][vc_column][vc_column_text css=&#8220;.vc_custom_1602091530791{margin-bottom: 0px !important;}&#8220;]\n<p style=\"text-align: center;\"><span style=\"font-weight: 400;\">Kup\u00f3ny a certifik\u00e1ty inCust je modul platformy inCust, ktor\u00fd v\u00e1m poskytuje v\u00fdkonn\u00e9 n\u00e1stroje pre obchodn\u00e9 aktivity aj pre medzipodnikov\u00fd marketing. Pomocou tohto modulu m\u00f4\u017eete motivova\u0165 svojich z\u00e1kazn\u00edkov a potenci\u00e1lnych z\u00e1kazn\u00edkov \u0161ikovn\u00fdm a zodpovedn\u00fdm sp\u00f4sobom<\/span><\/p>\n[\/vc_column_text][\/vc_column][\/vc_row][\/vc_section][vc_row][vc_column][vc_column_text css=&#8220;.vc_custom_1602091544767{margin-bottom: 0px !important;}&#8220;]\n<h2><\/h2>\n<h2 style=\"text-align: center;\">N\u00e1stroje modulu Kup\u00f3ny a Certifik\u00e1ty<\/h2>\n[\/vc_column_text][\/vc_column][\/vc_row][vc_section full_width=&#8220;stretch_row&#8220; css=&#8220;.vc_custom_1563524261211{background-position: center !important;background-repeat: no-repeat !important;background-size: contain !important;}&#8220;][vc_row][vc_column][vc_row_inner][vc_column_inner width=&#8220;2\/3&#8243; offset=&#8220;vc_col-lg-8 vc_col-md-8 vc_col-xs-12&#8243;][mk_icon_box icon=&#8220;&#8220; title=&#8220;Certifik\u00e1ty&#8220; style=&#8220;boxed&#8220; icon_color=&#8220;#01969d&#8220; icon_circle_color=&#8220;&#8220; el_class=&#8220;box-pos&#8220;]<span style=\"font-weight: 400;\">D\u00e1vaj\u00fa pr\u00e1vo na ur\u010dit\u00e9 tovary alebo slu\u017eby, dop\u013a\u0148aj\u00fa z\u00e1kazn\u00edcky \u00fa\u010det alebo pripisuj\u00fa bonusy<\/span>[\/mk_icon_box][\/vc_column_inner][vc_column_inner el_class=&#8220;sm-icon&#8220; width=&#8220;1\/3&#8243; offset=&#8220;vc_col-lg-4 vc_col-md-4 vc_col-xs-4&#8243;][vc_single_image image=&#8220;4878&#8243; img_size=&#8220;120&#215;120&#8243;][\/vc_column_inner][\/vc_row_inner][vc_row_inner][vc_column_inner el_class=&#8220;sm-icon&#8220; width=&#8220;1\/3&#8243; offset=&#8220;vc_col-lg-4 vc_col-md-4 vc_col-xs-4&#8243;][vc_single_image image=&#8220;4877&#8243; img_size=&#8220;120&#215;120&#8243; alignment=&#8220;right&#8220;][\/vc_column_inner][vc_column_inner width=&#8220;2\/3&#8243; offset=&#8220;vc_col-lg-8 vc_col-md-8 vc_col-xs-12&#8243;][mk_icon_box icon=&#8220;&#8220; title=&#8220;Kup\u00f3ny&#8220; style=&#8220;boxed&#8220; icon_color=&#8220;#01969d&#8220; icon_circle_color=&#8220;&#8220; el_class=&#8220;box-pos&#8220;]<span style=\"font-weight: 400;\">Poskytuj\u00fa z\u013eavy na z\u00e1klade r\u00f4znych podmienok t\u00fdkaj\u00facich sa predaja<\/span>[\/mk_icon_box][\/vc_column_inner][\/vc_row_inner][vc_row_inner][vc_column_inner width=&#8220;2\/3&#8243; offset=&#8220;vc_col-lg-8 vc_col-md-8 vc_col-xs-12&#8243;][mk_icon_box icon=&#8220;&#8220; title=&#8220;Dar\u010dekov\u00e9 sady&#8220; style=&#8220;boxed&#8220; icon_color=&#8220;#01969d&#8220; icon_circle_color=&#8220;&#8220; el_class=&#8220;box-pos&#8220;]<span style=\"font-weight: 400;\">Zah\u0155\u0148aj\u00fa jeden alebo nieko\u013eko kup\u00f3nov, vlastn\u00fdch alebo od partnersk\u00fdch podnikov (u\u017eito\u010dn\u00e9 pri projektoch kr\u00ed\u017eov\u00e9ho marketingu a koal\u00edci\u00ed)<\/span>[\/mk_icon_box][\/vc_column_inner][vc_column_inner el_class=&#8220;sm-icon&#8220; width=&#8220;1\/3&#8243; offset=&#8220;vc_col-lg-4 vc_col-md-4 vc_col-xs-4&#8243;][vc_single_image image=&#8220;5389&#8243; img_size=&#8220;120&#215;120&#8243;][\/vc_column_inner][\/vc_row_inner][vc_row_inner][vc_column_inner el_class=&#8220;sm-icon&#8220; width=&#8220;1\/3&#8243; offset=&#8220;vc_col-lg-4 vc_col-md-4 vc_col-xs-4&#8243;][vc_single_image image=&#8220;4817&#8243; img_size=&#8220;120&#215;120&#8243; alignment=&#8220;right&#8220;][\/vc_column_inner][vc_column_inner width=&#8220;2\/3&#8243; offset=&#8220;vc_col-lg-8 vc_col-md-8 vc_col-xs-12&#8243;][mk_icon_box icon=&#8220;&#8220; title=&#8220;Coupony, certifik\u00e1ty a dar\u010deky sa distribuuj\u00fa&#8220; style=&#8220;boxed&#8220; icon_color=&#8220;#01969d&#8220; icon_circle_color=&#8220;&#8220; el_class=&#8220;box-pos&#8220;]<span style=\"font-weight: 400;\">Digit\u00e1lne, v tla\u010denej forme alebo ako QR k\u00f3dy a ako webov\u00e9 odkazy (napr. na ich zdie\u013eanie na soci\u00e1lnych sie\u0165ach).<\/span>[\/mk_icon_box][\/vc_column_inner][\/vc_row_inner][vc_row_inner][vc_column_inner width=&#8220;2\/3&#8243; offset=&#8220;vc_col-lg-8 vc_col-md-8 vc_col-xs-12&#8243;][mk_icon_box icon=&#8220;&#8220; title=&#8220;Viac\u00farovne odmeny za distrib\u00faciu&#8220; style=&#8220;boxed&#8220; icon_color=&#8220;#01969d&#8220; icon_circle_color=&#8220;&#8220; el_class=&#8220;box-pos&#8220;]<span style=\"font-weight: 400;\">kup\u00f3nov, certifik\u00e1tov a dar\u010dekov\u00fdch s\u00faprav. Odmena m\u00f4\u017ee by\u0165 poskytnut\u00e1 z\u00e1kazn\u00edkom aj in\u00fdm podnikom.<\/span>[\/mk_icon_box][\/vc_column_inner][vc_column_inner el_class=&#8220;sm-icon&#8220; width=&#8220;1\/3&#8243; offset=&#8220;vc_col-lg-4 vc_col-md-4 vc_col-xs-4&#8243;][vc_single_image image=&#8220;4855&#8243; img_size=&#8220;120&#215;120&#8243;][\/vc_column_inner][\/vc_row_inner][\/vc_column][\/vc_row][vc_row][vc_column][vc_empty_space height=&#8220;30px&#8220;][\/vc_column][\/vc_row][vc_row][vc_column width=&#8220;1\/4&#8243;][\/vc_column][vc_column width=&#8220;1\/4&#8243;][vc_btn title=&#8220;M\u00e1te z\u00e1ujem? Vysk\u00fa\u0161ajte to zadarmo&#8220; el_class=&#8220;btn-orange&#8220; link=&#8220;url:https%3A%2F%2Fbusiness.incust.com||target:%20_blank|&#8220;][\/vc_column][vc_column width=&#8220;1\/4&#8243;][vc_btn title=&#8220;M\u00e1te ot\u00e1zku? Porozpr\u00e1vajte sa s odborn\u00edkom&#8220; el_class=&#8220;btn-green&#8220; link=&#8220;url:https%3A%2F%2Fincust.com%2Fsk%2Fcontacts%2F|||&#8220;][\/vc_column][vc_column width=&#8220;1\/4&#8243;][\/vc_column][\/vc_row][vc_row][vc_column][vc_empty_space height=&#8220;30px&#8220;][\/vc_column][\/vc_row][\/vc_section][vc_section full_width=&#8220;stretch_row&#8220; css=&#8220;.vc_custom_1563787458711{background-image: url(https:\/\/incust.com\/ua\/wp-content\/uploads\/sites\/2\/2019\/07\/7.png?id=4937) !important;background-position: center !important;background-repeat: no-repeat !important;background-size: cover !important;}&#8220; el_class=&#8220;modul-section&#8220;][vc_row][vc_column][vc_column_text css=&#8220;.vc_custom_1602092046510{margin-bottom: 0px !important;}&#8220;]\n<h2 style=\"text-align: center; color: #ffffff;\">Integruje sa s modulmi<\/h2>\n[\/vc_column_text][\/vc_column][\/vc_row][vc_row equal_columns=&#8220;true&#8220; el_class=&#8220;modul-row-sng&#8220;][vc_column width=&#8220;2\/3&#8243; offset=&#8220;vc_col-lg-offset-2 vc_col-lg-8 vc_col-md-offset-2 vc_col-md-8 vc_col-sm-offset-0 vc_col-xs-12&#8243;][vc_row_inner column_padding=&#8220;2&#8243;][vc_column_inner el_class=&#8220;modul-sng modul-sng-long&#8220; width=&#8220;1\/12&#8243; offset=&#8220;vc_col-lg-1\/5 vc_col-md-1\/5 vc_col-xs-6&#8243;][vc_single_image image=&#8220;3855&#8243; img_size=&#8220;full&#8220; alignment=&#8220;center&#8220; onclick=&#8220;custom_link&#8220; el_class=&#8220;animated grow duration2 eds-on-hover&#8220; link=&#8220;https:\/\/incust.com\/sk\/modules\/pos\/&#8220;][vc_column_text css=&#8220;.vc_custom_1602092077212{margin-bottom: 0px !important;}&#8220;]\n<p style=\"text-align: center; color: #ffffff;\"><b>Poklad\u0148a (POS)<\/b><\/p>\n<p style=\"text-align: center; color: #ffffff;\"><span style=\"font-weight: 400;\">(umo\u017e\u0148uje oper\u00e1cie s odmenami z\u00e1kazn\u00edkov, bonusmi at\u010f.)<\/span><\/p>\n[\/vc_column_text][\/vc_column_inner][vc_column_inner el_class=&#8220;modul-sng modul-sng-long&#8220; width=&#8220;1\/12&#8243; offset=&#8220;vc_col-lg-1\/5 vc_col-md-1\/5 vc_col-xs-6&#8243;][vc_single_image image=&#8220;4873&#8243; img_size=&#8220;full&#8220; alignment=&#8220;center&#8220; onclick=&#8220;custom_link&#8220; el_class=&#8220;animated grow duration2 eds-on-hover&#8220; link=&#8220;https:\/\/incust.com\/sk\/modules\/e-shop\/&#8220;][vc_column_text css=&#8220;.vc_custom_1602092099546{margin-bottom: 0px !important;}&#8220;]\n<p style=\"text-align: center; color: #ffffff;\"><b>E-obchod<\/b><\/p>\n<p style=\"text-align: center; color: #ffffff;\"><span style=\"font-weight: 400;\">(na spracovanie a vyd\u00e1vanie kup\u00f3nov a certifik\u00e1tov v e-obchode)<\/span><\/p>\n[\/vc_column_text][\/vc_column_inner][vc_column_inner el_class=&#8220;modul-sng modul-sng-long&#8220; width=&#8220;1\/12&#8243; offset=&#8220;vc_col-lg-1\/5 vc_col-md-1\/5 vc_col-xs-6&#8243;][vc_single_image image=&#8220;5248&#8243; img_size=&#8220;full&#8220; alignment=&#8220;center&#8220; onclick=&#8220;custom_link&#8220; el_class=&#8220;animated grow duration2 eds-on-hover&#8220; link=&#8220;https:\/\/incust.com\/sk\/modules\/loyalty-and-rewards\/&#8220;][vc_column_text css=&#8220;.vc_custom_1602092125348{margin-bottom: 0px !important;}&#8220;]\n<p style=\"text-align: center; color: #ffffff;\"><b>Vernos\u0165 a Odmeny<\/b><\/p>\n<p style=\"text-align: center; color: #ffffff;\"><span style=\"font-weight: 400;\">(umo\u017e\u0148uje oper\u00e1cie s odmenami z\u00e1kazn\u00edkov, bonusmi at\u010f.)<\/span><\/p>\n[\/vc_column_text][\/vc_column_inner][vc_column_inner el_class=&#8220;modul-sng modul-sng-long&#8220; width=&#8220;1\/12&#8243; offset=&#8220;vc_col-lg-offset-0 vc_col-lg-1\/5 vc_col-md-offset-0 vc_col-md-1\/5 vc_col-xs-6&#8243;][vc_single_image image=&#8220;4934&#8243; img_size=&#8220;full&#8220; alignment=&#8220;center&#8220; onclick=&#8220;custom_link&#8220; el_class=&#8220;animated grow duration2 eds-on-hover&#8220; link=&#8220;https:\/\/incust.com\/sk\/modules\/information-panel-kiosk\/&#8220;][vc_column_text css=&#8220;.vc_custom_1602092154769{margin-bottom: 0px !important;}&#8220;]\n<p style=\"text-align: center; color: #ffffff!important;\"><b>Informa\u010dn\u00fd panel Kiosk<\/b><\/p>\n<p style=\"text-align: center; color: #ffffff;\"><span style=\"font-weight: 400;\">(aby z\u00e1kazn\u00edci mohli prij\u00edma\u0165 a pou\u017e\u00edva\u0165 kup\u00f3ny a certifik\u00e1ty v Kiosku)<\/span><\/p>\n[\/vc_column_text][\/vc_column_inner][vc_column_inner el_class=&#8220;modul-sng modul-sng-long&#8220; width=&#8220;1\/12&#8243; offset=&#8220;vc_col-lg-offset-0 vc_col-lg-1\/5 vc_col-md-offset-0 vc_col-md-1\/5 vc_col-xs-offset-3 vc_col-xs-6&#8243;][vc_single_image image=&#8220;4310&#8243; img_size=&#8220;full&#8220; alignment=&#8220;center&#8220; onclick=&#8220;custom_link&#8220; el_class=&#8220;animated grow duration2 eds-on-hover&#8220; link=&#8220;https:\/\/incust.com\/sk\/modules\/customer-database\/&#8220;][vc_column_text css=&#8220;.vc_custom_1602092184550{margin-bottom: 0px !important;}&#8220;]\n<p style=\"text-align: center; color: #ffffff!important;\"><b>Datab\u00e1za z\u00e1kazn\u00edkov<\/b><\/p>\n<p style=\"text-align: center; color: #ffffff;\"><span style=\"font-weight: 400;\">(pre spravovanie kup\u00f3nov a certifik\u00e1tov v elektronickej pe\u0148a\u017eenke z\u00e1kazn\u00edka)<\/span><\/p>\n[\/vc_column_text][\/vc_column_inner][\/vc_row_inner][vc_btn title=&#8220;Zobrazi\u0165 v\u0161etky moduly&#8220; color=&#8220;white&#8220; align=&#8220;center&#8220; link=&#8220;url:%2Fsk%2Fmodules%2F|||&#8220;][vc_empty_space][\/vc_column][\/vc_row][\/vc_section][vc_row][vc_column][vc_empty_space height=&#8220;60px&#8220;][vc_column_text css=&#8220;.vc_custom_1602092228158{margin-bottom: 0px !important;}&#8220;]\n<h2 style=\"text-align: center;\">Cie\u013eov\u00e9 priemysly<\/h2>\n[\/vc_column_text][\/vc_column][\/vc_row][vc_row equal_columns=&#8220;true&#8220; el_class=&#8220;ben-three-row&#8220;][vc_column width=&#8220;1\/3&#8243; el_class=&#8220;benefit&#8220;][vc_single_image image=&#8220;4663&#8243; img_size=&#8220;95&#215;90&#8243; alignment=&#8220;center&#8220;][vc_column_text css=&#8220;.vc_custom_1602092253682{margin-bottom: 0px !important;}&#8220;]\n<p style=\"text-align: center; color: #01969d;\">OBCHODN\u00c9 CENTR\u00c1<\/p>\n[\/vc_column_text][\/vc_column][vc_column width=&#8220;1\/3&#8243; el_class=&#8220;benefit&#8220;][vc_single_image image=&#8220;4660&#8243; img_size=&#8220;95&#215;90&#8243; alignment=&#8220;center&#8220;][vc_column_text css=&#8220;.vc_custom_1602092264250{margin-bottom: 0px !important;}&#8220;]\n<p style=\"text-align: center; color: #01969d;\">FMCG<\/p>\n[\/vc_column_text][\/vc_column][vc_column width=&#8220;1\/3&#8243; el_class=&#8220;benefit&#8220;][vc_single_image image=&#8220;4658&#8243; img_size=&#8220;95&#215;90&#8243; alignment=&#8220;center&#8220;][vc_column_text css=&#8220;.vc_custom_1602092276120{margin-bottom: 0px !important;}&#8220;]\n<p style=\"text-align: center; color: #01969d;\"><span style=\"font-weight: 400;\">BIZNISY NA MASOVOM TRHU<\/span><\/p>\n[\/vc_column_text][\/vc_column][\/vc_row][vc_row equal_columns=&#8220;true&#8220;][vc_column width=&#8220;1\/3&#8243; el_class=&#8220;benefit&#8220; offset=&#8220;vc_col-lg-offset-3 vc_col-lg-3 vc_col-md-offset-3 vc_col-md-3 vc_col-xs-12&#8243;][vc_single_image image=&#8220;4668&#8243; img_size=&#8220;95&#215;90&#8243; alignment=&#8220;center&#8220;][vc_column_text css=&#8220;.vc_custom_1602092287502{margin-bottom: 0px !important;}&#8220;]\n<p style=\"text-align: center; color: #01969d;\">TELEKOMUNIK\u00c1CIE<\/p>\n[\/vc_column_text][\/vc_column][vc_column width=&#8220;1\/3&#8243; el_class=&#8220;benefit&#8220; offset=&#8220;vc_col-lg-3 vc_col-md-3 vc_col-xs-12&#8243;][vc_single_image image=&#8220;4661&#8243; img_size=&#8220;95&#215;90&#8243; alignment=&#8220;center&#8220;][vc_column_text css=&#8220;.vc_custom_1602092296044{margin-bottom: 0px !important;}&#8220;]\n<p style=\"text-align: center; color: #01969d;\">BANKY<\/p>\n[\/vc_column_text][\/vc_column][\/vc_row][vc_row][vc_column][vc_empty_space height=&#8220;40px&#8220;][\/vc_column][\/vc_row][vc_row][vc_column width=&#8220;1\/4&#8243;][\/vc_column][vc_column width=&#8220;1\/4&#8243;][vc_btn title=&#8220;M\u00e1te z\u00e1ujem? Vysk\u00fa\u0161ajte to zadarmo&#8220; el_class=&#8220;btn-orange&#8220; link=&#8220;url:https%3A%2F%2Fbusiness.incust.com||target:%20_blank|&#8220;][\/vc_column][vc_column width=&#8220;1\/4&#8243;][vc_btn title=&#8220;M\u00e1te ot\u00e1zku? Porozpr\u00e1vajte sa s odborn\u00edkom&#8220; el_class=&#8220;btn-green&#8220; link=&#8220;url:https%3A%2F%2Fincust.com%2Fsk%2Fcontacts%2F|||&#8220;][\/vc_column][vc_column width=&#8220;1\/4&#8243;][\/vc_column][\/vc_row][vc_row][vc_column][vc_empty_space height=&#8220;40px&#8220;][\/vc_column][\/vc_row][vc_section full_width=&#8220;stretch_row&#8220; css=&#8220;.vc_custom_1563789138883{background-image: url(https:\/\/incust.com\/ua\/wp-content\/uploads\/sites\/2\/2019\/07\/belyu-1.png?id=5162) !important;background-position: center !important;background-repeat: no-repeat !important;background-size: cover !important;}&#8220;][vc_row][vc_column][vc_empty_space][vc_column_text css=&#8220;.vc_custom_1606071406683{margin-bottom: 0px !important;}&#8220;]\n<h2 style=\"text-align: center;\">Viac mo\u017enost\u00ed pre v\u00e1\u0161 biznis<\/h2>\n[\/vc_column_text][vc_empty_space][\/vc_column][\/vc_row][vc_row][vc_column width=&#8220;1\/2&#8243;][mk_custom_list icon_color=&#8220;#01969d&#8220;]\n<ul>\n<li><span style=\"font-weight: 400;\">Burza kup\u00f3nov, kde v\u00e1\u0161 biznis m\u00f4\u017ee distribuova\u0165 kup\u00f3ny in\u00fdch firiem aj pon\u00faka\u0165 kup\u00f3ny na distrib\u00faciu in\u00fdm firm\u00e1m. Zah\u0155\u0148a mechanizmus na automatick\u00e9 z\u00fa\u010dtovanie platieb medzi biznismi<\/span><\/li>\n<\/ul>\n[\/mk_custom_list][mk_custom_list icon_color=&#8220;#01969d&#8220;]\n<ul>\n<li><span style=\"font-weight: 400;\">Kup\u00f3ny poskytuj\u00fa z\u013eavy, ktor\u00e9 m\u00f4\u017eu by\u0165 absol\u00fatne (pevn\u00e1 suma) alebo m\u00f4\u017eu by\u0165 percentom z ceny<\/span><\/li>\n<\/ul>\n[\/mk_custom_list][mk_custom_list icon_color=&#8220;#01969d&#8220;]\n<ul>\n<li><span style=\"font-weight: 400;\">Kup\u00f3ny je mo\u017en\u00e9 uplatni\u0165 na ur\u010dit\u00fd tovar alebo na cel\u00fa objedn\u00e1vku<\/span><\/li>\n<\/ul>\n[\/mk_custom_list][\/vc_column][vc_column width=&#8220;1\/2&#8243;][mk_custom_list icon_color=&#8220;#01969d&#8220;]\n<ul>\n<li><span style=\"font-weight: 400;\">Kup\u00f3ny, certifik\u00e1ty a dar\u010dekov\u00e9 sady maj\u00fa dobu platnosti &#8211; m\u00f4\u017eu sa sta\u0165 platn\u00fdmi okam\u017eite alebo v bud\u00facnosti a ich platnos\u0165 kon\u010d\u00ed v ur\u010den\u00fd de\u0148 a \u010das<\/span><\/li>\n<\/ul>\n[\/mk_custom_list][mk_custom_list icon_color=&#8220;#01969d&#8220;]\n<ul>\n<li><span style=\"font-weight: 400;\">Podpora zariaden\u00ed iBeacon na odosielanie propaga\u010dn\u00fdch kup\u00f3nov z\u00e1kazn\u00edkom, ktor\u00ed prech\u00e1dzaj\u00fa va\u0161imi predajn\u00fdmi miestami<\/span><\/li>\n<\/ul>\n[\/mk_custom_list][mk_custom_list icon_color=&#8220;#01969d&#8220;]\n<ul>\n<li><span style=\"font-weight: 400;\">Kup\u00f3ny m\u00f4\u017eu by\u0165 poskytovan\u00e9 zadarmo alebo v\u00fdmenou za bonusy alebo niektor\u00e9 hodnoty na \u00fa\u010dte z\u00e1kazn\u00edka<\/span><\/li>\n<\/ul>\n[\/mk_custom_list][mk_custom_list icon_color=&#8220;#01969d&#8220;]\n<ul>\n<li><span style=\"font-weight: 400;\">Platforma m\u00f4\u017ee spracova\u0165 aj extern\u00e9 kup\u00f3ny<\/span><\/li>\n<\/ul>\n[\/mk_custom_list][\/vc_column][\/vc_row][vc_row][vc_column][vc_empty_space][\/vc_column][\/vc_row][\/vc_section][vc_section full_width=&#8220;stretch_row&#8220; content_placement=&#8220;middle&#8220; css=&#8220;.vc_custom_1558764790982{background-image: url(\/en\/wp-content\/uploads\/sites\/7\/2019\/05\/logo-ft-32&#215;32.pnglogo-ft-32&#215;32.pngbg-ind-cta.png?id=3676) !important;}&#8220;][vc_row][vc_column width=&#8220;1\/2&#8243; el_class=&#8220;.sng-img&#8220;][vc_single_image image=&#8220;4750&#8243; img_size=&#8220;full&#8220; alignment=&#8220;center&#8220;][\/vc_column][vc_column width=&#8220;1\/2&#8243; el_class=&#8220;.mid-cont&#8220;][vc_column_text css=&#8220;.vc_custom_1606071423095{margin-bottom: 0px !important;}&#8220;]\n<h2>Chcete sa dozvedie\u0165, ako z\u00edska\u0165 maximum z modulu Kup\u00f3ny a Certifik\u00e1ty?<\/h2>\n[\/vc_column_text][vc_row_inner][vc_column_inner el_class=&#8220;.col-nopad&#8220; width=&#8220;1\/3&#8243; offset=&#8220;vc_col-lg-4 vc_col-md-4 vc_col-xs-8&#8243;][vc_btn title=&#8220;Porozpr\u00e1va\u0165 sa s odborn\u00edkom&#8220; el_class=&#8220;btn-wide btn-green&#8220; link=&#8220;url:%2Fsk%2Fcontacts%2F||target:%20_blank|&#8220;][\/vc_column_inner][vc_column_inner width=&#8220;1\/3&#8243;][vc_btn title=&#8220;Vysk\u00fa\u0161a\u0165 to zadarmo&#8220; el_class=&#8220;btn-wide btn-orange&#8220; link=&#8220;url:https%3A%2F%2Fbusiness.incust.com||target:%20_blank|&#8220;][\/vc_column_inner][vc_column_inner width=&#8220;1\/3&#8243; offset=&#8220;vc_col-lg-4 vc_col-md-4 vc_col-xs-4&#8243;][vc_single_image image=&#8220;4719&#8243; img_size=&#8220;40&#215;40&#8243;][\/vc_column_inner][\/vc_row_inner][\/vc_column][\/vc_row][\/vc_section][vc_section][vc_row][vc_column][vc_empty_space][vc_column_text css=&#8220;.vc_custom_1593689438663{margin-bottom: 0px !important;}&#8220;]\n<div style=\"margin: auto; height: 3px; width: 70%; background: linear-gradient(to right, #f5f6f6 0%,#dbdce2 21%,#b8bac6 50%,#dddfe3 80%,#f5f6f6 100%);\"><\/div>\n[\/vc_column_text][vc_empty_space][\/vc_column][\/vc_row][\/vc_section][vc_section][vc_row][vc_column][vc_column_text css=&#8220;.vc_custom_1606071445844{margin-bottom: 0px !important;}&#8220;]\n<h2 style=\"text-align: center;\">\u010eal\u0161ie Inform\u00e1cie<\/h2>\n[\/vc_column_text][\/vc_column][\/vc_row][vc_row][vc_column width=&#8220;1\/3&#8243;][vc_single_image image=&#8220;6749&#8243; img_size=&#8220;376\u0445211&#8243; onclick=&#8220;custom_link&#8220; link=&#8220;https:\/\/incust.com\/files\/presentations\/clients\/benefits\/inCust_-_Benefits_and_advantages_for_your_business.pdf&#8220; el_class=&#8220;benefit2-img on-before-download-show-popup&#8220;][vc_empty_space height=&#8220;12px&#8220;][vc_column_text el_class=&#8220;on-before-download-show-popup&#8220; css=&#8220;.vc_custom_1593688598135{margin-bottom: 0px !important;}&#8220;]\n<p style=\"text-align: center;\"><a href=\"https:\/\/incust.com\/files\/presentations\/clients\/benefits\/inCust_-_Benefits_and_advantages_for_your_business.pdf\"><span style=\"font-weight: 400;\">Benefits and advantages for your business<\/span><\/a><\/p>\n[\/vc_column_text][\/vc_column][vc_column width=&#8220;1\/3&#8243;][vc_single_image image=&#8220;6830&#8243; img_size=&#8220;376\u0445211&#8243; onclick=&#8220;custom_link&#8220; link=&#8220;https:\/\/incust.com\/files\/presentations\/clients\/clm\/inCust_-_the_unique_CLM_solution.pdf&#8220; el_class=&#8220;benefit2-img on-before-download-show-popup&#8220;][vc_empty_space height=&#8220;12px&#8220;][vc_column_text el_class=&#8220;on-before-download-show-popup&#8220; css=&#8220;.vc_custom_1593688618000{margin-bottom: 0px !important;}&#8220;]\n<p style=\"text-align: center;\"><a href=\"https:\/\/incust.com\/files\/presentations\/clients\/clm\/inCust_-_the_unique_CLM_solution.pdf\"><span style=\"font-weight: 400;\">The unique CLM solution<\/span><\/a><\/p>\n[\/vc_column_text][\/vc_column][vc_column width=&#8220;1\/3&#8243;][vc_single_image image=&#8220;6742&#8243; img_size=&#8220;376\u0445211&#8243; onclick=&#8220;custom_link&#8220; link=&#8220;https:\/\/incust.com\/files\/presentations\/clients\/technical\/inCust_-_Features_and_instruments.pdf&#8220; el_class=&#8220;benefit2-img on-before-download-show-popup&#8220;][vc_empty_space height=&#8220;12px&#8220;][vc_column_text el_class=&#8220;on-before-download-show-popup&#8220; css=&#8220;.vc_custom_1593688684248{margin-bottom: 0px !important;}&#8220;]\n<p style=\"text-align: center;\"><a href=\"https:\/\/incust.com\/files\/presentations\/clients\/technical\/inCust_-_Features_and_instruments.pdf\"><span style=\"font-weight: 400;\">Features and instruments<\/span><\/a><\/p>\n[\/vc_column_text][\/vc_column][\/vc_row][\/vc_section]\n<\/div>","protected":false},"excerpt":{"rendered":"<p>[vc_section full_width=&#8220;stretch_row&#8220; content_placement=&#8220;middle&#8220; el_class=&#8220;header-page-sm&#8220; css=&#8220;.vc_custom_1564494233729{background-image: url(https:\/\/incust.com\/sk\/wp-content\/uploads\/sites\/7\/2019\/07\/unnamed-file-2.png?id=5364) !important;background-position: center !important;background-repeat: no-repeat !important;background-size: cover !important;}&#8220;][vc_row][vc_column][vc_column_text align=&#8220;center&#8220; css=&#8220;.vc_custom_1602091514085{margin-bottom: 0px !important;}&#8220;] Kup\u00f3ny a Certifik\u00e1ty [\/vc_column_text][\/vc_column][\/vc_row][\/vc_section][vc_section full_width=&#8220;stretch_row&#8220; css=&#8220;.vc_custom_1559199603804{background-color: #f4f8f9 !important;}&#8220;][vc_row][vc_column][vc_column_text css=&#8220;.vc_custom_1602091530791{margin-bottom: 0px !important;}&#8220;] Kup\u00f3ny a certifik\u00e1ty inCust je modul platformy inCust, ktor\u00fd v\u00e1m poskytuje v\u00fdkonn\u00e9 n\u00e1stroje pre obchodn\u00e9 aktivity aj pre medzipodnikov\u00fd marketing. Pomocou tohto modulu m\u00f4\u017eete motivova\u0165 svojich z\u00e1kazn\u00edkov [&hellip;]<\/p>\n","protected":false},"author":14,"featured_media":0,"parent":3639,"menu_order":0,"comment_status":"closed","ping_status":"closed","template":"","meta":{"footnotes":""},"_links":{"self":[{"href":"https:\/\/incust.com\/sk\/wp-json\/wp\/v2\/pages\/5262"}],"collection":[{"href":"https:\/\/incust.com\/sk\/wp-json\/wp\/v2\/pages"}],"about":[{"href":"https:\/\/incust.com\/sk\/wp-json\/wp\/v2\/types\/page"}],"author":[{"embeddable":true,"href":"https:\/\/incust.com\/sk\/wp-json\/wp\/v2\/users\/14"}],"replies":[{"embeddable":true,"href":"https:\/\/incust.com\/sk\/wp-json\/wp\/v2\/comments?post=5262"}],"version-history":[{"count":33,"href":"https:\/\/incust.com\/sk\/wp-json\/wp\/v2\/pages\/5262\/revisions"}],"predecessor-version":[{"id":7755,"href":"https:\/\/incust.com\/sk\/wp-json\/wp\/v2\/pages\/5262\/revisions\/7755"}],"up":[{"embeddable":true,"href":"https:\/\/incust.com\/sk\/wp-json\/wp\/v2\/pages\/3639"}],"wp:attachment":[{"href":"https:\/\/incust.com\/sk\/wp-json\/wp\/v2\/media?parent=5262"}],"curies":[{"name":"wp","href":"https:\/\/api.w.org\/{rel}","templated":true}]}}