{"id":5238,"date":"2019-07-26T07:42:54","date_gmt":"2019-07-26T12:42:54","guid":{"rendered":"https:\/\/incust.com\/sk\/?page_id=5238"},"modified":"2020-11-22T13:42:39","modified_gmt":"2020-11-22T18:42:39","slug":"information-panel-kiosk","status":"publish","type":"page","link":"https:\/\/incust.com\/sk\/modules\/information-panel-kiosk\/","title":{"rendered":"Informa\u010dn\u00fd panel Kiosk"},"content":{"rendered":"<div class=\"wpb-content-wrapper\">[vc_section full_width=&#8220;stretch_row&#8220; content_placement=&#8220;middle&#8220; el_class=&#8220;header-page-sm&#8220; css=&#8220;.vc_custom_1564396125239{background-image: url(https:\/\/incust.com\/sk\/wp-content\/uploads\/sites\/7\/2019\/07\/head2.png?id=5316) !important;background-position: center !important;background-repeat: no-repeat !important;background-size: cover !important;}&#8220;][vc_row][vc_column][vc_column_text align=&#8220;center&#8220; css=&#8220;.vc_custom_1606070220855{margin-bottom: 0px !important;}&#8220;]\n<h1 style=\"text-align: center;\">Informa\u010dn\u00fd panel Kiosk<\/h1>\n[\/vc_column_text][\/vc_column][\/vc_row][\/vc_section][vc_section full_width=&#8220;stretch_row&#8220; css=&#8220;.vc_custom_1559199603804{background-color: #f4f8f9 !important;}&#8220;][vc_row][vc_column][vc_column_text css=&#8220;.vc_custom_1564122804375{margin-bottom: 0px !important;}&#8220;]\n<p style=\"text-align: center;\"><span style=\"font-weight: 400;\">inCust Kiosk je modul platformy inCust, ktor\u00fd umo\u017e\u0148uje va\u0161im z\u00e1kazn\u00edkom z\u00edska\u0165 \u0161irok\u00fa \u0161k\u00e1lu slu\u017eieb prostredn\u00edctvom interakcie s tabletov\u00fdm zariaden\u00edm so spusten\u00fdm softv\u00e9rom Kiosk. Tablet m\u00f4\u017eete nain\u0161talova\u0165 ved\u013ea pokladne, v predajnej z\u00f3ne alebo priamo pri vstupe do predajn\u00e9ho miesta<\/span><\/p>\n[\/vc_column_text][\/vc_column][\/vc_row][\/vc_section][vc_row][vc_column][vc_column_text css=&#8220;.vc_custom_1564560167677{margin-bottom: 0px !important;}&#8220;]\n<h2><\/h2>\n<h2 style=\"text-align: center;\">N\u00e1stroje modulu Kiosk<\/h2>\n[\/vc_column_text][\/vc_column][\/vc_row][vc_section full_width=&#8220;stretch_row&#8220; css=&#8220;.vc_custom_1563524261211{background-position: center !important;background-repeat: no-repeat !important;background-size: contain !important;}&#8220;][vc_row][vc_column][vc_row_inner][vc_column_inner width=&#8220;2\/3&#8243; offset=&#8220;vc_col-lg-8 vc_col-md-8 vc_col-xs-12&#8243;][mk_icon_box icon=&#8220;&#8220; title=&#8220;Informa\u010dn\u00e9 slu\u017eby&#8220; style=&#8220;boxed&#8220; icon_color=&#8220;#01969d&#8220; icon_circle_color=&#8220;&#8220; el_class=&#8220;box-pos&#8220;]\n<ul>\n<li><span style=\"font-weight: 400;\">Prezeranie zoznamu spr\u00e1v a ozn\u00e1men\u00ed spolo\u010dnosti<\/span><\/li>\n<li><span style=\"font-weight: 400;\">Prezeranie hor\u00facich pon\u00fak<\/span><\/li>\n<\/ul>\n[\/mk_icon_box][\/vc_column_inner][vc_column_inner el_class=&#8220;sm-icon&#8220; width=&#8220;1\/3&#8243; offset=&#8220;vc_col-lg-4 vc_col-md-4 vc_col-xs-4&#8243;][vc_single_image image=&#8220;5245&#8243; img_size=&#8220;120&#215;120&#8243;][\/vc_column_inner][\/vc_row_inner][vc_row_inner][vc_column_inner el_class=&#8220;sm-icon&#8220; width=&#8220;1\/3&#8243; offset=&#8220;vc_col-lg-4 vc_col-md-4 vc_col-xs-4&#8243;][vc_single_image image=&#8220;4855&#8243; img_size=&#8220;120&#215;120&#8243; alignment=&#8220;right&#8220;][\/vc_column_inner][vc_column_inner width=&#8220;2\/3&#8243; offset=&#8220;vc_col-lg-8 vc_col-md-8 vc_col-xs-12&#8243;][mk_icon_box icon=&#8220;&#8220; title=&#8220;PREV\u00c1DZKOV\u00c9 SAMOSTATN\u00c9 SLU\u017dBY, S\u00daVISIACE S RIADEN\u00cdM VERNOSTI A ODMEN:&#8220; style=&#8220;boxed&#8220; icon_color=&#8220;#01969d&#8220; icon_circle_color=&#8220;&#8220; el_class=&#8220;box-pos&#8220;]\n<ul>\n<li><span style=\"font-weight: 400;\">Prezeranie elektronickej pe\u0148a\u017eenky z\u00e1kazn\u00edka s bonusmi, kup\u00f3nmi a zostatkom na \u00fa\u010dtoch<\/span><\/li>\n<li><span style=\"font-weight: 400;\">V\u00fdber a vyzdvihnutie daru (ktor\u00fd m\u00f4\u017ee by\u0165 v z\u00e1vislosti od jeho charakteru poskytovan\u00fd miestnymi predajcami alebo prip\u00edsan\u00fd na \u00fa\u010det z\u00e1kazn\u00edka na neskor\u0161ie vyzdvihnutie)<\/span><\/li>\n<\/ul>\n[\/mk_icon_box][\/vc_column_inner][\/vc_row_inner][vc_row_inner][vc_column_inner width=&#8220;2\/3&#8243; offset=&#8220;vc_col-lg-8 vc_col-md-8 vc_col-xs-12&#8243;][mk_icon_box icon=&#8220;&#8220; title=&#8220;PREV\u00c1DZKOV\u00c9 SAMOSPR\u00c1VY T\u00ddKAJ\u00daCE SA KOUPONOV, CERTIFIK\u00c1TOV A DAR\u010cEKOV\u00ddCH S\u00daBOROV:&#8220; style=&#8220;boxed&#8220; icon_color=&#8220;#01969d&#8220; icon_circle_color=&#8220;&#8220; el_class=&#8220;box-pos&#8220;]\n<ul>\n<li><span style=\"font-weight: 400;\">Pou\u017eitie kup\u00f3nu, certifik\u00e1tu alebo dar\u010dekovej sady a doplnenie z\u00e1kazn\u00edckeho \u00fa\u010dtu<\/span><\/li>\n<li><span style=\"font-weight: 400;\">Prijatie kup\u00f3nu a jeho vlo\u017eenie do e-pe\u0148a\u017eenky na bud\u00face uplatnenie<\/span><\/li>\n<li><span style=\"font-weight: 400;\">Pou\u017eitie kup\u00f3nu alebo certifik\u00e1tu partnera<\/span><\/li>\n<\/ul>\n[\/mk_icon_box][\/vc_column_inner][vc_column_inner el_class=&#8220;sm-icon&#8220; width=&#8220;1\/3&#8243; offset=&#8220;vc_col-lg-4 vc_col-md-4 vc_col-xs-4&#8243;][vc_single_image image=&#8220;4878&#8243; img_size=&#8220;120&#215;120&#8243;][\/vc_column_inner][\/vc_row_inner][vc_row_inner][vc_column_inner el_class=&#8220;sm-icon&#8220; width=&#8220;1\/3&#8243; offset=&#8220;vc_col-lg-4 vc_col-md-4 vc_col-xs-4&#8243;][vc_single_image image=&#8220;5021&#8243; img_size=&#8220;120&#215;120&#8243; alignment=&#8220;right&#8220;][\/vc_column_inner][vc_column_inner width=&#8220;2\/3&#8243; offset=&#8220;vc_col-lg-8 vc_col-md-8 vc_col-xs-12&#8243;][mk_icon_box icon=&#8220;&#8220; title=&#8220;PREV\u00c1DZKOV\u00c9 SAMOSPR\u00c1VY T\u00ddKAJ\u00daCE SA N\u00c1KUPU:&#8220; style=&#8220;boxed&#8220; icon_color=&#8220;#01969d&#8220; icon_circle_color=&#8220;&#8220; el_class=&#8220;box-pos&#8220;]\n<ul>\n<li><span style=\"font-weight: 400;\">Prezeranie spracovanej objedn\u00e1vky<\/span><\/li>\n<li><span style=\"font-weight: 400;\">Prezeranie celkovej sumy a dani<\/span><\/li>\n<li><span style=\"font-weight: 400;\">Prezeranie QR k\u00f3du na vykonanie platby<\/span><\/li>\n<\/ul>\n[\/mk_icon_box][\/vc_column_inner][\/vc_row_inner][\/vc_column][\/vc_row][vc_row][vc_column][vc_empty_space height=&#8220;30px&#8220;][\/vc_column][\/vc_row][vc_row][vc_column width=&#8220;1\/4&#8243;][\/vc_column][vc_column width=&#8220;1\/4&#8243;][vc_btn title=&#8220;M\u00e1te z\u00e1ujem? Vysk\u00fa\u0161ajte to zadarmo&#8220; el_class=&#8220;btn-orange&#8220; link=&#8220;url:https%3A%2F%2Fbusiness.incust.com||target:%20_blank|&#8220;][\/vc_column][vc_column width=&#8220;1\/4&#8243;][vc_btn title=&#8220;M\u00e1te ot\u00e1zku? Porozpr\u00e1vajte sa s odborn\u00edkom&#8220; el_class=&#8220;btn-green&#8220; link=&#8220;url:https%3A%2F%2Fincust.com%2Fsk%2Fcontacts%2F&#8220;][\/vc_column][vc_column width=&#8220;1\/4&#8243;][\/vc_column][\/vc_row][vc_row][vc_column][vc_empty_space height=&#8220;30px&#8220;][\/vc_column][\/vc_row][\/vc_section][vc_section full_width=&#8220;stretch_row&#8220; css=&#8220;.vc_custom_1563787458711{background-image: url(https:\/\/incust.com\/ua\/wp-content\/uploads\/sites\/2\/2019\/07\/7.png?id=4937) !important;background-position: center !important;background-repeat: no-repeat !important;background-size: cover !important;}&#8220; el_class=&#8220;modul-section&#8220;][vc_row][vc_column][vc_column_text css=&#8220;.vc_custom_1564750461711{margin-bottom: 0px !important;}&#8220;]\n<h2><\/h2>\n<h2 style=\"text-align: center; color: #ffffff;\">Integruje sa s modulmi<\/h2>\n[\/vc_column_text][\/vc_column][\/vc_row][vc_row equal_columns=&#8220;true&#8220; el_class=&#8220;modul-row-sng&#8220;][vc_column width=&#8220;2\/3&#8243; offset=&#8220;vc_col-lg-offset-2 vc_col-lg-8 vc_col-md-offset-2 vc_col-md-8 vc_col-sm-offset-0 vc_col-xs-12&#8243;][vc_row_inner column_padding=&#8220;2&#8243;][vc_column_inner el_class=&#8220;modul-sng modul-sng-long&#8220; width=&#8220;1\/12&#8243; offset=&#8220;vc_col-lg-1\/5 vc_col-md-1\/5 vc_col-xs-6&#8243;][vc_single_image image=&#8220;3855&#8243; img_size=&#8220;full&#8220; alignment=&#8220;center&#8220; onclick=&#8220;custom_link&#8220; el_class=&#8220;animated grow duration2 eds-on-hover&#8220; link=&#8220;https:\/\/incust.com\/sk\/modules\/pos\/&#8220;][vc_column_text css=&#8220;.vc_custom_1564147996129{margin-bottom: 0px !important;}&#8220;]\n<p style=\"text-align: center; color: #ffffff;\"><b>Poklad\u0148a (POS)<\/b><\/p>\n<p style=\"text-align: center; color: #ffffff;\"><span style=\"font-weight: 400;\">(na autentifik\u00e1ciu z\u00e1kazn\u00edkov a na umo\u017enenie samoobsluhy)<\/span><\/p>\n[\/vc_column_text][\/vc_column_inner][vc_column_inner el_class=&#8220;modul-sng modul-sng-long&#8220; width=&#8220;1\/12&#8243; offset=&#8220;vc_col-lg-1\/5 vc_col-md-1\/5 vc_col-xs-6&#8243;][vc_single_image image=&#8220;4933&#8243; img_size=&#8220;full&#8220; alignment=&#8220;center&#8220; onclick=&#8220;custom_link&#8220; link=&#8220;https:\/\/incust.com\/sk\/modules\/coupons-and-certificates\/&#8220; el_class=&#8220;animated grow duration2 eds-on-hover&#8220;][vc_column_text css=&#8220;.vc_custom_1564148038276{margin-bottom: 0px !important;}&#8220;]\n<p style=\"text-align: center; color: #ffffff;\"><b>Kup\u00f3ny a Certifik\u00e1ty <\/b><\/p>\n<p style=\"text-align: center; color: #ffffff;\"><span style=\"font-weight: 400;\">(aby z\u00e1kazn\u00edci mohli pou\u017e\u00edva\u0165 kup\u00f3ny a certifik\u00e1ty)<\/span><\/p>\n[\/vc_column_text][\/vc_column_inner][vc_column_inner el_class=&#8220;modul-sng modul-sng-long&#8220; width=&#8220;1\/12&#8243; offset=&#8220;vc_col-lg-1\/5 vc_col-md-1\/5 vc_col-xs-6&#8243;][vc_single_image image=&#8220;5248&#8243; img_size=&#8220;full&#8220; alignment=&#8220;center&#8220; onclick=&#8220;custom_link&#8220; link=&#8220;https:\/\/incust.com\/sk\/modules\/loyalty-and-rewards\/&#8220; el_class=&#8220;animated grow duration2 eds-on-hover&#8220;][vc_column_text css=&#8220;.vc_custom_1564132767263{margin-bottom: 0px !important;}&#8220;]\n<p style=\"text-align: center; color: #ffffff;\"><b>Vernos\u0165 a Odmeny<\/b><\/p>\n<p style=\"text-align: center; color: #ffffff;\"><span style=\"font-weight: 400;\">(umo\u017e\u0148uje oper\u00e1cie s odmenami z\u00e1kazn\u00edkov, bonusmi at\u010f.)<\/span><\/p>\n[\/vc_column_text][\/vc_column_inner][vc_column_inner el_class=&#8220;modul-sng modul-sng-long&#8220; width=&#8220;1\/12&#8243; offset=&#8220;vc_col-lg-1\/5 vc_col-md-1\/5 vc_col-xs-6&#8243;][vc_single_image image=&#8220;5036&#8243; img_size=&#8220;full&#8220; alignment=&#8220;center&#8220; onclick=&#8220;custom_link&#8220; link=&#8220;https:\/\/incust.com\/sk\/modules\/ticket-manager\/&#8220; el_class=&#8220;animated grow duration2 eds-on-hover&#8220;][vc_column_text css=&#8220;.vc_custom_1564148498868{margin-bottom: 0px !important;}&#8220;]\n<p style=\"text-align: center; color: #ffffff;\"><b>Spr\u00e1vca l\u00edstkov<\/b><\/p>\n<p style=\"text-align: center; color: #ffffff;\"><span style=\"font-weight: 400;\">(aby z\u00e1kazn\u00edci mohli kupova\u0165 a overova\u0165 l\u00edstky)<\/span><\/p>\n[\/vc_column_text][\/vc_column_inner][vc_column_inner el_class=&#8220;modul-sng modul-sng-long&#8220; width=&#8220;1\/12&#8243; offset=&#8220;vc_col-lg-offset-0 vc_col-lg-1\/5 vc_col-md-offset-0 vc_col-md-1\/5 vc_col-xs-offset-3 vc_col-xs-6&#8243;][vc_single_image image=&#8220;4935&#8243; img_size=&#8220;full&#8220; alignment=&#8220;center&#8220; onclick=&#8220;custom_link&#8220; link=&#8220;https:\/\/incust.com\/sk\/modules\/information-and-communications\/&#8220; el_class=&#8220;animated grow duration2 eds-on-hover&#8220;][vc_column_text css=&#8220;.vc_custom_1564148095380{margin-bottom: 0px !important;}&#8220;]\n<p style=\"text-align: center; color: #ffffff!important;\"><b>Inform\u00e1cie a Komunik\u00e1cia<\/b><\/p>\n<p style=\"text-align: center; color: #ffffff;\"><span style=\"font-weight: 400;\">(aby poskytova\u0165 inform\u00e1cie z\u00e1kazn\u00edkom)<\/span><\/p>\n[\/vc_column_text][\/vc_column_inner][\/vc_row_inner][vc_empty_space][\/vc_column][\/vc_row][\/vc_section][vc_row][vc_column][vc_empty_space height=&#8220;30px&#8220;][vc_column_text css=&#8220;.vc_custom_1564747170667{margin-bottom: 0px !important;}&#8220;]\n<h2 style=\"text-align: center;\">Cie\u013eov\u00e9 priemysly<\/h2>\n[\/vc_column_text][\/vc_column][\/vc_row][vc_row equal_columns=&#8220;true&#8220;][vc_column width=&#8220;1\/4&#8243;][\/vc_column][vc_column width=&#8220;1\/4&#8243; el_class=&#8220;benefit&#8220;][vc_single_image image=&#8220;4632&#8243; img_size=&#8220;95&#215;90&#8243; alignment=&#8220;center&#8220;][vc_column_text css=&#8220;.vc_custom_1564148569127{margin-bottom: 0px !important;}&#8220;]\n<p style=\"text-align: center; color: #01969d;\">BIZNISY NA MASOVOM TRHU<\/p>\n[\/vc_column_text][\/vc_column][vc_column width=&#8220;1\/4&#8243; el_class=&#8220;benefit&#8220;][vc_single_image image=&#8220;4663&#8243; img_size=&#8220;95&#215;90&#8243; alignment=&#8220;center&#8220;][vc_column_text css=&#8220;.vc_custom_1563457655856{margin-bottom: 0px !important;}&#8220;]\n<p style=\"text-align: center; color: #01969d;\">OBCHODN\u00c9 CENTR\u00c1<\/p>\n[\/vc_column_text][\/vc_column][vc_column width=&#8220;1\/4&#8243;][\/vc_column][\/vc_row][vc_row][vc_column][vc_empty_space height=&#8220;50px&#8220;][\/vc_column][\/vc_row][vc_row][vc_column width=&#8220;1\/4&#8243;][\/vc_column][vc_column width=&#8220;1\/4&#8243;][vc_btn title=&#8220;M\u00e1te z\u00e1ujem? Vysk\u00fa\u0161ajte to zadarmo&#8220; el_class=&#8220;btn-orange&#8220; link=&#8220;url:https%3A%2F%2Fbusiness.incust.com||target:%20_blank|&#8220;][\/vc_column][vc_column width=&#8220;1\/4&#8243;][vc_btn title=&#8220;M\u00e1te ot\u00e1zku? Porozpr\u00e1vajte sa s odborn\u00edkom&#8220; el_class=&#8220;btn-green&#8220; link=&#8220;url:https%3A%2F%2Fincust.com%2Fsk%2Fcontacts%2F&#8220;][\/vc_column][vc_column width=&#8220;1\/4&#8243;][\/vc_column][\/vc_row][vc_row][vc_column][vc_empty_space height=&#8220;50px&#8220;][\/vc_column][\/vc_row][vc_section full_width=&#8220;stretch_row&#8220; css=&#8220;.vc_custom_1563789138883{background-image: url(https:\/\/incust.com\/ua\/wp-content\/uploads\/sites\/2\/2019\/07\/belyu-1.png?id=5162) !important;background-position: center !important;background-repeat: no-repeat !important;background-size: cover !important;}&#8220;][vc_row][vc_column][vc_empty_space][vc_column_text css=&#8220;.vc_custom_1606070532576{margin-bottom: 0px !important;}&#8220;]\n<h2 style=\"text-align: center;\">Viac mo\u017enost\u00ed pre v\u00e1\u0161 biznis<\/h2>\n[\/vc_column_text][\/vc_column][\/vc_row][vc_row][vc_column width=&#8220;1\/2&#8243;][mk_custom_list icon_color=&#8220;#01969d&#8220;]\n<ul>\n<li><strong>Samoobslu\u017en\u00e9 oper\u00e1cie t\u00fdkaj\u00face sa nakupovania:<\/strong><\/li>\n<\/ul>\n<ul>\n<li style=\"list-style-type: none;\">\n<ul>\n<li style=\"font-weight: 400;\"><span style=\"font-weight: 400;\">&#8211; Pou\u017eitie elektronick\u00fdch prostriedkov na zaplatenie objedn\u00e1vky<\/span><\/li>\n<li style=\"font-weight: 400;\"><span style=\"font-weight: 400;\">&#8211; Vyd\u00e1vanie k\u00f3pie blo\u010dku<\/span><\/li>\n<li style=\"font-weight: 400;\"><span style=\"font-weight: 400;\">&#8211; Zobrazenie predt\u00fdm zadanej objedn\u00e1vky<\/span><\/li>\n<\/ul>\n<\/li>\n<\/ul>\n[\/mk_custom_list][mk_custom_list icon_color=&#8220;#01969d&#8220;]\n<ul>\n<li><strong>Samoobslu\u017en\u00e9 oper\u00e1cie s\u00favisiace so slu\u017ebami v predajnom mieste:<\/strong><\/li>\n<\/ul>\n<ul>\n<li style=\"list-style-type: none;\">\n<ul>\n<li style=\"font-weight: 400;\"><span style=\"font-weight: 400;\">&#8211; Sp\u00e4tn\u00e1 v\u00e4zba od z\u00e1kazn\u00edkov s cie\u013eom umo\u017eni\u0165 z\u00e1kazn\u00edkom zanecha\u0165 odkaz biznisu\u00a0<\/span><\/li>\n<li style=\"font-weight: 400;\"><span style=\"font-weight: 400;\">&#8211; Inform\u00e1cie o pr\u00edstupe k sieti Wi-Fi<\/span><\/li>\n<li style=\"font-weight: 400;\"><span style=\"font-weight: 400;\">&#8211; Prieskum z\u00e1kazn\u00edkov (na po\u017eiadanie)<\/span><\/li>\n<\/ul>\n<\/li>\n<\/ul>\n[\/mk_custom_list][mk_custom_list icon_color=&#8220;#01969d&#8220;]\n<ul>\n<li><strong>Autentifik\u00e1cia z\u00e1kazn\u00edkov pomocou r\u00f4znych mechanizmov podporovan\u00fdch platformou<\/strong><\/li>\n<\/ul>\n[\/mk_custom_list][\/vc_column][vc_column width=&#8220;1\/2&#8243;][mk_custom_list icon_color=&#8220;#01969d&#8220;]\n<ul>\n<li><strong>Samoobslu\u017en\u00e9 oper\u00e1cie t\u00fdkaj\u00face sa spr\u00e1vy l\u00edstkov:<\/strong><\/li>\n<\/ul>\n<ul>\n<li style=\"list-style-type: none;\">\n<ul>\n<li style=\"font-weight: 400;\"><span style=\"font-weight: 400;\">\u2013 Prezeranie dostupn\u00fdch l\u00edstkov<\/span><\/li>\n<li style=\"font-weight: 400;\"><span style=\"font-weight: 400;\">\u2013 Spracovanie l\u00edstkov<\/span><\/li>\n<li style=\"font-weight: 400;\"><span style=\"font-weight: 400;\">\u2013 N\u00e1kup l\u00edstkov<\/span><\/li>\n<\/ul>\n<\/li>\n<\/ul>\n[\/mk_custom_list][mk_custom_list icon_color=&#8220;#01969d&#8220;]\n<ul>\n<li><strong>Samoobslu\u017en\u00e9 oper\u00e1cie s\u00favisiace s riaden\u00edm lojality a odmien:<\/strong><\/li>\n<\/ul>\n<ul>\n<li style=\"list-style-type: none;\">\n<ul>\n<li style=\"font-weight: 400;\"><span style=\"font-weight: 400;\">&#8211; Mo\u017enos\u0165 pre biznis roz\u0161\u00edri\u0165 u\u017e prebiehaj\u00faci extern\u00fd vernostn\u00fd program o digit\u00e1lne n\u00e1stroje. Napr. ak biznis prev\u00e1dzkuje vernostn\u00fd program s plastov\u00fdmi kartami, m\u00f4\u017ee platforma overi\u0165 toto\u017enos\u0165 z\u00e1kazn\u00edka pomocou telef\u00f3nneho \u010d\u00edsla alebo QR k\u00f3du a nahl\u00e1si\u0165 \u010d\u00edslo plastovej karty z\u00e1kazn\u00edka pokladn\u00edkovi alebo registra\u010dnej pokladnici.<\/span><\/li>\n<\/ul>\n<\/li>\n<\/ul>\n[\/mk_custom_list][\/vc_column][\/vc_row][vc_row][vc_column][vc_empty_space][\/vc_column][\/vc_row][\/vc_section][vc_section full_width=&#8220;stretch_row&#8220; content_placement=&#8220;middle&#8220; css=&#8220;.vc_custom_1558764790982{background-image: url(\/en\/wp-content\/uploads\/sites\/7\/2019\/05\/logo-ft-32&#215;32.pnglogo-ft-32&#215;32.pngbg-ind-cta.png?id=3676) !important;}&#8220;][vc_row][vc_column width=&#8220;1\/2&#8243; el_class=&#8220;.sng-img&#8220;][vc_single_image image=&#8220;4750&#8243; img_size=&#8220;full&#8220; alignment=&#8220;center&#8220;][\/vc_column][vc_column width=&#8220;1\/2&#8243; el_class=&#8220;.mid-cont&#8220;][vc_column_text css=&#8220;.vc_custom_1565771964432{margin-bottom: 0px !important;}&#8220;]\n<h2>Chcete sa nau\u010di\u0165, ako \u010do najlep\u0161ie vyu\u017ei\u0165 z Informa\u010dn\u00e9ho panela Kiosk?<\/h2>\n[\/vc_column_text][vc_row_inner][vc_column_inner el_class=&#8220;.col-nopad&#8220; width=&#8220;1\/3&#8243; offset=&#8220;vc_col-lg-4 vc_col-md-4 vc_col-xs-8&#8243;][vc_btn title=&#8220;Porozpr\u00e1va\u0165 sa s odborn\u00edkom&#8220; el_class=&#8220;btn-wide btn-green&#8220; link=&#8220;url:%2Fsk%2Fcontacts%2F|target:_blank&#8220;][\/vc_column_inner][vc_column_inner width=&#8220;1\/3&#8243;][vc_btn title=&#8220;Vysk\u00fa\u0161a\u0165 to zadarmo&#8220; el_class=&#8220;btn-wide btn-orange&#8220; link=&#8220;url:https%3A%2F%2Fbusiness.incust.com||target:%20_blank|&#8220;][\/vc_column_inner][vc_column_inner width=&#8220;1\/3&#8243; offset=&#8220;vc_col-lg-4 vc_col-md-4 vc_col-xs-4&#8243;][vc_single_image image=&#8220;4719&#8243; img_size=&#8220;40&#215;40&#8243;][\/vc_column_inner][\/vc_row_inner][\/vc_column][\/vc_row][\/vc_section][vc_section][vc_row][vc_column][vc_empty_space][vc_column_text css=&#8220;.vc_custom_1593689438663{margin-bottom: 0px !important;}&#8220;]\n<div style=\"margin: auto; height: 3px; width: 70%; background: linear-gradient(to right, #f5f6f6 0%,#dbdce2 21%,#b8bac6 50%,#dddfe3 80%,#f5f6f6 100%);\"><\/div>\n[\/vc_column_text][vc_empty_space][\/vc_column][\/vc_row][\/vc_section][vc_section][vc_row][vc_column][vc_column_text css=&#8220;.vc_custom_1606070170010{margin-bottom: 0px !important;}&#8220;]\n<h2 style=\"text-align: center;\">\u010eal\u0161ie Inform\u00e1cie<\/h2>\n[\/vc_column_text][\/vc_column][\/vc_row][vc_row][vc_column width=&#8220;1\/3&#8243;][vc_single_image image=&#8220;6749&#8243; img_size=&#8220;376\u0445211&#8243; onclick=&#8220;custom_link&#8220; link=&#8220;https:\/\/incust.com\/files\/presentations\/clients\/benefits\/inCust_-_Benefits_and_advantages_for_your_business.pdf&#8220; el_class=&#8220;benefit2-img on-before-download-show-popup&#8220;][vc_empty_space height=&#8220;12px&#8220;][vc_column_text el_class=&#8220;on-before-download-show-popup&#8220; css=&#8220;.vc_custom_1593688598135{margin-bottom: 0px !important;}&#8220;]\n<p style=\"text-align: center;\"><a href=\"https:\/\/incust.com\/files\/presentations\/clients\/benefits\/inCust_-_Benefits_and_advantages_for_your_business.pdf\"><span style=\"font-weight: 400;\">Benefits and advantages for your business<\/span><\/a><\/p>\n[\/vc_column_text][\/vc_column][vc_column width=&#8220;1\/3&#8243;][vc_single_image image=&#8220;6830&#8243; img_size=&#8220;376\u0445211&#8243; onclick=&#8220;custom_link&#8220; link=&#8220;https:\/\/incust.com\/files\/presentations\/clients\/clm\/inCust_-_the_unique_CLM_solution.pdf&#8220; el_class=&#8220;benefit2-img on-before-download-show-popup&#8220;][vc_empty_space height=&#8220;12px&#8220;][vc_column_text el_class=&#8220;on-before-download-show-popup&#8220; css=&#8220;.vc_custom_1593688618000{margin-bottom: 0px !important;}&#8220;]\n<p style=\"text-align: center;\"><a href=\"https:\/\/incust.com\/files\/presentations\/clients\/clm\/inCust_-_the_unique_CLM_solution.pdf\"><span style=\"font-weight: 400;\">The unique CLM solution<\/span><\/a><\/p>\n[\/vc_column_text][\/vc_column][vc_column width=&#8220;1\/3&#8243;][vc_single_image image=&#8220;6742&#8243; img_size=&#8220;376\u0445211&#8243; onclick=&#8220;custom_link&#8220; link=&#8220;https:\/\/incust.com\/files\/presentations\/clients\/technical\/inCust_-_Features_and_instruments.pdf&#8220; el_class=&#8220;benefit2-img on-before-download-show-popup&#8220;][vc_empty_space height=&#8220;12px&#8220;][vc_column_text el_class=&#8220;on-before-download-show-popup&#8220; css=&#8220;.vc_custom_1593688684248{margin-bottom: 0px !important;}&#8220;]\n<p style=\"text-align: center;\"><a href=\"https:\/\/incust.com\/files\/presentations\/clients\/technical\/inCust_-_Features_and_instruments.pdf\"><span style=\"font-weight: 400;\">Features and instruments<\/span><\/a><\/p>\n[\/vc_column_text][\/vc_column][\/vc_row][\/vc_section]\n<\/div>","protected":false},"excerpt":{"rendered":"<p>[vc_section full_width=&#8220;stretch_row&#8220; content_placement=&#8220;middle&#8220; el_class=&#8220;header-page-sm&#8220; css=&#8220;.vc_custom_1564396125239{background-image: url(https:\/\/incust.com\/sk\/wp-content\/uploads\/sites\/7\/2019\/07\/head2.png?id=5316) !important;background-position: center !important;background-repeat: no-repeat !important;background-size: cover !important;}&#8220;][vc_row][vc_column][vc_column_text align=&#8220;center&#8220; css=&#8220;.vc_custom_1606070220855{margin-bottom: 0px !important;}&#8220;] Informa\u010dn\u00fd panel Kiosk [\/vc_column_text][\/vc_column][\/vc_row][\/vc_section][vc_section full_width=&#8220;stretch_row&#8220; css=&#8220;.vc_custom_1559199603804{background-color: #f4f8f9 !important;}&#8220;][vc_row][vc_column][vc_column_text css=&#8220;.vc_custom_1564122804375{margin-bottom: 0px !important;}&#8220;] inCust Kiosk je modul platformy inCust, ktor\u00fd umo\u017e\u0148uje va\u0161im z\u00e1kazn\u00edkom z\u00edska\u0165 \u0161irok\u00fa \u0161k\u00e1lu slu\u017eieb prostredn\u00edctvom interakcie s tabletov\u00fdm zariaden\u00edm so spusten\u00fdm softv\u00e9rom Kiosk. Tablet m\u00f4\u017eete nain\u0161talova\u0165 ved\u013ea [&hellip;]<\/p>\n","protected":false},"author":14,"featured_media":0,"parent":3639,"menu_order":0,"comment_status":"closed","ping_status":"closed","template":"","meta":{"footnotes":""},"_links":{"self":[{"href":"https:\/\/incust.com\/sk\/wp-json\/wp\/v2\/pages\/5238"}],"collection":[{"href":"https:\/\/incust.com\/sk\/wp-json\/wp\/v2\/pages"}],"about":[{"href":"https:\/\/incust.com\/sk\/wp-json\/wp\/v2\/types\/page"}],"author":[{"embeddable":true,"href":"https:\/\/incust.com\/sk\/wp-json\/wp\/v2\/users\/14"}],"replies":[{"embeddable":true,"href":"https:\/\/incust.com\/sk\/wp-json\/wp\/v2\/comments?post=5238"}],"version-history":[{"count":47,"href":"https:\/\/incust.com\/sk\/wp-json\/wp\/v2\/pages\/5238\/revisions"}],"predecessor-version":[{"id":7751,"href":"https:\/\/incust.com\/sk\/wp-json\/wp\/v2\/pages\/5238\/revisions\/7751"}],"up":[{"embeddable":true,"href":"https:\/\/incust.com\/sk\/wp-json\/wp\/v2\/pages\/3639"}],"wp:attachment":[{"href":"https:\/\/incust.com\/sk\/wp-json\/wp\/v2\/media?parent=5238"}],"curies":[{"name":"wp","href":"https:\/\/api.w.org\/{rel}","templated":true}]}}