{"id":5097,"date":"2019-07-24T09:04:58","date_gmt":"2019-07-24T14:04:58","guid":{"rendered":"https:\/\/incust.com\/sk\/?page_id=5097"},"modified":"2020-11-22T15:56:36","modified_gmt":"2020-11-22T20:56:36","slug":"hotels","status":"publish","type":"page","link":"https:\/\/incust.com\/sk\/industries\/hotels\/","title":{"rendered":"Hotel"},"content":{"rendered":"<div class=\"wpb-content-wrapper\">[vc_section full_width=&#8220;stretch_row&#8220; content_placement=&#8220;middle&#8220; el_class=&#8220;header-page-sm&#8220; css=&#8220;.vc_custom_1564051762153{background-image: url(https:\/\/incust.com\/sk\/wp-content\/uploads\/sites\/7\/2019\/07\/unnamed-file-6.png?id=5172) !important;background-position: center !important;background-repeat: no-repeat !important;background-size: cover !important;}&#8220;][vc_row][vc_column width=&#8220;5\/12&#8243; offset=&#8220;vc_col-lg-5 vc_col-md-5 vc_hidden-xs&#8220;][\/vc_column][vc_column width=&#8220;7\/12&#8243; offset=&#8220;vc_col-lg-7 vc_col-md-7 vc_col-xs-12&#8243;][vc_column_text align=&#8220;center&#8220; css=&#8220;.vc_custom_1602065667856{margin-bottom: 0px !important;}&#8220;]\n<h1 style=\"text-align: left;\">Riadenie \u017eivotn\u00e9ho cyklu z\u00e1kazn\u00edka pre hoteli<\/h1>\n[\/vc_column_text][\/vc_column][\/vc_row][\/vc_section][vc_row][vc_column][vc_column_text css=&#8220;.vc_custom_1602065695935{margin-bottom: 0px !important;}&#8220;]\n<h2><\/h2>\n<h2 style=\"text-align: center;\">Ak m\u00e1te<\/h2>\n[\/vc_column_text][\/vc_column][\/vc_row][vc_row equal_columns=&#8220;true&#8220;][vc_column width=&#8220;1\/4&#8243;][\/vc_column][vc_column width=&#8220;1\/4&#8243; el_class=&#8220;benefit&#8220;][vc_raw_html css=&#8220;.vc_custom_1602065726303{background-position: center !important;background-repeat: no-repeat !important;background-size: contain !important;}&#8220;]JTNDY2VudGVyJTNFJTNDYSUyMGNsYXNzJTNEJTIybW9kdWxlLWxpbmslMjIlMjBocmVmJTNEJTIyJTIzJTIyJTNFJTNDZGl2JTIwY2xhc3MlM0QlMjJpbWctd3JhcC1tb2QlMjIlMjBzdHlsZSUzRCUyMiUyMHdpZHRoJTNBJTIwNzVweCUzQiUyMiUzRSUzQ2ltZyUyMGNsYXNzJTNEJTIybW9kdWxlLWltZyUyMiUyMHNyYyUzRCUyMmh0dHBzJTNBJTJGJTJGaW5jdXN0LmNvbSUyRmVuJTJGd3AtY29udGVudCUyRnVwbG9hZHMlMkZzaXRlcyUyRjQlMkYyMDE5JTJGMDclMkZob3RlbF8xMDBweC5wbmclMjIlM0UlM0MlMkZkaXYlM0UlM0NiciUzRSUzQ2gzJTNFSG90ZWwlM0MlMkZoMyUzRSUwQSUzQ3AlM0UlMEElM0MlMkZwJTNFJTNDJTJGYSUzRSUzQyUyRmNlbnRlciUzRQ==[\/vc_raw_html][\/vc_column][vc_column width=&#8220;1\/4&#8243; el_class=&#8220;benefit&#8220;][vc_raw_html css=&#8220;.vc_custom_1602065740150{background-position: center !important;background-repeat: no-repeat !important;background-size: contain !important;}&#8220;]JTNDY2VudGVyJTNFJTNDYSUyMGNsYXNzJTNEJTIybW9kdWxlLWxpbmslMjIlMjBocmVmJTNEJTIyJTIzJTIyJTNFJTNDZGl2JTIwY2xhc3MlM0QlMjJpbWctd3JhcC1tb2QlMjIlMjBzdHlsZSUzRCUyMiUyMHdpZHRoJTNBJTIwNzVweCUzQiUyMiUzRSUzQ2ltZyUyMGNsYXNzJTNEJTIybW9kdWxlLWltZyUyMiUyMHNyYyUzRCUyMmh0dHBzJTNBJTJGJTJGaW5jdXN0LmNvbSUyRmVuJTJGd3AtY29udGVudCUyRnVwbG9hZHMlMkZzaXRlcyUyRjQlMkYyMDE5JTJGMDclMkZjYW1waW5nLXRlbnRfMTAwcHgucG5nJTIyJTNFJTNDJTJGZGl2JTNFJTNDYnIlM0UlM0NoMyUzRUtlbXB5JTNDJTJGaDMlM0UlMEElM0NwJTNFJTBBJTNDJTJGcCUzRSUzQyUyRmElM0UlM0MlMkZjZW50ZXIlM0U=[\/vc_raw_html][\/vc_column][vc_column width=&#8220;1\/4&#8243;][\/vc_column][\/vc_row][vc_row][vc_column border_color=&#8220;#eaeaea&#8220;][vc_empty_space][vc_column_text css=&#8220;.vc_custom_1602065770279{margin-bottom: 0px !important;}&#8220;]\n<p style=\"text-align: center;\"><span style=\"font-weight: 400;\">Hlavnou \u00falohou hotelov je poskytova\u0165 pohodlie a spokojnos\u0165 hos\u0165om a z\u00e1rove\u0148 zvy\u0161ova\u0165 zisky prostredn\u00edctvom doplnkov\u00fdch pon\u00fak tovaru a slu\u017eieb vr\u00e1tane kr\u00ed\u017eovej propag\u00e1cie.<\/span><\/p>\n<p style=\"text-align: center;\"><span style=\"font-weight: 400;\">Kup\u00f3ny prived\u00fa va\u0161ich host\u00ed do re\u0161taur\u00e1cie alebo do kozmetick\u00e9ho sal\u00f3nu, ktor\u00e9 m\u00e1 v\u00e1\u0161 hotel. Predplaten\u00e9 slu\u017eby sa daj\u00fa vyu\u017ei\u0165 na sledovanie vyu\u017e\u00edvania doplnkov\u00fdch slu\u017eieb pon\u00fakan\u00fdch v hoteli, ako s\u00fa bezplatn\u00e9 n\u00e1v\u0161tevy k\u00fape\u013eov alebo baz\u00e9nov alebo parkovacie parkovisko. Hotely m\u00f4\u017eu v\u010faka funkci\u00e1m inCust distribuova\u0165 stimuly slu\u017eieb tret\u00edch str\u00e1n a za t\u00fato distrib\u00faciu m\u00f4\u017eu by\u0165 odmenen\u00ed<\/span><\/p>\n[\/vc_column_text][vc_empty_space][\/vc_column][\/vc_row][vc_row][vc_column width=&#8220;1\/4&#8243;][\/vc_column][vc_column width=&#8220;1\/4&#8243;][vc_btn title=&#8220;M\u00e1te z\u00e1ujem? Vysk\u00fa\u0161ajte to zadarmo&#8220; el_class=&#8220;btn-orange&#8220; link=&#8220;url:https%3A%2F%2Fbusiness.incust.com||target:%20_blank|&#8220;][\/vc_column][vc_column width=&#8220;1\/4&#8243;][vc_btn title=&#8220;M\u00e1te ot\u00e1zku? Porozpr\u00e1vajte sa s odborn\u00edkom&#8220; el_class=&#8220;btn-green&#8220; link=&#8220;url:https%3A%2F%2Fincust.com%2Fsk%2Fcontacts%2F|||&#8220;][\/vc_column][vc_column width=&#8220;1\/4&#8243;][\/vc_column][\/vc_row][vc_row][vc_column][vc_empty_space][\/vc_column][\/vc_row][vc_section full_width=&#8220;stretch_row&#8220; css=&#8220;.vc_custom_1563802850865{background-image: url(https:\/\/incust.com\/sk\/wp-content\/uploads\/sites\/7\/2019\/07\/belyu.png?id=4826) !important;}&#8220; el_class=&#8220;modul-section&#8220;][vc_row][vc_column][vc_column_text css=&#8220;.vc_custom_1602065842163{margin-bottom: 0px !important;}&#8220;]\n<h2 style=\"text-align: center; color: white; font-weight: 600;\"><strong>S t\u00fdmito probl\u00e9mami v\u00e1m pom\u00f4\u017eeme<\/strong><\/h2>\n[\/vc_column_text][\/vc_column][\/vc_row][vc_row attached=&#8220;true&#8220; el_class=&#8220;list-col-2&#8243;][vc_column width=&#8220;1\/6&#8243;][\/vc_column][vc_column width=&#8220;1\/3&#8243;][vc_column_text css=&#8220;.vc_custom_1602065872515{margin-bottom: 0px !important;}&#8220;]\n<ul>\n<li>\n<p style=\"color: black; font-weight: 600; text-align: left;\"><strong>Ako poskytova\u0165 hviezdne slu\u017eby hos\u0165om<\/strong><\/p>\n<\/li>\n<li style=\"text-align: left;\">\n<p style=\"color: black; font-weight: 600; text-align: left;\"><strong>Ako stimulova\u0165 host\u00ed, aby odpor\u00fa\u010dali hotel ostatn\u00fdm<\/strong><\/p>\n<\/li>\n<\/ul>\n[\/vc_column_text][\/vc_column][vc_column width=&#8220;1\/3&#8243;][vc_column_text css=&#8220;.vc_custom_1602065902047{margin-bottom: 0px !important;}&#8220;]\n<ul>\n<li>\n<p style=\"color: black; font-weight: 600; text-align: left;\"><strong>Ako pred\u00e1va\u0165 doplnkov\u00fd tovar a slu\u017eby<\/strong><\/p>\n<\/li>\n<li style=\"text-align: left;\">\n<p style=\"color: black; font-weight: 600;\"><span style=\"font-weight: 400;\"><strong>Spolupr\u00e1ca s in\u00fdmi podnikmi pri kr\u00ed\u017eovej propag\u00e1cii slu\u017eieb<\/strong><\/span><\/p>\n<\/li>\n<\/ul>\n[\/vc_column_text][\/vc_column][vc_column width=&#8220;1\/6&#8243; el_class=&#8220;list-col-2&#8243;][\/vc_column][\/vc_row][\/vc_section][vc_section full_width=&#8220;stretch_row&#8220; content_placement=&#8220;middle&#8220; css=&#8220;.vc_custom_1563801522059{margin-bottom: 20px !important;}&#8220;][vc_row][vc_column][\/vc_column][\/vc_row][\/vc_section][vc_section][vc_row][vc_column][vc_column_text css=&#8220;.vc_custom_1602065918151{margin-bottom: 0px !important;}&#8220;]\n<h2 style=\"text-align: center;\">V\u00fdhody pre v\u00e1s<\/h2>\n[\/vc_column_text][\/vc_column][\/vc_row][vc_row equal_columns=&#8220;true&#8220; el_class=&#8220;ben-three-row&#8220;][vc_column width=&#8220;1\/3&#8243; el_class=&#8220;benefit&#8220; offset=&#8220;vc_col-lg-offset-0 vc_col-lg-4 vc_col-md-4 vc_col-xs-12&#8243;][vc_single_image image=&#8220;4853&#8243; img_size=&#8220;75&#215;70&#8243; alignment=&#8220;center&#8220;][vc_column_text css=&#8220;.vc_custom_1602065952305{margin-bottom: 0px !important;}&#8220;]\n<p style=\"text-align: center; color: gray;\"><span style=\"font-weight: 400;\">Pou\u017e\u00edva\u0165 kup\u00f3ny a certifik\u00e1ty na stimulovanie n\u00e1kupu doplnkov\u00e9ho tovaru a slu\u017eieb<\/span><\/p>\n[\/vc_column_text][\/vc_column][vc_column width=&#8220;1\/3&#8243; el_class=&#8220;benefit&#8220; offset=&#8220;vc_col-lg-4 vc_col-md-4 vc_col-xs-12&#8243;][vc_single_image image=&#8220;4878&#8243; img_size=&#8220;75&#215;75&#8243; alignment=&#8220;center&#8220;][vc_column_text css=&#8220;.vc_custom_1602065960350{margin-bottom: 0px !important;}&#8220;]\n<p style=\"text-align: center; color: gray;\"><span style=\"font-weight: 400;\">Odme\u0148te svojich host\u00ed za vychva\u013eovanie o va\u0161om hoteli pomocou viac\u00farov\u0148ov\u00e9ho sprostredkovacieho syst\u00e9mu<\/span><\/p>\n[\/vc_column_text][\/vc_column][vc_column width=&#8220;1\/3&#8243; el_class=&#8220;benefit&#8220; offset=&#8220;vc_col-lg-4 vc_col-md-4 vc_col-xs-12&#8243;][vc_single_image image=&#8220;4819&#8243; img_size=&#8220;70&#215;70&#8243; alignment=&#8220;center&#8220;][vc_column_text css=&#8220;.vc_custom_1602065982469{margin-bottom: 0px !important;}&#8220;]\n<p style=\"text-align: center; color: gray;\"><span style=\"font-weight: 400;\">Spolupracujte s okolit\u00fdmi podnikmi pri kr\u00ed\u017eovej propag\u00e1cii pomocou poskytnut\u00fdch n\u00e1strojov<\/span><\/p>\n[\/vc_column_text][\/vc_column][\/vc_row][vc_row equal_columns=&#8220;true&#8220;][vc_column width=&#8220;1\/4&#8243;][\/vc_column][vc_column width=&#8220;1\/4&#8243; el_class=&#8220;benefit&#8220;][vc_single_image image=&#8220;4811&#8243; img_size=&#8220;75&#215;77&#8243; alignment=&#8220;center&#8220;][vc_column_text css=&#8220;.vc_custom_1602066001990{margin-bottom: 0px !important;}&#8220;]\n<p style=\"text-align: center; color: gray;\"><span style=\"font-weight: 400;\">Spracujte predaj slu\u017eieb a tovaru pomocou POS softv\u00e9ru od inCust<\/span><\/p>\n[\/vc_column_text][\/vc_column][vc_column width=&#8220;1\/4&#8243; el_class=&#8220;benefit&#8220;][vc_single_image image=&#8220;4818&#8243; img_size=&#8220;70&#215;70&#8243; alignment=&#8220;center&#8220;][vc_column_text css=&#8220;.vc_custom_1602066017896{margin-bottom: 0px !important;}&#8220;]\n<p style=\"text-align: center; color: gray;\"><span style=\"font-weight: 400;\">Nechajte host\u00ed dozvedie\u0165 sa a vyu\u017e\u00edva\u0165 va\u0161e ponuky prostredn\u00edctvom svojpomocn\u00e9ho rie\u0161enia Kiosk<\/span><\/p>\n[\/vc_column_text][\/vc_column][vc_column width=&#8220;1\/4&#8243;][\/vc_column][\/vc_row][vc_row][vc_column][vc_empty_space height=&#8220;62px&#8220;][\/vc_column][\/vc_row][vc_row][vc_column width=&#8220;1\/4&#8243;][\/vc_column][vc_column width=&#8220;1\/4&#8243;][vc_btn title=&#8220;M\u00e1te z\u00e1ujem? Vysk\u00fa\u0161ajte to zadarmo&#8220; el_class=&#8220;btn-orange&#8220; link=&#8220;url:https%3A%2F%2Fbusiness.incust.com||target:%20_blank|&#8220;][\/vc_column][vc_column width=&#8220;1\/4&#8243;][vc_btn title=&#8220;M\u00e1te ot\u00e1zku? Porozpr\u00e1vajte sa s odborn\u00edkom&#8220; el_class=&#8220;btn-green&#8220; link=&#8220;url:https%3A%2F%2Fincust.com%2Fsk%2Fcontacts%2F|||&#8220;][\/vc_column][vc_column width=&#8220;1\/4&#8243;][\/vc_column][\/vc_row][vc_row][vc_column][vc_empty_space height=&#8220;52px&#8220;][\/vc_column][\/vc_row][\/vc_section][vc_row][\/vc_row][vc_section full_width=&#8220;stretch_row&#8220; css=&#8220;.vc_custom_1563801041781{background-image: url(https:\/\/incust.com\/sk\/wp-content\/uploads\/sites\/7\/2019\/07\/7.png?id=4603) !important;}&#8220; el_class=&#8220;modul-section&#8220;][vc_row][vc_column][vc_column_text css=&#8220;.vc_custom_1602066083445{margin-bottom: 0px !important;}&#8220;]\n<h2 style=\"text-align: center; color: white; font-weight: 600;\">M\u00e1me pre v\u00e1s spr\u00e1vne n\u00e1stroje<\/h2>\n[\/vc_column_text][vc_empty_space height=&#8220;12px&#8220;][\/vc_column][\/vc_row][vc_row equal_columns=&#8220;true&#8220; el_class=&#8220;modul-row-sng&#8220;][vc_column offset=&#8220;vc_col-lg-offset-3 vc_col-lg-6 vc_col-md-offset-3 vc_col-md-6 vc_col-sm-offset-0 vc_col-xs-12&#8243;][vc_row_inner][vc_column_inner el_class=&#8220;modul-sng&#8220; width=&#8220;1\/3&#8243; offset=&#8220;vc_col-lg-4 vc_col-md-4 vc_col-xs-6&#8243;][vc_single_image image=&#8220;3855&#8243; img_size=&#8220;full&#8220; alignment=&#8220;center&#8220; onclick=&#8220;custom_link&#8220; css_animation=&#8220;none&#8220; css=&#8220;.vc_custom_1566223392332{background-image: url(https:\/\/incust.com\/sk\/wp-content\/uploads\/sites\/7\/2019\/07\/writing.png?id=4796) !important;}&#8220; el_class=&#8220;animated grow duration2 eds-on-hover&#8220; link=&#8220;https:\/\/incust.com\/sk\/modules\/pos\/&#8220;][vc_column_text css=&#8220;.vc_custom_1602066100508{margin-bottom: 0px !important;}&#8220;]\n<p style=\"color: white; text-align: center;\">Poklad\u0148a (POS)<\/p>\n[\/vc_column_text][\/vc_column_inner][vc_column_inner el_class=&#8220;modul-sng&#8220; width=&#8220;1\/3&#8243; offset=&#8220;vc_col-lg-4 vc_col-md-4 vc_col-xs-6&#8243;][vc_single_image image=&#8220;4867&#8243; img_size=&#8220;full&#8220; alignment=&#8220;center&#8220; onclick=&#8220;custom_link&#8220; el_class=&#8220;animated grow duration2 eds-on-hover&#8220; link=&#8220;https:\/\/incust.com\/sk\/modules\/prepaid-goods-and-services\/&#8220;][vc_column_text css=&#8220;.vc_custom_1602066118559{margin-bottom: 0px !important;}&#8220;]\n<p style=\"color: white; text-align: center;\"><span style=\"font-weight: 400;\">Predplaten\u00e9 tovary a slu\u017eby<\/span><\/p>\n[\/vc_column_text][\/vc_column_inner][vc_column_inner el_class=&#8220;modul-sng&#8220; width=&#8220;1\/3&#8243; offset=&#8220;vc_col-lg-4 vc_col-md-4 vc_col-xs-6&#8243;][vc_single_image image=&#8220;4933&#8243; img_size=&#8220;full&#8220; alignment=&#8220;center&#8220; onclick=&#8220;custom_link&#8220; el_class=&#8220;animated grow duration2 eds-on-hover&#8220; link=&#8220;https:\/\/incust.com\/sk\/modules\/coupons-and-certificates\/&#8220;][vc_column_text css=&#8220;.vc_custom_1602066129913{margin-bottom: 0px !important;}&#8220;]\n<p style=\"color: white; text-align: center;\"><span style=\"font-weight: 400;\">Kup\u00f3ny a Certifik\u00e1ty<\/span><\/p>\n[\/vc_column_text][\/vc_column_inner][vc_column_inner el_class=&#8220;modul-sng&#8220; offset=&#8220;vc_col-lg-offset-2 vc_col-lg-4 vc_col-md-offset-2 vc_col-md-4 vc_col-xs-6&#8243;][vc_single_image image=&#8220;4310&#8243; img_size=&#8220;full&#8220; alignment=&#8220;center&#8220; onclick=&#8220;custom_link&#8220; el_class=&#8220;animated grow duration2 eds-on-hover&#8220; link=&#8220;https:\/\/incust.com\/sk\/modules\/customer-database\/&#8220;][vc_column_text css=&#8220;.vc_custom_1602066161169{margin-bottom: 0px !important;}&#8220;]\n<p style=\"color: white; text-align: center;\">Datab\u00e1za z\u00e1kazn\u00edkov<\/p>\n[\/vc_column_text][\/vc_column_inner][vc_column_inner el_class=&#8220;modul-sng&#8220; offset=&#8220;vc_col-lg-offset-0 vc_col-lg-4 vc_col-md-offset-0 vc_col-md-4 vc_col-xs-offset-3 vc_col-xs-6&#8243;][vc_single_image image=&#8220;4935&#8243; img_size=&#8220;full&#8220; alignment=&#8220;center&#8220; onclick=&#8220;custom_link&#8220; el_class=&#8220;animated grow duration2 eds-on-hover&#8220; link=&#8220;https:\/\/incust.com\/sk\/modules\/information-and-communications\/&#8220;][vc_column_text css=&#8220;.vc_custom_1602066144461{margin-bottom: 0px !important;}&#8220;]\n<p style=\"color: white; text-align: center;\"><span style=\"font-weight: 400;\">Inform\u00e1cie a Komunik\u00e1cia<\/span><\/p>\n[\/vc_column_text][\/vc_column_inner][\/vc_row_inner][\/vc_column][\/vc_row][vc_row][vc_column css=&#8220;.vc_custom_1559903272062{margin-top: 10px !important;}&#8220;][vc_btn title=&#8220;Zobrazi\u0165 v\u0161etky moduly&#8220; color=&#8220;white&#8220; align=&#8220;center&#8220; link=&#8220;url:%2Fsk%2Fmodules%2F|||&#8220;][vc_empty_space][\/vc_column][\/vc_row][\/vc_section][vc_section full_width=&#8220;stretch_row&#8220; content_placement=&#8220;middle&#8220; css=&#8220;.vc_custom_1558764790982{background-image: url(\/en\/wp-content\/uploads\/sites\/7\/2019\/05\/logo-ft-32&#215;32.pnglogo-ft-32&#215;32.pngbg-ind-cta.png?id=3676) !important;}&#8220;][vc_row][vc_column width=&#8220;1\/2&#8243; el_class=&#8220;.sng-img&#8220;][vc_single_image image=&#8220;4858&#8243; img_size=&#8220;full&#8220; alignment=&#8220;center&#8220;][\/vc_column][vc_column width=&#8220;1\/2&#8243; el_class=&#8220;.mid-cont&#8220;][vc_column_text css=&#8220;.vc_custom_1602066211608{margin-bottom: 0px !important;}&#8220;]\n<h2>M\u00e1te konkr\u00e9tne potreby a \u00falohy?<\/h2>\n<p style=\"color: black; font-weight: 600;\">N\u00e1jdime spolu najlep\u0161ie rie\u0161enie<\/p>\n[\/vc_column_text][vc_row_inner][vc_column_inner el_class=&#8220;.col-nopad&#8220; width=&#8220;1\/3&#8243; offset=&#8220;vc_col-lg-4 vc_col-md-4 vc_col-xs-8&#8243;][vc_btn title=&#8220;Vytvori\u0165 individu\u00e1lne rie\u0161enie&#8220; el_class=&#8220;btn-wide btn-orange&#8220; link=&#8220;url:%2Fsk%2Fcontacts%2F|||&#8220;][\/vc_column_inner][vc_column_inner width=&#8220;2\/3&#8243; offset=&#8220;vc_col-lg-8 vc_col-md-8 vc_col-xs-4&#8243;][vc_single_image image=&#8220;4719&#8243; img_size=&#8220;40&#215;40&#8243;][\/vc_column_inner][\/vc_row_inner][\/vc_column][\/vc_row][\/vc_section][vc_section][vc_row][vc_column][vc_empty_space][vc_column_text css=&#8220;.vc_custom_1593689438663{margin-bottom: 0px !important;}&#8220;]\n<div style=\"margin: auto; height: 3px; width: 70%; background: linear-gradient(to right, #f5f6f6 0%,#dbdce2 21%,#b8bac6 50%,#dddfe3 80%,#f5f6f6 100%);\"><\/div>\n[\/vc_column_text][vc_empty_space][\/vc_column][\/vc_row][\/vc_section][vc_section][vc_row][vc_column][vc_column_text css=&#8220;.vc_custom_1606078585390{margin-bottom: 0px !important;}&#8220;]\n<h2 style=\"text-align: center;\">\u010eal\u0161ie Inform\u00e1cie<\/h2>\n[\/vc_column_text][\/vc_column][\/vc_row][vc_row][vc_column width=&#8220;1\/4&#8243;][vc_single_image image=&#8220;6765&#8243; img_size=&#8220;376\u0445211&#8243; onclick=&#8220;custom_link&#8220; link=&#8220;https:\/\/incust.com\/files\/presentations\/industrial\/short\/ENG\/inCust_-_complete_solution_for_hotels.pdf&#8220; el_class=&#8220;benefit2-img on-before-download-show-popup&#8220;][vc_empty_space height=&#8220;12px&#8220;][vc_column_text el_class=&#8220;on-before-download-show-popup&#8220; css=&#8220;.vc_custom_1594221599292{margin-bottom: 0px !important;}&#8220;]\n<p style=\"text-align: center;\"><a href=\"https:\/\/incust.com\/files\/presentations\/industrial\/short\/ENG\/inCust_-_complete_solution_for_hotels.pdf\"><span style=\"font-weight: 400;\">Complete solution for hotels<\/span><\/a><\/p>\n[\/vc_column_text][\/vc_column][vc_column width=&#8220;1\/4&#8243;][vc_single_image image=&#8220;6764&#8243; img_size=&#8220;376\u0445211&#8243; onclick=&#8220;custom_link&#8220; link=&#8220;https:\/\/incust.com\/files\/presentations\/industrial\/technical\/ENG\/inCust_-_complete_solution_for_hotels_-_technical_description.pdf&#8220; el_class=&#8220;benefit2-img on-before-download-show-popup&#8220;][vc_empty_space height=&#8220;12px&#8220;][vc_column_text el_class=&#8220;on-before-download-show-popup&#8220; css=&#8220;.vc_custom_1594221641366{margin-bottom: 0px !important;}&#8220;]\n<p style=\"text-align: center;\"><a href=\"https:\/\/incust.com\/files\/presentations\/industrial\/technical\/ENG\/inCust_-_complete_solution_for_hotels_-_technical_description.pdf\"><span style=\"font-weight: 400;\">Complete solution for hotels &#8211; technical description<\/span><\/a><\/p>\n[\/vc_column_text][\/vc_column][vc_column width=&#8220;1\/4&#8243;][vc_single_image image=&#8220;6830&#8243; img_size=&#8220;376\u0445211&#8243; onclick=&#8220;custom_link&#8220; link=&#8220;https:\/\/incust.com\/files\/presentations\/clients\/clm\/inCust_-_the_unique_CLM_solution.pdf&#8220; el_class=&#8220;benefit2-img on-before-download-show-popup&#8220;][vc_empty_space height=&#8220;12px&#8220;][vc_column_text el_class=&#8220;on-before-download-show-popup&#8220; css=&#8220;.vc_custom_1593688618000{margin-bottom: 0px !important;}&#8220;]\n<p style=\"text-align: center;\"><a href=\"https:\/\/incust.com\/files\/presentations\/clients\/clm\/inCust_-_the_unique_CLM_solution.pdf\"><span style=\"font-weight: 400;\">The unique CLM solution<\/span><\/a><\/p>\n[\/vc_column_text][\/vc_column][vc_column width=&#8220;1\/4&#8243;][vc_single_image image=&#8220;6749&#8243; img_size=&#8220;376\u0445211&#8243; onclick=&#8220;custom_link&#8220; link=&#8220;https:\/\/incust.com\/files\/presentations\/clients\/benefits\/inCust_-_Benefits_and_advantages_for_your_business.pdf&#8220; el_class=&#8220;benefit2-img on-before-download-show-popup&#8220;][vc_empty_space height=&#8220;12px&#8220;][vc_column_text el_class=&#8220;on-before-download-show-popup&#8220; css=&#8220;.vc_custom_1593688598135{margin-bottom: 0px !important;}&#8220;]\n<p style=\"text-align: center;\"><a href=\"https:\/\/incust.com\/files\/presentations\/clients\/benefits\/inCust_-_Benefits_and_advantages_for_your_business.pdf\"><span style=\"font-weight: 400;\">Benefits and advantages for your business<\/span><\/a><\/p>\n[\/vc_column_text][\/vc_column][\/vc_row][\/vc_section]\n<\/div>","protected":false},"excerpt":{"rendered":"<p>[vc_section full_width=&#8220;stretch_row&#8220; content_placement=&#8220;middle&#8220; el_class=&#8220;header-page-sm&#8220; css=&#8220;.vc_custom_1564051762153{background-image: url(https:\/\/incust.com\/sk\/wp-content\/uploads\/sites\/7\/2019\/07\/unnamed-file-6.png?id=5172) !important;background-position: center !important;background-repeat: no-repeat !important;background-size: cover !important;}&#8220;][vc_row][vc_column width=&#8220;5\/12&#8243; offset=&#8220;vc_col-lg-5 vc_col-md-5 vc_hidden-xs&#8220;][\/vc_column][vc_column width=&#8220;7\/12&#8243; offset=&#8220;vc_col-lg-7 vc_col-md-7 vc_col-xs-12&#8243;][vc_column_text align=&#8220;center&#8220; css=&#8220;.vc_custom_1602065667856{margin-bottom: 0px !important;}&#8220;] Riadenie \u017eivotn\u00e9ho cyklu z\u00e1kazn\u00edka pre hoteli [\/vc_column_text][\/vc_column][\/vc_row][\/vc_section][vc_row][vc_column][vc_column_text css=&#8220;.vc_custom_1602065695935{margin-bottom: 0px !important;}&#8220;] Ak m\u00e1te [\/vc_column_text][\/vc_column][\/vc_row][vc_row equal_columns=&#8220;true&#8220;][vc_column width=&#8220;1\/4&#8243;][\/vc_column][vc_column width=&#8220;1\/4&#8243; el_class=&#8220;benefit&#8220;][vc_raw_html css=&#8220;.vc_custom_1602065726303{background-position: center !important;background-repeat: no-repeat !important;background-size: contain !important;}&#8220;]JTNDY2VudGVyJTNFJTNDYSUyMGNsYXNzJTNEJTIybW9kdWxlLWxpbmslMjIlMjBocmVmJTNEJTIyJTIzJTIyJTNFJTNDZGl2JTIwY2xhc3MlM0QlMjJpbWctd3JhcC1tb2QlMjIlMjBzdHlsZSUzRCUyMiUyMHdpZHRoJTNBJTIwNzVweCUzQiUyMiUzRSUzQ2ltZyUyMGNsYXNzJTNEJTIybW9kdWxlLWltZyUyMiUyMHNyYyUzRCUyMmh0dHBzJTNBJTJGJTJGaW5jdXN0LmNvbSUyRmVuJTJGd3AtY29udGVudCUyRnVwbG9hZHMlMkZzaXRlcyUyRjQlMkYyMDE5JTJGMDclMkZob3RlbF8xMDBweC5wbmclMjIlM0UlM0MlMkZkaXYlM0UlM0NiciUzRSUzQ2gzJTNFSG90ZWwlM0MlMkZoMyUzRSUwQSUzQ3AlM0UlMEElM0MlMkZwJTNFJTNDJTJGYSUzRSUzQyUyRmNlbnRlciUzRQ==[\/vc_raw_html][\/vc_column][vc_column width=&#8220;1\/4&#8243; el_class=&#8220;benefit&#8220;][vc_raw_html css=&#8220;.vc_custom_1602065740150{background-position: center !important;background-repeat: no-repeat [&hellip;]<\/p>\n","protected":false},"author":22,"featured_media":0,"parent":3641,"menu_order":0,"comment_status":"closed","ping_status":"closed","template":"","meta":{"footnotes":""},"_links":{"self":[{"href":"https:\/\/incust.com\/sk\/wp-json\/wp\/v2\/pages\/5097"}],"collection":[{"href":"https:\/\/incust.com\/sk\/wp-json\/wp\/v2\/pages"}],"about":[{"href":"https:\/\/incust.com\/sk\/wp-json\/wp\/v2\/types\/page"}],"author":[{"embeddable":true,"href":"https:\/\/incust.com\/sk\/wp-json\/wp\/v2\/users\/22"}],"replies":[{"embeddable":true,"href":"https:\/\/incust.com\/sk\/wp-json\/wp\/v2\/comments?post=5097"}],"version-history":[{"count":21,"href":"https:\/\/incust.com\/sk\/wp-json\/wp\/v2\/pages\/5097\/revisions"}],"predecessor-version":[{"id":7784,"href":"https:\/\/incust.com\/sk\/wp-json\/wp\/v2\/pages\/5097\/revisions\/7784"}],"up":[{"embeddable":true,"href":"https:\/\/incust.com\/sk\/wp-json\/wp\/v2\/pages\/3641"}],"wp:attachment":[{"href":"https:\/\/incust.com\/sk\/wp-json\/wp\/v2\/media?parent=5097"}],"curies":[{"name":"wp","href":"https:\/\/api.w.org\/{rel}","templated":true}]}}