{"id":5075,"date":"2019-07-24T08:44:42","date_gmt":"2019-07-24T13:44:42","guid":{"rendered":"https:\/\/incust.com\/sk\/?page_id=5075"},"modified":"2020-11-22T16:11:19","modified_gmt":"2020-11-22T21:11:19","slug":"local-governments","status":"publish","type":"page","link":"https:\/\/incust.com\/sk\/industries\/local-governments\/","title":{"rendered":"Miestna vl\u00e1da"},"content":{"rendered":"<div class=\"wpb-content-wrapper\">[vc_section full_width=&#8220;stretch_row&#8220; content_placement=&#8220;middle&#8220; el_class=&#8220;header-page-sm&#8220; css=&#8220;.vc_custom_1564051135943{background-image: url(https:\/\/incust.com\/sk\/wp-content\/uploads\/sites\/7\/2019\/07\/1-2-1.png?id=5159) !important;background-position: center !important;background-repeat: no-repeat !important;background-size: cover !important;}&#8220;][vc_row][vc_column width=&#8220;5\/12&#8243; offset=&#8220;vc_col-lg-5 vc_col-md-5 vc_hidden-xs&#8220;][\/vc_column][vc_column width=&#8220;7\/12&#8243; offset=&#8220;vc_col-lg-7 vc_col-md-7 vc_col-xs-12&#8243;][vc_column_text align=&#8220;center&#8220; css=&#8220;.vc_custom_1602067397124{margin-bottom: 0px !important;}&#8220;]\n<h1 style=\"text-align: left;\">Slu\u017eba miestnym obyvate\u013eom a hos\u0165om v mest\u00e1ch<\/h1>\n[\/vc_column_text][\/vc_column][\/vc_row][\/vc_section][vc_row][vc_column][vc_column_text css=&#8220;.vc_custom_1602067408951{margin-bottom: 0px !important;}&#8220;]\n<h2><\/h2>\n<h2 style=\"text-align: center;\">Ak ste<\/h2>\n[\/vc_column_text][\/vc_column][\/vc_row][vc_row equal_columns=&#8220;true&#8220;][vc_column width=&#8220;1\/4&#8243;][\/vc_column][vc_column width=&#8220;1\/4&#8243; el_class=&#8220;benefit&#8220;][vc_raw_html]JTNDY2VudGVyJTNFJTNDYSUyMGNsYXNzJTNEJTIybW9kdWxlLWxpbmslMjIlMjBocmVmJTNEJTIyJTIzJTIyJTNFJTNDZGl2JTIwY2xhc3MlM0QlMjJpbWctd3JhcC1tb2QlMjIlMjBzdHlsZSUzRCUyMiUyMHdpZHRoJTNBJTIwNzVweCUzQiUyMiUzRSUzQ2ltZyUyMGNsYXNzJTNEJTIybW9kdWxlLWltZyUyMiUyMHNyYyUzRCUyMmh0dHBzJTNBJTJGJTJGaW5jdXN0LmNvbSUyRmVuJTJGd3AtY29udGVudCUyRnVwbG9hZHMlMkZzaXRlcyUyRjQlMkYyMDE5JTJGMDclMkZjaXR5LWhhbGxfMTAwcHgucG5nJTIyJTNFJTNDJTJGZGl2JTNFJTNDYnIlM0UlM0NoMyUzRU9iZWMlM0MlMkZoMyUzRSUwQSUzQ3AlM0UlMEElM0MlMkZwJTNFJTNDJTJGYSUzRSUzQyUyRmNlbnRlciUzRQ==[\/vc_raw_html][\/vc_column][vc_column width=&#8220;1\/4&#8243; el_class=&#8220;benefit&#8220;][vc_raw_html css=&#8220;.vc_custom_1602067435310{background-position: center !important;background-repeat: no-repeat !important;background-size: contain !important;}&#8220;]JTNDY2VudGVyJTNFJTNDYSUyMGNsYXNzJTNEJTIybW9kdWxlLWxpbmslMjIlMjBocmVmJTNEJTIyJTIzJTIyJTNFJTNDZGl2JTIwY2xhc3MlM0QlMjJpbWctd3JhcC1tb2QlMjIlMjBzdHlsZSUzRCUyMiUyMHdpZHRoJTNBJTIwNzVweCUzQiUyMiUzRSUzQ2ltZyUyMGNsYXNzJTNEJTIybW9kdWxlLWltZyUyMiUyMHNyYyUzRCUyMmh0dHBzJTNBJTJGJTJGaW5jdXN0LmNvbSUyRmVuJTJGd3AtY29udGVudCUyRnVwbG9hZHMlMkZzaXRlcyUyRjQlMkYyMDE5JTJGMDclMkZwYXJsaWFtZW50XzEwMHB4LnBuZyUyMiUzRSUzQyUyRmRpdiUzRSUzQ2JyJTNFJTNDaDMlM0VNaWVzdG5hJTIwdmwlQzMlQTFkYSUzQyUyRmgzJTNFJTBBJTNDcCUzRSUwQSUzQyUyRnAlM0UlM0MlMkZhJTNFJTNDJTJGY2VudGVyJTNF[\/vc_raw_html][\/vc_column][vc_column width=&#8220;1\/4&#8243;][\/vc_column][\/vc_row][vc_row][vc_column border_color=&#8220;#eaeaea&#8220;][vc_empty_space][vc_column_text css=&#8220;.vc_custom_1602067467790{margin-bottom: 0px !important;}&#8220;]\n<p style=\"text-align: center;\"><span style=\"font-weight: 400;\">Cestovn\u00fd ruch je silnou hnacou silou miestnej hospod\u00e1rskej \u010dinnosti a zdrojom pr\u00edjmov pre miestne rozpo\u010dty. Vl\u00e1dy miest musia pom\u00f4c\u0165 turistom a podnikom navz\u00e1jom sa stret\u00e1va\u0165. \u010eal\u0161\u00edm be\u017en\u00fdm probl\u00e9mom mesta je usporiadanie spravodliv\u00e9ho parkovania v meste.<\/span><\/p>\n<p style=\"text-align: center;\">Platforma inCust sa d\u00e1 pou\u017ei\u0165 na vytv\u00e1ranie r\u00f4znych koali\u010dn\u00fdch programov, na spustenie projektov mestsk\u00fdch kariet alebo turistick\u00fdch kariet, spracovanie platieb za parkovanie a podporu r\u00f4znych soci\u00e1lnych projektov mestsk\u00fdch spolo\u010denstiev.<\/p>\n[\/vc_column_text][vc_empty_space][\/vc_column][\/vc_row][vc_row][vc_column width=&#8220;1\/4&#8243;][\/vc_column][vc_column width=&#8220;1\/4&#8243;][vc_btn title=&#8220;M\u00e1te ot\u00e1zku? Porozpr\u00e1vajte sa s odborn\u00edkom&#8220; el_class=&#8220;btn-orange&#8220; link=&#8220;url:https%3A%2F%2Fincust.com%2Fsk%2Fcontacts%2F|||&#8220;][\/vc_column][vc_column width=&#8220;1\/4&#8243;][vc_btn title=&#8220;M\u00e1te z\u00e1ujem? Vysk\u00fa\u0161ajte to zadarmo&#8220; el_class=&#8220;btn-green&#8220; link=&#8220;url:https%3A%2F%2Fbusiness.incust.com||target:%20_blank|&#8220;][\/vc_column][vc_column width=&#8220;1\/4&#8243;][\/vc_column][\/vc_row][vc_row][vc_column][vc_empty_space][\/vc_column][\/vc_row][vc_section full_width=&#8220;stretch_row&#8220; css=&#8220;.vc_custom_1563802850865{background-image: url(https:\/\/incust.com\/sk\/wp-content\/uploads\/sites\/7\/2019\/07\/belyu.png?id=4826) !important;}&#8220; el_class=&#8220;modul-section&#8220;][vc_row][vc_column][vc_column_text css=&#8220;.vc_custom_1602067532149{margin-bottom: 0px !important;}&#8220;]\n<h2 style=\"text-align: center; color: white; font-weight: 600;\"><strong>S t\u00fdmito probl\u00e9mami v\u00e1m pom\u00f4\u017eeme<\/strong><\/h2>\n[\/vc_column_text][\/vc_column][\/vc_row][vc_row attached=&#8220;true&#8220; el_class=&#8220;list-col-2&#8243;][vc_column width=&#8220;1\/6&#8243;][\/vc_column][vc_column width=&#8220;1\/3&#8243;][vc_column_text css=&#8220;.vc_custom_1602067559555{margin-bottom: 0px !important;}&#8220;]\n<ul>\n<li>\n<p style=\"color: black; font-weight: 600; text-align: left;\"><strong>Ponecha\u0165 turistov a host\u00ed mesta nav\u0161tevova\u0165 viac miestnych firiem<\/strong><\/p>\n<\/li>\n<li style=\"text-align: left;\">\n<p style=\"color: black; font-weight: 600; text-align: left;\"><strong>Poskytn\u00fa\u0165 pohodln\u00e9 ka\u017edodenn\u00e9 doch\u00e1dzanie t\u00fdm, ktor\u00ed pou\u017e\u00edvaj\u00fa mestsk\u00fa dopravu<\/strong><\/p>\n<\/li>\n<\/ul>\n[\/vc_column_text][\/vc_column][vc_column width=&#8220;1\/3&#8243;][vc_column_text css=&#8220;.vc_custom_1602067574940{margin-bottom: 0px !important;}&#8220;]\n<ul>\n<li>\n<p style=\"color: black; font-weight: 600; text-align: left;\"><strong>Zabezpe\u010di\u0165 spravodliv\u00e9 parkovacie pr\u00edle\u017eitosti pre miestnych obyvate\u013eov i host\u00ed<\/strong><\/p>\n<\/li>\n<\/ul>\n[\/vc_column_text][\/vc_column][vc_column width=&#8220;1\/6&#8243; el_class=&#8220;list-col-2&#8243;][\/vc_column][\/vc_row][\/vc_section][vc_section full_width=&#8220;stretch_row&#8220; content_placement=&#8220;middle&#8220; css=&#8220;.vc_custom_1563801522059{margin-bottom: 20px !important;}&#8220;][vc_row][vc_column][\/vc_column][\/vc_row][\/vc_section][vc_section][vc_row][vc_column][vc_column_text css=&#8220;.vc_custom_1602067589926{margin-bottom: 0px !important;}&#8220;]\n<h2 style=\"text-align: center;\">V\u00fdhody pre v\u00e1s<\/h2>\n[\/vc_column_text][\/vc_column][\/vc_row][vc_row equal_columns=&#8220;true&#8220;][vc_column width=&#8220;1\/4&#8243; el_class=&#8220;benefit&#8220;][vc_single_image image=&#8220;4819&#8243; img_size=&#8220;75&#215;70&#8243; alignment=&#8220;center&#8220;][vc_column_text css=&#8220;.vc_custom_1602067609115{margin-bottom: 0px !important;}&#8220;]\n<p style=\"text-align: center; color: gray;\"><span style=\"font-weight: 400;\">Vybudujte siln\u00fd koali\u010dn\u00fd (spolo\u010dn\u00fd) vernostn\u00fd program pre miestne podniky<\/span><\/p>\n[\/vc_column_text][\/vc_column][vc_column width=&#8220;1\/4&#8243; el_class=&#8220;benefit&#8220;][vc_single_image image=&#8220;4889&#8243; img_size=&#8220;75&#215;75&#8243; alignment=&#8220;center&#8220;][vc_column_text css=&#8220;.vc_custom_1602067624759{margin-bottom: 0px !important;}&#8220;]\n<p style=\"text-align: center; color: gray;\"><span style=\"font-weight: 400;\">Distribuujte predplaten\u00e9 karty, ktor\u00e9 zah\u0155\u0148aj\u00fa miestny tovar a slu\u017eby<\/span><\/p>\n[\/vc_column_text][\/vc_column][vc_column width=&#8220;1\/4&#8243; el_class=&#8220;benefit&#8220;][vc_single_image image=&#8220;5020&#8243; img_size=&#8220;70&#215;70&#8243; alignment=&#8220;center&#8220;][vc_column_text css=&#8220;.vc_custom_1602067638162{margin-bottom: 0px !important;}&#8220;]\n<p style=\"text-align: center; color: gray;\"><span style=\"font-weight: 400;\">Poskytnite l\u00edstky na doch\u00e1dzanie miestnym obyvate\u013eom a hos\u0165om<\/span><\/p>\n[\/vc_column_text][\/vc_column][vc_column width=&#8220;1\/4&#8243; el_class=&#8220;benefit&#8220;][vc_single_image image=&#8220;5042&#8243; img_size=&#8220;75&#215;77&#8243; alignment=&#8220;center&#8220;][vc_column_text css=&#8220;.vc_custom_1602067670899{margin-bottom: 0px !important;}&#8220;]\n<p style=\"text-align: center; color: gray;\"><span style=\"font-weight: 400;\">Prive\u010fte n\u00e1v\u0161tevn\u00edkov do mestsk\u00fdch m\u00faze\u00ed a v\u00fdstav<\/span><\/p>\n[\/vc_column_text][\/vc_column][\/vc_row][vc_row equal_columns=&#8220;true&#8220;][vc_column width=&#8220;1\/4&#8243; el_class=&#8220;benefit&#8220;][vc_single_image image=&#8220;4812&#8243; img_size=&#8220;75&#215;70&#8243; alignment=&#8220;center&#8220;][vc_column_text css=&#8220;.vc_custom_1602067680405{margin-bottom: 0px !important;}&#8220;]\n<p style=\"text-align: center; color: gray;\"><span style=\"font-weight: 400;\">Hovorte s hos\u0165ami individu\u00e1lne pomocou viackan\u00e1lovej komunik\u00e1cie<\/span><\/p>\n[\/vc_column_text][\/vc_column][vc_column width=&#8220;1\/4&#8243; el_class=&#8220;benefit&#8220;][vc_single_image image=&#8220;4876&#8243; img_size=&#8220;75&#215;75&#8243; alignment=&#8220;center&#8220;][vc_column_text css=&#8220;.vc_custom_1602067697890{margin-bottom: 0px !important;}&#8220;]\n<p style=\"text-align: center; color: gray;\"><span style=\"font-weight: 400;\">Pred\u00e1vajte tovar a slu\u017eby prostredn\u00edctvom e-obchodu<\/span><\/p>\n[\/vc_column_text][\/vc_column][vc_column width=&#8220;1\/4&#8243; el_class=&#8220;benefit&#8220;][vc_single_image image=&#8220;4811&#8243; img_size=&#8220;70&#215;70&#8243; alignment=&#8220;center&#8220;][vc_column_text css=&#8220;.vc_custom_1602067715723{margin-bottom: 0px !important;}&#8220;]\n<p style=\"text-align: center; color: gray;\"><span style=\"font-weight: 400;\">Spracujte predaj a platby pomocou POS softv\u00e9ru od InCust<\/span><\/p>\n[\/vc_column_text][\/vc_column][vc_column width=&#8220;1\/4&#8243; el_class=&#8220;benefit&#8220;][vc_single_image image=&#8220;4818&#8243; img_size=&#8220;75&#215;77&#8243; alignment=&#8220;center&#8220;][vc_column_text css=&#8220;.vc_custom_1602067732172{margin-bottom: 0px !important;}&#8220;]\n<p style=\"text-align: center; color: gray;\"><span style=\"font-weight: 400;\">Overte l\u00edstky pomocou \u0161pecializovan\u00e9ho softv\u00e9ru na spracovanie l\u00edstkov inCust<\/span><\/p>\n[\/vc_column_text][\/vc_column][\/vc_row][vc_row][vc_column][vc_empty_space height=&#8220;62px&#8220;][\/vc_column][\/vc_row][vc_row][vc_column width=&#8220;1\/4&#8243;][\/vc_column][vc_column width=&#8220;1\/4&#8243;][vc_btn title=&#8220;M\u00e1te ot\u00e1zku? Porozpr\u00e1vajte sa s odborn\u00edkom&#8220; el_class=&#8220;btn-orange&#8220; link=&#8220;url:https%3A%2F%2Fincust.com%2Fsk%2Fcontacts%2F|||&#8220;][\/vc_column][vc_column width=&#8220;1\/4&#8243;][vc_btn title=&#8220;M\u00e1te z\u00e1ujem? Vysk\u00fa\u0161ajte to zadarmo&#8220; el_class=&#8220;btn-green&#8220; link=&#8220;url:https%3A%2F%2Fbusiness.incust.com||target:%20_blank|&#8220;][\/vc_column][vc_column width=&#8220;1\/4&#8243;][\/vc_column][\/vc_row][vc_row][vc_column][vc_empty_space height=&#8220;52px&#8220;][\/vc_column][\/vc_row][\/vc_section][vc_row][\/vc_row][vc_section full_width=&#8220;stretch_row&#8220; css=&#8220;.vc_custom_1563801041781{background-image: url(https:\/\/incust.com\/sk\/wp-content\/uploads\/sites\/7\/2019\/07\/7.png?id=4603) !important;}&#8220; el_class=&#8220;modul-section&#8220;][vc_row][vc_column][vc_column_text css=&#8220;.vc_custom_1602067810561{margin-bottom: 0px !important;}&#8220;]\n<h2 style=\"text-align: center; color: white; font-weight: 600;\">M\u00e1me pre v\u00e1s spr\u00e1vne n\u00e1stroje<\/h2>\n[\/vc_column_text][vc_empty_space height=&#8220;12px&#8220;][\/vc_column][\/vc_row][vc_row equal_columns=&#8220;true&#8220; el_class=&#8220;modul-row-sng&#8220;][vc_column offset=&#8220;vc_col-lg-offset-2 vc_col-lg-8 vc_col-md-offset-2 vc_col-md-8 vc_col-sm-offset-0 vc_col-xs-12&#8243;][vc_row_inner][vc_column_inner el_class=&#8220;modul-sng&#8220; width=&#8220;1\/4&#8243; offset=&#8220;vc_col-lg-3 vc_col-md-3 vc_col-xs-6&#8243;][vc_single_image image=&#8220;3855&#8243; img_size=&#8220;full&#8220; alignment=&#8220;center&#8220; onclick=&#8220;custom_link&#8220; css_animation=&#8220;none&#8220; css=&#8220;.vc_custom_1566224985636{background-image: url(https:\/\/incust.com\/sk\/wp-content\/uploads\/sites\/7\/2019\/07\/writing.png?id=4796) !important;}&#8220; el_class=&#8220;animated grow duration2 eds-on-hover&#8220; link=&#8220;https:\/\/incust.com\/sk\/modules\/pos\/&#8220;][vc_column_text css=&#8220;.vc_custom_1602067828285{margin-bottom: 0px !important;}&#8220;]\n<p style=\"color: white; text-align: center;\">Poklad\u0148a (POS)<\/p>\n[\/vc_column_text][\/vc_column_inner][vc_column_inner el_class=&#8220;modul-sng&#8220; width=&#8220;1\/4&#8243; offset=&#8220;vc_col-lg-3 vc_col-md-3 vc_col-xs-6&#8243;][vc_single_image image=&#8220;4871&#8243; img_size=&#8220;full&#8220; alignment=&#8220;center&#8220; onclick=&#8220;custom_link&#8220; el_class=&#8220;animated grow duration2 eds-on-hover&#8220; link=&#8220;https:\/\/incust.com\/sk\/modules\/loyalty-and-rewards\/&#8220;][vc_column_text css=&#8220;.vc_custom_1602067856305{margin-bottom: 0px !important;}&#8220;]\n<p style=\"color: white; text-align: center;\">Vernos\u0165 a Odmeny<\/p>\n[\/vc_column_text][\/vc_column_inner][vc_column_inner el_class=&#8220;modul-sng&#8220; width=&#8220;1\/4&#8243; offset=&#8220;vc_col-lg-3 vc_col-md-3 vc_col-xs-6&#8243;][vc_single_image image=&#8220;4867&#8243; img_size=&#8220;full&#8220; alignment=&#8220;center&#8220; onclick=&#8220;custom_link&#8220; el_class=&#8220;animated grow duration2 eds-on-hover&#8220; link=&#8220;https:\/\/incust.com\/sk\/modules\/prepaid-goods-and-services\/&#8220;][vc_column_text css=&#8220;.vc_custom_1602067872618{margin-bottom: 0px !important;}&#8220;]\n<p style=\"color: white; text-align: center;\"><span style=\"font-weight: 400;\">Predplaten\u00e9 tovary a slu\u017eby<\/span><\/p>\n[\/vc_column_text][\/vc_column_inner][vc_column_inner el_class=&#8220;modul-sng&#8220; width=&#8220;1\/6&#8243; offset=&#8220;vc_col-lg-3 vc_col-md-3 vc_col-xs-6&#8243;][vc_single_image image=&#8220;4933&#8243; img_size=&#8220;full&#8220; alignment=&#8220;center&#8220; onclick=&#8220;custom_link&#8220; el_class=&#8220;animated grow duration2 eds-on-hover&#8220; link=&#8220;https:\/\/incust.com\/sk\/modules\/coupons-and-certificates\/&#8220;][vc_column_text css=&#8220;.vc_custom_1602067885130{margin-bottom: 0px !important;}&#8220;]\n<p style=\"color: white; text-align: center;\"><span style=\"font-weight: 400;\">Kup\u00f3ny a Certifik\u00e1ty<\/span><\/p>\n[\/vc_column_text][\/vc_column_inner][\/vc_row_inner][vc_row_inner][vc_column_inner el_class=&#8220;modul-sng&#8220; width=&#8220;1\/4&#8243; offset=&#8220;vc_col-lg-3 vc_col-md-3 vc_col-xs-6&#8243;][vc_single_image image=&#8220;4873&#8243; img_size=&#8220;full&#8220; alignment=&#8220;center&#8220; onclick=&#8220;custom_link&#8220; css_animation=&#8220;none&#8220; css=&#8220;.vc_custom_1566225027131{background-image: url(https:\/\/incust.com\/sk\/wp-content\/uploads\/sites\/7\/2019\/07\/writing.png?id=4796) !important;}&#8220; el_class=&#8220;animated grow duration2 eds-on-hover&#8220; link=&#8220;https:\/\/incust.com\/sk\/modules\/e-shop\/&#8220;][vc_column_text css=&#8220;.vc_custom_1602067904871{margin-bottom: 0px !important;}&#8220;]\n<p style=\"color: white; text-align: center;\">E-obchod<\/p>\n[\/vc_column_text][\/vc_column_inner][vc_column_inner el_class=&#8220;modul-sng&#8220; width=&#8220;1\/4&#8243; offset=&#8220;vc_col-lg-3 vc_col-md-3 vc_col-xs-6&#8243;][vc_single_image image=&#8220;4310&#8243; img_size=&#8220;full&#8220; alignment=&#8220;center&#8220; onclick=&#8220;custom_link&#8220; el_class=&#8220;animated grow duration2 eds-on-hover&#8220; link=&#8220;https:\/\/incust.com\/sk\/modules\/customer-database\/&#8220;][vc_column_text css=&#8220;.vc_custom_1602067919599{margin-bottom: 0px !important;}&#8220;]\n<p style=\"color: white; text-align: center;\">Datab\u00e1za z\u00e1kazn\u00edkov<\/p>\n[\/vc_column_text][\/vc_column_inner][vc_column_inner el_class=&#8220;modul-sng&#8220; width=&#8220;1\/4&#8243; offset=&#8220;vc_col-lg-3 vc_col-md-3 vc_col-xs-6&#8243;][vc_single_image image=&#8220;4935&#8243; img_size=&#8220;full&#8220; alignment=&#8220;center&#8220; onclick=&#8220;custom_link&#8220; el_class=&#8220;animated grow duration2 eds-on-hover&#8220; link=&#8220;https:\/\/incust.com\/sk\/modules\/information-and-communications\/&#8220;][vc_column_text css=&#8220;.vc_custom_1602067933662{margin-bottom: 0px !important;}&#8220;]\n<p style=\"color: white; text-align: center;\">Inform\u00e1cie a Komunik\u00e1cia<\/p>\n[\/vc_column_text][\/vc_column_inner][vc_column_inner el_class=&#8220;modul-sng&#8220; width=&#8220;1\/6&#8243; offset=&#8220;vc_col-lg-3 vc_col-md-3 vc_col-xs-6&#8243;][vc_single_image image=&#8220;5036&#8243; img_size=&#8220;full&#8220; alignment=&#8220;center&#8220; onclick=&#8220;custom_link&#8220; el_class=&#8220;animated grow duration2 eds-on-hover&#8220; link=&#8220;https:\/\/incust.com\/sk\/modules\/ticket-manager\/&#8220;][vc_column_text css=&#8220;.vc_custom_1602067948395{margin-bottom: 0px !important;}&#8220;]\n<p style=\"color: white; text-align: center;\"><span style=\"font-weight: 400;\">Spr\u00e1vca l\u00edstkov<\/span><\/p>\n[\/vc_column_text][\/vc_column_inner][\/vc_row_inner][\/vc_column][\/vc_row][vc_row][vc_column css=&#8220;.vc_custom_1559903272062{margin-top: 10px !important;}&#8220;][vc_btn title=&#8220;Zobrazi\u0165 v\u0161etky moduly&#8220; color=&#8220;white&#8220; align=&#8220;center&#8220; link=&#8220;url:%2Fsk%2Fmodules%2F|||&#8220;][vc_empty_space][\/vc_column][\/vc_row][\/vc_section][vc_section full_width=&#8220;stretch_row&#8220; content_placement=&#8220;middle&#8220; css=&#8220;.vc_custom_1558764790982{background-image: url(\/en\/wp-content\/uploads\/sites\/7\/2019\/05\/logo-ft-32&#215;32.pnglogo-ft-32&#215;32.pngbg-ind-cta.png?id=3676) !important;}&#8220;][vc_row][vc_column width=&#8220;1\/2&#8243; el_class=&#8220;.sng-img&#8220;][vc_single_image image=&#8220;4858&#8243; img_size=&#8220;full&#8220; alignment=&#8220;center&#8220;][\/vc_column][vc_column width=&#8220;1\/2&#8243; el_class=&#8220;.mid-cont&#8220;][vc_column_text css=&#8220;.vc_custom_1602068001157{margin-bottom: 0px !important;}&#8220;]\n<h2>M\u00e1te konkr\u00e9tne potreby a \u00falohy?<\/h2>\n<p style=\"color: black; font-weight: 600;\">N\u00e1jdime spolu najlep\u0161ie rie\u0161enie<\/p>\n[\/vc_column_text][vc_row_inner][vc_column_inner el_class=&#8220;.col-nopad&#8220; width=&#8220;1\/3&#8243; offset=&#8220;vc_col-lg-4 vc_col-md-4 vc_col-xs-8&#8243;][vc_btn title=&#8220;Vytvori\u0165 individu\u00e1lne rie\u0161enie&#8220; el_class=&#8220;btn-wide btn-orange&#8220; link=&#8220;url:%2Fsk%2Fcontacts%2F|||&#8220;][\/vc_column_inner][vc_column_inner width=&#8220;2\/3&#8243; offset=&#8220;vc_col-lg-8 vc_col-md-8 vc_col-xs-4&#8243;][vc_single_image image=&#8220;4719&#8243; img_size=&#8220;40&#215;40&#8243;][\/vc_column_inner][\/vc_row_inner][\/vc_column][\/vc_row][\/vc_section][vc_section][vc_row][vc_column][vc_empty_space][vc_column_text css=&#8220;.vc_custom_1593689438663{margin-bottom: 0px !important;}&#8220;]\n<div style=\"margin: auto; height: 3px; width: 70%; background: linear-gradient(to right, #f5f6f6 0%,#dbdce2 21%,#b8bac6 50%,#dddfe3 80%,#f5f6f6 100%);\"><\/div>\n[\/vc_column_text][vc_empty_space][\/vc_column][\/vc_row][\/vc_section][vc_section][vc_row][vc_column][vc_column_text css=&#8220;.vc_custom_1606079468255{margin-bottom: 0px !important;}&#8220;]\n<h2 style=\"text-align: center;\">\u010eal\u0161ie Inform\u00e1cie<\/h2>\n[\/vc_column_text][\/vc_column][\/vc_row][vc_row][vc_column width=&#8220;1\/4&#8243;][vc_single_image image=&#8220;6766&#8243; img_size=&#8220;376\u0445211&#8243; onclick=&#8220;custom_link&#8220; link=&#8220;https:\/\/incust.com\/files\/presentations\/industrial\/short\/ENG\/inCust_-_complete_solution_for_local_governments.pdf&#8220; el_class=&#8220;benefit2-img on-before-download-show-popup&#8220;][vc_empty_space height=&#8220;12px&#8220;][vc_column_text el_class=&#8220;on-before-download-show-popup&#8220; css=&#8220;.vc_custom_1594223026785{margin-bottom: 0px !important;}&#8220;]\n<p style=\"text-align: center;\"><a href=\"https:\/\/incust.com\/files\/presentations\/industrial\/short\/ENG\/inCust_-_complete_solution_for_local_governments.pdf\"><span style=\"font-weight: 400;\">Complete solution for local governments<\/span><\/a><\/p>\n[\/vc_column_text][\/vc_column][vc_column width=&#8220;1\/4&#8243;][vc_single_image image=&#8220;6766&#8243; img_size=&#8220;376\u0445211&#8243; onclick=&#8220;custom_link&#8220; link=&#8220;https:\/\/incust.com\/files\/presentations\/industrial\/technical\/ENG\/inCust_-_complete_solution_for_local_governments_-_technical_description.pdf&#8220; el_class=&#8220;benefit2-img on-before-download-show-popup&#8220;][vc_empty_space height=&#8220;12px&#8220;][vc_column_text el_class=&#8220;on-before-download-show-popup&#8220; css=&#8220;.vc_custom_1594222985858{margin-bottom: 0px !important;}&#8220;]\n<p style=\"text-align: center;\"><a href=\"https:\/\/incust.com\/files\/presentations\/industrial\/technical\/ENG\/inCust_-_complete_solution_for_local_governments_-_technical_description.pdf\"><span style=\"font-weight: 400;\">Complete solution for local governments &#8211; technical description<\/span><\/a><\/p>\n[\/vc_column_text][\/vc_column][vc_column width=&#8220;1\/4&#8243;][vc_single_image image=&#8220;6830&#8243; img_size=&#8220;376\u0445211&#8243; onclick=&#8220;custom_link&#8220; link=&#8220;https:\/\/incust.com\/files\/presentations\/clients\/clm\/inCust_-_the_unique_CLM_solution.pdf&#8220; el_class=&#8220;benefit2-img on-before-download-show-popup&#8220;][vc_empty_space height=&#8220;12px&#8220;][vc_column_text el_class=&#8220;on-before-download-show-popup&#8220; css=&#8220;.vc_custom_1593688618000{margin-bottom: 0px !important;}&#8220;]\n<p style=\"text-align: center;\"><a href=\"https:\/\/incust.com\/files\/presentations\/clients\/clm\/inCust_-_the_unique_CLM_solution.pdf\"><span style=\"font-weight: 400;\">The unique CLM solution<\/span><\/a><\/p>\n[\/vc_column_text][\/vc_column][vc_column width=&#8220;1\/4&#8243;][vc_single_image image=&#8220;6749&#8243; img_size=&#8220;376\u0445211&#8243; onclick=&#8220;custom_link&#8220; link=&#8220;https:\/\/incust.com\/files\/presentations\/clients\/benefits\/inCust_-_Benefits_and_advantages_for_your_business.pdf&#8220; el_class=&#8220;benefit2-img on-before-download-show-popup&#8220;][vc_empty_space height=&#8220;12px&#8220;][vc_column_text el_class=&#8220;on-before-download-show-popup&#8220; css=&#8220;.vc_custom_1593688598135{margin-bottom: 0px !important;}&#8220;]\n<p style=\"text-align: center;\"><a href=\"https:\/\/incust.com\/files\/presentations\/clients\/benefits\/inCust_-_Benefits_and_advantages_for_your_business.pdf\"><span style=\"font-weight: 400;\">Benefits and advantages for your business<\/span><\/a><\/p>\n[\/vc_column_text][\/vc_column][\/vc_row][\/vc_section]\n<\/div>","protected":false},"excerpt":{"rendered":"<p>[vc_section full_width=&#8220;stretch_row&#8220; content_placement=&#8220;middle&#8220; el_class=&#8220;header-page-sm&#8220; css=&#8220;.vc_custom_1564051135943{background-image: url(https:\/\/incust.com\/sk\/wp-content\/uploads\/sites\/7\/2019\/07\/1-2-1.png?id=5159) !important;background-position: center !important;background-repeat: no-repeat !important;background-size: cover !important;}&#8220;][vc_row][vc_column width=&#8220;5\/12&#8243; offset=&#8220;vc_col-lg-5 vc_col-md-5 vc_hidden-xs&#8220;][\/vc_column][vc_column width=&#8220;7\/12&#8243; offset=&#8220;vc_col-lg-7 vc_col-md-7 vc_col-xs-12&#8243;][vc_column_text align=&#8220;center&#8220; css=&#8220;.vc_custom_1602067397124{margin-bottom: 0px !important;}&#8220;] Slu\u017eba miestnym obyvate\u013eom a hos\u0165om v mest\u00e1ch [\/vc_column_text][\/vc_column][\/vc_row][\/vc_section][vc_row][vc_column][vc_column_text css=&#8220;.vc_custom_1602067408951{margin-bottom: 0px !important;}&#8220;] Ak ste [\/vc_column_text][\/vc_column][\/vc_row][vc_row equal_columns=&#8220;true&#8220;][vc_column width=&#8220;1\/4&#8243;][\/vc_column][vc_column width=&#8220;1\/4&#8243; el_class=&#8220;benefit&#8220;][vc_raw_html]JTNDY2VudGVyJTNFJTNDYSUyMGNsYXNzJTNEJTIybW9kdWxlLWxpbmslMjIlMjBocmVmJTNEJTIyJTIzJTIyJTNFJTNDZGl2JTIwY2xhc3MlM0QlMjJpbWctd3JhcC1tb2QlMjIlMjBzdHlsZSUzRCUyMiUyMHdpZHRoJTNBJTIwNzVweCUzQiUyMiUzRSUzQ2ltZyUyMGNsYXNzJTNEJTIybW9kdWxlLWltZyUyMiUyMHNyYyUzRCUyMmh0dHBzJTNBJTJGJTJGaW5jdXN0LmNvbSUyRmVuJTJGd3AtY29udGVudCUyRnVwbG9hZHMlMkZzaXRlcyUyRjQlMkYyMDE5JTJGMDclMkZjaXR5LWhhbGxfMTAwcHgucG5nJTIyJTNFJTNDJTJGZGl2JTNFJTNDYnIlM0UlM0NoMyUzRU9iZWMlM0MlMkZoMyUzRSUwQSUzQ3AlM0UlMEElM0MlMkZwJTNFJTNDJTJGYSUzRSUzQyUyRmNlbnRlciUzRQ==[\/vc_raw_html][\/vc_column][vc_column width=&#8220;1\/4&#8243; el_class=&#8220;benefit&#8220;][vc_raw_html css=&#8220;.vc_custom_1602067435310{background-position: center !important;background-repeat: no-repeat !important;background-size: contain !important;}&#8220;]JTNDY2VudGVyJTNFJTNDYSUyMGNsYXNzJTNEJTIybW9kdWxlLWxpbmslMjIlMjBocmVmJTNEJTIyJTIzJTIyJTNFJTNDZGl2JTIwY2xhc3MlM0QlMjJpbWctd3JhcC1tb2QlMjIlMjBzdHlsZSUzRCUyMiUyMHdpZHRoJTNBJTIwNzVweCUzQiUyMiUzRSUzQ2ltZyUyMGNsYXNzJTNEJTIybW9kdWxlLWltZyUyMiUyMHNyYyUzRCUyMmh0dHBzJTNBJTJGJTJGaW5jdXN0LmNvbSUyRmVuJTJGd3AtY29udGVudCUyRnVwbG9hZHMlMkZzaXRlcyUyRjQlMkYyMDE5JTJGMDclMkZwYXJsaWFtZW50XzEwMHB4LnBuZyUyMiUzRSUzQyUyRmRpdiUzRSUzQ2JyJTNFJTNDaDMlM0VNaWVzdG5hJTIwdmwlQzMlQTFkYSUzQyUyRmgzJTNFJTBBJTNDcCUzRSUwQSUzQyUyRnAlM0UlM0MlMkZhJTNFJTNDJTJGY2VudGVyJTNF[\/vc_raw_html][\/vc_column][vc_column width=&#8220;1\/4&#8243;][\/vc_column][\/vc_row][vc_row][vc_column border_color=&#8220;#eaeaea&#8220;][vc_empty_space][vc_column_text css=&#8220;.vc_custom_1602067467790{margin-bottom: [&hellip;]<\/p>\n","protected":false},"author":14,"featured_media":0,"parent":3641,"menu_order":0,"comment_status":"closed","ping_status":"closed","template":"","meta":{"footnotes":""},"_links":{"self":[{"href":"https:\/\/incust.com\/sk\/wp-json\/wp\/v2\/pages\/5075"}],"collection":[{"href":"https:\/\/incust.com\/sk\/wp-json\/wp\/v2\/pages"}],"about":[{"href":"https:\/\/incust.com\/sk\/wp-json\/wp\/v2\/types\/page"}],"author":[{"embeddable":true,"href":"https:\/\/incust.com\/sk\/wp-json\/wp\/v2\/users\/14"}],"replies":[{"embeddable":true,"href":"https:\/\/incust.com\/sk\/wp-json\/wp\/v2\/comments?post=5075"}],"version-history":[{"count":21,"href":"https:\/\/incust.com\/sk\/wp-json\/wp\/v2\/pages\/5075\/revisions"}],"predecessor-version":[{"id":7796,"href":"https:\/\/incust.com\/sk\/wp-json\/wp\/v2\/pages\/5075\/revisions\/7796"}],"up":[{"embeddable":true,"href":"https:\/\/incust.com\/sk\/wp-json\/wp\/v2\/pages\/3641"}],"wp:attachment":[{"href":"https:\/\/incust.com\/sk\/wp-json\/wp\/v2\/media?parent=5075"}],"curies":[{"name":"wp","href":"https:\/\/api.w.org\/{rel}","templated":true}]}}