{"id":5040,"date":"2019-07-24T07:46:17","date_gmt":"2019-07-24T12:46:17","guid":{"rendered":"https:\/\/incust.com\/sk\/?page_id=5040"},"modified":"2020-11-22T16:01:26","modified_gmt":"2020-11-22T21:01:26","slug":"event-management","status":"publish","type":"page","link":"https:\/\/incust.com\/sk\/industries\/event-management\/","title":{"rendered":"Interakcie s z\u00e1kazn\u00edkmi v riaden\u00ed podujat\u00ed"},"content":{"rendered":"<div class=\"wpb-content-wrapper\">[vc_section full_width=&#8220;stretch_row&#8220; content_placement=&#8220;middle&#8220; el_class=&#8220;header-page-sm&#8220; css=&#8220;.vc_custom_1564050406626{background-image: url(https:\/\/incust.com\/sk\/wp-content\/uploads\/sites\/7\/2019\/07\/sdgvzsd.png?id=5153) !important;background-position: center !important;background-repeat: no-repeat !important;background-size: cover !important;}&#8220;][vc_row][vc_column width=&#8220;5\/12&#8243; offset=&#8220;vc_col-lg-5 vc_col-md-5 vc_hidden-xs&#8220;][\/vc_column][vc_column width=&#8220;7\/12&#8243; offset=&#8220;vc_col-lg-7 vc_col-md-7 vc_col-xs-12&#8243;][vc_column_text align=&#8220;center&#8220; css=&#8220;.vc_custom_1601085799715{margin-bottom: 0px !important;}&#8220;]\n<h1 style=\"text-align: left;\">Interakcie s z\u00e1kazn\u00edkmi v riaden\u00ed podujat\u00ed<\/h1>\n[\/vc_column_text][\/vc_column][\/vc_row][\/vc_section][vc_row][vc_column][vc_column_text css=&#8220;.vc_custom_1601085814522{margin-bottom: 0px !important;}&#8220;]\n<h2><\/h2>\n<h2 style=\"text-align: center;\">Ak m\u00e1te<\/h2>\n[\/vc_column_text][\/vc_column][\/vc_row][vc_row equal_columns=&#8220;true&#8220;][vc_column width=&#8220;1\/4&#8243; el_class=&#8220;benefit&#8220;][vc_raw_html]JTNDY2VudGVyJTNFJTNDYSUyMGNsYXNzJTNEJTIybW9kdWxlLWxpbmslMjIlMjBocmVmJTNEJTIyJTIzJTIyJTNFJTNDZGl2JTIwY2xhc3MlM0QlMjJpbWctd3JhcC1tb2QlMjIlMjBzdHlsZSUzRCUyMiUyMHdpZHRoJTNBJTIwODVweCUzQiUyMiUzRSUzQ2ltZyUyMGNsYXNzJTNEJTIybW9kdWxlLWltZyUyMiUyMHNyYyUzRCUyMmh0dHBzJTNBJTJGJTJGaW5jdXN0LmNvbSUyRmVuJTJGd3AtY29udGVudCUyRnVwbG9hZHMlMkZzaXRlcyUyRjQlMkYyMDE5JTJGMDclMkZncmFuZC1waWFub18xMDBweC5wbmclMjIlMjAlM0UlM0MlMkZkaXYlM0UlM0NiciUzRSUzQ2gzJTNFS29uY2VydHklM0MlMkZoMyUzRSUwQSUzQ3AlM0UlMEElM0MlMkZwJTNFJTNDJTJGYSUzRSUzQyUyRmNlbnRlciUzRQ==[\/vc_raw_html][\/vc_column][vc_column width=&#8220;1\/4&#8243; el_class=&#8220;benefit&#8220;][vc_raw_html]JTNDY2VudGVyJTNFJTNDYSUyMGNsYXNzJTNEJTIybW9kdWxlLWxpbmslMjIlMjBocmVmJTNEJTIyJTIzJTIyJTNFJTNDZGl2JTIwY2xhc3MlM0QlMjJpbWctd3JhcC1tb2QlMjIlMjBzdHlsZSUzRCUyMiUyMHdpZHRoJTNBJTIwNzVweCUzQiUyMiUzRSUzQ2ltZyUyMGNsYXNzJTNEJTIybW9kdWxlLWltZyUyMiUyMHNyYyUzRCUyMmh0dHBzJTNBJTJGJTJGaW5jdXN0LmNvbSUyRmVuJTJGd3AtY29udGVudCUyRnVwbG9hZHMlMkZzaXRlcyUyRjQlMkYyMDE5JTJGMDclMkZtYWdpY2lhbl8xMDBweC5wbmclMjIlM0UlM0MlMkZkaXYlM0UlM0NiciUzRSUzQ2gzJTNFJUM1JUEwb3UlM0MlMkZoMyUzRSUwQSUzQ3AlM0UlMEElM0MlMkZwJTNFJTNDJTJGYSUzRSUzQyUyRmNlbnRlciUzRQ==[\/vc_raw_html][\/vc_column][vc_column width=&#8220;1\/4&#8243; el_class=&#8220;benefit&#8220;][vc_raw_html css=&#8220;.vc_custom_1601085844928{background-position: center !important;background-repeat: no-repeat !important;background-size: contain !important;}&#8220;]JTNDY2VudGVyJTNFJTNDYSUyMGNsYXNzJTNEJTIybW9kdWxlLWxpbmslMjIlMjBocmVmJTNEJTIyJTIzJTIyJTNFJTNDZGl2JTIwY2xhc3MlM0QlMjJpbWctd3JhcC1tb2QlMjIlMjBzdHlsZSUzRCUyMiUyMHdpZHRoJTNBJTIwNzVweCUzQiUyMiUzRSUzQ2ltZyUyMGNsYXNzJTNEJTIybW9kdWxlLWltZyUyMiUyMHNyYyUzRCUyMmh0dHBzJTNBJTJGJTJGaW5jdXN0LmNvbSUyRmVuJTJGd3AtY29udGVudCUyRnVwbG9hZHMlMkZzaXRlcyUyRjQlMkYyMDE5JTJGMDclMkZtdXNldW1fMTAwcHgucG5nJTIyJTNFJTNDJTJGZGl2JTNFJTNDYnIlM0UlM0NoMyUzRU0lQzMlQkF6ZSVDMyVBRCUzQyUyRmgzJTNFJTBBJTNDcCUzRSUwQSUzQyUyRnAlM0UlM0MlMkZhJTNFJTNDJTJGY2VudGVyJTNF[\/vc_raw_html][\/vc_column][vc_column width=&#8220;1\/4&#8243; el_class=&#8220;benefit&#8220;][vc_raw_html css=&#8220;.vc_custom_1601085853547{background-position: center !important;background-repeat: no-repeat !important;background-size: contain !important;}&#8220;]JTNDY2VudGVyJTNFJTNDYSUyMGNsYXNzJTNEJTIybW9kdWxlLWxpbmslMjIlMjBocmVmJTNEJTIyJTIzJTIyJTNFJTNDZGl2JTIwY2xhc3MlM0QlMjJpbWctd3JhcC1tb2QlMjIlMjBzdHlsZSUzRCUyMiUyMHdpZHRoJTNBJTIwNzVweCUzQiUyMiUzRSUzQ2ltZyUyMGNsYXNzJTNEJTIybW9kdWxlLWltZyUyMiUyMHNyYyUzRCUyMmh0dHBzJTNBJTJGJTJGaW5jdXN0LmNvbSUyRmVuJTJGd3AtY29udGVudCUyRnVwbG9hZHMlMkZzaXRlcyUyRjQlMkYyMDE5JTJGMDclMkZleGhpYml0aW9uXzEwMHB4LnBuZyUyMiUzRSUzQyUyRmRpdiUzRSUzQ2JyJTNFJTNDaDMlM0VWJUMzJUJEc3RhdnklM0MlMkZoMyUzRSUwQSUzQ3AlM0UlMEElM0MlMkZwJTNFJTNDJTJGYSUzRSUzQyUyRmNlbnRlciUzRQ==[\/vc_raw_html][\/vc_column][\/vc_row][vc_row][vc_column border_color=&#8220;#eaeaea&#8220;][vc_column_text css=&#8220;.vc_custom_1601085893922{margin-bottom: 0px !important;}&#8220;]\n<p style=\"text-align: center;\"><span style=\"font-weight: 400;\">V oblasti riadenia udalost\u00ed musia podniky pri\u0165ahova\u0165 n\u00e1v\u0161tevn\u00edkov, pred\u00e1va\u0165 a potvrdzova\u0165 l\u00edstky a zvy\u0161ova\u0165 zisky predajom doplnkov\u00e9ho tovaru a slu\u017eieb.\u00a0<\/span><\/p>\n<p style=\"text-align: center;\"><span style=\"font-weight: 400;\">Vstupenky m\u00f4\u017eu by\u0165 \u0165a\u017ekop\u00e1dne distribuova\u0165, overova\u0165 a ma\u0165 \u00fa\u010det, najm\u00e4 ak sa musia pred\u00e1va\u0165 prostredn\u00edctvom cestovn\u00fdch kancel\u00e1ri\u00ed, na letisk\u00e1ch a prostredn\u00edctvom in\u00fdch distribu\u010dn\u00fdch kan\u00e1lov partnerov. inCust v\u00e1m umo\u017en\u00ed zbavi\u0165 sa papierov\u00fdch l\u00edstkov a sledova\u0165 n\u00e1v\u0161tevn\u00edkov pod\u013ea ich telef\u00f3nnych \u010d\u00edsel alebo pomocou QR k\u00f3dov. Vstupenky m\u00f4\u017eu obsahova\u0165 kompliment (napr. \u0161\u00e1lku \u010daju zdarma v ne\u010falekej kaviarni) od podujatia alebo partnersk\u00fdch firiem. <\/span><\/p>\n[\/vc_column_text][vc_empty_space][\/vc_column][\/vc_row][vc_row][vc_column width=&#8220;1\/4&#8243;][\/vc_column][vc_column width=&#8220;1\/4&#8243;][vc_btn title=&#8220;M\u00e1te z\u00e1ujem? Vysk\u00fa\u0161ajte to zadarmo&#8220; el_class=&#8220;btn-orange&#8220; link=&#8220;url:https%3A%2F%2Fbusiness.incust.com||target:%20_blank|&#8220;][\/vc_column][vc_column width=&#8220;1\/4&#8243;][vc_btn title=&#8220;M\u00e1te ot\u00e1zku? Porozpr\u00e1vajte sa s odborn\u00edkom&#8220; el_class=&#8220;btn-green&#8220; link=&#8220;url:https%3A%2F%2Fincust.com%2Fsk%2Fcontacts%2F|||&#8220;][\/vc_column][vc_column width=&#8220;1\/4&#8243;][\/vc_column][\/vc_row][vc_row][vc_column][vc_empty_space][\/vc_column][\/vc_row][vc_section full_width=&#8220;stretch_row&#8220; css=&#8220;.vc_custom_1563802850865{background-image: url(https:\/\/incust.com\/sk\/wp-content\/uploads\/sites\/7\/2019\/07\/belyu.png?id=4826) !important;}&#8220; el_class=&#8220;modul-section&#8220;][vc_row][vc_column][vc_column_text css=&#8220;.vc_custom_1601085962759{margin-bottom: 0px !important;}&#8220;]\n<h2 style=\"text-align: center; color: white; font-weight: 600;\"><strong>S t\u00fdmito probl\u00e9mami v\u00e1m pom\u00f4\u017eeme<\/strong><\/h2>\n[\/vc_column_text][\/vc_column][\/vc_row][vc_row attached=&#8220;true&#8220; el_class=&#8220;list-col-2&#8243;][vc_column width=&#8220;1\/6&#8243;][\/vc_column][vc_column width=&#8220;1\/3&#8243;][vc_column_text css=&#8220;.vc_custom_1601085995416{margin-bottom: 0px !important;}&#8220;]\n<ul>\n<li>\n<p style=\"color: black; font-weight: 600; text-align: left;\"><strong>Ako zvidite\u013eni\u0165 podujatie a pril\u00e1ka\u0165 n\u00e1v\u0161tevn\u00edkov<\/strong><\/p>\n<\/li>\n<li style=\"text-align: left;\">\n<p style=\"color: black; font-weight: 600; text-align: left;\"><strong>Efekt\u00edvny predaj a valid\u00e1cia vstupeniek, vr\u00e1tane predaja vstupeniek vopred<\/strong><\/p>\n<\/li>\n<\/ul>\n[\/vc_column_text][\/vc_column][vc_column width=&#8220;1\/3&#8243;][vc_column_text css=&#8220;.vc_custom_1601086019356{margin-bottom: 0px !important;}&#8220;]\n<ul>\n<li>\n<p style=\"color: black; font-weight: 600; text-align: left;\"><strong>Predaj doplnkov\u00e9ho tovaru a slu\u017eieb<\/strong><\/p>\n<\/li>\n<li style=\"text-align: left;\">\n<p style=\"color: black; font-weight: 600;\"><span style=\"font-weight: 400;\"><strong>Spolupr\u00e1ca s in\u00fdmi podnikmi pri kr\u00ed\u017eovom propagovan\u00ed slu\u017eieb<\/strong><\/span><\/p>\n<\/li>\n<\/ul>\n[\/vc_column_text][\/vc_column][vc_column width=&#8220;1\/6&#8243; el_class=&#8220;list-col-2&#8243;][\/vc_column][\/vc_row][\/vc_section][vc_section full_width=&#8220;stretch_row&#8220; content_placement=&#8220;middle&#8220; css=&#8220;.vc_custom_1563801522059{margin-bottom: 20px !important;}&#8220;][vc_row][vc_column][\/vc_column][\/vc_row][\/vc_section][vc_section][vc_row][vc_column][vc_column_text css=&#8220;.vc_custom_1601086036381{margin-bottom: 0px !important;}&#8220;]\n<h2 style=\"text-align: center;\">V\u00fdhody pre v\u00e1s<\/h2>\n[\/vc_column_text][\/vc_column][\/vc_row][vc_row equal_columns=&#8220;true&#8220;][vc_column width=&#8220;1\/4&#8243; el_class=&#8220;benefit&#8220;][vc_single_image image=&#8220;4820&#8243; img_size=&#8220;75&#215;70&#8243; alignment=&#8220;center&#8220;][vc_column_text css=&#8220;.vc_custom_1601086052385{margin-bottom: 0px !important;}&#8220;]\n<p style=\"text-align: center; color: gray;\"><span style=\"font-weight: 400;\">Pred\u00e1vajte cestovn\u00e9 l\u00edstky a doplnkov\u00e9 tovary a slu\u017eby (aj prostredn\u00edctvom e-obchodu)<\/span><\/p>\n[\/vc_column_text][\/vc_column][vc_column width=&#8220;1\/4&#8243; el_class=&#8220;benefit&#8220;][vc_single_image image=&#8220;5020&#8243; img_size=&#8220;75&#215;75&#8243; alignment=&#8220;center&#8220;][vc_column_text css=&#8220;.vc_custom_1601086068573{margin-bottom: 0px !important;}&#8220;]\n<p style=\"text-align: center; color: gray;\"><span style=\"font-weight: 400;\">Overte l\u00edstky pomocou \u0161pecializovan\u00e9ho softv\u00e9ru na spracovanie l\u00edstkov inCust<\/span><\/p>\n[\/vc_column_text][\/vc_column][vc_column width=&#8220;1\/4&#8243; el_class=&#8220;benefit&#8220;][vc_single_image image=&#8220;4819&#8243; img_size=&#8220;70&#215;70&#8243; alignment=&#8220;center&#8220;][vc_column_text css=&#8220;.vc_custom_1601086081907{margin-bottom: 0px !important;}&#8220;]\n<p style=\"text-align: center; color: gray;\"><span style=\"font-weight: 400;\">Pril\u00e1kajte n\u00e1v\u0161tevn\u00edkov pomocou kr\u00ed\u017eov\u00fdch propag\u00e1ci\u00ed a stimulov<\/span><\/p>\n[\/vc_column_text][\/vc_column][vc_column width=&#8220;1\/4&#8243; el_class=&#8220;benefit&#8220;][vc_single_image image=&#8220;4811&#8243; img_size=&#8220;75&#215;77&#8243; alignment=&#8220;center&#8220;][vc_column_text css=&#8220;.vc_custom_1601086100381{margin-bottom: 0px !important;}&#8220;]\n<p style=\"text-align: center; color: gray;\"><span style=\"font-weight: 400;\">Spracujte predaj a platby pomocou POS softv\u00e9ru od InCust<\/span><\/p>\n[\/vc_column_text][\/vc_column][\/vc_row][vc_row][vc_column][vc_empty_space height=&#8220;62px&#8220;][\/vc_column][\/vc_row][vc_row][vc_column width=&#8220;1\/4&#8243;][\/vc_column][vc_column width=&#8220;1\/4&#8243;][vc_btn title=&#8220;M\u00e1te z\u00e1ujem? Vysk\u00fa\u0161ajte to zadarmo&#8220; el_class=&#8220;btn-orange&#8220; link=&#8220;url:https%3A%2F%2Fbusiness.incust.com||target:%20_blank|&#8220;][\/vc_column][vc_column width=&#8220;1\/4&#8243;][vc_btn title=&#8220;M\u00e1te ot\u00e1zku? Porozpr\u00e1vajte sa s odborn\u00edkom&#8220; el_class=&#8220;btn-green&#8220; link=&#8220;url:https%3A%2F%2Fincust.com%2Fsk%2Fcontacts%2F|||&#8220;][\/vc_column][vc_column width=&#8220;1\/4&#8243;][\/vc_column][\/vc_row][vc_row][vc_column][vc_empty_space height=&#8220;52px&#8220;][\/vc_column][\/vc_row][\/vc_section][vc_row][\/vc_row][vc_section full_width=&#8220;stretch_row&#8220; css=&#8220;.vc_custom_1563801041781{background-image: url(https:\/\/incust.com\/sk\/wp-content\/uploads\/sites\/7\/2019\/07\/7.png?id=4603) !important;}&#8220; el_class=&#8220;modul-section&#8220;][vc_row][vc_column][vc_column_text css=&#8220;.vc_custom_1601086202308{margin-bottom: 0px !important;}&#8220;]\n<h2 style=\"text-align: center; color: white; font-weight: 600;\">M\u00e1me pre v\u00e1s spr\u00e1vne n\u00e1stroje<\/h2>\n[\/vc_column_text][vc_empty_space height=&#8220;12px&#8220;][\/vc_column][\/vc_row][vc_row equal_columns=&#8220;true&#8220; el_class=&#8220;modul-row-sng&#8220;][vc_column offset=&#8220;vc_col-lg-offset-3 vc_col-lg-6 vc_col-md-offset-3 vc_col-md-6 vc_col-sm-offset-0 vc_col-xs-12&#8243;][vc_row_inner][vc_column_inner el_class=&#8220;modul-sng&#8220; width=&#8220;1\/3&#8243; offset=&#8220;vc_col-lg-4 vc_col-md-4 vc_col-xs-6&#8243;][vc_single_image image=&#8220;3855&#8243; img_size=&#8220;full&#8220; alignment=&#8220;center&#8220; onclick=&#8220;custom_link&#8220; img_link_target=&#8220;_blank&#8220; css_animation=&#8220;none&#8220; link=&#8220;https:\/\/incust.com\/sk\/modules\/pos\/&#8220; css=&#8220;.vc_custom_1566224259980{background-image: url(https:\/\/incust.com\/sk\/wp-content\/uploads\/sites\/7\/2019\/07\/writing.png?id=4796) !important;}&#8220; el_class=&#8220;animated grow duration2 eds-on-hover&#8220;][vc_column_text css=&#8220;.vc_custom_1601086215469{margin-bottom: 0px !important;}&#8220;]\n<p style=\"color: white; text-align: center;\">Poklad\u0148a (POS)<\/p>\n[\/vc_column_text][\/vc_column_inner][vc_column_inner el_class=&#8220;modul-sng&#8220; width=&#8220;1\/3&#8243; offset=&#8220;vc_col-lg-4 vc_col-md-4 vc_col-xs-6&#8243;][vc_single_image image=&#8220;4867&#8243; img_size=&#8220;full&#8220; alignment=&#8220;center&#8220; onclick=&#8220;custom_link&#8220; img_link_target=&#8220;_blank&#8220; link=&#8220;https:\/\/incust.com\/sk\/modules\/prepaid-goods-and-services\/&#8220; el_class=&#8220;animated grow duration2 eds-on-hover&#8220;][vc_column_text css=&#8220;.vc_custom_1601086230738{margin-bottom: 0px !important;}&#8220;]\n<p style=\"color: white; text-align: center;\"><span style=\"font-weight: 400;\">Predplaten\u00e9 tovary a slu\u017eby<\/span><\/p>\n[\/vc_column_text][\/vc_column_inner][vc_column_inner el_class=&#8220;modul-sng&#8220; width=&#8220;1\/3&#8243; offset=&#8220;vc_col-lg-4 vc_col-md-4 vc_col-xs-6&#8243;][vc_single_image image=&#8220;4933&#8243; img_size=&#8220;full&#8220; alignment=&#8220;center&#8220; onclick=&#8220;custom_link&#8220; img_link_target=&#8220;_blank&#8220; link=&#8220;https:\/\/incust.com\/sk\/modules\/coupons-and-certificates\/&#8220; el_class=&#8220;animated grow duration2 eds-on-hover&#8220;][vc_column_text css=&#8220;.vc_custom_1601086241676{margin-bottom: 0px !important;}&#8220;]\n<p style=\"color: white; text-align: center;\"><span style=\"font-weight: 400;\">Kup\u00f3ny a Certifik\u00e1ty<\/span><\/p>\n[\/vc_column_text][\/vc_column_inner][vc_column_inner el_class=&#8220;modul-sng&#8220; offset=&#8220;vc_col-lg-4 vc_col-md-4 vc_col-xs-6&#8243;][vc_single_image image=&#8220;4873&#8243; img_size=&#8220;full&#8220; alignment=&#8220;center&#8220; onclick=&#8220;custom_link&#8220; el_class=&#8220;animated grow duration2 eds-on-hover&#8220; link=&#8220;https:\/\/incust.com\/sk\/modules\/e-shop\/&#8220;][vc_column_text css=&#8220;.vc_custom_1601086358802{margin-bottom: 0px !important;}&#8220;]\n<p style=\"color: white; text-align: center;\">E-obchod<\/p>\n[\/vc_column_text][\/vc_column_inner][vc_column_inner el_class=&#8220;modul-sng&#8220; offset=&#8220;vc_col-lg-4 vc_col-md-4 vc_col-xs-6&#8243;][vc_single_image image=&#8220;5036&#8243; img_size=&#8220;full&#8220; alignment=&#8220;center&#8220; onclick=&#8220;custom_link&#8220; el_class=&#8220;animated grow duration2 eds-on-hover&#8220; link=&#8220;https:\/\/incust.com\/sk\/modules\/ticket-manager\/&#8220;][vc_column_text css=&#8220;.vc_custom_1601086311311{margin-bottom: 0px !important;}&#8220;]\n<p style=\"color: white; text-align: center;\">Spr\u00e1vca l\u00edstkov<\/p>\n[\/vc_column_text][\/vc_column_inner][vc_column_inner el_class=&#8220;modul-sng&#8220; offset=&#8220;vc_col-lg-4 vc_col-md-4 vc_col-xs-6&#8243;][vc_single_image image=&#8220;4935&#8243; img_size=&#8220;full&#8220; alignment=&#8220;center&#8220; onclick=&#8220;custom_link&#8220; el_class=&#8220;animated grow duration2 eds-on-hover&#8220; link=&#8220;https:\/\/incust.com\/sk\/modules\/information-and-communications\/&#8220;][vc_column_text css=&#8220;.vc_custom_1601086343345{margin-bottom: 0px !important;}&#8220;]\n<p style=\"color: white; text-align: center;\"><span style=\"font-weight: 400;\">Inform\u00e1cie a Komunik\u00e1cia<\/span><\/p>\n[\/vc_column_text][\/vc_column_inner][\/vc_row_inner][\/vc_column][\/vc_row][vc_row][vc_column css=&#8220;.vc_custom_1559903272062{margin-top: 10px !important;}&#8220;][vc_btn title=&#8220;Zobrazi\u0165 v\u0161etky moduly&#8220; color=&#8220;white&#8220; align=&#8220;center&#8220; link=&#8220;url:%2Fsk%2Fmodules%2F|||&#8220;][vc_empty_space][\/vc_column][\/vc_row][\/vc_section][vc_section full_width=&#8220;stretch_row&#8220; content_placement=&#8220;middle&#8220; css=&#8220;.vc_custom_1558764790982{background-image: url(\/en\/wp-content\/uploads\/sites\/7\/2019\/05\/logo-ft-32&#215;32.pnglogo-ft-32&#215;32.pngbg-ind-cta.png?id=3676) !important;}&#8220;][vc_row][vc_column width=&#8220;1\/2&#8243; el_class=&#8220;.sng-img&#8220;][vc_single_image image=&#8220;4858&#8243; img_size=&#8220;full&#8220; alignment=&#8220;center&#8220;][\/vc_column][vc_column width=&#8220;1\/2&#8243; el_class=&#8220;.mid-cont&#8220;][vc_column_text css=&#8220;.vc_custom_1601086503808{margin-bottom: 0px !important;}&#8220;]\n<h2>M\u00e1te konkr\u00e9tne potreby a \u00falohy?<\/h2>\n<p style=\"color: black; font-weight: 600;\">N\u00e1jdime spolu najlep\u0161ie rie\u0161enie<\/p>\n[\/vc_column_text][vc_row_inner][vc_column_inner el_class=&#8220;.col-nopad&#8220; width=&#8220;1\/3&#8243; offset=&#8220;vc_col-lg-4 vc_col-md-4 vc_col-xs-8&#8243;][vc_btn title=&#8220;Vytvori\u0165 individu\u00e1lne rie\u0161enie&#8220; el_class=&#8220;btn-wide btn-orange&#8220; link=&#8220;url:%2Fsk%2Fcontacts%2F|||&#8220;][\/vc_column_inner][vc_column_inner width=&#8220;2\/3&#8243; offset=&#8220;vc_col-lg-8 vc_col-md-8 vc_col-xs-4&#8243;][vc_single_image image=&#8220;4719&#8243; img_size=&#8220;40&#215;40&#8243;][\/vc_column_inner][\/vc_row_inner][\/vc_column][\/vc_row][\/vc_section][vc_section][vc_row][vc_column][vc_empty_space][vc_column_text css=&#8220;.vc_custom_1593689438663{margin-bottom: 0px !important;}&#8220;]\n<div style=\"margin: auto; height: 3px; width: 70%; background: linear-gradient(to right, #f5f6f6 0%,#dbdce2 21%,#b8bac6 50%,#dddfe3 80%,#f5f6f6 100%);\"><\/div>\n[\/vc_column_text][vc_empty_space][\/vc_column][\/vc_row][\/vc_section][vc_section][vc_row][vc_column][vc_column_text css=&#8220;.vc_custom_1606078854415{margin-bottom: 0px !important;}&#8220;]\n<h2 style=\"text-align: center;\">\u010eal\u0161ie Inform\u00e1cie<\/h2>\n[\/vc_column_text][\/vc_column][\/vc_row][vc_row][vc_column width=&#8220;1\/4&#8243;][vc_single_image image=&#8220;6761&#8243; img_size=&#8220;376\u0445211&#8243; onclick=&#8220;custom_link&#8220; link=&#8220;https:\/\/incust.com\/files\/presentations\/industrial\/short\/ENG\/inCust_-_complete_solution_for_event_management.pdf&#8220; el_class=&#8220;benefit2-img on-before-download-show-popup&#8220;][vc_empty_space height=&#8220;12px&#8220;][vc_column_text el_class=&#8220;on-before-download-show-popup&#8220; css=&#8220;.vc_custom_1594222250294{margin-bottom: 0px !important;}&#8220;]\n<p style=\"text-align: center;\"><a href=\"https:\/\/incust.com\/files\/presentations\/industrial\/short\/ENG\/inCust_-_complete_solution_for_event_management.pdf\"><span style=\"font-weight: 400;\">Complete solution for event management<\/span><\/a><\/p>\n[\/vc_column_text][\/vc_column][vc_column width=&#8220;1\/4&#8243;][vc_single_image image=&#8220;6761&#8243; img_size=&#8220;376\u0445211&#8243; onclick=&#8220;custom_link&#8220; link=&#8220;https:\/\/incust.com\/files\/presentations\/industrial\/technical\/ENG\/inCust_-_complete_solution_for_event_management_-_technical_description.pdf&#8220; el_class=&#8220;benefit2-img on-before-download-show-popup&#8220;][vc_empty_space height=&#8220;12px&#8220;][vc_column_text el_class=&#8220;on-before-download-show-popup&#8220; css=&#8220;.vc_custom_1594222213329{margin-bottom: 0px !important;}&#8220;]\n<p style=\"text-align: center;\"><a href=\"https:\/\/incust.com\/files\/presentations\/industrial\/technical\/ENG\/inCust_-_complete_solution_for_event_management_-_technical_description.pdf\"><span style=\"font-weight: 400;\">Complete solution for event management &#8211; technical description<\/span><\/a><\/p>\n[\/vc_column_text][\/vc_column][vc_column width=&#8220;1\/4&#8243;][vc_single_image image=&#8220;6830&#8243; img_size=&#8220;376\u0445211&#8243; onclick=&#8220;custom_link&#8220; link=&#8220;https:\/\/incust.com\/files\/presentations\/clients\/clm\/inCust_-_the_unique_CLM_solution.pdf&#8220; el_class=&#8220;benefit2-img on-before-download-show-popup&#8220;][vc_empty_space height=&#8220;12px&#8220;][vc_column_text el_class=&#8220;on-before-download-show-popup&#8220; css=&#8220;.vc_custom_1593688618000{margin-bottom: 0px !important;}&#8220;]\n<p style=\"text-align: center;\"><a href=\"https:\/\/incust.com\/files\/presentations\/clients\/clm\/inCust_-_the_unique_CLM_solution.pdf\"><span style=\"font-weight: 400;\">The unique CLM solution<\/span><\/a><\/p>\n[\/vc_column_text][\/vc_column][vc_column width=&#8220;1\/4&#8243;][vc_single_image image=&#8220;6749&#8243; img_size=&#8220;376\u0445211&#8243; onclick=&#8220;custom_link&#8220; link=&#8220;https:\/\/incust.com\/files\/presentations\/clients\/benefits\/inCust_-_Benefits_and_advantages_for_your_business.pdf&#8220; el_class=&#8220;benefit2-img on-before-download-show-popup&#8220;][vc_empty_space height=&#8220;12px&#8220;][vc_column_text el_class=&#8220;on-before-download-show-popup&#8220; css=&#8220;.vc_custom_1593688598135{margin-bottom: 0px !important;}&#8220;]\n<p style=\"text-align: center;\"><a href=\"https:\/\/incust.com\/files\/presentations\/clients\/benefits\/inCust_-_Benefits_and_advantages_for_your_business.pdf\"><span style=\"font-weight: 400;\">Benefits and advantages for your business<\/span><\/a><\/p>\n[\/vc_column_text][\/vc_column][\/vc_row][\/vc_section]\n<\/div>","protected":false},"excerpt":{"rendered":"<p>[vc_section full_width=&#8220;stretch_row&#8220; content_placement=&#8220;middle&#8220; el_class=&#8220;header-page-sm&#8220; css=&#8220;.vc_custom_1564050406626{background-image: url(https:\/\/incust.com\/sk\/wp-content\/uploads\/sites\/7\/2019\/07\/sdgvzsd.png?id=5153) !important;background-position: center !important;background-repeat: no-repeat !important;background-size: cover !important;}&#8220;][vc_row][vc_column width=&#8220;5\/12&#8243; offset=&#8220;vc_col-lg-5 vc_col-md-5 vc_hidden-xs&#8220;][\/vc_column][vc_column width=&#8220;7\/12&#8243; offset=&#8220;vc_col-lg-7 vc_col-md-7 vc_col-xs-12&#8243;][vc_column_text align=&#8220;center&#8220; css=&#8220;.vc_custom_1601085799715{margin-bottom: 0px !important;}&#8220;] Interakcie s z\u00e1kazn\u00edkmi v riaden\u00ed podujat\u00ed [\/vc_column_text][\/vc_column][\/vc_row][\/vc_section][vc_row][vc_column][vc_column_text css=&#8220;.vc_custom_1601085814522{margin-bottom: 0px !important;}&#8220;] Ak m\u00e1te [\/vc_column_text][\/vc_column][\/vc_row][vc_row equal_columns=&#8220;true&#8220;][vc_column width=&#8220;1\/4&#8243; el_class=&#8220;benefit&#8220;][vc_raw_html]JTNDY2VudGVyJTNFJTNDYSUyMGNsYXNzJTNEJTIybW9kdWxlLWxpbmslMjIlMjBocmVmJTNEJTIyJTIzJTIyJTNFJTNDZGl2JTIwY2xhc3MlM0QlMjJpbWctd3JhcC1tb2QlMjIlMjBzdHlsZSUzRCUyMiUyMHdpZHRoJTNBJTIwODVweCUzQiUyMiUzRSUzQ2ltZyUyMGNsYXNzJTNEJTIybW9kdWxlLWltZyUyMiUyMHNyYyUzRCUyMmh0dHBzJTNBJTJGJTJGaW5jdXN0LmNvbSUyRmVuJTJGd3AtY29udGVudCUyRnVwbG9hZHMlMkZzaXRlcyUyRjQlMkYyMDE5JTJGMDclMkZncmFuZC1waWFub18xMDBweC5wbmclMjIlMjAlM0UlM0MlMkZkaXYlM0UlM0NiciUzRSUzQ2gzJTNFS29uY2VydHklM0MlMkZoMyUzRSUwQSUzQ3AlM0UlMEElM0MlMkZwJTNFJTNDJTJGYSUzRSUzQyUyRmNlbnRlciUzRQ==[\/vc_raw_html][\/vc_column][vc_column width=&#8220;1\/4&#8243; el_class=&#8220;benefit&#8220;][vc_raw_html]JTNDY2VudGVyJTNFJTNDYSUyMGNsYXNzJTNEJTIybW9kdWxlLWxpbmslMjIlMjBocmVmJTNEJTIyJTIzJTIyJTNFJTNDZGl2JTIwY2xhc3MlM0QlMjJpbWctd3JhcC1tb2QlMjIlMjBzdHlsZSUzRCUyMiUyMHdpZHRoJTNBJTIwNzVweCUzQiUyMiUzRSUzQ2ltZyUyMGNsYXNzJTNEJTIybW9kdWxlLWltZyUyMiUyMHNyYyUzRCUyMmh0dHBzJTNBJTJGJTJGaW5jdXN0LmNvbSUyRmVuJTJGd3AtY29udGVudCUyRnVwbG9hZHMlMkZzaXRlcyUyRjQlMkYyMDE5JTJGMDclMkZtYWdpY2lhbl8xMDBweC5wbmclMjIlM0UlM0MlMkZkaXYlM0UlM0NiciUzRSUzQ2gzJTNFJUM1JUEwb3UlM0MlMkZoMyUzRSUwQSUzQ3AlM0UlMEElM0MlMkZwJTNFJTNDJTJGYSUzRSUzQyUyRmNlbnRlciUzRQ==[\/vc_raw_html][\/vc_column][vc_column width=&#8220;1\/4&#8243; el_class=&#8220;benefit&#8220;][vc_raw_html css=&#8220;.vc_custom_1601085844928{background-position: center !important;background-repeat: no-repeat !important;background-size: contain !important;}&#8220;]JTNDY2VudGVyJTNFJTNDYSUyMGNsYXNzJTNEJTIybW9kdWxlLWxpbmslMjIlMjBocmVmJTNEJTIyJTIzJTIyJTNFJTNDZGl2JTIwY2xhc3MlM0QlMjJpbWctd3JhcC1tb2QlMjIlMjBzdHlsZSUzRCUyMiUyMHdpZHRoJTNBJTIwNzVweCUzQiUyMiUzRSUzQ2ltZyUyMGNsYXNzJTNEJTIybW9kdWxlLWltZyUyMiUyMHNyYyUzRCUyMmh0dHBzJTNBJTJGJTJGaW5jdXN0LmNvbSUyRmVuJTJGd3AtY29udGVudCUyRnVwbG9hZHMlMkZzaXRlcyUyRjQlMkYyMDE5JTJGMDclMkZtdXNldW1fMTAwcHgucG5nJTIyJTNFJTNDJTJGZGl2JTNFJTNDYnIlM0UlM0NoMyUzRU0lQzMlQkF6ZSVDMyVBRCUzQyUyRmgzJTNFJTBBJTNDcCUzRSUwQSUzQyUyRnAlM0UlM0MlMkZhJTNFJTNDJTJGY2VudGVyJTNF[\/vc_raw_html][\/vc_column][vc_column width=&#8220;1\/4&#8243; el_class=&#8220;benefit&#8220;][vc_raw_html css=&#8220;.vc_custom_1601085853547{background-position: [&hellip;]<\/p>\n","protected":false},"author":22,"featured_media":0,"parent":3641,"menu_order":0,"comment_status":"closed","ping_status":"closed","template":"","meta":{"footnotes":""},"_links":{"self":[{"href":"https:\/\/incust.com\/sk\/wp-json\/wp\/v2\/pages\/5040"}],"collection":[{"href":"https:\/\/incust.com\/sk\/wp-json\/wp\/v2\/pages"}],"about":[{"href":"https:\/\/incust.com\/sk\/wp-json\/wp\/v2\/types\/page"}],"author":[{"embeddable":true,"href":"https:\/\/incust.com\/sk\/wp-json\/wp\/v2\/users\/22"}],"replies":[{"embeddable":true,"href":"https:\/\/incust.com\/sk\/wp-json\/wp\/v2\/comments?post=5040"}],"version-history":[{"count":28,"href":"https:\/\/incust.com\/sk\/wp-json\/wp\/v2\/pages\/5040\/revisions"}],"predecessor-version":[{"id":7788,"href":"https:\/\/incust.com\/sk\/wp-json\/wp\/v2\/pages\/5040\/revisions\/7788"}],"up":[{"embeddable":true,"href":"https:\/\/incust.com\/sk\/wp-json\/wp\/v2\/pages\/3641"}],"wp:attachment":[{"href":"https:\/\/incust.com\/sk\/wp-json\/wp\/v2\/media?parent=5040"}],"curies":[{"name":"wp","href":"https:\/\/api.w.org\/{rel}","templated":true}]}}