{"id":4983,"date":"2019-07-24T05:59:18","date_gmt":"2019-07-24T10:59:18","guid":{"rendered":"https:\/\/incust.com\/sk\/?page_id=4983"},"modified":"2020-11-25T09:48:22","modified_gmt":"2020-11-25T14:48:22","slug":"banks","status":"publish","type":"page","link":"https:\/\/incust.com\/sk\/industries\/banks\/","title":{"rendered":"Banky"},"content":{"rendered":"<div class=\"wpb-content-wrapper\">[vc_section full_width=&#8220;stretch_row&#8220; content_placement=&#8220;middle&#8220; el_class=&#8220;header-page-sm&#8220; css=&#8220;.vc_custom_1564057152745{background-image: url(https:\/\/incust.com\/sk\/wp-content\/uploads\/sites\/7\/2019\/07\/k5.png?id=5190) !important;background-position: center !important;background-repeat: no-repeat !important;background-size: cover !important;}&#8220;][vc_row][vc_column width=&#8220;5\/12&#8243; offset=&#8220;vc_col-lg-5 vc_col-md-5 vc_hidden-xs&#8220;][\/vc_column][vc_column width=&#8220;7\/12&#8243; offset=&#8220;vc_col-lg-7 vc_col-md-7 vc_col-xs-12&#8243;][vc_column_text align=&#8220;center&#8220; css=&#8220;.vc_custom_1606080197643{margin-bottom: 0px !important;}&#8220;]\n<h1 style=\"text-align: left;\">Rie\u0161enia na mieru pre banky<\/h1>\n[\/vc_column_text][\/vc_column][\/vc_row][\/vc_section][vc_row][vc_column][vc_column_text css=&#8220;.vc_custom_1606080207650{margin-bottom: 0px !important;}&#8220;]\n<h2><\/h2>\n<h2 style=\"text-align: center;\">Ak ste<\/h2>\n[\/vc_column_text][\/vc_column][\/vc_row][vc_row equal_columns=&#8220;true&#8220; el_class=&#8220;ben-one-row&#8220;][vc_column width=&#8220;2\/3&#8243; el_class=&#8220;benefit&#8220; offset=&#8220;vc_col-lg-offset-4 vc_col-lg-4 vc_col-md-offset-4 vc_col-md-4 vc_col-xs-12&#8243;][vc_raw_html]JTNDY2VudGVyJTNFJTNDYSUyMGNsYXNzJTNEJTIybW9kdWxlLWxpbmslMjIlMjBocmVmJTNEJTIyJTIzJTIyJTNFJTNDZGl2JTIwY2xhc3MlM0QlMjJpbWctd3JhcC1tb2QlMjIlMjBzdHlsZSUzRCUyMiUyMHdpZHRoJTNBJTIwNzVweCUzQiUyMiUzRSUzQ2ltZyUyMGNsYXNzJTNEJTIybW9kdWxlLWltZyUyMiUyMHNyYyUzRCUyMmh0dHBzJTNBJTJGJTJGaW5jdXN0LmNvbSUyRmVuJTJGd3AtY29udGVudCUyRnVwbG9hZHMlMkZzaXRlcyUyRjQlMkYyMDE5JTJGMDclMkZiYW5rLWJ1aWxkaW5nXzEwMHB4LnBuZyUyMiUzRSUzQyUyRmRpdiUzRSUzQ2JyJTNFJTNDaDMlM0VCYW5rYSUzQyUyRmgzJTNFJTBBJTNDcCUzRSUwQSUzQyUyRnAlM0UlM0MlMkZhJTNFJTNDJTJGY2VudGVyJTNF[\/vc_raw_html][\/vc_column][\/vc_row][vc_row][vc_column border_color=&#8220;#eaeaea&#8220;][vc_column_text css=&#8220;.vc_custom_1606314419058{margin-bottom: 0px !important;}&#8220;]\n<p style=\"text-align: center;\">Okrem ponuky bankov\u00fdch produktov (p\u00f4\u017ei\u010dky, bankov\u00e9 \u00fa\u010dty at\u010f.) sa banky sna\u017eia diverzifikova\u0165 svoje podnikanie pon\u00fakan\u00edm inovat\u00edvnych slu\u017eieb pre individu\u00e1lnych klientov aj pre mal\u00e9 a stredn\u00e9 podniky (SMB).<\/p>\n<p style=\"text-align: center;\">Platforma inCust, prisp\u00f4soben\u00e1 a ozna\u010den\u00e1 pod\u013ea bankov\u00fdch po\u017eiadaviek, m\u00f4\u017ee by\u0165 jednou zo slu\u017eieb pon\u00fakan\u00fdch klientom SMB. Tak\u00e1to ponuka vytv\u00e1ra stabiln\u00e9 v\u00e4zby s obchodn\u00fdmi klientmi, zvy\u0161uje ich lojalitu a prin\u00e1\u0161a im \u010fal\u0161iu hodnotu.<\/p>\n[\/vc_column_text][vc_empty_space][\/vc_column][\/vc_row][vc_row][vc_column width=&#8220;1\/4&#8243;][\/vc_column][vc_column width=&#8220;1\/4&#8243;][vc_btn title=&#8220;M\u00e1te ot\u00e1zku? Porozpr\u00e1vajte sa s odborn\u00edkom&#8220; el_class=&#8220;btn-orange&#8220; link=&#8220;url:https%3A%2F%2Fincust.com%2Fsk%2Fcontacts%2F&#8220;][\/vc_column][vc_column width=&#8220;1\/4&#8243;][vc_btn title=&#8220;M\u00e1te z\u00e1ujem? Vysk\u00fa\u0161ajte to zadarmo&#8220; el_class=&#8220;btn-green&#8220; link=&#8220;url:https%3A%2F%2Fbusiness.incust.com||target:%20_blank|&#8220;][\/vc_column][vc_column width=&#8220;1\/4&#8243;][\/vc_column][\/vc_row][vc_row][vc_column][vc_empty_space][\/vc_column][\/vc_row][vc_section full_width=&#8220;stretch_row&#8220; css=&#8220;.vc_custom_1563802850865{background-image: url(https:\/\/incust.com\/sk\/wp-content\/uploads\/sites\/7\/2019\/07\/belyu.png?id=4826) !important;}&#8220; el_class=&#8220;modul-section&#8220;][vc_row][vc_column][vc_column_text css=&#8220;.vc_custom_1606314695396{margin-bottom: 0px !important;}&#8220;]\n<h2 style=\"text-align: center; color: white; font-weight: 600;\"><strong>S t\u00fdmito probl\u00e9mami v\u00e1m pom\u00f4\u017eeme<\/strong><\/h2>\n[\/vc_column_text][\/vc_column][\/vc_row][vc_row attached=&#8220;true&#8220; el_class=&#8220;list-col-2&#8243;][vc_column width=&#8220;1\/6&#8243;][\/vc_column][vc_column width=&#8220;1\/3&#8243;][vc_column_text css=&#8220;.vc_custom_1606314648668{margin-bottom: 0px !important;}&#8220;]\n<ul>\n<li>\n<p style=\"color: black; font-weight: 600; text-align: left;\"><strong>Udr\u017ea\u0165 vernos\u0165 obchodn\u00fdch z\u00e1kazn\u00edkov<\/strong><\/p>\n<\/li>\n<\/ul>\n[\/vc_column_text][\/vc_column][vc_column width=&#8220;1\/3&#8243;][vc_column_text css=&#8220;.vc_custom_1606314727283{margin-bottom: 0px !important;}&#8220;]\n<ul>\n<li>\n<p style=\"color: black; font-weight: 600; text-align: left;\"><strong>Pon\u00faka\u0165 atrakt\u00edvne produkty pre mal\u00e9 a stredn\u00e9 podniky<\/strong><\/p>\n<\/li>\n<\/ul>\n[\/vc_column_text][\/vc_column][vc_column width=&#8220;1\/6&#8243; el_class=&#8220;list-col-2&#8243;][\/vc_column][\/vc_row][\/vc_section][vc_section full_width=&#8220;stretch_row&#8220; content_placement=&#8220;middle&#8220; css=&#8220;.vc_custom_1563801522059{margin-bottom: 20px !important;}&#8220;][vc_row][vc_column][\/vc_column][\/vc_row][\/vc_section][vc_section][vc_row][vc_column][vc_column_text css=&#8220;.vc_custom_1606314813210{margin-bottom: 0px !important;}&#8220;]\n<h2 style=\"text-align: center;\">V\u00fdhody pre v\u00e1s<\/h2>\n[\/vc_column_text][\/vc_column][\/vc_row][vc_row equal_columns=&#8220;true&#8220;][vc_column width=&#8220;1\/4&#8243; el_class=&#8220;benefit&#8220;][vc_single_image image=&#8220;5005&#8243; img_size=&#8220;75&#215;70&#8243; alignment=&#8220;center&#8220;][vc_column_text css=&#8220;.vc_custom_1606315027640{margin-bottom: 0px !important;}&#8220;]\n<p style=\"text-align: center; color: gray;\"><span style=\"font-weight: 400;\">Umo\u017enite mal\u00fdm a stredn\u00fdm podnikom vyu\u017e\u00edva\u0165 v\u0161etky funkcie platformy inCust pod zna\u010dkou banky<\/span><\/p>\n[\/vc_column_text][\/vc_column][vc_column width=&#8220;1\/4&#8243; el_class=&#8220;benefit&#8220;][vc_single_image image=&#8220;4819&#8243; img_size=&#8220;75&#215;75&#8243; alignment=&#8220;center&#8220;][vc_column_text css=&#8220;.vc_custom_1606315682146{margin-bottom: 0px !important;}&#8220;]\n<p style=\"text-align: center; color: gray;\"><span style=\"font-weight: 400;\">Vybudujte siln\u00fd koali\u010dn\u00fd vernostn\u00fd program pre mal\u00e9 a stredn\u00e9 podniky<br \/>\n<\/span><\/p>\n[\/vc_column_text][\/vc_column][vc_column width=&#8220;1\/4&#8243; el_class=&#8220;benefit&#8220;][vc_single_image image=&#8220;4812&#8243; img_size=&#8220;70&#215;70&#8243; alignment=&#8220;center&#8220;][vc_column_text css=&#8220;.vc_custom_1606315692770{margin-bottom: 0px !important;}&#8220;]\n<p style=\"text-align: center; color: gray;\"><span style=\"font-weight: 400;\">Rozpr\u00e1vajte sa individu\u00e1lne s firemn\u00fdmi z\u00e1kazn\u00edkmi pomocou viackan\u00e1lovej komunik\u00e1cie<br \/>\n<\/span><\/p>\n[\/vc_column_text][\/vc_column][vc_column width=&#8220;1\/4&#8243; el_class=&#8220;benefit&#8220;][vc_single_image image=&#8220;4813&#8243; img_size=&#8220;75&#215;77&#8243; alignment=&#8220;center&#8220;][vc_column_text css=&#8220;.vc_custom_1606315117228{margin-bottom: 0px !important;}&#8220;]\n<p style=\"text-align: center; color: gray;\"><span style=\"font-weight: 400;\">Odme\u0148te pracovn\u00edkov s rozhodovac\u00edmi pr\u00e1vomocami v z\u00e1kazn\u00edckych firm\u00e1ch za ich vernos\u0165<\/span><\/p>\n[\/vc_column_text][\/vc_column][\/vc_row][vc_row][vc_column][vc_empty_space height=&#8220;62px&#8220;][\/vc_column][\/vc_row][vc_row][vc_column width=&#8220;1\/4&#8243;][\/vc_column][vc_column width=&#8220;1\/4&#8243;][vc_btn title=&#8220;M\u00e1te ot\u00e1zku? Porozpr\u00e1vajte sa s odborn\u00edkom&#8220; el_class=&#8220;btn-orange&#8220; link=&#8220;url:https%3A%2F%2Fincust.com%2Fsk%2Fcontacts%2F&#8220;][\/vc_column][vc_column width=&#8220;1\/4&#8243;][vc_btn title=&#8220;M\u00e1te z\u00e1ujem? Vysk\u00fa\u0161ajte to zadarmo&#8220; el_class=&#8220;btn-green&#8220; link=&#8220;url:https%3A%2F%2Fbusiness.incust.com||target:%20_blank|&#8220;][\/vc_column][vc_column width=&#8220;1\/4&#8243;][\/vc_column][\/vc_row][vc_row][vc_column][vc_empty_space height=&#8220;52px&#8220;][\/vc_column][\/vc_row][\/vc_section][vc_row][\/vc_row][vc_section full_width=&#8220;stretch_row&#8220; css=&#8220;.vc_custom_1563801041781{background-image: url(https:\/\/incust.com\/sk\/wp-content\/uploads\/sites\/7\/2019\/07\/7.png?id=4603) !important;}&#8220; el_class=&#8220;modul-section&#8220;][vc_row][vc_column][vc_column_text css=&#8220;.vc_custom_1606315213988{margin-bottom: 0px !important;}&#8220;]\n<h2 style=\"text-align: center; color: white; font-weight: 600;\">M\u00e1me pre v\u00e1s spr\u00e1vne n\u00e1stroje<\/h2>\n[\/vc_column_text][vc_empty_space height=&#8220;12px&#8220;][\/vc_column][\/vc_row][vc_row equal_columns=&#8220;true&#8220; el_class=&#8220;modul-row-sng&#8220;][vc_column offset=&#8220;vc_col-lg-offset-2 vc_col-lg-8 vc_col-md-offset-2 vc_col-md-8 vc_col-sm-offset-0 vc_col-xs-12&#8243;][vc_row_inner][vc_column_inner el_class=&#8220;modul-sng&#8220; width=&#8220;1\/4&#8243; offset=&#8220;vc_col-lg-3 vc_col-md-3 vc_col-xs-6&#8243;][vc_single_image image=&#8220;4933&#8243; img_size=&#8220;full&#8220; alignment=&#8220;center&#8220; onclick=&#8220;custom_link&#8220; el_class=&#8220;animated grow duration2 eds-on-hover&#8220; link=&#8220;https:\/\/incust.com\/sk\/modules\/coupons-and-certificates\/&#8220;][vc_column_text css=&#8220;.vc_custom_1606315238499{margin-bottom: 0px !important;}&#8220;]\n<p style=\"color: white; text-align: center;\"><span style=\"font-weight: 400;\">Kup\u00f3ny a Certifik\u00e1ty<\/span><\/p>\n[\/vc_column_text][\/vc_column_inner][vc_column_inner el_class=&#8220;modul-sng&#8220; width=&#8220;1\/4&#8243; offset=&#8220;vc_col-lg-3 vc_col-md-3 vc_col-xs-6&#8243;][vc_single_image image=&#8220;4871&#8243; img_size=&#8220;full&#8220; alignment=&#8220;center&#8220; onclick=&#8220;custom_link&#8220; el_class=&#8220;animated grow duration2 eds-on-hover&#8220; link=&#8220;https:\/\/incust.com\/sk\/modules\/loyalty-and-rewards\/&#8220;][vc_column_text css=&#8220;.vc_custom_1606315258611{margin-bottom: 0px !important;}&#8220;]\n<p style=\"color: white; text-align: center;\">Vernos\u0165 a Odmeny<\/p>\n[\/vc_column_text][\/vc_column_inner][vc_column_inner el_class=&#8220;modul-sng&#8220; width=&#8220;1\/4&#8243; offset=&#8220;vc_col-lg-3 vc_col-md-3 vc_col-xs-6&#8243;][vc_single_image image=&#8220;4935&#8243; img_size=&#8220;full&#8220; alignment=&#8220;center&#8220; onclick=&#8220;custom_link&#8220; el_class=&#8220;animated grow duration2 eds-on-hover&#8220; link=&#8220;https:\/\/incust.com\/sk\/modules\/information-and-communications\/&#8220;][vc_column_text css=&#8220;.vc_custom_1606315278718{margin-bottom: 0px !important;}&#8220;]\n<p style=\"color: white; text-align: center;\"><span style=\"font-weight: 400;\">Inform\u00e1cie a Komunik\u00e1cia<\/span><\/p>\n[\/vc_column_text][\/vc_column_inner][vc_column_inner el_class=&#8220;modul-sng&#8220; width=&#8220;1\/6&#8243; offset=&#8220;vc_col-lg-3 vc_col-md-3 vc_col-xs-6&#8243;][vc_single_image image=&#8220;4310&#8243; img_size=&#8220;full&#8220; alignment=&#8220;center&#8220; onclick=&#8220;custom_link&#8220; el_class=&#8220;animated grow duration2 eds-on-hover&#8220; link=&#8220;https:\/\/incust.com\/sk\/modules\/customer-database\/&#8220;][vc_column_text css=&#8220;.vc_custom_1606315297134{margin-bottom: 0px !important;}&#8220;]\n<p style=\"color: white; text-align: center;\">Datab\u00e1za z\u00e1kazn\u00edkov<\/p>\n[\/vc_column_text][\/vc_column_inner][\/vc_row_inner][\/vc_column][\/vc_row][vc_row][vc_column css=&#8220;.vc_custom_1559903272062{margin-top: 10px !important;}&#8220;][vc_btn title=&#8220;Zobrazi\u0165 v\u0161etky moduly&#8220; color=&#8220;white&#8220; align=&#8220;center&#8220; link=&#8220;url:%2Fsk%2Fmodules%2F&#8220;][vc_empty_space][\/vc_column][\/vc_row][\/vc_section][vc_section full_width=&#8220;stretch_row&#8220; content_placement=&#8220;middle&#8220; css=&#8220;.vc_custom_1558764790982{background-image: url(\/en\/wp-content\/uploads\/sites\/7\/2019\/05\/logo-ft-32&#215;32.pnglogo-ft-32&#215;32.pngbg-ind-cta.png?id=3676) !important;}&#8220;][vc_row][vc_column width=&#8220;1\/2&#8243; el_class=&#8220;.sng-img&#8220;][vc_single_image image=&#8220;4858&#8243; img_size=&#8220;full&#8220; alignment=&#8220;center&#8220;][\/vc_column][vc_column width=&#8220;1\/2&#8243; el_class=&#8220;.mid-cont&#8220;][vc_column_text css=&#8220;.vc_custom_1606315350852{margin-bottom: 0px !important;}&#8220;]\n<h2>M\u00e1te konkr\u00e9tne potreby a \u00falohy?<\/h2>\n<p style=\"color: black; font-weight: 600;\">N\u00e1jdime spolu najlep\u0161ie rie\u0161enie<\/p>\n[\/vc_column_text][vc_row_inner][vc_column_inner el_class=&#8220;.col-nopad&#8220; width=&#8220;1\/3&#8243; offset=&#8220;vc_col-lg-4 vc_col-md-4 vc_col-xs-8&#8243;][vc_btn title=&#8220;Vytvori\u0165 individu\u00e1lne rie\u0161enie&#8220; el_class=&#8220;btn-wide btn-orange&#8220; link=&#8220;url:%2Fsk%2Fcontacts%2F&#8220;][\/vc_column_inner][vc_column_inner width=&#8220;2\/3&#8243; offset=&#8220;vc_col-lg-8 vc_col-md-8 vc_col-xs-4&#8243;][vc_single_image image=&#8220;4719&#8243; img_size=&#8220;40&#215;40&#8243;][\/vc_column_inner][\/vc_row_inner][\/vc_column][\/vc_row][\/vc_section][vc_section][vc_row][vc_column][vc_empty_space][vc_column_text css=&#8220;.vc_custom_1593689438663{margin-bottom: 0px !important;}&#8220;]\n<div style=\"margin: auto; height: 3px; width: 70%; background: linear-gradient(to right, #f5f6f6 0%,#dbdce2 21%,#b8bac6 50%,#dddfe3 80%,#f5f6f6 100%); filter: progid:DXImageTransform.Microsoft.gradient( startColorstr='#f5f6f6', endColorstr='#f5f6f6',GradientType=1 );\"><\/div>\n[\/vc_column_text][vc_empty_space][\/vc_column][\/vc_row][\/vc_section][vc_section][vc_row][vc_column][vc_column_text css=&#8220;.vc_custom_1606315479338{margin-bottom: 0px !important;}&#8220;]\n<h2 style=\"text-align: center;\">\u010eal\u0161ie Inform\u00e1cie<\/h2>\n[\/vc_column_text][\/vc_column][\/vc_row][vc_row][vc_column width=&#8220;1\/4&#8243;][vc_single_image image=&#8220;6751&#8243; img_size=&#8220;376\u0445211&#8243; onclick=&#8220;custom_link&#8220; link=&#8220;https:\/\/incust.com\/files\/presentations\/industrial\/short\/ENG\/inCust_-_complete_solution_for_banks.pdf&#8220; el_class=&#8220;benefit2-img on-before-download-show-popup&#8220;][vc_empty_space height=&#8220;12px&#8220;][vc_column_text el_class=&#8220;on-before-download-show-popup&#8220; css=&#8220;.vc_custom_1594224686924{margin-bottom: 0px !important;}&#8220;]\n<p style=\"text-align: center;\"><a href=\"https:\/\/incust.com\/files\/presentations\/industrial\/short\/ENG\/inCust_-_complete_solution_for_banks.pdf\"><span style=\"font-weight: 400;\">Complete solution for banks<\/span><\/a><\/p>\n[\/vc_column_text][\/vc_column][vc_column width=&#8220;1\/4&#8243;][vc_single_image image=&#8220;6751&#8243; img_size=&#8220;376\u0445211&#8243; onclick=&#8220;custom_link&#8220; link=&#8220;https:\/\/incust.com\/files\/presentations\/industrial\/technical\/ENG\/inCust_-_complete_solution_for_banks_-_technical_description.pdf&#8220; el_class=&#8220;benefit2-img on-before-download-show-popup&#8220;][vc_empty_space height=&#8220;12px&#8220;][vc_column_text el_class=&#8220;on-before-download-show-popup&#8220; css=&#8220;.vc_custom_1594224725198{margin-bottom: 0px !important;}&#8220;]\n<p style=\"text-align: center;\"><a href=\"https:\/\/incust.com\/files\/presentations\/industrial\/technical\/ENG\/inCust_-_complete_solution_for_banks_-_technical_description.pdf\"><span style=\"font-weight: 400;\">Complete solution for banks &#8211; technical description<\/span><\/a><\/p>\n[\/vc_column_text][\/vc_column][vc_column width=&#8220;1\/4&#8243;][vc_single_image image=&#8220;6830&#8243; img_size=&#8220;376\u0445211&#8243; onclick=&#8220;custom_link&#8220; link=&#8220;https:\/\/incust.com\/files\/presentations\/clients\/clm\/inCust_-_the_unique_CLM_solution.pdf&#8220; el_class=&#8220;benefit2-img on-before-download-show-popup&#8220;][vc_empty_space height=&#8220;12px&#8220;][vc_column_text el_class=&#8220;on-before-download-show-popup&#8220; css=&#8220;.vc_custom_1593688618000{margin-bottom: 0px !important;}&#8220;]\n<p style=\"text-align: center;\"><a href=\"https:\/\/incust.com\/files\/presentations\/clients\/clm\/inCust_-_the_unique_CLM_solution.pdf\"><span style=\"font-weight: 400;\">The unique CLM solution<\/span><\/a><\/p>\n[\/vc_column_text][\/vc_column][vc_column width=&#8220;1\/4&#8243;][vc_single_image image=&#8220;6749&#8243; img_size=&#8220;376\u0445211&#8243; onclick=&#8220;custom_link&#8220; link=&#8220;https:\/\/incust.com\/files\/presentations\/clients\/benefits\/inCust_-_Benefits_and_advantages_for_your_business.pdf&#8220; el_class=&#8220;benefit2-img on-before-download-show-popup&#8220;][vc_empty_space height=&#8220;12px&#8220;][vc_column_text el_class=&#8220;on-before-download-show-popup&#8220; css=&#8220;.vc_custom_1593688598135{margin-bottom: 0px !important;}&#8220;]\n<p style=\"text-align: center;\"><a href=\"https:\/\/incust.com\/files\/presentations\/clients\/benefits\/inCust_-_Benefits_and_advantages_for_your_business.pdf\"><span style=\"font-weight: 400;\">Benefits and advantages for your business<\/span><\/a><\/p>\n[\/vc_column_text][\/vc_column][\/vc_row][\/vc_section]\n<\/div>","protected":false},"excerpt":{"rendered":"<p>[vc_section full_width=&#8220;stretch_row&#8220; content_placement=&#8220;middle&#8220; el_class=&#8220;header-page-sm&#8220; css=&#8220;.vc_custom_1564057152745{background-image: url(https:\/\/incust.com\/sk\/wp-content\/uploads\/sites\/7\/2019\/07\/k5.png?id=5190) !important;background-position: center !important;background-repeat: no-repeat !important;background-size: cover !important;}&#8220;][vc_row][vc_column width=&#8220;5\/12&#8243; offset=&#8220;vc_col-lg-5 vc_col-md-5 vc_hidden-xs&#8220;][\/vc_column][vc_column width=&#8220;7\/12&#8243; offset=&#8220;vc_col-lg-7 vc_col-md-7 vc_col-xs-12&#8243;][vc_column_text align=&#8220;center&#8220; css=&#8220;.vc_custom_1606080197643{margin-bottom: 0px !important;}&#8220;] Rie\u0161enia na mieru pre banky [\/vc_column_text][\/vc_column][\/vc_row][\/vc_section][vc_row][vc_column][vc_column_text css=&#8220;.vc_custom_1606080207650{margin-bottom: 0px !important;}&#8220;] Ak ste [\/vc_column_text][\/vc_column][\/vc_row][vc_row equal_columns=&#8220;true&#8220; el_class=&#8220;ben-one-row&#8220;][vc_column width=&#8220;2\/3&#8243; el_class=&#8220;benefit&#8220; offset=&#8220;vc_col-lg-offset-4 vc_col-lg-4 vc_col-md-offset-4 vc_col-md-4 vc_col-xs-12&#8243;][vc_raw_html]JTNDY2VudGVyJTNFJTNDYSUyMGNsYXNzJTNEJTIybW9kdWxlLWxpbmslMjIlMjBocmVmJTNEJTIyJTIzJTIyJTNFJTNDZGl2JTIwY2xhc3MlM0QlMjJpbWctd3JhcC1tb2QlMjIlMjBzdHlsZSUzRCUyMiUyMHdpZHRoJTNBJTIwNzVweCUzQiUyMiUzRSUzQ2ltZyUyMGNsYXNzJTNEJTIybW9kdWxlLWltZyUyMiUyMHNyYyUzRCUyMmh0dHBzJTNBJTJGJTJGaW5jdXN0LmNvbSUyRmVuJTJGd3AtY29udGVudCUyRnVwbG9hZHMlMkZzaXRlcyUyRjQlMkYyMDE5JTJGMDclMkZiYW5rLWJ1aWxkaW5nXzEwMHB4LnBuZyUyMiUzRSUzQyUyRmRpdiUzRSUzQ2JyJTNFJTNDaDMlM0VCYW5rYSUzQyUyRmgzJTNFJTBBJTNDcCUzRSUwQSUzQyUyRnAlM0UlM0MlMkZhJTNFJTNDJTJGY2VudGVyJTNF[\/vc_raw_html][\/vc_column][\/vc_row][vc_row][vc_column border_color=&#8220;#eaeaea&#8220;][vc_column_text css=&#8220;.vc_custom_1606314419058{margin-bottom: 0px !important;}&#8220;] Okrem ponuky bankov\u00fdch produktov (p\u00f4\u017ei\u010dky, [&hellip;]<\/p>\n","protected":false},"author":14,"featured_media":0,"parent":3641,"menu_order":0,"comment_status":"closed","ping_status":"closed","template":"","meta":{"footnotes":""},"_links":{"self":[{"href":"https:\/\/incust.com\/sk\/wp-json\/wp\/v2\/pages\/4983"}],"collection":[{"href":"https:\/\/incust.com\/sk\/wp-json\/wp\/v2\/pages"}],"about":[{"href":"https:\/\/incust.com\/sk\/wp-json\/wp\/v2\/types\/page"}],"author":[{"embeddable":true,"href":"https:\/\/incust.com\/sk\/wp-json\/wp\/v2\/users\/14"}],"replies":[{"embeddable":true,"href":"https:\/\/incust.com\/sk\/wp-json\/wp\/v2\/comments?post=4983"}],"version-history":[{"count":50,"href":"https:\/\/incust.com\/sk\/wp-json\/wp\/v2\/pages\/4983\/revisions"}],"predecessor-version":[{"id":7804,"href":"https:\/\/incust.com\/sk\/wp-json\/wp\/v2\/pages\/4983\/revisions\/7804"}],"up":[{"embeddable":true,"href":"https:\/\/incust.com\/sk\/wp-json\/wp\/v2\/pages\/3641"}],"wp:attachment":[{"href":"https:\/\/incust.com\/sk\/wp-json\/wp\/v2\/media?parent=4983"}],"curies":[{"name":"wp","href":"https:\/\/api.w.org\/{rel}","templated":true}]}}