{"id":3897,"date":"2019-05-30T14:29:37","date_gmt":"2019-05-30T19:29:37","guid":{"rendered":"\/en\/?page_id=3897"},"modified":"2020-10-08T08:55:40","modified_gmt":"2020-10-08T13:55:40","slug":"pricing","status":"publish","type":"page","link":"https:\/\/incust.com\/sk\/pricing\/","title":{"rendered":"Ceny"},"content":{"rendered":"<div class=\"wpb-content-wrapper\">[vc_section full_width=&#8220;stretch_row&#8220; content_placement=&#8220;middle&#8220; el_class=&#8220;header-page&#8220; css=&#8220;.vc_custom_1575033399546{background-image: url(https:\/\/incust.com\/sk\/wp-content\/uploads\/sites\/7\/2019\/11\/3-1.jpg?id=5867) !important;background-position: center !important;background-repeat: no-repeat !important;background-size: cover !important;}&#8220;][vc_row][vc_column][vc_column_text align=&#8220;center&#8220; css=&#8220;.vc_custom_1602163215533{margin-bottom: 0px !important;}&#8220;]\n<h1 style=\"text-align: center\">Ceny<\/h1>\n[\/vc_column_text][\/vc_column][\/vc_row][\/vc_section][vc_section][vc_row][vc_column][vc_column_text css=&#8220;.vc_custom_1602163251914{margin-bottom: 0px !important;}&#8220;]\n<h2 style=\"text-align: center\">Vyberte typ produktu, ktor\u00fd najlep\u0161ie vyhovuje va\u0161ej firme:<br \/>\nB2C, B2B, B2B2C, B2E a B2G<\/h2>\n[\/vc_column_text][\/vc_column][\/vc_row][vc_row][vc_column][mk_table]\n<table width=\"100%\">\n<thead>\n<tr>\n<th>Typ nasadenia<\/th>\n<th>Cloudov\u00e1 slu\u017eba<\/th>\n<th>\n<div id=\"formula-bar\" class=\"formulabar-disabled\">\n<div id=\"t-formula-bar-input-container\">\n<div dir=\"ltr\">\n<div id=\"t-formula-bar-input\">\n<div class=\"cell-input disabled-input\" dir=\"ltr\" role=\"combobox\">Vlastn\u00e1 zna\u010dka <span style=\"font-size: 12px\"><br \/>\nna serveroch inCust<\/span><\/div>\n<\/div>\n<\/div>\n<\/div>\n<\/div>\n<\/th>\n<th colspan=\"2\">\n<div id=\"docs-chrome\" class=\"docs-material companion-enabled\" role=\"group\">\n<div id=\"docs-additional-bars\">\n<div id=\"waffle-editorsized-bar\">\n<div id=\"formula-bar\" class=\"formulabar-disabled\">\n<div id=\"t-formula-bar-input-container\">\n<div dir=\"ltr\">\n<div id=\"t-formula-bar-input\">\n<div class=\"cell-input disabled-input\" dir=\"ltr\" role=\"combobox\">Vlastn\u00e1 zna\u010dka<br \/>\n<span style=\"font-size: 12px\">na va\u0161ich serveroch<\/span><\/div>\n<\/div>\n<\/div>\n<\/div>\n<\/div>\n<\/div>\n<\/div>\n<\/div>\n<\/th>\n<\/tr>\n<\/thead>\n<tbody>\n<tr>\n<td><strong>Typ licencie<\/strong><\/td>\n<td>Predplatn\u00e9<\/td>\n<td>Predplatn\u00e9<\/td>\n<td>Predplatn\u00e9<\/td>\n<td>Perpetual (neprestajn\u00e1) licencia<\/td>\n<\/tr>\n<tr>\n<td><strong><br \/>\nPrice<\/strong><\/td>\n<td><span data-sheets-value=\"{&quot;1&quot;:2,&quot;2&quot;:&quot;starting from \\n$15\/month\\n&quot;}\" data-sheets-userformat=\"{&quot;2&quot;:4288,&quot;9&quot;:1,&quot;10&quot;:0,&quot;15&quot;:&quot;Arial&quot;}\">za\u010d\u00edna od<br \/>\n<span style=\"font-size: 24px\">15\u20ac<br \/>\nna mesiac<\/span><br \/>\n<\/span><u><a href=\"http:\/\/incust.com\/en\/plans-and-pricing\/\">viac&#8230;<\/a><\/u><\/td>\n<td>za\u010d\u00edna od<br \/>\n<span style=\"font-size: 24px\">990\u20ac<br \/>\nna mesiac<\/span><\/td>\n<td>za\u010d\u00edna od<br \/>\n<span style=\"font-size: 24px\">2990\u20ac<br \/>\nna mesiac<\/span><\/td>\n<td>za\u010d\u00edna od<br \/>\n<span style=\"font-size: 24px\">9900\u20ac<br \/>\njednorazovo<\/span><\/td>\n<\/tr>\n<tr>\n<td>Pozrie\u0165<\/td>\n<td class=\"btn-green\"><a class=\"vc_general vc_btn3 vc_btn3-size-md vc_btn3-shape-rounded vc_btn3-style-modern\" href=\"https:\/\/business.incust.com\/\">Sk\u00fa\u0161obn\u00e1 verzia zdarma<\/a><\/td>\n<td class=\"btn-orange\" colspan=\"3\"><a class=\"vc_general vc_btn3 vc_btn3-size-md vc_btn3-shape-rounded vc_btn3-style-modern\" href=\"http:\/\/incust.com\/sk\/contacts\/\">Rezervova\u0165 uk\u00e1\u017eku<\/a><\/td>\n<\/tr>\n<tr>\n<td>\u00dadr\u017eba a podpora<\/td>\n<td>Zahrnut\u00e1<\/td>\n<td>Zahrnut\u00e1<\/td>\n<td>Zahrnut\u00e1<\/td>\n<td>Pod\u013ea \u017eiadosti biznisa<\/td>\n<\/tr>\n<\/tbody>\n<\/table>\n[\/mk_table][vc_btn title=&#8220;M\u00e1te ot\u00e1zky? Kontaktujte n\u00e1s&#8220; align=&#8220;center&#8220; el_class=&#8220;btn-orange&#8220; link=&#8220;url:https%3A%2F%2Fincust.com%2Fsk%2Fcontacts%2F%23form||target:%20_blank|&#8220;][vc_column_text css=&#8220;.vc_custom_1602164898041{margin-bottom: 0px !important;}&#8220;]\n<h2>\u00daDR\u017dBA A PODPORA<\/h2>\n<p>V\u0161etky mo\u017enosti s\u00fa dod\u00e1van\u00e9 so \u0161tandardnou podporou. K dispoz\u00edcii je roz\u0161\u00edren\u00e1 podpora.<br \/>\n\u0160tandardn\u00e1 podpora zah\u0155\u0148a pomoc poskytovan\u00fa na\u0161imi v\u00fdvoj\u00e1rmi a podporn\u00fdm person\u00e1lom prostredn\u00edctvom webovej technickej podpory s \u010dasom odozvy nie dlh\u0161\u00edm ako 2 pracovn\u00e9 dni.<\/p>\n<p>\u00dadr\u017eba (aktualiz\u00e1cie softv\u00e9ru) je s\u00fa\u010das\u0165ou v\u0161etk\u00fdch licenci\u00ed na odber. \u00dadr\u017eba je k dispoz\u00edcii ako volite\u013en\u00e1 mo\u017enos\u0165 s licenciou Perpetual (neprestajnou).[\/vc_column_text][\/vc_column][\/vc_row][\/vc_section]\n<\/div>","protected":false},"excerpt":{"rendered":"<p>[vc_section full_width=&#8220;stretch_row&#8220; content_placement=&#8220;middle&#8220; el_class=&#8220;header-page&#8220; css=&#8220;.vc_custom_1575033399546{background-image: url(https:\/\/incust.com\/sk\/wp-content\/uploads\/sites\/7\/2019\/11\/3-1.jpg?id=5867) !important;background-position: center !important;background-repeat: no-repeat !important;background-size: cover !important;}&#8220;][vc_row][vc_column][vc_column_text align=&#8220;center&#8220; css=&#8220;.vc_custom_1602163215533{margin-bottom: 0px !important;}&#8220;] Ceny [\/vc_column_text][\/vc_column][\/vc_row][\/vc_section][vc_section][vc_row][vc_column][vc_column_text css=&#8220;.vc_custom_1602163251914{margin-bottom: 0px !important;}&#8220;] Vyberte typ produktu, ktor\u00fd najlep\u0161ie vyhovuje va\u0161ej firme: B2C, B2B, B2B2C, B2E a B2G [\/vc_column_text][\/vc_column][\/vc_row][vc_row][vc_column][mk_table] Typ nasadenia Cloudov\u00e1 slu\u017eba Vlastn\u00e1 zna\u010dka na serveroch inCust Vlastn\u00e1 zna\u010dka na va\u0161ich serveroch Typ licencie Predplatn\u00e9 Predplatn\u00e9 [&hellip;]<\/p>\n","protected":false},"author":1,"featured_media":0,"parent":0,"menu_order":0,"comment_status":"closed","ping_status":"closed","template":"","meta":{"footnotes":""},"_links":{"self":[{"href":"https:\/\/incust.com\/sk\/wp-json\/wp\/v2\/pages\/3897"}],"collection":[{"href":"https:\/\/incust.com\/sk\/wp-json\/wp\/v2\/pages"}],"about":[{"href":"https:\/\/incust.com\/sk\/wp-json\/wp\/v2\/types\/page"}],"author":[{"embeddable":true,"href":"https:\/\/incust.com\/sk\/wp-json\/wp\/v2\/users\/1"}],"replies":[{"embeddable":true,"href":"https:\/\/incust.com\/sk\/wp-json\/wp\/v2\/comments?post=3897"}],"version-history":[{"count":53,"href":"https:\/\/incust.com\/sk\/wp-json\/wp\/v2\/pages\/3897\/revisions"}],"predecessor-version":[{"id":7698,"href":"https:\/\/incust.com\/sk\/wp-json\/wp\/v2\/pages\/3897\/revisions\/7698"}],"wp:attachment":[{"href":"https:\/\/incust.com\/sk\/wp-json\/wp\/v2\/media?parent=3897"}],"curies":[{"name":"wp","href":"https:\/\/api.w.org\/{rel}","templated":true}]}}