{"id":3641,"date":"2019-05-24T09:19:47","date_gmt":"2019-05-24T14:19:47","guid":{"rendered":"\/en\/?page_id=3641"},"modified":"2020-11-22T16:15:26","modified_gmt":"2020-11-22T21:15:26","slug":"industries","status":"publish","type":"page","link":"https:\/\/incust.com\/sk\/industries\/","title":{"rendered":"Priemysly"},"content":{"rendered":"<div class=\"wpb-content-wrapper\">[vc_section full_width=&#8220;stretch_row&#8220; content_placement=&#8220;middle&#8220; el_class=&#8220;header-page&#8220; css=&#8220;.vc_custom_1575033331381{background-image: url(https:\/\/incust.com\/sk\/wp-content\/uploads\/sites\/7\/2019\/11\/5-1.jpg?id=5869) !important;background-position: center !important;background-repeat: no-repeat !important;background-size: cover !important;}&#8220;][vc_row][vc_column][vc_column_text align=&#8220;center&#8220; css=&#8220;.vc_custom_1601081566918{margin-bottom: 0px !important;}&#8220;]\n<h1 style=\"text-align: center;\">Priemysly<\/h1>\n[\/vc_column_text][\/vc_column][\/vc_row][\/vc_section][vc_row][vc_column][vc_column_text align=&#8220;center&#8220; css=&#8220;.vc_custom_1606079680964{margin-bottom: 0px !important;padding-top: 30px !important;padding-bottom: 30px !important;}&#8220;]\n<h2>Zistite, ako inCust pom\u00e1ha v\u00e1\u0161mu biznisu udr\u017ea\u0165 si n\u00e1skok pred konkurenciou vo va\u0161om priemysle<\/h2>\n[\/vc_column_text][vc_column_text align=&#8220;center&#8220; css=&#8220;.vc_custom_1601081607106{margin-bottom: 0px !important;padding-top: 30px !important;padding-bottom: 30px !important;}&#8220;]\n<div style=\"font-size: x-large;\">Priemysly s typick\u00fdmi scen\u00e1rmi vyu\u017e\u00edvania platformy<\/div>\n[\/vc_column_text][\/vc_column][\/vc_row][vc_section css=&#8220;.vc_custom_1558765826771{margin-bottom: 30px !important;}&#8220;][vc_row][vc_column width=&#8220;1\/4&#8243; el_class=&#8220;services&#8220; offset=&#8220;vc_col-lg-3 vc_col-xs-6&#8243;][vc_column_text el_class=&#8220;service-txt&#8220; css=&#8220;.vc_custom_1601081623400{margin-bottom: 0px !important;}&#8220;]Maloobchod[\/vc_column_text][vc_single_image image=&#8220;4632&#8243; img_size=&#8220;full&#8220; alignment=&#8220;center&#8220; onclick=&#8220;custom_link&#8220; link=&#8220;https:\/\/incust.com\/sk\/industries\/retail\/&#8220;][\/vc_column][vc_column width=&#8220;1\/4&#8243; el_class=&#8220;services&#8220; offset=&#8220;vc_col-lg-3 vc_col-xs-6&#8243;][vc_column_text el_class=&#8220;service-txt&#8220; css=&#8220;.vc_custom_1601081632764{margin-bottom: 0px !important;}&#8220;]Re\u0161taur\u00e1cie a kaviarne[\/vc_column_text][vc_single_image image=&#8220;5132&#8243; img_size=&#8220;full&#8220; alignment=&#8220;center&#8220; onclick=&#8220;custom_link&#8220; link=&#8220;https:\/\/incust.com\/sk\/industries\/restaurants-and-cafes\/&#8220;][\/vc_column][vc_column width=&#8220;1\/4&#8243; el_class=&#8220;services&#8220; offset=&#8220;vc_col-lg-3 vc_col-xs-6&#8243;][vc_column_text el_class=&#8220;service-txt&#8220; css=&#8220;.vc_custom_1601081642334{margin-bottom: 0px !important;}&#8220;]Slu\u017eby[\/vc_column_text][vc_single_image image=&#8220;5139&#8243; img_size=&#8220;full&#8220; alignment=&#8220;center&#8220; onclick=&#8220;custom_link&#8220; link=&#8220;https:\/\/incust.com\/sk\/industries\/service\/&#8220;][\/vc_column][vc_column width=&#8220;1\/4&#8243; el_class=&#8220;services&#8220; offset=&#8220;vc_col-lg-3 vc_col-xs-6&#8243;][vc_column_text el_class=&#8220;service-txt&#8220; css=&#8220;.vc_custom_1601081653153{margin-bottom: 0px !important;}&#8220;]\u010cerpacie a nab\u00edjacie stanice[\/vc_column_text][vc_single_image image=&#8220;4666&#8243; img_size=&#8220;full&#8220; alignment=&#8220;center&#8220; onclick=&#8220;custom_link&#8220; link=&#8220;https:\/\/incust.com\/sk\/industries\/fuel-stations\/&#8220;][\/vc_column][\/vc_row][vc_row][vc_column width=&#8220;1\/4&#8243; el_class=&#8220;services&#8220; offset=&#8220;vc_col-lg-3 vc_col-xs-6&#8243;][vc_column_text el_class=&#8220;service-txt&#8220; css=&#8220;.vc_custom_1601081662813{margin-bottom: 0px !important;}&#8220;]Lek\u00e1rni[\/vc_column_text][vc_single_image image=&#8220;5137&#8243; img_size=&#8220;full&#8220; alignment=&#8220;center&#8220; onclick=&#8220;custom_link&#8220; link=&#8220;https:\/\/incust.com\/sk\/industries\/pharmacies\/&#8220;][\/vc_column][vc_column width=&#8220;1\/4&#8243; el_class=&#8220;services&#8220; offset=&#8220;vc_col-lg-3 vc_col-xs-6&#8243;][vc_column_text el_class=&#8220;service-txt&#8220; css=&#8220;.vc_custom_1601081675909{margin-bottom: 0px !important;}&#8220;]Zdravotn\u00edcke slu\u017eby[\/vc_column_text][vc_single_image image=&#8220;5143&#8243; img_size=&#8220;full&#8220; alignment=&#8220;center&#8220; onclick=&#8220;custom_link&#8220; link=&#8220;https:\/\/incust.com\/sk\/industries\/medical-services\/&#8220;][\/vc_column][vc_column width=&#8220;1\/4&#8243; el_class=&#8220;services&#8220; offset=&#8220;vc_col-lg-3 vc_col-xs-6&#8243;][vc_column_text el_class=&#8220;service-txt&#8220; css=&#8220;.vc_custom_1601081687885{margin-bottom: 0px !important;}&#8220;]Slu\u017eby pre auta[\/vc_column_text][vc_single_image image=&#8220;4665&#8243; img_size=&#8220;full&#8220; alignment=&#8220;center&#8220; onclick=&#8220;custom_link&#8220; link=&#8220;https:\/\/incust.com\/sk\/industries\/car-services\/&#8220;][\/vc_column][vc_column width=&#8220;1\/4&#8243; el_class=&#8220;services&#8220; offset=&#8220;vc_col-lg-3 vc_col-xs-6&#8243;][vc_column_text el_class=&#8220;service-txt&#8220; css=&#8220;.vc_custom_1601081701423{margin-bottom: 0px !important;}&#8220;]Hoteli[\/vc_column_text][vc_single_image image=&#8220;5134&#8243; img_size=&#8220;full&#8220; alignment=&#8220;center&#8220; onclick=&#8220;custom_link&#8220; link=&#8220;https:\/\/incust.com\/sk\/industries\/hotels\/&#8220;][\/vc_column][\/vc_row][vc_row][vc_column width=&#8220;1\/4&#8243; offset=&#8220;vc_col-lg-3 vc_col-xs-6 vc_hidden-xs&#8220;][\/vc_column][vc_column width=&#8220;1\/4&#8243; el_class=&#8220;services&#8220; offset=&#8220;vc_col-lg-3 vc_col-xs-6&#8243;][vc_column_text el_class=&#8220;service-txt&#8220; css=&#8220;.vc_custom_1601081720809{margin-bottom: 0px !important;}&#8220;]Rekre\u00e1cia a z\u00e1bava[\/vc_column_text][vc_single_image image=&#8220;5138&#8243; img_size=&#8220;full&#8220; alignment=&#8220;center&#8220; onclick=&#8220;custom_link&#8220; link=&#8220;https:\/\/incust.com\/sk\/industries\/recreation-and-entertainment\/&#8220;][\/vc_column][vc_column width=&#8220;1\/4&#8243; offset=&#8220;vc_col-lg-3 vc_col-xs-6&#8243; el_class=&#8220;services&#8220;][vc_column_text el_class=&#8220;service-txt&#8220; css=&#8220;.vc_custom_1601081731064{margin-bottom: 0px !important;}&#8220;]Spr\u00e1va udalost\u00ed[\/vc_column_text][vc_single_image image=&#8220;4667&#8243; img_size=&#8220;full&#8220; alignment=&#8220;center&#8220; onclick=&#8220;custom_link&#8220; link=&#8220;https:\/\/incust.com\/sk\/industries\/event-management\/&#8220;][\/vc_column][vc_column width=&#8220;1\/4&#8243; offset=&#8220;vc_col-lg-3 vc_col-xs-6 vc_hidden-xs&#8220;][\/vc_column][\/vc_row][vc_row][vc_column][vc_empty_space height=&#8220;102px&#8220;][vc_column_text align=&#8220;center&#8220; css=&#8220;.vc_custom_1601081746114{margin-bottom: 0px !important;padding-top: 30px !important;padding-bottom: 30px !important;}&#8220;]\n<div style=\"font-size: x-large;\">Priemysly s po\u017eiadavkami na individualiz\u00e1ciu platformy<\/div>\n[\/vc_column_text][\/vc_column][\/vc_row][vc_row][vc_column width=&#8220;1\/4&#8243; el_class=&#8220;services&#8220; offset=&#8220;vc_col-lg-3 vc_col-xs-6&#8243;][vc_column_text el_class=&#8220;service-txt&#8220; css=&#8220;.vc_custom_1601081763721{margin-bottom: 0px !important;}&#8220;]N\u00e1kupn\u00e9 Centrum[\/vc_column_text][vc_single_image image=&#8220;4663&#8243; img_size=&#8220;full&#8220; alignment=&#8220;center&#8220; onclick=&#8220;custom_link&#8220; link=&#8220;https:\/\/incust.com\/sk\/industries\/shopping-malls\/&#8220;][\/vc_column][vc_column width=&#8220;1\/4&#8243; el_class=&#8220;services&#8220; offset=&#8220;vc_col-lg-3 vc_col-xs-6&#8243;][vc_column_text el_class=&#8220;service-txt&#8220; css=&#8220;.vc_custom_1601081773986{margin-bottom: 0px !important;}&#8220;]FMCG[\/vc_column_text][vc_single_image image=&#8220;4660&#8243; img_size=&#8220;full&#8220; alignment=&#8220;center&#8220; onclick=&#8220;custom_link&#8220; link=&#8220;https:\/\/incust.com\/sk\/industries\/fmcg-manufacturers\/&#8220;][\/vc_column][vc_column width=&#8220;1\/4&#8243; el_class=&#8220;services&#8220; offset=&#8220;vc_col-lg-3 vc_col-xs-6&#8243;][vc_column_text el_class=&#8220;service-txt&#8220; css=&#8220;.vc_custom_1606077334367{margin-bottom: 0px !important;}&#8220;]Doprava[\/vc_column_text][vc_single_image image=&#8220;5140&#8243; img_size=&#8220;full&#8220; alignment=&#8220;center&#8220; onclick=&#8220;custom_link&#8220; link=&#8220;https:\/\/incust.com\/sk\/industries\/transport-and-commuting\/&#8220;][\/vc_column][vc_column width=&#8220;1\/4&#8243; el_class=&#8220;services&#8220; offset=&#8220;vc_col-lg-3 vc_col-xs-6&#8243;][vc_column_text el_class=&#8220;service-txt&#8220; css=&#8220;.vc_custom_1601081795901{margin-bottom: 0px !important;}&#8220;]Miestna vl\u00e1da[\/vc_column_text][vc_single_image image=&#8220;4658&#8243; img_size=&#8220;full&#8220; alignment=&#8220;center&#8220; onclick=&#8220;custom_link&#8220; link=&#8220;https:\/\/incust.com\/sk\/industries\/local-governments\/&#8220;][\/vc_column][\/vc_row][vc_row][vc_column width=&#8220;1\/12&#8243; offset=&#8220;vc_col-lg-2 vc_col-xs-6 vc_hidden-xs&#8220; el_class=&#8220;services-free&#8220;][\/vc_column][vc_column width=&#8220;1\/12&#8243; el_class=&#8220;services&#8220; offset=&#8220;vc_col-lg-3 vc_col-md-3 vc_col-xs-6&#8243;][vc_column_text el_class=&#8220;service-txt&#8220; css=&#8220;.vc_custom_1601081805380{margin-bottom: 0px !important;}&#8220;]Dobro\u010dinnos\u0165[\/vc_column_text][vc_single_image image=&#8220;4664&#8243; img_size=&#8220;full&#8220; alignment=&#8220;center&#8220; onclick=&#8220;custom_link&#8220; link=&#8220;https:\/\/incust.com\/sk\/industries\/charity&#8220;][\/vc_column][vc_column width=&#8220;1\/12&#8243; el_class=&#8220;services&#8220; offset=&#8220;vc_col-lg-3 vc_col-md-3 vc_col-xs-6&#8243;][vc_column_text el_class=&#8220;service-txt&#8220; css=&#8220;.vc_custom_1601081813802{margin-bottom: 0px !important;}&#8220;]Telekomunika\u010dn\u00e9 biznisy[\/vc_column_text][vc_single_image image=&#8220;4668&#8243; img_size=&#8220;full&#8220; alignment=&#8220;center&#8220; onclick=&#8220;custom_link&#8220; link=&#8220;https:\/\/incust.com\/sk\/industries\/telecoms\/&#8220;][\/vc_column][vc_column width=&#8220;1\/12&#8243; el_class=&#8220;services srvs-last&#8220; offset=&#8220;vc_col-lg-offset-0 vc_col-lg-3 vc_col-md-offset-0 vc_col-md-3 vc_col-xs-offset-3 vc_col-xs-6&#8243;][vc_column_text el_class=&#8220;service-txt&#8220; css=&#8220;.vc_custom_1601081824155{margin-bottom: 0px !important;}&#8220;]Banky[\/vc_column_text][vc_single_image image=&#8220;4661&#8243; img_size=&#8220;full&#8220; alignment=&#8220;center&#8220; onclick=&#8220;custom_link&#8220; link=&#8220;https:\/\/incust.com\/sk\/industries\/banks&#8220;][\/vc_column][\/vc_row][\/vc_section][vc_row][vc_column][vc_empty_space height=&#8220;102px&#8220;][\/vc_column][\/vc_row][vc_section full_width=&#8220;stretch_row&#8220; content_placement=&#8220;middle&#8220; css=&#8220;.vc_custom_1558764790982{background-image: url(\/en\/wp-content\/uploads\/sites\/7\/2019\/05\/logo-ft-32&#215;32.pngbg-ind-cta.png?id=3676) !important;}&#8220;][vc_row][vc_column width=&#8220;1\/3&#8243; el_class=&#8220;.sng-img&#8220;][vc_single_image image=&#8220;4670&#8243; img_size=&#8220;full&#8220; alignment=&#8220;center&#8220;][\/vc_column][vc_column width=&#8220;2\/3&#8243; el_class=&#8220;.mid-cont&#8220;][vc_column_text css=&#8220;.vc_custom_1601081868879{margin-bottom: 0px !important;}&#8220;]\n<h2>M\u00e1te konkr\u00e9tne potreby a \u00falohy?<\/h2>\n<p>N\u00e1jdime spolu najlep\u0161ie rie\u0161enie[\/vc_column_text][vc_row_inner][vc_column_inner el_class=&#8220;.col-nopad&#8220; width=&#8220;1\/3&#8243; offset=&#8220;vc_col-lg-4 vc_col-md-4 vc_col-xs-8&#8243;][vc_btn title=&#8220;Porozpr\u00e1vajte sa s odborn\u00edkom&#8220; el_class=&#8220;btn-wide btn-orange&#8220; link=&#8220;url:http%3A%2F%2Fincust.com%2Fen%2Fcontacts%2F||target:%20_blank|&#8220;][\/vc_column_inner][vc_column_inner width=&#8220;2\/3&#8243; offset=&#8220;vc_col-lg-8 vc_col-md-8 vc_col-xs-4&#8243;][vc_single_image image=&#8220;4719&#8243; img_size=&#8220;40&#215;40&#8243;][\/vc_column_inner][\/vc_row_inner][\/vc_column][\/vc_row][\/vc_section][vc_section][vc_row][vc_column][vc_empty_space][vc_column_text css=&#8220;.vc_custom_1593689438663{margin-bottom: 0px !important;}&#8220;]\n<div style=\"margin: auto; height: 3px; width: 70%; background: linear-gradient(to right, #f5f6f6 0%,#dbdce2 21%,#b8bac6 50%,#dddfe3 80%,#f5f6f6 100%);\"><\/div>\n[\/vc_column_text][vc_empty_space][\/vc_column][\/vc_row][\/vc_section][vc_section][vc_row][vc_column][vc_column_text css=&#8220;.vc_custom_1606077379925{margin-bottom: 0px !important;}&#8220;]\n<h2 style=\"text-align: center;\">\u010eal\u0161ie Inform\u00e1cie<\/h2>\n[\/vc_column_text][\/vc_column][\/vc_row][vc_row][vc_column width=&#8220;1\/3&#8243;][vc_single_image image=&#8220;6749&#8243; img_size=&#8220;376\u0445211&#8243; onclick=&#8220;custom_link&#8220; link=&#8220;https:\/\/incust.com\/files\/presentations\/clients\/benefits\/inCust_-_Benefits_and_advantages_for_your_business.pdf&#8220; el_class=&#8220;benefit2-img on-before-download-show-popup&#8220;][vc_empty_space height=&#8220;12px&#8220;][vc_column_text el_class=&#8220;on-before-download-show-popup&#8220; css=&#8220;.vc_custom_1593688598135{margin-bottom: 0px !important;}&#8220;]\n<p style=\"text-align: center;\"><a href=\"https:\/\/incust.com\/files\/presentations\/clients\/benefits\/inCust_-_Benefits_and_advantages_for_your_business.pdf\"><span style=\"font-weight: 400;\">Benefits and advantages for your business<\/span><\/a><\/p>\n[\/vc_column_text][\/vc_column][vc_column width=&#8220;1\/3&#8243;][vc_single_image image=&#8220;6830&#8243; img_size=&#8220;376\u0445211&#8243; onclick=&#8220;custom_link&#8220; link=&#8220;https:\/\/incust.com\/files\/presentations\/clients\/clm\/inCust_-_the_unique_CLM_solution.pdf&#8220; el_class=&#8220;benefit2-img on-before-download-show-popup&#8220;][vc_empty_space height=&#8220;12px&#8220;][vc_column_text el_class=&#8220;on-before-download-show-popup&#8220; css=&#8220;.vc_custom_1593688618000{margin-bottom: 0px !important;}&#8220;]\n<p style=\"text-align: center;\"><a href=\"https:\/\/incust.com\/files\/presentations\/clients\/clm\/inCust_-_the_unique_CLM_solution.pdf\"><span style=\"font-weight: 400;\">The unique CLM solution<\/span><\/a><\/p>\n[\/vc_column_text][\/vc_column][vc_column width=&#8220;1\/3&#8243;][vc_single_image image=&#8220;6742&#8243; img_size=&#8220;376\u0445211&#8243; onclick=&#8220;custom_link&#8220; link=&#8220;https:\/\/incust.com\/files\/presentations\/clients\/technical\/inCust_-_Features_and_instruments.pdf&#8220; el_class=&#8220;benefit2-img on-before-download-show-popup&#8220;][vc_empty_space height=&#8220;12px&#8220;][vc_column_text el_class=&#8220;on-before-download-show-popup&#8220; css=&#8220;.vc_custom_1593688684248{margin-bottom: 0px !important;}&#8220;]\n<p style=\"text-align: center;\"><a href=\"https:\/\/incust.com\/files\/presentations\/clients\/technical\/inCust_-_Features_and_instruments.pdf\"><span style=\"font-weight: 400;\">Features and instruments<\/span><\/a><\/p>\n[\/vc_column_text][\/vc_column][\/vc_row][\/vc_section]\n<\/div>","protected":false},"excerpt":{"rendered":"<p>[vc_section full_width=&#8220;stretch_row&#8220; content_placement=&#8220;middle&#8220; el_class=&#8220;header-page&#8220; css=&#8220;.vc_custom_1575033331381{background-image: url(https:\/\/incust.com\/sk\/wp-content\/uploads\/sites\/7\/2019\/11\/5-1.jpg?id=5869) !important;background-position: center !important;background-repeat: no-repeat !important;background-size: cover !important;}&#8220;][vc_row][vc_column][vc_column_text align=&#8220;center&#8220; css=&#8220;.vc_custom_1601081566918{margin-bottom: 0px !important;}&#8220;] Priemysly [\/vc_column_text][\/vc_column][\/vc_row][\/vc_section][vc_row][vc_column][vc_column_text align=&#8220;center&#8220; css=&#8220;.vc_custom_1606079680964{margin-bottom: 0px !important;padding-top: 30px !important;padding-bottom: 30px !important;}&#8220;] Zistite, ako inCust pom\u00e1ha v\u00e1\u0161mu biznisu udr\u017ea\u0165 si n\u00e1skok pred konkurenciou vo va\u0161om priemysle [\/vc_column_text][vc_column_text align=&#8220;center&#8220; css=&#8220;.vc_custom_1601081607106{margin-bottom: 0px !important;padding-top: 30px !important;padding-bottom: 30px !important;}&#8220;] Priemysly s typick\u00fdmi scen\u00e1rmi vyu\u017e\u00edvania [&hellip;]<\/p>\n","protected":false},"author":1,"featured_media":0,"parent":0,"menu_order":0,"comment_status":"closed","ping_status":"closed","template":"","meta":{"footnotes":""},"_links":{"self":[{"href":"https:\/\/incust.com\/sk\/wp-json\/wp\/v2\/pages\/3641"}],"collection":[{"href":"https:\/\/incust.com\/sk\/wp-json\/wp\/v2\/pages"}],"about":[{"href":"https:\/\/incust.com\/sk\/wp-json\/wp\/v2\/types\/page"}],"author":[{"embeddable":true,"href":"https:\/\/incust.com\/sk\/wp-json\/wp\/v2\/users\/1"}],"replies":[{"embeddable":true,"href":"https:\/\/incust.com\/sk\/wp-json\/wp\/v2\/comments?post=3641"}],"version-history":[{"count":85,"href":"https:\/\/incust.com\/sk\/wp-json\/wp\/v2\/pages\/3641\/revisions"}],"predecessor-version":[{"id":7799,"href":"https:\/\/incust.com\/sk\/wp-json\/wp\/v2\/pages\/3641\/revisions\/7799"}],"wp:attachment":[{"href":"https:\/\/incust.com\/sk\/wp-json\/wp\/v2\/media?parent=3641"}],"curies":[{"name":"wp","href":"https:\/\/api.w.org\/{rel}","templated":true}]}}