{"id":3639,"date":"2019-05-24T09:19:06","date_gmt":"2019-05-24T14:19:06","guid":{"rendered":"\/en\/?page_id=3639"},"modified":"2020-11-22T14:42:50","modified_gmt":"2020-11-22T19:42:50","slug":"modules","status":"publish","type":"page","link":"https:\/\/incust.com\/sk\/modules\/","title":{"rendered":"Moduly"},"content":{"rendered":"<div class=\"wpb-content-wrapper\">[vc_section full_width=&#8220;stretch_row&#8220; content_placement=&#8220;middle&#8220; el_class=&#8220;header-page&#8220; css=&#8220;.vc_custom_1575033247545{background-image: url(https:\/\/incust.com\/sk\/wp-content\/uploads\/sites\/7\/2019\/11\/6-1.jpg?id=5871) !important;background-position: center !important;background-repeat: no-repeat !important;background-size: cover !important;}&#8220;][vc_row][vc_column][vc_column_text align=&#8220;center&#8220; css=&#8220;.vc_custom_1602089515897{margin-bottom: 0px !important;}&#8220;]\n<h1 style=\"text-align: center;\">Moduly<\/h1>\n[\/vc_column_text][\/vc_column][\/vc_row][\/vc_section][vc_section][vc_row][vc_column css=&#8220;.vc_custom_1559027610124{margin-top: 20px !important;margin-bottom: 10px !important;}&#8220;][vc_column_text css=&#8220;.vc_custom_1602089533236{margin-bottom: 0px !important;}&#8220;]\n<h2 style=\"text-align: center;\">Komponenty na vytvorenie rie\u0161enia, ktor\u00e9 najlep\u0161ie vyhovuje v\u00e1\u0161mu biznisu<\/h2>\n[\/vc_column_text][\/vc_column][\/vc_row][vc_row equal_columns=&#8220;true&#8220;][vc_column width=&#8220;1\/2&#8243; el_class=&#8220;module&#8220;][vc_raw_html]JTNDYSUyMGNsYXNzJTNEJTIybW9kdWxlLWxpbmslMjIlMjBocmVmJTNEJTIyaHR0cHMlM0ElMkYlMkZpbmN1c3QuY29tJTJGc2slMkZtb2R1bGVzJTJGbG95YWx0eS1hbmQtcmV3YXJkcyUyRiUyMiUzRSUzQ2RpdiUyMGNsYXNzJTNEJTIyaW1nLXdyYXAtbW9kJTIyJTNFJTNDaW1nJTIwY2xhc3MlM0QlMjJtb2R1bGUtaW1nJTIyJTIwc3JjJTNEJTIyJTJGZW4lMkZ3cC1jb250ZW50JTJGdXBsb2FkcyUyRnNpdGVzJTJGNCUyRjIwMTklMkYwNyUyRmxveWFsLnBuZyUyMiUzRSUzQ2gzJTNFVmVybm9zJUM1JUE1JTIwYSUyME9kbWVueSUzQyUyRmgzJTNFJTBBJTNDcCUzRVByaWwlQzMlQTFrYWp0ZSUyMGElMjB1ZHIlQzUlQkV0ZSUyMHNpJTIweiVDMyVBMWthem4lQzMlQURrb3YlMjBwb21vY291JTIwdiVDMyVCRGtvbm4lQzMlQTlobyUyMG1hbmElQzUlQkUlQzMlQTlyYSUyMHZlcm5vc3RuJUMzJUJEY2glMjBwcm9ncmFtb3YlMEElM0MlMkZwJTNFJTNDJTJGZGl2JTNFJTNDJTJGYSUzRQ==[\/vc_raw_html][\/vc_column][vc_column width=&#8220;1\/2&#8243; el_class=&#8220;module&#8220;][vc_raw_html]JTNDYSUyMGNsYXNzJTNEJTIybW9kdWxlLWxpbmslMjIlMjBocmVmJTNEJTIyaHR0cHMlM0ElMkYlMkZpbmN1c3QuY29tJTJGc2slMkZtb2R1bGVzJTJGaW5mb3JtYXRpb24tcGFuZWwta2lvc2slMkYlMjIlM0UlM0NkaXYlMjBjbGFzcyUzRCUyMmltZy13cmFwLW1vZCUyMiUzRSUzQ2ltZyUyMGNsYXNzJTNEJTIybW9kdWxlLWltZyUyMiUyMHNyYyUzRCUyMiUyRmVuJTJGd3AtY29udGVudCUyRnVwbG9hZHMlMkZzaXRlcyUyRjQlMkYyMDE5JTJGMDclMkZwYW5lbC5wbmclMjIlM0UlM0NoMyUzRUluZm9ybWElQzQlOERuJUMzJUJEJTIwcGFuZWwlMjBLaW9zayUzQyUyRmgzJTNFJTBBJTNDcCUzRSUyMFVyJUMzJUJEY2hsaXRlJTIwb2JzbHVob3ZhbmllJTIweiVDMyVBMWthem4lQzMlQURrb3YlMjBhJTIwc3ByYWN1anRlJTIwcHJlZGFqJTIwcHJpJTIwcG9rbGFkbmkuJTIwUG9za3l0dWplJTIwc2Ftb29ic2x1aHUlMjBzdm9qaW0lMjBuJUMzJUExdiVDNSVBMXRldm4lQzMlQURrb20lMjAlM0MlMkZwJTNFJTNDJTJGZGl2JTNFJTNDJTJGYSUzRQ==[\/vc_raw_html][\/vc_column][\/vc_row][vc_row equal_columns=&#8220;true&#8220;][vc_column width=&#8220;1\/2&#8243; el_class=&#8220;module&#8220;][vc_raw_html]JTNDYSUyMGNsYXNzJTNEJTIybW9kdWxlLWxpbmslMjIlMjBocmVmJTNEJTIyaHR0cHMlM0ElMkYlMkZpbmN1c3QuY29tJTJGc2slMkZtb2R1bGVzJTJGcG9zJTJGJTIyJTNFJTNDZGl2JTIwY2xhc3MlM0QlMjJpbWctd3JhcC1tb2QlMjIlM0UlM0NpbWclMjBjbGFzcyUzRCUyMm1vZHVsZS1pbWclMjIlMjBzcmMlM0QlMjIlMkZlbiUyRndwLWNvbnRlbnQlMkZ1cGxvYWRzJTJGc2l0ZXMlMkY0JTJGMjAxOSUyRjA3JTJGY2FsYy5wbmclMjIlM0UlM0NoMyUzRVBva2xhZCVDNSU4OGElMjAlMjhQT1MlMjklM0MlMkZoMyUzRSUwQSUzQ3AlM0VTcHJhY3VqdGUlMjBwcmVkYWolMjBzdm9qaG8lMjB0b3ZhcnUlMjBhJTIwc2x1JUM1JUJFaWViJTIwYSUyMHByaWolQzMlQURtYWp0ZSUyMHBsYXRieSUyMG5hJTIwc3ZvamljaCUyMHByZWRham4lQzMlQkRjaCUyMG1pZXN0YWNoJTNDJTJGcCUzRSUzQyUyRmRpdiUzRSUzQyUyRmElM0U=[\/vc_raw_html][\/vc_column][vc_column width=&#8220;1\/2&#8243; el_class=&#8220;module&#8220;][vc_raw_html]JTNDYSUyMGNsYXNzJTNEJTIybW9kdWxlLWxpbmslMjIlMjBocmVmJTNEJTIyaHR0cHMlM0ElMkYlMkZpbmN1c3QuY29tJTJGc2slMkZtb2R1bGVzJTJGZS1zaG9wJTJGJTIyJTNFJTNDZGl2JTIwY2xhc3MlM0QlMjJpbWctd3JhcC1tb2QlMjIlM0UlM0NpbWclMjBjbGFzcyUzRCUyMm1vZHVsZS1pbWclMjIlMjBzcmMlM0QlMjIlMkZlbiUyRndwLWNvbnRlbnQlMkZ1cGxvYWRzJTJGc2l0ZXMlMkY0JTJGMjAxOSUyRjA3JTJGc3RvcmUucG5nJTIyJTNFJTNDaDMlM0VFLW9iY2hvZCUzQyUyRmgzJTNFJTBBJTNDcCUzRVVtbyVDNSVCRSVDNSU4OHVqZSUyMHZhJUM1JUExaW0lMjB6JUMzJUExa2F6biVDMyVBRGtvbSUyMHphZCVDMyVBMXZhJUM1JUE1JTIwb2JqZWRuJUMzJUExdmt5JTIwbmElMjB0b3ZhciUyMGElMjBzbHUlQzUlQkVieSUyMHBvbiVDMyVCQWthbiVDMyVBOSUyMHZhJUM1JUExaW0lMjBiaXpuaXNvbSUyMHBvbW9jb3UlMjBtb2JpbG5laiUyMGFwbGlrJUMzJUExY2llJTIwaW5DdXN0JTIwcHJlJTIweiVDMyVBMWthem4lQzMlQURrb3YlMjBhbGVibyUyMHYlMjBvdmwlQzMlQTFkYWNvbSUyMHBhbmVsaSUyMHolQzMlQTFrYXpuJUMzJUFEa292JTNDJTJGcCUzRSUzQyUyRmRpdiUzRSUzQyUyRmElM0U=[\/vc_raw_html][\/vc_column][\/vc_row][vc_row equal_columns=&#8220;true&#8220;][vc_column width=&#8220;1\/2&#8243; el_class=&#8220;module&#8220;][vc_raw_html]JTNDYSUyMGNsYXNzJTNEJTIybW9kdWxlLWxpbmslMjIlMjBocmVmJTNEJTIyaHR0cHMlM0ElMkYlMkZpbmN1c3QuY29tJTJGc2slMkZtb2R1bGVzJTJGY291cG9ucy1hbmQtY2VydGlmaWNhdGVzJTJGJTIyJTNFJTNDZGl2JTIwY2xhc3MlM0QlMjJpbWctd3JhcC1tb2QlMjIlM0UlM0NpbWclMjBjbGFzcyUzRCUyMm1vZHVsZS1pbWclMjIlMjBzcmMlM0QlMjIlMkZlbiUyRndwLWNvbnRlbnQlMkZ1cGxvYWRzJTJGc2l0ZXMlMkY0JTJGMjAxOSUyRjA3JTJGY291cG9uLnBuZyUyMiUzRSUzQ2gzJTNFS3VwJUMzJUIzbnklMjBhJTIwQ2VydGlmaWslQzMlQTF0eSUzQyUyRmgzJTNFJTBBJTNDcCUzRVBvc2t5dG5pdGUlMjB6JUM0JUJFYXZ5JTJDJTIwdW1vJUM1JUJFbml0ZSUyMHolQzMlQTFrYXpuJUMzJUFEa29tJTIwZG9wJUM0JUJBJUM1JTg4YSVDNSVBNSUyMCVDMyVCQSVDNCU4RHR5JTJDJTIwcHJlemVudG92YSVDNSVBNSUyMGRhciVDNCU4RGVreSUyQyUyMG9iY2hvZG92YSVDNSVBNSUyMHMlMjBwYXJ0bmVybWklMjBuYSUyMHRyaHUlMjBhJTIwJUM0JThGYWwlQzUlQTFpZSUwQSUzQyUyRnAlM0UlM0MlMkZkaXYlM0UlM0MlMkZhJTNF[\/vc_raw_html][\/vc_column][vc_column width=&#8220;1\/2&#8243; el_class=&#8220;module&#8220;][vc_raw_html]JTNDYSUyMGNsYXNzJTNEJTIybW9kdWxlLWxpbmslMjIlMjBocmVmJTNEJTIyaHR0cHMlM0ElMkYlMkZpbmN1c3QuY29tJTJGc2slMkZtb2R1bGVzJTJGcHJlcGFpZC1nb29kcy1hbmQtc2VydmljZXMlMkYlMjIlM0UlM0NkaXYlMjBjbGFzcyUzRCUyMmltZy13cmFwLW1vZCUyMiUzRSUzQ2ltZyUyMGNsYXNzJTNEJTIybW9kdWxlLWltZyUyMiUyMHNyYyUzRCUyMiUyRmVuJTJGd3AtY29udGVudCUyRnVwbG9hZHMlMkZzaXRlcyUyRjQlMkYyMDE5JTJGMDclMkZzYWxlcy5wbmclMjIlM0UlM0NoMyUzRVByZWRwbGF0ZW4lQzMlQTklMjB0b3ZhcnklMjBhJTIwc2x1JUM1JUJFYnklM0MlMkZoMyUzRSUwQSUzQ3AlM0VWeWQlQzMlQTF2YWp0ZSUyMGElMjBzcHJhYyVDMyVCQXZhanRlJTIwcHJlZHBsYXRlbiVDMyVBOSUyMGthcnR5JTJDJTIwc3ByYXZ1anRlJTIwcHJlZHBsYXRlbiVDMyVBOSUyMHByb2R1a3R5JTIwYSUyMHNsdSVDNSVCRWJ5JTIwJTNDJTJGcCUzRSUzQyUyRmRpdiUzRSUzQyUyRmElM0U=[\/vc_raw_html][\/vc_column][\/vc_row][vc_row equal_columns=&#8220;true&#8220;][vc_column width=&#8220;1\/2&#8243; el_class=&#8220;module&#8220;][vc_raw_html]JTNDYSUyMGNsYXNzJTNEJTIybW9kdWxlLWxpbmslMjIlMjBocmVmJTNEJTIyaHR0cHMlM0ElMkYlMkZpbmN1c3QuY29tJTJGc2slMkZtb2R1bGVzJTJGdGlja2V0LW1hbmFnZXIlMkYlMjIlM0UlM0NkaXYlMjBjbGFzcyUzRCUyMmltZy13cmFwLW1vZCUyMiUzRSUzQ2ltZyUyMGNsYXNzJTNEJTIybW9kdWxlLWltZyUyMiUyMHNyYyUzRCUyMiUyRmVuJTJGd3AtY29udGVudCUyRnVwbG9hZHMlMkZzaXRlcyUyRjQlMkYyMDE5JTJGMDclMkZ0aWNrZXQucG5nJTIyJTNFJTNDaDMlM0VTcHIlQzMlQTF2Y2ElMjBsJUMzJUFEc3Rrb3YlM0MlMkZoMyUzRSUwQSUzQ3AlM0VaamVkbm9kdSVDNSVBMXRlJTIwcHJlZGFqJTIwYSUyMHZhbGlkJUMzJUExY2l1JTIwdnN0dXBlbmllayUyMGRvJTIwbSVDMyVCQXplJUMzJUFEJTIwYSUyMHYlQzMlQkRzdGF2JTJDJTIweiVDMyVBMWJhdm4lQzMlQkRjaCUyMHBvZHVqYXQlQzMlQUQlMjBhJTIwc2x1JUM1JUJFaWViJTJDJTIwZG9wcmF2eSUyMCUyRiUyMGRvY2glQzMlQTFkemFuaWElM0MlMkZwJTNFJTNDJTJGZGl2JTNFJTNDJTJGYSUzRQ==[\/vc_raw_html][\/vc_column][vc_column width=&#8220;1\/2&#8243; el_class=&#8220;module&#8220;][vc_raw_html]JTNDYSUyMGNsYXNzJTNEJTIybW9kdWxlLWxpbmslMjIlMjBocmVmJTNEJTIyaHR0cHMlM0ElMkYlMkZpbmN1c3QuY29tJTJGc2slMkZtb2R1bGVzJTJGaW5mb3JtYXRpb24tYW5kLWNvbW11bmljYXRpb25zJTJGJTIyJTNFJTNDZGl2JTIwY2xhc3MlM0QlMjJpbWctd3JhcC1tb2QlMjIlM0UlM0NpbWclMjBjbGFzcyUzRCUyMm1vZHVsZS1pbWclMjIlMjBzcmMlM0QlMjIlMkZlbiUyRndwLWNvbnRlbnQlMkZ1cGxvYWRzJTJGc2l0ZXMlMkY0JTJGMjAxOSUyRjA3JTJGaW5mb3JtYXRpb24ucG5nJTIyJTNFJTNDaDMlM0VJbmZvcm0lQzMlQTFjaWUlMjBhJTIwS29tdW5payVDMyVBMWNpYSUzQyUyRmgzJTNFJTBBJTNDcCUzRVpvc3RhJUM1JTg4dGUlMjB2JTIwa29udGFrdGUlMjBzbyUyMHN2b2ppbWklMjB6JUMzJUExa2F6biVDMyVBRGttaS4lMjBJbmZvcm11anRlJTIwJUM0JUJFdWQlQzMlQUQlMjBvJTIwbm92aW5rJUMzJUExY2glMjBhJTIwdWRhbG9zdGlhY2glMkMlMjBwb3NpZWxhanRlJTIwaW5kaXZpZHUlQzMlQTFsbmUlMjBhbGVibyUyMHNrdXBpbm92JUMzJUE5JTIwcG9udWt5JTIwYSUyMHolQzMlQURza2FqdGUlMjBzcCVDMyVBNHRuJUMzJUJBJTIwdiVDMyVBNHpidSUyMG9kJTIweiVDMyVBMWthem4lQzMlQURrb3YlM0MlMkZwJTNFJTNDJTJGZGl2JTNFJTNDJTJGYSUzRQ==[\/vc_raw_html][\/vc_column][\/vc_row][vc_row equal_columns=&#8220;true&#8220;][vc_column width=&#8220;1\/2&#8243; el_class=&#8220;module&#8220;][vc_raw_html]JTNDYSUyMGNsYXNzJTNEJTIybW9kdWxlLWxpbmslMjIlMjBocmVmJTNEJTIyaHR0cHMlM0ElMkYlMkZpbmN1c3QuY29tJTJGc2slMkZtb2R1bGVzJTJGY3VzdG9tZXItZGF0YWJhc2UlMkYlMjIlM0UlM0NkaXYlMjBjbGFzcyUzRCUyMmltZy13cmFwLW1vZCUyMiUzRSUzQ2ltZyUyMGNsYXNzJTNEJTIybW9kdWxlLWltZyUyMiUyMHNyYyUzRCUyMiUyRmVuJTJGd3AtY29udGVudCUyRnVwbG9hZHMlMkZzaXRlcyUyRjQlMkYyMDE5JTJGMDclMkZkYXRhLnBuZyUyMiUzRSUzQ2gzJTNFRGF0YWIlQzMlQTF6YSUyMHolQzMlQTFrYXpuJUMzJUFEa292JTNDJTJGaDMlM0UlMEElM0NwJTNFSmFkcm9tJTIwcGxhdGZvcm15JTIwUyVDNSVCRENaJTIwamUlMjB6JUMzJUExa2F6biVDMyVBRGNrYSUyMGRhdGFiJUMzJUExemElMkMlMjBrdG9yJUMzJUExJTIwdWNob3YlQzMlQTF2YSUyMGluZm9ybSVDMyVBMWNpZSUyMG8lMjB2YSVDNSVBMWljaCUyMHolQzMlQTFrYXpuJUMzJUFEa29jaCUyMGElMjBpY2glMjBha3Rpdml0JUMzJUExY2glMjAlM0MlMkZwJTNFJTNDJTJGZGl2JTNFJTNDJTJGYSUzRQ==[\/vc_raw_html][\/vc_column][vc_column width=&#8220;1\/2&#8243; el_class=&#8220;module&#8220;][vc_raw_html]JTNDYSUyMGNsYXNzJTNEJTIybW9kdWxlLWxpbmslMjIlMjBocmVmJTNEJTIyaHR0cHMlM0ElMkYlMkZpbmN1c3QuY29tJTJGc2slMkZtb2R1bGVzJTJGcGxhdGZvcm0tYmFzZS1mZWF0dXJlcyUyRiUyMiUzRSUzQ2RpdiUyMGNsYXNzJTNEJTIyaW1nLXdyYXAtbW9kJTIyJTNFJTNDaW1nJTIwY2xhc3MlM0QlMjJtb2R1bGUtaW1nJTIyJTIwc3JjJTNEJTIyJTJGZW4lMkZ3cC1jb250ZW50JTJGdXBsb2FkcyUyRnNpdGVzJTJGNCUyRjIwMTklMkYwNyUyRmFuYWx5dGljLnBuZyUyMiUzRSUzQ2gzJTNFWiVDMyVBMWtsYWRuJUMzJUE5JTIwdmxhc3Rub3N0aSUyMHBsYXRmb3JteSUzQyUyRmgzJTNFJTBBJTNDcCUzRVNwb2xvJUM0JThEbiVDMyVBOSUyMHZsYXN0bm9zdGklMjBhJTIwZnVua2NpZSUyMHBsYXRmb3JteSUyMFMlQzUlQkRDWiUzQyUyRnAlM0UlM0MlMkZkaXYlM0UlM0MlMkZhJTNF[\/vc_raw_html][\/vc_column][\/vc_row][vc_row][vc_column][vc_empty_space][vc_column_text css=&#8220;.vc_custom_1606073654054{margin-bottom: 0px !important;}&#8220;]\n<h2 style=\"text-align: center;\">Komponenty \u0161pecifick\u00e9 pre priemysel:<\/h2>\n[\/vc_column_text][\/vc_column][\/vc_row][vc_row equal_columns=&#8220;true&#8220;][vc_column width=&#8220;1\/4&#8243;][\/vc_column][vc_column width=&#8220;1\/3&#8243; el_class=&#8220;module&#8220;][vc_raw_html]JTNDYSUyMGNsYXNzJTNEJTIybW9kdWxlLWxpbmslMjIlMjBocmVmJTNEJTIyaHR0cHMlM0ElMkYlMkZpbmN1c3QuY29tJTJGc2slMkZtb2R1bGVzJTJGZnVlbC1hbmQtZW5lcmd5JTJGJTIyJTNFJTNDZGl2JTIwY2xhc3MlM0QlMjJpbWctd3JhcC1tb2QlMjIlM0UlM0NpbWclMjBjbGFzcyUzRCUyMm1vZHVsZS1pbWclMjIlMjBzcmMlM0QlMjIlMkZlbiUyRndwLWNvbnRlbnQlMkZ1cGxvYWRzJTJGc2l0ZXMlMkY0JTJGMjAyMCUyRjAzJTJGMjEucG5nJTIyJTNFJTNDaDMlM0VQYWxpdm8lMjBhJTIwRW5lcmdpYSUzQyUyRmgzJTNFJTBBJTNDcCUzRUF1dG9tYXRpenVqdGUlMjBwcm9jZXN5JTIwc2VydmlzdSUyMHZvemlkaWVsJTIwYSUyMHZvZGklQzQlOERvdiUyMG5hJTIwJUM0JThEZXJwYWMlQzMlQURjaCUyMGElMjBuYWIlQzMlQURqYWMlQzMlQURjaCUyMHN0YW5pY2lhY2glMEElM0MlMkZwJTNFJTNDJTJGZGl2JTNFJTNDJTJGYSUzRQ==[\/vc_raw_html][\/vc_column][\/vc_row][\/vc_section][vc_section full_width=&#8220;stretch_row&#8220; content_placement=&#8220;middle&#8220; css=&#8220;.vc_custom_1558764790982{background-image: url(\/en\/wp-content\/uploads\/sites\/7\/2019\/05\/logo-ft-32&#215;32.pngbg-ind-cta.png?id=3676) !important;}&#8220;][vc_row][vc_column width=&#8220;1\/3&#8243; el_class=&#8220;.sng-img&#8220;][vc_single_image image=&#8220;4643&#8243; img_size=&#8220;full&#8220; alignment=&#8220;center&#8220;][\/vc_column][vc_column width=&#8220;2\/3&#8243; el_class=&#8220;.mid-cont&#8220;][vc_column_text css=&#8220;.vc_custom_1602090687011{margin-bottom: 0px !important;}&#8220;]\n<h2>Chcete vytvori\u0165 dokonal\u00e9 rie\u0161enie s inCust n\u00e1strojmi?<\/h2>\n[\/vc_column_text][vc_row_inner][vc_column_inner el_class=&#8220;.col-nopad&#8220; width=&#8220;1\/3&#8243; offset=&#8220;vc_col-lg-4 vc_col-md-4 vc_col-xs-8&#8243;][vc_btn title=&#8220;Porozpr\u00e1va\u0165 sa s odborn\u00edkom&#8220; el_class=&#8220;btn-wide btn-green&#8220; link=&#8220;url:http%3A%2F%2Fincust.com%2Fsk%2Fcontacts%2F||target:%20_blank|&#8220;][\/vc_column_inner][vc_column_inner width=&#8220;1\/3&#8243; offset=&#8220;vc_col-lg-4 vc_col-md-4&#8243;][vc_btn title=&#8220;Vysk\u00fa\u0161a\u0165 to zadarmo&#8220; el_class=&#8220;btn-wide btn-orange&#8220; link=&#8220;url:https%3A%2F%2Fbusiness.incust.com||target:%20_blank|&#8220;][\/vc_column_inner][vc_column_inner width=&#8220;1\/3&#8243; offset=&#8220;vc_col-lg-4 vc_col-md-4 vc_col-xs-4&#8243;][vc_single_image image=&#8220;4719&#8243; img_size=&#8220;40&#215;40&#8243;][\/vc_column_inner][\/vc_row_inner][\/vc_column][\/vc_row][\/vc_section][vc_section][vc_row][vc_column][vc_empty_space][vc_column_text css=&#8220;.vc_custom_1593689438663{margin-bottom: 0px !important;}&#8220;]\n<div style=\"margin: auto; height: 3px; width: 70%; background: linear-gradient(to right, #f5f6f6 0%,#dbdce2 21%,#b8bac6 50%,#dddfe3 80%,#f5f6f6 100%);\"><\/div>\n[\/vc_column_text][vc_empty_space][\/vc_column][\/vc_row][\/vc_section][vc_section][vc_row][vc_column][vc_column_text css=&#8220;.vc_custom_1606069572263{margin-bottom: 0px !important;}&#8220;]\n<h2 style=\"text-align: center;\">\u010eal\u0161ie inform\u00e1cie<\/h2>\n[\/vc_column_text][\/vc_column][\/vc_row][vc_row][vc_column width=&#8220;1\/3&#8243;][vc_single_image image=&#8220;6749&#8243; img_size=&#8220;376\u0445211&#8243; onclick=&#8220;custom_link&#8220; link=&#8220;https:\/\/incust.com\/files\/presentations\/clients\/benefits\/inCust_-_Benefits_and_advantages_for_your_business.pdf&#8220; el_class=&#8220;benefit2-img on-before-download-show-popup&#8220;][vc_empty_space height=&#8220;12px&#8220;][vc_column_text el_class=&#8220;on-before-download-show-popup&#8220; css=&#8220;.vc_custom_1593688598135{margin-bottom: 0px !important;}&#8220;]\n<p style=\"text-align: center;\"><a href=\"https:\/\/incust.com\/files\/presentations\/clients\/benefits\/inCust_-_Benefits_and_advantages_for_your_business.pdf\"><span style=\"font-weight: 400;\">Benefits and advantages for your business<\/span><\/a><\/p>\n[\/vc_column_text][\/vc_column][vc_column width=&#8220;1\/3&#8243;][vc_single_image image=&#8220;6830&#8243; img_size=&#8220;376\u0445211&#8243; onclick=&#8220;custom_link&#8220; link=&#8220;https:\/\/incust.com\/files\/presentations\/clients\/clm\/inCust_-_the_unique_CLM_solution.pdf&#8220; el_class=&#8220;benefit2-img on-before-download-show-popup&#8220;][vc_empty_space height=&#8220;12px&#8220;][vc_column_text el_class=&#8220;on-before-download-show-popup&#8220; css=&#8220;.vc_custom_1593688618000{margin-bottom: 0px !important;}&#8220;]\n<p style=\"text-align: center;\"><a href=\"https:\/\/incust.com\/files\/presentations\/clients\/clm\/inCust_-_the_unique_CLM_solution.pdf\"><span style=\"font-weight: 400;\">The unique CLM solution<\/span><\/a><\/p>\n[\/vc_column_text][\/vc_column][vc_column width=&#8220;1\/3&#8243;][vc_single_image image=&#8220;6742&#8243; img_size=&#8220;376\u0445211&#8243; onclick=&#8220;custom_link&#8220; link=&#8220;https:\/\/incust.com\/files\/presentations\/clients\/technical\/inCust_-_Features_and_instruments.pdf&#8220; el_class=&#8220;benefit2-img on-before-download-show-popup&#8220;][vc_empty_space height=&#8220;12px&#8220;][vc_column_text el_class=&#8220;on-before-download-show-popup&#8220; css=&#8220;.vc_custom_1593688684248{margin-bottom: 0px !important;}&#8220;]\n<p style=\"text-align: center;\"><a href=\"https:\/\/incust.com\/files\/presentations\/clients\/technical\/inCust_-_Features_and_instruments.pdf\"><span style=\"font-weight: 400;\">Features and instruments<\/span><\/a><\/p>\n[\/vc_column_text][\/vc_column][\/vc_row][\/vc_section]\n<\/div>","protected":false},"excerpt":{"rendered":"<p>[vc_section full_width=&#8220;stretch_row&#8220; content_placement=&#8220;middle&#8220; el_class=&#8220;header-page&#8220; css=&#8220;.vc_custom_1575033247545{background-image: url(https:\/\/incust.com\/sk\/wp-content\/uploads\/sites\/7\/2019\/11\/6-1.jpg?id=5871) !important;background-position: center !important;background-repeat: no-repeat !important;background-size: cover !important;}&#8220;][vc_row][vc_column][vc_column_text align=&#8220;center&#8220; css=&#8220;.vc_custom_1602089515897{margin-bottom: 0px !important;}&#8220;] Moduly [\/vc_column_text][\/vc_column][\/vc_row][\/vc_section][vc_section][vc_row][vc_column css=&#8220;.vc_custom_1559027610124{margin-top: 20px !important;margin-bottom: 10px !important;}&#8220;][vc_column_text css=&#8220;.vc_custom_1602089533236{margin-bottom: 0px !important;}&#8220;] Komponenty na vytvorenie rie\u0161enia, ktor\u00e9 najlep\u0161ie vyhovuje v\u00e1\u0161mu biznisu [\/vc_column_text][\/vc_column][\/vc_row][vc_row equal_columns=&#8220;true&#8220;][vc_column width=&#8220;1\/2&#8243; el_class=&#8220;module&#8220;][vc_raw_html]JTNDYSUyMGNsYXNzJTNEJTIybW9kdWxlLWxpbmslMjIlMjBocmVmJTNEJTIyaHR0cHMlM0ElMkYlMkZpbmN1c3QuY29tJTJGc2slMkZtb2R1bGVzJTJGbG95YWx0eS1hbmQtcmV3YXJkcyUyRiUyMiUzRSUzQ2RpdiUyMGNsYXNzJTNEJTIyaW1nLXdyYXAtbW9kJTIyJTNFJTNDaW1nJTIwY2xhc3MlM0QlMjJtb2R1bGUtaW1nJTIyJTIwc3JjJTNEJTIyJTJGZW4lMkZ3cC1jb250ZW50JTJGdXBsb2FkcyUyRnNpdGVzJTJGNCUyRjIwMTklMkYwNyUyRmxveWFsLnBuZyUyMiUzRSUzQ2gzJTNFVmVybm9zJUM1JUE1JTIwYSUyME9kbWVueSUzQyUyRmgzJTNFJTBBJTNDcCUzRVByaWwlQzMlQTFrYWp0ZSUyMGElMjB1ZHIlQzUlQkV0ZSUyMHNpJTIweiVDMyVBMWthem4lQzMlQURrb3YlMjBwb21vY291JTIwdiVDMyVCRGtvbm4lQzMlQTlobyUyMG1hbmElQzUlQkUlQzMlQTlyYSUyMHZlcm5vc3RuJUMzJUJEY2glMjBwcm9ncmFtb3YlMEElM0MlMkZwJTNFJTNDJTJGZGl2JTNFJTNDJTJGYSUzRQ==[\/vc_raw_html][\/vc_column][vc_column width=&#8220;1\/2&#8243; el_class=&#8220;module&#8220;][vc_raw_html]JTNDYSUyMGNsYXNzJTNEJTIybW9kdWxlLWxpbmslMjIlMjBocmVmJTNEJTIyaHR0cHMlM0ElMkYlMkZpbmN1c3QuY29tJTJGc2slMkZtb2R1bGVzJTJGaW5mb3JtYXRpb24tcGFuZWwta2lvc2slMkYlMjIlM0UlM0NkaXYlMjBjbGFzcyUzRCUyMmltZy13cmFwLW1vZCUyMiUzRSUzQ2ltZyUyMGNsYXNzJTNEJTIybW9kdWxlLWltZyUyMiUyMHNyYyUzRCUyMiUyRmVuJTJGd3AtY29udGVudCUyRnVwbG9hZHMlMkZzaXRlcyUyRjQlMkYyMDE5JTJGMDclMkZwYW5lbC5wbmclMjIlM0UlM0NoMyUzRUluZm9ybWElQzQlOERuJUMzJUJEJTIwcGFuZWwlMjBLaW9zayUzQyUyRmgzJTNFJTBBJTNDcCUzRSUyMFVyJUMzJUJEY2hsaXRlJTIwb2JzbHVob3ZhbmllJTIweiVDMyVBMWthem4lQzMlQURrb3YlMjBhJTIwc3ByYWN1anRlJTIwcHJlZGFqJTIwcHJpJTIwcG9rbGFkbmkuJTIwUG9za3l0dWplJTIwc2Ftb29ic2x1aHUlMjBzdm9qaW0lMjBuJUMzJUExdiVDNSVBMXRldm4lQzMlQURrb20lMjAlM0MlMkZwJTNFJTNDJTJGZGl2JTNFJTNDJTJGYSUzRQ==[\/vc_raw_html][\/vc_column][\/vc_row][vc_row equal_columns=&#8220;true&#8220;][vc_column width=&#8220;1\/2&#8243; el_class=&#8220;module&#8220;][vc_raw_html]JTNDYSUyMGNsYXNzJTNEJTIybW9kdWxlLWxpbmslMjIlMjBocmVmJTNEJTIyaHR0cHMlM0ElMkYlMkZpbmN1c3QuY29tJTJGc2slMkZtb2R1bGVzJTJGcG9zJTJGJTIyJTNFJTNDZGl2JTIwY2xhc3MlM0QlMjJpbWctd3JhcC1tb2QlMjIlM0UlM0NpbWclMjBjbGFzcyUzRCUyMm1vZHVsZS1pbWclMjIlMjBzcmMlM0QlMjIlMkZlbiUyRndwLWNvbnRlbnQlMkZ1cGxvYWRzJTJGc2l0ZXMlMkY0JTJGMjAxOSUyRjA3JTJGY2FsYy5wbmclMjIlM0UlM0NoMyUzRVBva2xhZCVDNSU4OGElMjAlMjhQT1MlMjklM0MlMkZoMyUzRSUwQSUzQ3AlM0VTcHJhY3VqdGUlMjBwcmVkYWolMjBzdm9qaG8lMjB0b3ZhcnUlMjBhJTIwc2x1JUM1JUJFaWViJTIwYSUyMHByaWolQzMlQURtYWp0ZSUyMHBsYXRieSUyMG5hJTIwc3ZvamljaCUyMHByZWRham4lQzMlQkRjaCUyMG1pZXN0YWNoJTNDJTJGcCUzRSUzQyUyRmRpdiUzRSUzQyUyRmElM0U=[\/vc_raw_html][\/vc_column][vc_column width=&#8220;1\/2&#8243; el_class=&#8220;module&#8220;][vc_raw_html]JTNDYSUyMGNsYXNzJTNEJTIybW9kdWxlLWxpbmslMjIlMjBocmVmJTNEJTIyaHR0cHMlM0ElMkYlMkZpbmN1c3QuY29tJTJGc2slMkZtb2R1bGVzJTJGZS1zaG9wJTJGJTIyJTNFJTNDZGl2JTIwY2xhc3MlM0QlMjJpbWctd3JhcC1tb2QlMjIlM0UlM0NpbWclMjBjbGFzcyUzRCUyMm1vZHVsZS1pbWclMjIlMjBzcmMlM0QlMjIlMkZlbiUyRndwLWNvbnRlbnQlMkZ1cGxvYWRzJTJGc2l0ZXMlMkY0JTJGMjAxOSUyRjA3JTJGc3RvcmUucG5nJTIyJTNFJTNDaDMlM0VFLW9iY2hvZCUzQyUyRmgzJTNFJTBBJTNDcCUzRVVtbyVDNSVCRSVDNSU4OHVqZSUyMHZhJUM1JUExaW0lMjB6JUMzJUExa2F6biVDMyVBRGtvbSUyMHphZCVDMyVBMXZhJUM1JUE1JTIwb2JqZWRuJUMzJUExdmt5JTIwbmElMjB0b3ZhciUyMGElMjBzbHUlQzUlQkVieSUyMHBvbiVDMyVCQWthbiVDMyVBOSUyMHZhJUM1JUExaW0lMjBiaXpuaXNvbSUyMHBvbW9jb3UlMjBtb2JpbG5laiUyMGFwbGlrJUMzJUExY2llJTIwaW5DdXN0JTIwcHJlJTIweiVDMyVBMWthem4lQzMlQURrb3YlMjBhbGVibyUyMHYlMjBvdmwlQzMlQTFkYWNvbSUyMHBhbmVsaSUyMHolQzMlQTFrYXpuJUMzJUFEa292JTNDJTJGcCUzRSUzQyUyRmRpdiUzRSUzQyUyRmElM0U=[\/vc_raw_html][\/vc_column][\/vc_row][vc_row equal_columns=&#8220;true&#8220;][vc_column width=&#8220;1\/2&#8243; el_class=&#8220;module&#8220;][vc_raw_html]JTNDYSUyMGNsYXNzJTNEJTIybW9kdWxlLWxpbmslMjIlMjBocmVmJTNEJTIyaHR0cHMlM0ElMkYlMkZpbmN1c3QuY29tJTJGc2slMkZtb2R1bGVzJTJGY291cG9ucy1hbmQtY2VydGlmaWNhdGVzJTJGJTIyJTNFJTNDZGl2JTIwY2xhc3MlM0QlMjJpbWctd3JhcC1tb2QlMjIlM0UlM0NpbWclMjBjbGFzcyUzRCUyMm1vZHVsZS1pbWclMjIlMjBzcmMlM0QlMjIlMkZlbiUyRndwLWNvbnRlbnQlMkZ1cGxvYWRzJTJGc2l0ZXMlMkY0JTJGMjAxOSUyRjA3JTJGY291cG9uLnBuZyUyMiUzRSUzQ2gzJTNFS3VwJUMzJUIzbnklMjBhJTIwQ2VydGlmaWslQzMlQTF0eSUzQyUyRmgzJTNFJTBBJTNDcCUzRVBvc2t5dG5pdGUlMjB6JUM0JUJFYXZ5JTJDJTIwdW1vJUM1JUJFbml0ZSUyMHolQzMlQTFrYXpuJUMzJUFEa29tJTIwZG9wJUM0JUJBJUM1JTg4YSVDNSVBNSUyMCVDMyVCQSVDNCU4RHR5JTJDJTIwcHJlemVudG92YSVDNSVBNSUyMGRhciVDNCU4RGVreSUyQyUyMG9iY2hvZG92YSVDNSVBNSUyMHMlMjBwYXJ0bmVybWklMjBuYSUyMHRyaHUlMjBhJTIwJUM0JThGYWwlQzUlQTFpZSUwQSUzQyUyRnAlM0UlM0MlMkZkaXYlM0UlM0MlMkZhJTNF[\/vc_raw_html][\/vc_column][vc_column width=&#8220;1\/2&#8243; el_class=&#8220;module&#8220;][vc_raw_html]JTNDYSUyMGNsYXNzJTNEJTIybW9kdWxlLWxpbmslMjIlMjBocmVmJTNEJTIyaHR0cHMlM0ElMkYlMkZpbmN1c3QuY29tJTJGc2slMkZtb2R1bGVzJTJGcHJlcGFpZC1nb29kcy1hbmQtc2VydmljZXMlMkYlMjIlM0UlM0NkaXYlMjBjbGFzcyUzRCUyMmltZy13cmFwLW1vZCUyMiUzRSUzQ2ltZyUyMGNsYXNzJTNEJTIybW9kdWxlLWltZyUyMiUyMHNyYyUzRCUyMiUyRmVuJTJGd3AtY29udGVudCUyRnVwbG9hZHMlMkZzaXRlcyUyRjQlMkYyMDE5JTJGMDclMkZzYWxlcy5wbmclMjIlM0UlM0NoMyUzRVByZWRwbGF0ZW4lQzMlQTklMjB0b3ZhcnklMjBhJTIwc2x1JUM1JUJFYnklM0MlMkZoMyUzRSUwQSUzQ3AlM0VWeWQlQzMlQTF2YWp0ZSUyMGElMjBzcHJhYyVDMyVCQXZhanRlJTIwcHJlZHBsYXRlbiVDMyVBOSUyMGthcnR5JTJDJTIwc3ByYXZ1anRlJTIwcHJlZHBsYXRlbiVDMyVBOSUyMHByb2R1a3R5JTIwYSUyMHNsdSVDNSVCRWJ5JTIwJTNDJTJGcCUzRSUzQyUyRmRpdiUzRSUzQyUyRmElM0U=[\/vc_raw_html][\/vc_column][\/vc_row][vc_row equal_columns=&#8220;true&#8220;][vc_column width=&#8220;1\/2&#8243; el_class=&#8220;module&#8220;][vc_raw_html]JTNDYSUyMGNsYXNzJTNEJTIybW9kdWxlLWxpbmslMjIlMjBocmVmJTNEJTIyaHR0cHMlM0ElMkYlMkZpbmN1c3QuY29tJTJGc2slMkZtb2R1bGVzJTJGdGlja2V0LW1hbmFnZXIlMkYlMjIlM0UlM0NkaXYlMjBjbGFzcyUzRCUyMmltZy13cmFwLW1vZCUyMiUzRSUzQ2ltZyUyMGNsYXNzJTNEJTIybW9kdWxlLWltZyUyMiUyMHNyYyUzRCUyMiUyRmVuJTJGd3AtY29udGVudCUyRnVwbG9hZHMlMkZzaXRlcyUyRjQlMkYyMDE5JTJGMDclMkZ0aWNrZXQucG5nJTIyJTNFJTNDaDMlM0VTcHIlQzMlQTF2Y2ElMjBsJUMzJUFEc3Rrb3YlM0MlMkZoMyUzRSUwQSUzQ3AlM0VaamVkbm9kdSVDNSVBMXRlJTIwcHJlZGFqJTIwYSUyMHZhbGlkJUMzJUExY2l1JTIwdnN0dXBlbmllayUyMGRvJTIwbSVDMyVCQXplJUMzJUFEJTIwYSUyMHYlQzMlQkRzdGF2JTJDJTIweiVDMyVBMWJhdm4lQzMlQkRjaCUyMHBvZHVqYXQlQzMlQUQlMjBhJTIwc2x1JUM1JUJFaWViJTJDJTIwZG9wcmF2eSUyMCUyRiUyMGRvY2glQzMlQTFkemFuaWElM0MlMkZwJTNFJTNDJTJGZGl2JTNFJTNDJTJGYSUzRQ==[\/vc_raw_html][\/vc_column][vc_column [&hellip;]<\/p>\n","protected":false},"author":1,"featured_media":0,"parent":0,"menu_order":0,"comment_status":"closed","ping_status":"closed","template":"","meta":{"footnotes":""},"_links":{"self":[{"href":"https:\/\/incust.com\/sk\/wp-json\/wp\/v2\/pages\/3639"}],"collection":[{"href":"https:\/\/incust.com\/sk\/wp-json\/wp\/v2\/pages"}],"about":[{"href":"https:\/\/incust.com\/sk\/wp-json\/wp\/v2\/types\/page"}],"author":[{"embeddable":true,"href":"https:\/\/incust.com\/sk\/wp-json\/wp\/v2\/users\/1"}],"replies":[{"embeddable":true,"href":"https:\/\/incust.com\/sk\/wp-json\/wp\/v2\/comments?post=3639"}],"version-history":[{"count":74,"href":"https:\/\/incust.com\/sk\/wp-json\/wp\/v2\/pages\/3639\/revisions"}],"predecessor-version":[{"id":7765,"href":"https:\/\/incust.com\/sk\/wp-json\/wp\/v2\/pages\/3639\/revisions\/7765"}],"wp:attachment":[{"href":"https:\/\/incust.com\/sk\/wp-json\/wp\/v2\/media?parent=3639"}],"curies":[{"name":"wp","href":"https:\/\/api.w.org\/{rel}","templated":true}]}}