{"id":3054,"date":"2017-10-25T02:25:00","date_gmt":"2017-10-25T07:25:00","guid":{"rendered":"https:\/\/incust.com\/sk\/?page_id=3054"},"modified":"2021-01-03T08:30:14","modified_gmt":"2021-01-03T13:30:14","slug":"news","status":"publish","type":"page","link":"https:\/\/incust.com\/sk\/news\/","title":{"rendered":"Obchodn\u00e9 N\u00e1h\u013eady"},"content":{"rendered":"<div class=\"wpb-content-wrapper\">[vc_section full_width=&#8220;stretch_row&#8220; content_placement=&#8220;middle&#8220; el_class=&#8220;header-page&#8220; css=&#8220;.vc_custom_1575033663663{background-image: url(https:\/\/incust.com\/sk\/wp-content\/uploads\/sites\/7\/2019\/11\/1-1.jpg?id=5880) !important;background-position: center !important;background-repeat: no-repeat !important;background-size: cover !important;}&#8220;][vc_row][vc_column][vc_column_text align=&#8220;center&#8220; css=&#8220;.vc_custom_1609680491301{margin-bottom: 0px !important;}&#8220;]\n<h1 style=\"text-align: center;\">Obchodn\u00e9 N\u00e1h\u013eady<\/h1>\n[\/vc_column_text][\/vc_column][\/vc_row][\/vc_section][vc_row][vc_column css=&#8220;.vc_custom_1559320928896{margin-top: 20px !important;}&#8220;][vc_tta_tabs active_section=&#8220;1&#8243; el_class=&#8220;blog-loop&#8220;][vc_tta_section title=&#8220;News&#8220; tab_id=&#8220;news&#8220;][mk_blog style=&#8220;grid&#8220; column=&#8220;2&#8243; image_size=&#8220;full&#8220; post_count=&#8220;6&#8243; disable_meta=&#8220;false&#8220; excerpt_length=&#8220;150&#8243; cat=&#8220;1&#8243;][\/vc_tta_section][vc_tta_section title=&#8220;Articles&#8220; tab_id=&#8220;articles&#8220;][mk_blog style=&#8220;grid&#8220; column=&#8220;2&#8243; post_count=&#8220;6&#8243; disable_meta=&#8220;false&#8220; excerpt_length=&#8220;150&#8243; cat=&#8220;25&#8243;][\/vc_tta_section][\/vc_tta_tabs][vc_raw_js]JTNDc2NyaXB0JTIwdHlwZSUzRCUyMnRleHQlMkZqYXZhc2NyaXB0JTIyJTNFJTIwalF1ZXJ5JTI4ZnVuY3Rpb24lMjglMjklN0IlMEElMjAlMjAlMjAlMjB2YXIlMjBfaXNBbmltYXRlZCUyMCUzRCUyMGpRdWVyeS5mbi52Y0FjY29yZGlvbi5Db25zdHJ1Y3Rvci5wcm90b3R5cGUuaXNBbmltYXRlZCUzQiUwQSUyMCUyMCUyMCUyMGpRdWVyeS5mbi52Y0FjY29yZGlvbi5Db25zdHJ1Y3Rvci5wcm90b3R5cGUuaXNBbmltYXRlZCUyMCUzRCUyMGZ1bmN0aW9uJTI4JTI5JTIwJTdCJTBBJTIwJTIwJTIwJTIwJTIwJTIwJTIwJTIwcmV0dXJuJTIwMCUzQiUwQSUyMCUyMCUyMCUyMCU3RCUwQSU3RCUyOSUzQiUyMCUzQyUyRnNjcmlwdCUzRQ==[\/vc_raw_js][\/vc_column][\/vc_row]\n<\/div>","protected":false},"excerpt":{"rendered":"<p>[vc_section full_width=&#8220;stretch_row&#8220; content_placement=&#8220;middle&#8220; el_class=&#8220;header-page&#8220; css=&#8220;.vc_custom_1575033663663{background-image: url(https:\/\/incust.com\/sk\/wp-content\/uploads\/sites\/7\/2019\/11\/1-1.jpg?id=5880) !important;background-position: center !important;background-repeat: no-repeat !important;background-size: cover !important;}&#8220;][vc_row][vc_column][vc_column_text align=&#8220;center&#8220; css=&#8220;.vc_custom_1609680491301{margin-bottom: 0px !important;}&#8220;] Obchodn\u00e9 N\u00e1h\u013eady [\/vc_column_text][\/vc_column][\/vc_row][\/vc_section][vc_row][vc_column css=&#8220;.vc_custom_1559320928896{margin-top: 20px !important;}&#8220;][vc_tta_tabs active_section=&#8220;1&#8243; el_class=&#8220;blog-loop&#8220;][vc_tta_section title=&#8220;News&#8220; tab_id=&#8220;news&#8220;][mk_blog style=&#8220;grid&#8220; column=&#8220;2&#8243; image_size=&#8220;full&#8220; post_count=&#8220;6&#8243; disable_meta=&#8220;false&#8220; excerpt_length=&#8220;150&#8243; cat=&#8220;1&#8243;][\/vc_tta_section][vc_tta_section title=&#8220;Articles&#8220; tab_id=&#8220;articles&#8220;][mk_blog style=&#8220;grid&#8220; column=&#8220;2&#8243; post_count=&#8220;6&#8243; disable_meta=&#8220;false&#8220; excerpt_length=&#8220;150&#8243; cat=&#8220;25&#8243;][\/vc_tta_section][\/vc_tta_tabs][vc_raw_js]JTNDc2NyaXB0JTIwdHlwZSUzRCUyMnRleHQlMkZqYXZhc2NyaXB0JTIyJTNFJTIwalF1ZXJ5JTI4ZnVuY3Rpb24lMjglMjklN0IlMEElMjAlMjAlMjAlMjB2YXIlMjBfaXNBbmltYXRlZCUyMCUzRCUyMGpRdWVyeS5mbi52Y0FjY29yZGlvbi5Db25zdHJ1Y3Rvci5wcm90b3R5cGUuaXNBbmltYXRlZCUzQiUwQSUyMCUyMCUyMCUyMGpRdWVyeS5mbi52Y0FjY29yZGlvbi5Db25zdHJ1Y3Rvci5wcm90b3R5cGUuaXNBbmltYXRlZCUyMCUzRCUyMGZ1bmN0aW9uJTI4JTI5JTIwJTdCJTBBJTIwJTIwJTIwJTIwJTIwJTIwJTIwJTIwcmV0dXJuJTIwMCUzQiUwQSUyMCUyMCUyMCUyMCU3RCUwQSU3RCUyOSUzQiUyMCUzQyUyRnNjcmlwdCUzRQ==[\/vc_raw_js][\/vc_column][\/vc_row]<\/p>\n","protected":false},"author":9,"featured_media":0,"parent":0,"menu_order":0,"comment_status":"closed","ping_status":"closed","template":"","meta":{"footnotes":""},"_links":{"self":[{"href":"https:\/\/incust.com\/sk\/wp-json\/wp\/v2\/pages\/3054"}],"collection":[{"href":"https:\/\/incust.com\/sk\/wp-json\/wp\/v2\/pages"}],"about":[{"href":"https:\/\/incust.com\/sk\/wp-json\/wp\/v2\/types\/page"}],"author":[{"embeddable":true,"href":"https:\/\/incust.com\/sk\/wp-json\/wp\/v2\/users\/9"}],"replies":[{"embeddable":true,"href":"https:\/\/incust.com\/sk\/wp-json\/wp\/v2\/comments?post=3054"}],"version-history":[{"count":62,"href":"https:\/\/incust.com\/sk\/wp-json\/wp\/v2\/pages\/3054\/revisions"}],"predecessor-version":[{"id":7839,"href":"https:\/\/incust.com\/sk\/wp-json\/wp\/v2\/pages\/3054\/revisions\/7839"}],"wp:attachment":[{"href":"https:\/\/incust.com\/sk\/wp-json\/wp\/v2\/media?parent=3054"}],"curies":[{"name":"wp","href":"https:\/\/api.w.org\/{rel}","templated":true}]}}