{"id":2803,"date":"2017-05-31T08:43:45","date_gmt":"2017-05-31T13:43:45","guid":{"rendered":"https:\/\/incust.com\/sk\/?page_id=2803"},"modified":"2020-10-08T08:17:44","modified_gmt":"2020-10-08T13:17:44","slug":"coupon-exchange-distribute-coupons-and-get-new-customers","status":"publish","type":"page","link":"https:\/\/incust.com\/sk\/coupon-exchange-distribute-coupons-and-get-new-customers\/","title":{"rendered":"Burza kup\u00f3nov &#8211; distrib\u00facia kup\u00f3nov a z\u00edskanie nov\u00fdch z\u00e1kazn\u00edkov"},"content":{"rendered":"[mk_page_section bg_image=&#8220;https:\/\/incust.com\/sk\/wp-content\/uploads\/sites\/7\/2017\/05\/coupon-exchange-cover.jpg&#8220; bg_color=&#8220;#ffffff&#8220; border_color=&#8220;rgba(0,0,0,0.01)&#8220; bg_position=&#8220;center center&#8220; bg_repeat=&#8220;no-repeat&#8220; bg_gradient=&#8220;vertical&#8220; video_color_mask=&#8220;#ffa200&#8243; gr_end=&#8220;#ff5b00&#8243; min_height=&#8220;50&#8243; padding_top=&#8220;60&#8243; padding_bottom=&#8220;0&#8243; margin_bottom=&#8220;20&#8243; sidebar=&#8220;sidebar-1&#8243;][vc_column][mk_fancy_title tag_name=&#8220;h1&#8243; color=&#8220;#ffffff&#8220; size=&#8220;52&#8243; force_font_size=&#8220;true&#8220; size_smallscreen=&#8220;48&#8243; size_tablet=&#8220;44&#8243; size_phone=&#8220;40&#8243; font_weight=&#8220;bold&#8220; txt_transform=&#8220;uppercase&#8220; margin_top=&#8220;70&#8243; margin_bottom=&#8220;0&#8243; font_family=&#8220;none&#8220; align=&#8220;center&#8220;]Burza Kup\u00f3nov[\/mk_fancy_title][mk_fancy_title color=&#8220;#ffffff&#8220; size=&#8220;36&#8243; font_weight=&#8220;300&#8243; margin_bottom=&#8220;100&#8243; font_family=&#8220;none&#8220; align=&#8220;center&#8220;]Distribuujte kup\u00f3ny a z\u00edskajte nov\u00fdch z\u00e1kazn\u00edkov[\/mk_fancy_title][\/vc_column][\/mk_page_section][mk_page_section bg_color=&#8220;#ffffff&#8220; border_color=&#8220;rgba(0,0,0,0.01)&#8220; bg_position=&#8220;center center&#8220; bg_repeat=&#8220;no-repeat&#8220; min_height=&#8220;50&#8243; padding_bottom=&#8220;0&#8243; margin_bottom=&#8220;20&#8243; sidebar=&#8220;sidebar-1&#8243;][vc_column][vc_column_text css=&#8220;.vc_custom_1602162557643{margin-bottom: 0px !important;}&#8220;]V\u010faka burze kup\u00f3nov, ktor\u00fa pon\u00faka platforma inCust, m\u00f4\u017ee v\u00e1\u0161 biznis pril\u00e1ka\u0165 nov\u00fdch z\u00e1kazn\u00edkov vydan\u00edm kup\u00f3nov a z\u00edska\u0165 \u010fal\u0161ie zisky z distrib\u00facie kup\u00f3nov vydan\u00fdch in\u00fdmi podnikmi.<br \/>\nKup\u00f3ny umo\u017e\u0148uj\u00fa z\u00e1kazn\u00edkom z\u00edska\u0165 z\u013eavu, k\u00fapi\u0165 si \u0161peci\u00e1lny tovar alebo z\u00edska\u0165 dar\u010dek. Na rozdiel od jednoduch\u00fdch zliav, kup\u00f3ny prin\u00e1\u0161aj\u00fa prvok n\u00e1kupu do procesu n\u00e1kupu, \u010d\u00edm sa tento proces st\u00e1va pre z\u00e1kazn\u00edkov zauj\u00edmavej\u0161\u00edm a emot\u00edvnej\u0161\u00edm.<br \/>\nZ\u00edskate nov\u00fdch z\u00e1kazn\u00edkov, ke\u010f va\u0161i distrib\u00fatori distribuuj\u00fa va\u0161e kup\u00f3ny.<br \/>\nDodato\u010dn\u00fd pr\u00edjem bude k dispoz\u00edcii, ke\u010f v\u00e1\u0161 biznis distribuuje kup\u00f3ny vydan\u00e9 in\u00fdmi podnikmi a poskytne tieto kup\u00f3ny va\u0161im z\u00e1kazn\u00edkom (napr. ich vytla\u010d\u00ed na blo\u010dku alebo po\u0161le z\u00e1kazn\u00edkom v syst\u00e9me inCust).[\/vc_column_text][mk_fancy_title color=&#8220;#14a082&#8243; size=&#8220;32&#8243; margin_bottom=&#8220;0&#8243; font_family=&#8220;none&#8220; align=&#8220;center&#8220;]Ako to funguje?[\/mk_fancy_title][vc_column_text css=&#8220;.vc_custom_1602163054727{margin-bottom: 0px !important;}&#8220;]V\u00e1\u0161 biznis m\u00f4\u017ee vyd\u00e1va\u0165 kup\u00f3ny v <a href=\"https:\/\/business.incust.com\/\" target=\"_blank\" rel=\"noopener noreferrer\">Ovl\u00e1dacom paneli<\/a> a pri tom ur\u010d\u00edte, \u017ee kup\u00f3ny musia by\u0165 spr\u00edstupnen\u00e9 podnikom na burze. Ak chcete poh\u00e1\u0148a\u0165 \u010fal\u0161ie podniky, aby distribuovali va\u0161e kup\u00f3ny, nastav\u00edte odmenu, ktor\u00fa ste pripraven\u00ed zaplati\u0165 distribu\u010dn\u00e9mu podniku pre z\u00e1kazn\u00edka, ktor\u00fd pri\u0161iel do v\u00e1\u0161ho biznisu s distribuovan\u00fdm kup\u00f3nom. Upozor\u0148ujeme, \u017ee neplat\u00edte ni\u010d, k\u00fdm z\u00e1kazn\u00edk nevyu\u017eije kup\u00f3n vo va\u0161om biznise.<br \/>\nV\u00e1\u0161 biznis m\u00f4\u017ee z\u00edska\u0165 dodato\u010dn\u00fd pr\u00edjem t\u00fdm, \u017ee distribuuje kup\u00f3ny z in\u00fdch podnikov. K tomu doch\u00e1dza dvoma sp\u00f4sobmi. Po prv\u00e9, podnik, ktor\u00e9ho kup\u00f3ny distribuujete, v\u00e1m vyplat\u00ed odmenu ke\u010f z\u00e1kazn\u00edk, ktor\u00fd l\u00e1ka kup\u00f3n, ktor\u00fd ste mu dali, ide do tohto podniku a pou\u017e\u00edva tento kup\u00f3n. Po druh\u00e9, va\u0161i z\u00e1kazn\u00edci bud\u00fa ma\u0165 v\u00e4\u010d\u0161\u00ed z\u00e1ujem o n\u00e1kup od v\u00e1s, preto\u017ee vedia, \u017ee z\u00edskaj\u00fa \u010fal\u0161iu v\u00fdhodu &#8211; kup\u00f3n.<br \/>\nN\u00e1jdete kup\u00f3ny z in\u00fdch podnikov na z\u00e1lo\u017eke &#8222;Burza kup\u00f3nov&#8220; v ovl\u00e1dacom paneli. K dispoz\u00edcii je tie\u017e odkaz na pr\u00edru\u010dku, ktor\u00e1 v\u00e1m povie, ako presne dostanete kup\u00f3ny na distrib\u00faciu.[\/vc_column_text][mk_fancy_title color=&#8220;#14a082&#8243; size=&#8220;32&#8243; margin_bottom=&#8220;0&#8243; font_family=&#8220;none&#8220; align=&#8220;center&#8220;]Platby[\/mk_fancy_title][vc_column_text css=&#8220;.vc_custom_1602162691384{margin-bottom: 0px !important;}&#8220;]Platba za distrib\u00faciu kup\u00f3nov sa \u00fa\u010dtuje z \u00fa\u010dtu z\u00e1lohov\u00fdch platieb v slu\u017ebe inCust. Ak chcete zvidite\u013eni\u0165 svoje kup\u00f3ny na burze, mus\u00edte ma\u0165 na tomto \u00fa\u010dte zostatok, ktor\u00fd je dostato\u010dn\u00fd na zaplatenie distrib\u00facie kup\u00f3nov.<br \/>\nZa distrib\u00faciu kup\u00f3nov in\u00fdch podnikov z\u00edskate odmenu prip\u00edsan\u00edm bonusov na \u00fa\u010det v\u00e1\u0161ho biznisu v slu\u017ebe inCust. Tieto bonusy m\u00f4\u017eete pou\u017ei\u0165 na zaplatenie inCust slu\u017eieb (namiesto toho, aby ste za nich platili peniaze). M\u00f4\u017eeme tie\u017e uzavrie\u0165 dohodu s va\u0161im biznisom a zaplati\u0165 v\u00e1m odmenu prostredn\u00edctvom bezhotovostn\u00e9ho prevodu na v\u00e1\u0161 bankov\u00fd \u00fa\u010det.[\/vc_column_text][mk_divider style=&#8220;thin_solid&#8220; divider_width=&#8220;custom_width&#8220; custom_width=&#8220;80&#8243; thin_single_color=&#8220;#14a082&#8243; thickness=&#8220;2&#8243; margin_bottom=&#8220;60&#8243;][\/vc_column][\/mk_page_section]\n","protected":false},"excerpt":{"rendered":"<p>[mk_page_section bg_image=&#8220;https:\/\/incust.com\/sk\/wp-content\/uploads\/sites\/7\/2017\/05\/coupon-exchange-cover.jpg&#8220; bg_color=&#8220;#ffffff&#8220; border_color=&#8220;rgba(0,0,0,0.01)&#8220; bg_position=&#8220;center center&#8220; bg_repeat=&#8220;no-repeat&#8220; bg_gradient=&#8220;vertical&#8220; video_color_mask=&#8220;#ffa200&#8243; gr_end=&#8220;#ff5b00&#8243; min_height=&#8220;50&#8243; padding_top=&#8220;60&#8243; padding_bottom=&#8220;0&#8243; margin_bottom=&#8220;20&#8243; sidebar=&#8220;sidebar-1&#8243;][vc_column][mk_fancy_title tag_name=&#8220;h1&#8243; color=&#8220;#ffffff&#8220; size=&#8220;52&#8243; force_font_size=&#8220;true&#8220; size_smallscreen=&#8220;48&#8243; size_tablet=&#8220;44&#8243; size_phone=&#8220;40&#8243; font_weight=&#8220;bold&#8220; txt_transform=&#8220;uppercase&#8220; margin_top=&#8220;70&#8243; margin_bottom=&#8220;0&#8243; font_family=&#8220;none&#8220; align=&#8220;center&#8220;]Burza Kup\u00f3nov[\/mk_fancy_title][mk_fancy_title color=&#8220;#ffffff&#8220; size=&#8220;36&#8243; font_weight=&#8220;300&#8243; margin_bottom=&#8220;100&#8243; font_family=&#8220;none&#8220; align=&#8220;center&#8220;]Distribuujte kup\u00f3ny a z\u00edskajte nov\u00fdch z\u00e1kazn\u00edkov[\/mk_fancy_title][\/vc_column][\/mk_page_section][mk_page_section bg_color=&#8220;#ffffff&#8220; border_color=&#8220;rgba(0,0,0,0.01)&#8220; bg_position=&#8220;center center&#8220; bg_repeat=&#8220;no-repeat&#8220; min_height=&#8220;50&#8243; padding_bottom=&#8220;0&#8243; margin_bottom=&#8220;20&#8243; sidebar=&#8220;sidebar-1&#8243;][vc_column][vc_column_text css=&#8220;.vc_custom_1602162557643{margin-bottom: 0px !important;}&#8220;]V\u010faka burze kup\u00f3nov, ktor\u00fa [&hellip;]<\/p>\n","protected":false},"author":9,"featured_media":0,"parent":0,"menu_order":0,"comment_status":"closed","ping_status":"closed","template":"","meta":{"footnotes":""},"_links":{"self":[{"href":"https:\/\/incust.com\/sk\/wp-json\/wp\/v2\/pages\/2803"}],"collection":[{"href":"https:\/\/incust.com\/sk\/wp-json\/wp\/v2\/pages"}],"about":[{"href":"https:\/\/incust.com\/sk\/wp-json\/wp\/v2\/types\/page"}],"author":[{"embeddable":true,"href":"https:\/\/incust.com\/sk\/wp-json\/wp\/v2\/users\/9"}],"replies":[{"embeddable":true,"href":"https:\/\/incust.com\/sk\/wp-json\/wp\/v2\/comments?post=2803"}],"version-history":[{"count":22,"href":"https:\/\/incust.com\/sk\/wp-json\/wp\/v2\/pages\/2803\/revisions"}],"predecessor-version":[{"id":7693,"href":"https:\/\/incust.com\/sk\/wp-json\/wp\/v2\/pages\/2803\/revisions\/7693"}],"wp:attachment":[{"href":"https:\/\/incust.com\/sk\/wp-json\/wp\/v2\/media?parent=2803"}],"curies":[{"name":"wp","href":"https:\/\/api.w.org\/{rel}","templated":true}]}}