{"id":2748,"date":"2017-03-14T02:04:17","date_gmt":"2017-03-14T07:04:17","guid":{"rendered":"https:\/\/incust.com\/sk\/?page_id=2748"},"modified":"2020-10-07T12:22:33","modified_gmt":"2020-10-07T17:22:33","slug":"legal-information","status":"publish","type":"page","link":"https:\/\/incust.com\/sk\/legal-information\/","title":{"rendered":"Pr\u00e1vne inform\u00e1cie"},"content":{"rendered":"[mk_page_section bg_color=&#8220;#ffffff&#8220; min_height=&#8220;10&#8243; padding_top=&#8220;40&#8243; padding_bottom=&#8220;80&#8243; top_shape_style=&#8220;speech-top&#8220; top_shape_color=&#8220;#ffffff&#8220; bottom_shape_style=&#8220;speech-bottom&#8220; bottom_shape_color=&#8220;#f5f3f1&#8243; bottom_shape_bg_color=&#8220;#ffffff&#8220; sidebar=&#8220;sidebar-1&#8243;][vc_column][mk_fancy_title tag_name=&#8220;h1&#8243; color=&#8220;#000000&#8243; size=&#8220;44&#8243; font_weight=&#8220;400&#8243; txt_transform=&#8220;uppercase&#8220; margin_bottom=&#8220;0&#8243; font_family=&#8220;none&#8220; align=&#8220;center&#8220;]Pr\u00e1vne inform\u00e1cie[\/mk_fancy_title][vc_empty_space height=&#8220;30px&#8220;][vc_column_text css=&#8220;.vc_custom_1602091346767{margin-bottom: 0px !important;}&#8220;]\n<p style=\"text-align: center\"><strong><a href=\"https:\/\/incust.com\/sk\/public-customer-agreement\/\">Zmluva so z\u00e1kazn\u00edkom<\/a><\/strong><\/p>\n<p style=\"text-align: center\"><strong><a href=\"https:\/\/incust.com\/sk\/public-business-agreement\/\">Dohoda o obchodn\u00fdch slu\u017eb\u00e1ch<\/a><\/strong><\/p>\n<p style=\"text-align: center\"><strong><a href=\"\/en\/for-press\/trademark-guidelines\/\">Z\u00e1sady pou\u017e\u00edvania ochrann\u00fdch zn\u00e1mok <\/a><\/strong><\/p>\n<p style=\"text-align: center\"><strong><a href=\"\/en\/privacy-policy\/\">Z\u00e1sady ochrany osobn\u00fdch \u00fadajov <\/a><\/strong><\/p>\n[\/vc_column_text][vc_empty_space height=&#8220;600px&#8220;][\/vc_column][\/mk_page_section]\n","protected":false},"excerpt":{"rendered":"<p>[mk_page_section bg_color=&#8220;#ffffff&#8220; min_height=&#8220;10&#8243; padding_top=&#8220;40&#8243; padding_bottom=&#8220;80&#8243; top_shape_style=&#8220;speech-top&#8220; top_shape_color=&#8220;#ffffff&#8220; bottom_shape_style=&#8220;speech-bottom&#8220; bottom_shape_color=&#8220;#f5f3f1&#8243; bottom_shape_bg_color=&#8220;#ffffff&#8220; sidebar=&#8220;sidebar-1&#8243;][vc_column][mk_fancy_title tag_name=&#8220;h1&#8243; color=&#8220;#000000&#8243; size=&#8220;44&#8243; font_weight=&#8220;400&#8243; txt_transform=&#8220;uppercase&#8220; margin_bottom=&#8220;0&#8243; font_family=&#8220;none&#8220; align=&#8220;center&#8220;]Pr\u00e1vne inform\u00e1cie[\/mk_fancy_title][vc_empty_space height=&#8220;30px&#8220;][vc_column_text css=&#8220;.vc_custom_1602091346767{margin-bottom: 0px !important;}&#8220;] Zmluva so z\u00e1kazn\u00edkom Dohoda o obchodn\u00fdch slu\u017eb\u00e1ch Z\u00e1sady pou\u017e\u00edvania ochrann\u00fdch zn\u00e1mok Z\u00e1sady ochrany osobn\u00fdch \u00fadajov [\/vc_column_text][vc_empty_space height=&#8220;600px&#8220;][\/vc_column][\/mk_page_section]<\/p>\n","protected":false},"author":9,"featured_media":0,"parent":0,"menu_order":0,"comment_status":"closed","ping_status":"closed","template":"","meta":{"footnotes":""},"_links":{"self":[{"href":"https:\/\/incust.com\/sk\/wp-json\/wp\/v2\/pages\/2748"}],"collection":[{"href":"https:\/\/incust.com\/sk\/wp-json\/wp\/v2\/pages"}],"about":[{"href":"https:\/\/incust.com\/sk\/wp-json\/wp\/v2\/types\/page"}],"author":[{"embeddable":true,"href":"https:\/\/incust.com\/sk\/wp-json\/wp\/v2\/users\/9"}],"replies":[{"embeddable":true,"href":"https:\/\/incust.com\/sk\/wp-json\/wp\/v2\/comments?post=2748"}],"version-history":[{"count":9,"href":"https:\/\/incust.com\/sk\/wp-json\/wp\/v2\/pages\/2748\/revisions"}],"predecessor-version":[{"id":7658,"href":"https:\/\/incust.com\/sk\/wp-json\/wp\/v2\/pages\/2748\/revisions\/7658"}],"wp:attachment":[{"href":"https:\/\/incust.com\/sk\/wp-json\/wp\/v2\/media?parent=2748"}],"curies":[{"name":"wp","href":"https:\/\/api.w.org\/{rel}","templated":true}]}}