{"id":2267,"date":"2017-01-08T19:31:10","date_gmt":"2017-01-09T00:31:10","guid":{"rendered":"https:\/\/incust.com\/sk\/?page_id=2267"},"modified":"2020-09-25T19:47:18","modified_gmt":"2020-09-26T00:47:18","slug":"for-partners","status":"publish","type":"page","link":"https:\/\/incust.com\/sk\/for-partners\/","title":{"rendered":"Pre partnerov \u2013 zar\u00e1bajte s inCust"},"content":{"rendered":"[mk_page_section bg_color=&#8220;#ffffff&#8220; min_height=&#8220;10&#8243; padding_top=&#8220;40&#8243; padding_bottom=&#8220;80&#8243; top_shape_style=&#8220;speech-top&#8220; top_shape_color=&#8220;#ffffff&#8220; bottom_shape_style=&#8220;speech-bottom&#8220; bottom_shape_color=&#8220;#f5f3f1&#8243; bottom_shape_bg_color=&#8220;#ffffff&#8220; sidebar=&#8220;sidebar-1&#8243;][vc_column][mk_fancy_title tag_name=&#8220;h1&#8243; color=&#8220;#000000&#8243; size=&#8220;44&#8243; font_weight=&#8220;400&#8243; txt_transform=&#8220;uppercase&#8220; margin_bottom=&#8220;0&#8243; font_family=&#8220;none&#8220; align=&#8220;center&#8220;]Zar\u00e1bajte s inCust[\/mk_fancy_title][vc_column_text css=&#8220;.vc_custom_1601081080702{margin-bottom: 0px !important;}&#8220;]Kedyko\u013evek chcete ma\u0165 \u00fa\u017eitok zo zast\u00fapenia slu\u017eieb InCust vo Va\u0161om regi\u00f3ne alebo ma\u0165 partnerov alebo klientov, ktor\u00ed by mohli ma\u0165 \u00fa\u017eitok z vykon\u00e1vania vernostn\u00e9ho programu a zlep\u0161ovania interakcie so z\u00e1kazn\u00edkmi, alebo rozv\u00edja\u0165 vlastn\u00e9 softv\u00e9rov\u00e9 syst\u00e9my pre vertik\u00e1lne trhy, alebo iba vyu\u017e\u00edva\u0165 slu\u017eby inCust a chcete ich odporu\u010di\u0165 priate\u013eovi &#8211; m\u00e1me pre V\u00e1s ponuku.<\/p>\n<p>N\u00e1\u0161 partnersk\u00fd program m\u00e1 nieko\u013eko variantov:<\/p>\n<ul>\n<li><strong>Program sprostredkovania<\/strong> je pre V\u00e1s, ak u\u017e vyu\u017e\u00edvate slu\u017eby inCust na spr\u00e1vu \u017eivotn\u00e9ho cyklu z\u00e1kazn\u00edka a chcete zar\u00e1ba\u0165 na odpor\u00fa\u010dan\u00ed inCust svojim priate\u013eom a partnerom. V tomto programe z\u00edskate bonusy za ka\u017ed\u00e9ho klienta, ktor\u00fd pr\u00edde do programu InCust na z\u00e1klade v\u00e1\u0161ho odpor\u00fa\u010dania. Z\u00edskan\u00e9 bonusy m\u00f4\u017eu by\u0165 pou\u017eit\u00e9 ako \u010diasto\u010dn\u00e1 platba za slu\u017eby InCust, ktor\u00e9 pou\u017e\u00edvate.<\/li>\n<li>Ak ste marketingov\u00fd konzultant alebo zastupujete marketingov\u00fa agent\u00faru, budete profitova\u0165 z <strong>programu \u010fal\u0161ieho predaja<\/strong>, ktor\u00fd je programom s podielom na v\u00fdnosoch. Predajca dostane podiel na platb\u00e1ch, vyplaten\u00e9 biznisom, ktor\u00e9ho predajca priviedol do inCust.<\/li>\n<li><strong>Zna\u010dkov\u00fd program <\/strong> pon\u00faka platformu ako softv\u00e9r, ktor\u00fd m\u00f4\u017eete spusti\u0165 na poskytovanie slu\u017eieb podobn\u00fdch slu\u017ebe InCust. Ak pracujete na vertik\u00e1lnom trhu s mnoh\u00fdmi partnermi, ktor\u00ed by mohli ma\u0165 \u00fa\u017eitok z riadenia \u017eivotn\u00e9ho cyklu z\u00e1kazn\u00edkov, m\u00f4\u017eete im poskytn\u00fa\u0165 slu\u017ebu ozna\u010den\u00fa Va\u0161ou zna\u010dkou a necha\u0165 inCust poskytova\u0165 technick\u00fa podporu a \u00fadr\u017ebu.<\/li>\n<li>Ak ste predajca softv\u00e9ru alebo syst\u00e9mov\u00fd integr\u00e1tor, <strong>program Technologick\u00e9 partnerstvo<\/strong> v\u00e1m umo\u017e\u0148uje za\u010dleni\u0165 technol\u00f3gie InCust do vlastn\u00fdch rie\u0161en\u00ed, ktor\u00e9 vytv\u00e1rate. Medzi pr\u00edklady tak\u00fdchto rie\u0161en\u00ed patria zvy\u010dajn\u00e9 predajn\u00e9 syst\u00e9my, integrovan\u00e9 hardv\u00e9rov\u00e9 rie\u0161enia pre vertik\u00e1lne trhy, integrovan\u00e9 rie\u0161enia pre ve\u013ek\u00e9 maloobchodn\u00e9 re\u0165azce, rie\u0161enia pre fondy na distrib\u00faciu v\u00fdhod (charitat\u00edvne fondy, vl\u00e1dne agent\u00fary at\u010f.) a \u010fal\u0161ie softv\u00e9rov\u00e9 syst\u00e9my, kde s\u00fa peniaze bez pe\u0148az\u00ed je potrebn\u00e1 distrib\u00facia a prevod hodnoty.<\/li>\n<\/ul>\n<p>Na\u0161\u00edm z\u00e1ujmom je roz\u0161irova\u0165 na\u0161e slu\u017eby do nov\u00fdch regi\u00f3nov, tak\u017ee ak ste pripraven\u00ed pom\u00f4c\u0165 n\u00e1m objavova\u0165 nov\u00e9 trhy a poskytn\u00fa\u0165 svojim klientom praktick\u00fd n\u00e1stroj na podporu ich podnikania a spokojnos\u0165 z\u00e1kazn\u00edkov, sme ochotn\u00ed v\u00e1m pom\u00f4c\u0165 s va\u0161ou vzne\u0161enou \u00falohou a odmenou v\u00e1m bude v\u00fdznamn\u00fd podiel na v\u00fdnosoch.<\/p>\n<p>Ak potrebujete \u010fal\u0161ie inform\u00e1cie, kontaktujte gener\u00e1lneho riadite\u013ea na adrese <a href=\"mailto:management@incust.com\">management@incust.com,\u00a0<\/a>alebo pou\u017eite <a href=\"\/sk\/contacts\/\">kontaktn\u00fd formul\u00e1r<\/a>.[\/vc_column_text][vc_empty_space height=&#8220;35px&#8220;][\/vc_column][\/mk_page_section]\n","protected":false},"excerpt":{"rendered":"<p>[mk_page_section bg_color=&#8220;#ffffff&#8220; min_height=&#8220;10&#8243; padding_top=&#8220;40&#8243; padding_bottom=&#8220;80&#8243; top_shape_style=&#8220;speech-top&#8220; top_shape_color=&#8220;#ffffff&#8220; bottom_shape_style=&#8220;speech-bottom&#8220; bottom_shape_color=&#8220;#f5f3f1&#8243; bottom_shape_bg_color=&#8220;#ffffff&#8220; sidebar=&#8220;sidebar-1&#8243;][vc_column][mk_fancy_title tag_name=&#8220;h1&#8243; color=&#8220;#000000&#8243; size=&#8220;44&#8243; font_weight=&#8220;400&#8243; txt_transform=&#8220;uppercase&#8220; margin_bottom=&#8220;0&#8243; font_family=&#8220;none&#8220; align=&#8220;center&#8220;]Zar\u00e1bajte s inCust[\/mk_fancy_title][vc_column_text css=&#8220;.vc_custom_1601081080702{margin-bottom: 0px !important;}&#8220;]Kedyko\u013evek chcete ma\u0165 \u00fa\u017eitok zo zast\u00fapenia slu\u017eieb InCust vo Va\u0161om regi\u00f3ne alebo ma\u0165 partnerov alebo klientov, ktor\u00ed by mohli ma\u0165 \u00fa\u017eitok z vykon\u00e1vania vernostn\u00e9ho programu a zlep\u0161ovania interakcie so z\u00e1kazn\u00edkmi, alebo rozv\u00edja\u0165 [&hellip;]<\/p>\n","protected":false},"author":9,"featured_media":0,"parent":0,"menu_order":0,"comment_status":"closed","ping_status":"closed","template":"","meta":{"footnotes":""},"_links":{"self":[{"href":"https:\/\/incust.com\/sk\/wp-json\/wp\/v2\/pages\/2267"}],"collection":[{"href":"https:\/\/incust.com\/sk\/wp-json\/wp\/v2\/pages"}],"about":[{"href":"https:\/\/incust.com\/sk\/wp-json\/wp\/v2\/types\/page"}],"author":[{"embeddable":true,"href":"https:\/\/incust.com\/sk\/wp-json\/wp\/v2\/users\/9"}],"replies":[{"embeddable":true,"href":"https:\/\/incust.com\/sk\/wp-json\/wp\/v2\/comments?post=2267"}],"version-history":[{"count":14,"href":"https:\/\/incust.com\/sk\/wp-json\/wp\/v2\/pages\/2267\/revisions"}],"predecessor-version":[{"id":7610,"href":"https:\/\/incust.com\/sk\/wp-json\/wp\/v2\/pages\/2267\/revisions\/7610"}],"wp:attachment":[{"href":"https:\/\/incust.com\/sk\/wp-json\/wp\/v2\/media?parent=2267"}],"curies":[{"name":"wp","href":"https:\/\/api.w.org\/{rel}","templated":true}]}}