{"id":1004,"date":"2016-12-08T11:56:32","date_gmt":"2016-12-08T11:56:32","guid":{"rendered":"https:\/\/incust.com\/sk\/?page_id=1004"},"modified":"2020-09-25T16:52:20","modified_gmt":"2020-09-25T21:52:20","slug":"about-company","status":"publish","type":"page","link":"https:\/\/incust.com\/sk\/about-company\/","title":{"rendered":"O spolo\u010dnosti"},"content":{"rendered":"[mk_page_section bg_color=&#8220;#ffffff&#8220; min_height=&#8220;10&#8243; padding_top=&#8220;40&#8243; padding_bottom=&#8220;80&#8243; top_shape_style=&#8220;speech-top&#8220; top_shape_color=&#8220;#ffffff&#8220; bottom_shape_style=&#8220;speech-bottom&#8220; bottom_shape_color=&#8220;#f5f3f1&#8243; bottom_shape_bg_color=&#8220;#ffffff&#8220; sidebar=&#8220;sidebar-1&#8243;][vc_column][mk_fancy_title tag_name=&#8220;h1&#8243; color=&#8220;#000000&#8243; size=&#8220;44&#8243; font_weight=&#8220;400&#8243; txt_transform=&#8220;uppercase&#8220; margin_bottom=&#8220;0&#8243; font_family=&#8220;none&#8220; align=&#8220;center&#8220;]O spolo\u010dnosti[\/mk_fancy_title][vc_column_text css=&#8220;.vc_custom_1601070725346{margin-bottom: 0px !important;}&#8220;]Poslanie spolo\u010dnosti: Pom\u00e1ha\u0165 ve\u013ek\u00fdm biznisom dod\u00e1va\u0165 z\u00e1kazn\u00edkom pr\u00edjemn\u00e9 z\u00e1\u017eitky z nakupovania.<\/p>\n<p>S t\u00fdmto poslan\u00edm inCust vyv\u00edja a poskytuje ve\u013ek\u00fdm podnikom \u0161irok\u00fa \u0161k\u00e1lu softv\u00e9rov\u00fdch n\u00e1strojov pre v\u0161etky f\u00e1zy interakcie so z\u00e1kazn\u00edkmi, od marketingu a z\u00edskavania nov\u00fdch z\u00e1kazn\u00edkov a\u017e po spracovanie predaja aj po urobenie z jednorazov\u00fdch n\u00e1v\u0161tevn\u00edkov spokojn\u00fdch vracaj\u00facich sa z\u00e1kazn\u00edkov.<\/p>\n<p>inCust bol zalo\u017een\u00fd v roku 2015 veter\u00e1nmi zo sveta IT a bol spusten\u00fd ako online slu\u017eba v roku 2016. V s\u00fa\u010dasnosti spolo\u010dnos\u0165 poskytuje slu\u017eby klientskym firm\u00e1m vo viac ako 40 krajin\u00e1ch po celom svete.<\/p>\n<p>Spolo\u010dnos\u0165 inCust Ltd. m\u00e1 hlavn\u00e9 s\u00eddlo v Lond\u00fdne vo Ve\u013ekej Brit\u00e1nii, a v\u00fdvoj sa uskuto\u010d\u0148uje vo Ve\u013ekej Brit\u00e1nii, na Slovensku a na Ukrajine.<\/p>\n<h4>Po\u0161tov\u00e1 adresa:<\/h4>\n<p>inCust Slovakia s.r.o.<\/p>\n<p>Tom\u00e1\u0161ikova 16529\/23<br \/>\n821 01 Bratislava, Slovensko<\/p>\n<h4>Kontakty<\/h4>\n<p>Na na\u0161ej <a href=\"https:\/\/incust.com\/sk\/contacts\/\">str\u00e1nke Kontakt <\/a> n\u00e1jdete r\u00f4zne mo\u017enosti kontaktu.[\/vc_column_text][vc_empty_space height=&#8220;35px&#8220;][\/vc_column][\/mk_page_section]\n","protected":false},"excerpt":{"rendered":"<p>[mk_page_section bg_color=&#8220;#ffffff&#8220; min_height=&#8220;10&#8243; padding_top=&#8220;40&#8243; padding_bottom=&#8220;80&#8243; top_shape_style=&#8220;speech-top&#8220; top_shape_color=&#8220;#ffffff&#8220; bottom_shape_style=&#8220;speech-bottom&#8220; bottom_shape_color=&#8220;#f5f3f1&#8243; bottom_shape_bg_color=&#8220;#ffffff&#8220; sidebar=&#8220;sidebar-1&#8243;][vc_column][mk_fancy_title tag_name=&#8220;h1&#8243; color=&#8220;#000000&#8243; size=&#8220;44&#8243; font_weight=&#8220;400&#8243; txt_transform=&#8220;uppercase&#8220; margin_bottom=&#8220;0&#8243; font_family=&#8220;none&#8220; align=&#8220;center&#8220;]O spolo\u010dnosti[\/mk_fancy_title][vc_column_text css=&#8220;.vc_custom_1601070725346{margin-bottom: 0px !important;}&#8220;]Poslanie spolo\u010dnosti: Pom\u00e1ha\u0165 ve\u013ek\u00fdm biznisom dod\u00e1va\u0165 z\u00e1kazn\u00edkom pr\u00edjemn\u00e9 z\u00e1\u017eitky z nakupovania. S t\u00fdmto poslan\u00edm inCust vyv\u00edja a poskytuje ve\u013ek\u00fdm podnikom \u0161irok\u00fa \u0161k\u00e1lu softv\u00e9rov\u00fdch n\u00e1strojov pre v\u0161etky f\u00e1zy interakcie so z\u00e1kazn\u00edkmi, od marketingu a [&hellip;]<\/p>\n","protected":false},"author":9,"featured_media":0,"parent":0,"menu_order":0,"comment_status":"closed","ping_status":"closed","template":"","meta":{"footnotes":""},"_links":{"self":[{"href":"https:\/\/incust.com\/sk\/wp-json\/wp\/v2\/pages\/1004"}],"collection":[{"href":"https:\/\/incust.com\/sk\/wp-json\/wp\/v2\/pages"}],"about":[{"href":"https:\/\/incust.com\/sk\/wp-json\/wp\/v2\/types\/page"}],"author":[{"embeddable":true,"href":"https:\/\/incust.com\/sk\/wp-json\/wp\/v2\/users\/9"}],"replies":[{"embeddable":true,"href":"https:\/\/incust.com\/sk\/wp-json\/wp\/v2\/comments?post=1004"}],"version-history":[{"count":16,"href":"https:\/\/incust.com\/sk\/wp-json\/wp\/v2\/pages\/1004\/revisions"}],"predecessor-version":[{"id":7602,"href":"https:\/\/incust.com\/sk\/wp-json\/wp\/v2\/pages\/1004\/revisions\/7602"}],"wp:attachment":[{"href":"https:\/\/incust.com\/sk\/wp-json\/wp\/v2\/media?parent=1004"}],"curies":[{"name":"wp","href":"https:\/\/api.w.org\/{rel}","templated":true}]}}